{"id":10701,"date":"2024-09-23T13:06:32","date_gmt":"2024-09-23T11:06:32","guid":{"rendered":"https:\/\/guitar2amp.de\/?page_id=10701"},"modified":"2024-10-24T15:19:58","modified_gmt":"2024-10-24T13:19:58","slug":"carr_amps_de","status":"publish","type":"page","link":"https:\/\/guitar2amp.de\/index.php\/de\/carr_amps_de\/","title":{"rendered":"Carr_Amps_DE"},"content":{"rendered":"\n<p><\/p>\n\n\n\n<p><\/p>\n\n\n<div class=\"wp-block-image\">\n<figure class=\"aligncenter size-large is-resized\"><a href=\"https:\/\/guitar2amp.de\/wp-content\/uploads\/2024\/09\/CARR_Amps_white-02.png\"><img loading=\"lazy\" decoding=\"async\" width=\"1024\" height=\"495\" src=\"https:\/\/guitar2amp.de\/wp-content\/uploads\/2024\/09\/CARR_Amps_white-02-1024x495.png\" alt=\"\" class=\"wp-image-10644\" style=\"width:507px;height:auto\" srcset=\"https:\/\/guitar2amp.de\/wp-content\/uploads\/2024\/09\/CARR_Amps_white-02-1024x495.png 1024w, https:\/\/guitar2amp.de\/wp-content\/uploads\/2024\/09\/CARR_Amps_white-02-300x145.png 300w, https:\/\/guitar2amp.de\/wp-content\/uploads\/2024\/09\/CARR_Amps_white-02-768x371.png 768w, https:\/\/guitar2amp.de\/wp-content\/uploads\/2024\/09\/CARR_Amps_white-02-600x290.png 600w, https:\/\/guitar2amp.de\/wp-content\/uploads\/2024\/09\/CARR_Amps_white-02.png 1500w\" sizes=\"auto, (max-width: 1024px) 100vw, 1024px\" \/><\/a><\/figure>\n<\/div>\n\n\n<figure class=\"wp-block-gallery has-nested-images columns-default is-cropped wp-block-gallery-1 is-layout-flex wp-block-gallery-is-layout-flex\"><\/figure>\n\n\n<div class=\"wp-block-image\">\n<figure class=\"aligncenter size-large\"><a href=\"https:\/\/guitar2amp.de\/wp-content\/uploads\/2024\/09\/CARR.jpg\"><img loading=\"lazy\" decoding=\"async\" width=\"1024\" height=\"684\" src=\"https:\/\/guitar2amp.de\/wp-content\/uploads\/2024\/09\/CARR-1024x684.jpg\" alt=\"\" class=\"wp-image-10653\" srcset=\"https:\/\/guitar2amp.de\/wp-content\/uploads\/2024\/09\/CARR-1024x684.jpg 1024w, https:\/\/guitar2amp.de\/wp-content\/uploads\/2024\/09\/CARR-300x200.jpg 300w, https:\/\/guitar2amp.de\/wp-content\/uploads\/2024\/09\/CARR-768x513.jpg 768w, https:\/\/guitar2amp.de\/wp-content\/uploads\/2024\/09\/CARR-600x401.jpg 600w, https:\/\/guitar2amp.de\/wp-content\/uploads\/2024\/09\/CARR.jpg 1047w\" sizes=\"auto, (max-width: 1024px) 100vw, 1024px\" \/><\/a><\/figure>\n<\/div>\n\n\n<div class=\"wp-block-group\"><div class=\"wp-block-group__inner-container is-layout-constrained wp-block-group-is-layout-constrained\">\n<p><\/p>\n\n\n\n<h2 class=\"wp-block-heading has-text-align-center has-theme-palette-1-color has-text-color has-link-color wp-elements-3e9879a2b6cbe2592f28d76c8e4b138c\" style=\"margin-right:var(--wp--preset--spacing--60);margin-left:var(--wp--preset--spacing--60);font-size:38px;line-height:1.4\">Carr Amplifiers \u2013 Boutique-Gitarrenverst\u00e4rker mit einer Klangtradition<\/h2>\n\n\n\n<p><\/p>\n\n\n\n<p class=\"has-text-align-center\" style=\"margin-right:var(--wp--preset--spacing--60);margin-left:var(--wp--preset--spacing--60);padding-right:0;padding-left:0\">Carr Amplifiers ist ein angesehener Name in der Welt der Boutique-Gitarrenverst\u00e4rker, bekannt f\u00fcr seine herausragende Handwerkskunst und das Streben nach erstklassiger Klangqualit\u00e4t. Das Unternehmen wurde 1998 von Steve Carr gegr\u00fcndet und hat seinen Sitz in Pittsboro, North Carolina. Dort wird jeder Verst\u00e4rker sorgf\u00e4ltig entworfen und von einem kleinen Team von erfahrenen Handwerkern von Hand gebaut.<\/p>\n\n\n\n<div class=\"wp-block-columns is-layout-flex wp-container-core-columns-is-layout-9d6595d7 wp-block-columns-is-layout-flex\">\n<div class=\"wp-block-column is-layout-flow wp-block-column-is-layout-flow\">\n<p class=\"has-text-align-center\"><\/p>\n\n\n\n<h3 class=\"wp-block-heading has-text-align-center has-theme-palette-1-color has-text-color has-link-color wp-elements-adb331fa25fc6f1e594c675fa872bc47\">Die Anf\u00e4nge und Vision von Carr Amplifiers<\/h3>\n\n\n\n<p class=\"has-text-align-center\" style=\"margin-right:var(--wp--preset--spacing--60);margin-left:var(--wp--preset--spacing--60)\">Steve Carr, ein leidenschaftlicher Gitarrist und Verst\u00e4rkertechniker, gr\u00fcndete Carr Amplifiers mit der Vision, Verst\u00e4rker zu schaffen, die Vintage-Kl\u00e4nge mit moderner Zuverl\u00e4ssigkeit kombinieren. Von Anfang an legte Carr Wert auf handverdrahtete Verst\u00e4rker und die Verwendung von Premiumkomponenten, um die bestm\u00f6gliche Klangqualit\u00e4t zu gew\u00e4hrleisten. Sein einfaches Ziel war es, Verst\u00e4rker zu bauen, die reichhaltige, organische und dynamische Sounds liefern, die perfekt auf das Spiel eines Musikers reagieren.Carrs Erfahrung als Musiker gab ihm ein tiefes Verst\u00e4ndnis daf\u00fcr, was Gitarristen von einem Verst\u00e4rker erwarten, und seine jahrelange Erfahrung in der Reparatur und Untersuchung von Vintage-Verst\u00e4rkern half ihm, seine Designs zu verfeinern. Aufgrund seiner Hingabe zu Innovation und Qualit\u00e4t erlangte Carr Amplifiers schnell einen starken Ruf auf dem Boutique-Verst\u00e4rkermarkt.<\/p>\n\n\n\n<h3 class=\"wp-block-heading has-text-align-center has-theme-palette-1-color has-text-color has-link-color wp-elements-890686025c870d36315320771d598e49\">Wichtige Merkmale von Carr Amplifiers<\/h3>\n\n\n\n<ul class=\"wp-block-list\">\n<li style=\"margin-right:var(--wp--preset--spacing--60);margin-left:var(--wp--preset--spacing--60)\"><strong>Handgefertigte Qualit\u00e4t<\/strong>: Jeder Verst\u00e4rker wird in den USA sorgf\u00e4ltig von Hand verdrahtet und montiert, was eine \u00fcberlegene Verarbeitungsqualit\u00e4t und Klangtreue garantiert.<\/li>\n\n\n\n<li style=\"margin-right:var(--wp--preset--spacing--60);margin-left:var(--wp--preset--spacing--60)\"><strong>Vintage-inspirierter, moderner Klang<\/strong>: Carr-Verst\u00e4rker vereinen klassische Designs mit modernen Features und erm\u00f6glichen Musikern sowohl warme Vintage-Kl\u00e4nge als auch moderne Klarheit.<\/li>\n\n\n\n<li style=\"margin-right:var(--wp--preset--spacing--60);margin-left:var(--wp--preset--spacing--60)\"><strong>Dynamische Reaktion<\/strong>: Carr-Verst\u00e4rker sind bekannt f\u00fcr ihre unglaubliche Empfindlichkeit gegen\u00fcber der Dynamik des Gitarrenspiels und sind daher bei professionellen Musikern sehr beliebt.<\/li>\n\n\n\n<li style=\"margin-right:var(--wp--preset--spacing--60);margin-left:var(--wp--preset--spacing--60)\"><strong>Innovative Designs<\/strong>: Von \u00fcppigem Hall bis hin zu vielseitigem Power-Scaling bieten Carr-Verst\u00e4rker eine breite Palette an Klangm\u00f6glichkeiten, die f\u00fcr verschiedene Musikstile geeignet sind.<\/li>\n<\/ul>\n\n\n\n<h3 class=\"wp-block-heading\"><\/h3>\n<\/div>\n\n\n\n<div class=\"wp-block-column is-layout-flow wp-block-column-is-layout-flow\">\n<p><\/p>\n\n\n\n<h3 class=\"wp-block-heading has-text-align-center has-theme-palette-1-color has-text-color has-link-color wp-elements-bca97407c9e48c121fd3da95f4a8e8b3\">Carr Amplifiers Heute<\/h3>\n\n\n\n<p class=\"has-text-align-center\" style=\"margin-right:var(--wp--preset--spacing--60);margin-left:var(--wp--preset--spacing--60)\">Carr Amplifiers ist weiterhin ein vertrauensw\u00fcrdiger Name f\u00fcr Gitarristen, die hochwertige Boutique-Verst\u00e4rker suchen. Musiker weltweit sch\u00e4tzen die Hingabe des Unternehmens an Handwerkskunst und die einzigartigen Klangcharakteristika, die jeder Carr-Verst\u00e4rker bietet. Ob auf Tournee oder im Studio \u2013 Carr Amplifiers bieten die Klangqualit\u00e4t und Zuverl\u00e4ssigkeit, die jede Performance auf das n\u00e4chste Level heben.<\/p>\n\n\n\n<h3 class=\"wp-block-heading has-text-align-center has-theme-palette-1-color has-text-color has-link-color wp-elements-01dafc2cbeeaad20ef957a8191f02315\">Guitar2Amp \u2013 Autorisierter H\u00e4ndler<\/h3>\n\n\n\n<p class=\"has-text-align-center\" style=\"margin-right:var(--wp--preset--spacing--60);margin-left:var(--wp--preset--spacing--60)\">Guitar2Amp ist stolz darauf, autorisierter H\u00e4ndler von Carr Amplifiers zu sein und diese au\u00dfergew\u00f6hnlichen Produkte Musikern in Polen und ganz Europa anzubieten. Wir bieten eine Auswahl an Carr-Verst\u00e4rkern an, die in unserem Gesch\u00e4ft getestet und gekauft werden k\u00f6nnen. Ob Sie auf der Suche nach klassischen Clean-T\u00f6nen oder reichhaltigem Overdrive sind, Carr Amplifiers liefern unvergleichliche Leistung und Qualit\u00e4t.<\/p>\n<\/div>\n<\/div>\n<\/div><\/div>\n\n\n\n<p class=\"has-text-align-center has-large-font-size\"><strong>Entdecken Sie Carr Amplifiers bei Guitar2Amp und finden Sie noch heute Ihren perfekten Sound<\/strong>:<\/p>\n\n\n\n<p><\/p>\n\n\n<style>.kb-gallery-id-10701_b23089-ac.kb-gallery-ul.kb-gallery-type-fluidcarousel .kt-blocks-carousel figure .kb-gal-image-radius, .kb-gallery-id-10701_b23089-ac.kb-gallery-ul.kb-gallery-type-fluidcarousel .kt-blocks-carousel figure .kb-gal-image-radius img{height:300px;}.kb-gallery-id-10701_b23089-ac .kadence-blocks-gallery-item .kb-gal-image-radius, .kb-gallery-id-10701_b23089-ac .kb-slide-item .kb-gal-image-radius img{border-radius:0px 0px 0px 0px;;}.kb-gallery-id-10701_b23089-ac .kadence-blocks-gallery-item .kadence-blocks-gallery-item-inner .kadence-blocks-gallery-item__caption{font-size:var(--global-kb-font-size-md, 1.25rem);letter-spacing:17.3px;font-weight:700;color:var(--global-palette7, #EDF2F7);}.kb-gallery-caption-style-bottom.kb-gallery-id-10701_b23089-ac .kadence-blocks-gallery-item .kadence-blocks-gallery-item-inner .kadence-blocks-gallery-item__caption, .kb-gallery-caption-style-bottom-hover.kb-gallery-id-10701_b23089-ac .kadence-blocks-gallery-item .kadence-blocks-gallery-item-inner .kadence-blocks-gallery-item__caption{background:linear-gradient(0deg, rgba(160, 29, 29, 0.5) 0, rgba(0, 0, 0, 0) 100%);}.kb-gallery-wrap-id-10701_b23089-ac.wp-block-kadence-advancedgallery{overflow:visible;}.kb-gallery-wrap-id-10701_b23089-ac.wp-block-kadence-advancedgallery .kt-blocks-carousel{overflow:visible;max-width:100%;}@media all and (max-width: 1024px){.kb-gallery-id-10701_b23089-ac.kb-gallery-ul.kb-gallery-type-fluidcarousel .kt-blocks-carousel figure .kb-gal-image-radius, .kb-gallery-id-10701_b23089-ac.kb-gallery-ul.kb-gallery-type-fluidcarousel .kt-blocks-carousel figure .kb-gal-image-radius img{height:402px;}}@media all and (max-width: 1024px){.kb-gallery-id-10701_b23089-ac .kadence-blocks-gallery-item .kadence-blocks-gallery-item-inner .kadence-blocks-gallery-item__caption{font-size:var(--global-kb-font-size-lg, 2rem);}}<\/style><div class=\"kb-gallery-wrap-id-10701_b23089-ac alignnone wp-block-kadence-advancedgallery\"><div class=\"kb-gallery-ul kb-gallery-non-static kb-gallery-type-fluidcarousel kb-gallery-id-10701_b23089-ac kb-gallery-caption-style-bottom kb-gallery-filter-none\" data-image-filter=\"none\" data-lightbox-caption=\"true\"><div class=\"kt-blocks-carousel splide kt-carousel-container-dotstyle-dark kt-carousel-arrowstyle-whiteondark kt-carousel-dotstyle-dark kb-slider-group-arrow kb-slider-arrow-position-center\" data-slider-anim-speed=\"15000\" data-slider-scroll=\"1\" data-slider-arrows=\"true\" data-slider-dots=\"true\" data-slider-hover-pause=\"false\" data-slider-auto=\"1\" data-slider-speed=\"15000\" data-slider-type=\"fluidcarousel\" data-slider-center-mode=\"true\" data-slider-gap=\"10px\" data-slider-gap-tablet=\"50px\" data-slider-gap-mobile=\"50px\" data-show-pause-button=\"false\"><div class=\"splide__track\"><ul class=\"kt-blocks-carousel-init kb-blocks-fluid-carousel splide__list\"><li class=\"kb-slide-item kb-gallery-carousel-item splide__slide\"><div class=\"kadence-blocks-gallery-item\"><div class=\"kadence-blocks-gallery-item-inner\"><figure class=\"kb-gallery-figure kadence-blocks-gallery-item-has-caption\"><div class=\"kb-gal-image-radius\"><div class=\"kb-gallery-image-contain\" ><img loading=\"lazy\" decoding=\"async\" src=\"https:\/\/guitar2amp.de\/wp-content\/uploads\/2024\/09\/Releight.jpg\" width=\"750\" height=\"631\" alt=\"\" data-full-image=\"https:\/\/guitar2amp.de\/wp-content\/uploads\/2024\/09\/Releight.jpg\" data-light-image=\"https:\/\/guitar2amp.de\/wp-content\/uploads\/2024\/09\/Releight.jpg\" data-id=\"10656\" class=\"wp-image-10656 skip-lazy\" srcset=\"https:\/\/guitar2amp.de\/wp-content\/uploads\/2024\/09\/Releight.jpg 750w, https:\/\/guitar2amp.de\/wp-content\/uploads\/2024\/09\/Releight-300x252.jpg 300w, https:\/\/guitar2amp.de\/wp-content\/uploads\/2024\/09\/Releight-600x505.jpg 600w\" sizes=\"auto, (max-width: 750px) 100vw, 750px\" \/><\/div><div class=\"kadence-blocks-gallery-item__caption\">Releight<\/div><\/div><\/figure><\/div><\/div><\/li><li class=\"kb-slide-item kb-gallery-carousel-item splide__slide\"><div class=\"kadence-blocks-gallery-item\"><div class=\"kadence-blocks-gallery-item-inner\"><figure class=\"kb-gallery-figure kadence-blocks-gallery-item-has-caption\"><div class=\"kb-gal-image-radius\"><div class=\"kb-gallery-image-contain\" ><img loading=\"lazy\" decoding=\"async\" src=\"https:\/\/guitar2amp.de\/wp-content\/uploads\/2024\/09\/Impala.jpg\" width=\"1500\" height=\"1125\" alt=\"\" data-full-image=\"https:\/\/guitar2amp.de\/wp-content\/uploads\/2024\/09\/Impala.jpg\" data-light-image=\"https:\/\/guitar2amp.de\/wp-content\/uploads\/2024\/09\/Impala.jpg\" data-id=\"10657\" class=\"wp-image-10657 skip-lazy\" srcset=\"https:\/\/guitar2amp.de\/wp-content\/uploads\/2024\/09\/Impala.jpg 1500w, https:\/\/guitar2amp.de\/wp-content\/uploads\/2024\/09\/Impala-300x225.jpg 300w, https:\/\/guitar2amp.de\/wp-content\/uploads\/2024\/09\/Impala-1024x768.jpg 1024w, https:\/\/guitar2amp.de\/wp-content\/uploads\/2024\/09\/Impala-768x576.jpg 768w, https:\/\/guitar2amp.de\/wp-content\/uploads\/2024\/09\/Impala-600x450.jpg 600w\" sizes=\"auto, (max-width: 1500px) 100vw, 1500px\" \/><\/div><div class=\"kadence-blocks-gallery-item__caption\">Impala<\/div><\/div><\/figure><\/div><\/div><\/li><li class=\"kb-slide-item kb-gallery-carousel-item splide__slide\"><div class=\"kadence-blocks-gallery-item\"><div class=\"kadence-blocks-gallery-item-inner\"><figure class=\"kb-gallery-figure kadence-blocks-gallery-item-has-caption\"><div class=\"kb-gal-image-radius\"><div class=\"kb-gallery-image-contain\" ><img loading=\"lazy\" decoding=\"async\" src=\"https:\/\/guitar2amp.de\/wp-content\/uploads\/2024\/09\/Sportsman.jpg\" width=\"600\" height=\"550\" alt=\"\" data-full-image=\"https:\/\/guitar2amp.de\/wp-content\/uploads\/2024\/09\/Sportsman.jpg\" data-light-image=\"https:\/\/guitar2amp.de\/wp-content\/uploads\/2024\/09\/Sportsman.jpg\" data-id=\"10658\" class=\"wp-image-10658 skip-lazy\" srcset=\"https:\/\/guitar2amp.de\/wp-content\/uploads\/2024\/09\/Sportsman.jpg 600w, https:\/\/guitar2amp.de\/wp-content\/uploads\/2024\/09\/Sportsman-300x275.jpg 300w\" sizes=\"auto, (max-width: 600px) 100vw, 600px\" \/><\/div><div class=\"kadence-blocks-gallery-item__caption\">Sportsman<\/div><\/div><\/figure><\/div><\/div><\/li><li class=\"kb-slide-item kb-gallery-carousel-item splide__slide\"><div class=\"kadence-blocks-gallery-item\"><div class=\"kadence-blocks-gallery-item-inner\"><figure class=\"kb-gallery-figure kb-gallery-item-has-link kadence-blocks-gallery-item-has-caption\"><a href=\"https:\/\/guitar2amp.de\/index.php\/de\/product\/carr-amplifiers-rambler-3\/\" class=\"kb-gallery-item-link\" target=\"_blank\" rel=\"noopener noreferrer\"><div class=\"kb-gal-image-radius\"><div class=\"kb-gallery-image-contain\" ><img loading=\"lazy\" decoding=\"async\" src=\"https:\/\/guitar2amp.de\/wp-content\/uploads\/2024\/09\/Rambler.jpg\" width=\"1000\" height=\"876\" alt=\"\" data-full-image=\"https:\/\/guitar2amp.de\/wp-content\/uploads\/2024\/09\/Rambler.jpg\" data-light-image=\"https:\/\/guitar2amp.de\/wp-content\/uploads\/2024\/09\/Rambler.jpg\" data-id=\"10659\" class=\"wp-image-10659 skip-lazy\" srcset=\"https:\/\/guitar2amp.de\/wp-content\/uploads\/2024\/09\/Rambler.jpg 1000w, https:\/\/guitar2amp.de\/wp-content\/uploads\/2024\/09\/Rambler-300x263.jpg 300w, https:\/\/guitar2amp.de\/wp-content\/uploads\/2024\/09\/Rambler-768x673.jpg 768w, https:\/\/guitar2amp.de\/wp-content\/uploads\/2024\/09\/Rambler-600x526.jpg 600w\" sizes=\"auto, (max-width: 1000px) 100vw, 1000px\" \/><\/div><div class=\"kadence-blocks-gallery-item__caption\">Rambler<\/div><\/div><\/a><\/figure><\/div><\/div><\/li><li class=\"kb-slide-item kb-gallery-carousel-item splide__slide\"><div class=\"kadence-blocks-gallery-item\"><div class=\"kadence-blocks-gallery-item-inner\"><figure class=\"kb-gallery-figure kadence-blocks-gallery-item-has-caption\"><div class=\"kb-gal-image-radius\"><div class=\"kb-gallery-image-contain\" ><img loading=\"lazy\" decoding=\"async\" src=\"https:\/\/guitar2amp.de\/wp-content\/uploads\/2024\/09\/Skylark.jpg\" width=\"843\" height=\"750\" alt=\"\" data-full-image=\"https:\/\/guitar2amp.de\/wp-content\/uploads\/2024\/09\/Skylark.jpg\" data-light-image=\"https:\/\/guitar2amp.de\/wp-content\/uploads\/2024\/09\/Skylark.jpg\" data-id=\"10660\" class=\"wp-image-10660 skip-lazy\" srcset=\"https:\/\/guitar2amp.de\/wp-content\/uploads\/2024\/09\/Skylark.jpg 843w, https:\/\/guitar2amp.de\/wp-content\/uploads\/2024\/09\/Skylark-300x267.jpg 300w, https:\/\/guitar2amp.de\/wp-content\/uploads\/2024\/09\/Skylark-768x683.jpg 768w, https:\/\/guitar2amp.de\/wp-content\/uploads\/2024\/09\/Skylark-600x534.jpg 600w\" sizes=\"auto, (max-width: 843px) 100vw, 843px\" \/><\/div><div class=\"kadence-blocks-gallery-item__caption\">Skylark<\/div><\/div><\/figure><\/div><\/div><\/li><li class=\"kb-slide-item kb-gallery-carousel-item splide__slide\"><div class=\"kadence-blocks-gallery-item\"><div class=\"kadence-blocks-gallery-item-inner\"><figure class=\"kb-gallery-figure kb-gallery-item-has-link kadence-blocks-gallery-item-has-caption\"><a href=\"https:\/\/guitar2amp.de\/index.php\/de\/product\/carr-amplifiers-telstar\/\" class=\"kb-gallery-item-link\" target=\"_blank\" rel=\"noopener noreferrer\"><div class=\"kb-gal-image-radius\"><div class=\"kb-gallery-image-contain\" ><img loading=\"lazy\" decoding=\"async\" src=\"https:\/\/guitar2amp.de\/wp-content\/uploads\/2024\/09\/Telstar.jpg\" width=\"1500\" height=\"1167\" alt=\"\" data-full-image=\"https:\/\/guitar2amp.de\/wp-content\/uploads\/2024\/09\/Telstar.jpg\" data-light-image=\"https:\/\/guitar2amp.de\/wp-content\/uploads\/2024\/09\/Telstar.jpg\" data-id=\"10661\" class=\"wp-image-10661 skip-lazy\" srcset=\"https:\/\/guitar2amp.de\/wp-content\/uploads\/2024\/09\/Telstar.jpg 1500w, https:\/\/guitar2amp.de\/wp-content\/uploads\/2024\/09\/Telstar-300x233.jpg 300w, https:\/\/guitar2amp.de\/wp-content\/uploads\/2024\/09\/Telstar-1024x797.jpg 1024w, https:\/\/guitar2amp.de\/wp-content\/uploads\/2024\/09\/Telstar-768x598.jpg 768w, https:\/\/guitar2amp.de\/wp-content\/uploads\/2024\/09\/Telstar-600x467.jpg 600w\" sizes=\"auto, (max-width: 1500px) 100vw, 1500px\" \/><\/div><div class=\"kadence-blocks-gallery-item__caption\">Telstar<\/div><\/div><\/a><\/figure><\/div><\/div><\/li><li class=\"kb-slide-item kb-gallery-carousel-item splide__slide\"><div class=\"kadence-blocks-gallery-item\"><div class=\"kadence-blocks-gallery-item-inner\"><figure class=\"kb-gallery-figure kb-gallery-item-has-link kadence-blocks-gallery-item-has-caption\"><a href=\"https:\/\/guitar2amp.de\/index.php\/de\/product\/10885\/\" class=\"kb-gallery-item-link\" target=\"_blank\" rel=\"noopener noreferrer\"><div class=\"kb-gal-image-radius\"><div class=\"kb-gallery-image-contain\" ><img loading=\"lazy\" decoding=\"async\" src=\"https:\/\/guitar2amp.de\/wp-content\/uploads\/2024\/09\/SuperBee.jpg\" width=\"900\" height=\"832\" alt=\"\" data-full-image=\"https:\/\/guitar2amp.de\/wp-content\/uploads\/2024\/09\/SuperBee.jpg\" data-light-image=\"https:\/\/guitar2amp.de\/wp-content\/uploads\/2024\/09\/SuperBee.jpg\" data-id=\"10662\" class=\"wp-image-10662 skip-lazy\" srcset=\"https:\/\/guitar2amp.de\/wp-content\/uploads\/2024\/09\/SuperBee.jpg 900w, https:\/\/guitar2amp.de\/wp-content\/uploads\/2024\/09\/SuperBee-300x277.jpg 300w, https:\/\/guitar2amp.de\/wp-content\/uploads\/2024\/09\/SuperBee-768x710.jpg 768w, https:\/\/guitar2amp.de\/wp-content\/uploads\/2024\/09\/SuperBee-600x555.jpg 600w\" sizes=\"auto, (max-width: 900px) 100vw, 900px\" \/><\/div><div class=\"kadence-blocks-gallery-item__caption\">Super Bee<\/div><\/div><\/a><\/figure><\/div><\/div><\/li><li class=\"kb-slide-item kb-gallery-carousel-item splide__slide\"><div class=\"kadence-blocks-gallery-item\"><div class=\"kadence-blocks-gallery-item-inner\"><figure class=\"kb-gallery-figure kb-gallery-item-has-link kadence-blocks-gallery-item-has-caption\"><a href=\"https:\/\/guitar2amp.de\/index.php\/de\/product\/carr-amplifiers-mercury-v-2\/\" class=\"kb-gallery-item-link\" target=\"_blank\" rel=\"noopener noreferrer\"><div class=\"kb-gal-image-radius\"><div class=\"kb-gallery-image-contain\" ><img loading=\"lazy\" decoding=\"async\" src=\"https:\/\/guitar2amp.de\/wp-content\/uploads\/2024\/09\/MercuryV.jpg\" width=\"1440\" height=\"1088\" alt=\"\" data-full-image=\"https:\/\/guitar2amp.de\/wp-content\/uploads\/2024\/09\/MercuryV.jpg\" data-light-image=\"https:\/\/guitar2amp.de\/wp-content\/uploads\/2024\/09\/MercuryV.jpg\" data-id=\"10663\" class=\"wp-image-10663 skip-lazy\" srcset=\"https:\/\/guitar2amp.de\/wp-content\/uploads\/2024\/09\/MercuryV.jpg 1440w, https:\/\/guitar2amp.de\/wp-content\/uploads\/2024\/09\/MercuryV-300x227.jpg 300w, https:\/\/guitar2amp.de\/wp-content\/uploads\/2024\/09\/MercuryV-1024x774.jpg 1024w, https:\/\/guitar2amp.de\/wp-content\/uploads\/2024\/09\/MercuryV-768x580.jpg 768w, https:\/\/guitar2amp.de\/wp-content\/uploads\/2024\/09\/MercuryV-600x453.jpg 600w\" sizes=\"auto, (max-width: 1440px) 100vw, 1440px\" \/><\/div><div class=\"kadence-blocks-gallery-item__caption\">Mercury V<\/div><\/div><\/a><\/figure><\/div><\/div><\/li><li class=\"kb-slide-item kb-gallery-carousel-item splide__slide\"><div class=\"kadence-blocks-gallery-item\"><div class=\"kadence-blocks-gallery-item-inner\"><figure class=\"kb-gallery-figure kb-gallery-item-has-link kadence-blocks-gallery-item-has-caption\"><a href=\"https:\/\/guitar2amp.de\/index.php\/de\/product\/10857\/\" class=\"kb-gallery-item-link\" target=\"_blank\" rel=\"noopener noreferrer\"><div class=\"kb-gal-image-radius\"><div class=\"kb-gallery-image-contain\" ><img loading=\"lazy\" decoding=\"async\" src=\"https:\/\/guitar2amp.de\/wp-content\/uploads\/2024\/09\/BelRay.jpg\" width=\"750\" height=\"500\" alt=\"\" data-full-image=\"https:\/\/guitar2amp.de\/wp-content\/uploads\/2024\/09\/BelRay.jpg\" data-light-image=\"https:\/\/guitar2amp.de\/wp-content\/uploads\/2024\/09\/BelRay.jpg\" data-id=\"10664\" class=\"wp-image-10664 skip-lazy\" srcset=\"https:\/\/guitar2amp.de\/wp-content\/uploads\/2024\/09\/BelRay.jpg 750w, https:\/\/guitar2amp.de\/wp-content\/uploads\/2024\/09\/BelRay-300x200.jpg 300w, https:\/\/guitar2amp.de\/wp-content\/uploads\/2024\/09\/BelRay-600x400.jpg 600w\" sizes=\"auto, (max-width: 750px) 100vw, 750px\" \/><\/div><div class=\"kadence-blocks-gallery-item__caption\">Bel Ray<\/div><\/div><\/a><\/figure><\/div><\/div><\/li><\/ul><\/div><\/div><\/div><\/div>\n\n\n<p><\/p>\n","protected":false},"excerpt":{"rendered":"<p>Carr Amplifiers \u2013 Boutique-Gitarrenverst\u00e4rker mit einer Klangtradition Carr Amplifiers ist ein angesehener Name in der Welt der Boutique-Gitarrenverst\u00e4rker, bekannt f\u00fcr seine herausragende Handwerkskunst und das Streben nach erstklassiger Klangqualit\u00e4t. Das Unternehmen wurde 1998 von Steve Carr gegr\u00fcndet und hat seinen Sitz in Pittsboro, North Carolina. Dort wird jeder Verst\u00e4rker sorgf\u00e4ltig entworfen und von einem kleinen&#8230;<\/p>\n","protected":false},"author":2,"featured_media":0,"parent":0,"menu_order":0,"comment_status":"closed","ping_status":"closed","template":"","meta":{"_monsterinsights_skip_tracking":false,"_monsterinsights_sitenote_active":false,"_monsterinsights_sitenote_note":"","_monsterinsights_sitenote_category":0,"_uf_show_specific_survey":0,"_uf_disable_surveys":false,"_kadence_starter_templates_imported_post":false,"_kad_post_transparent":"","_kad_post_title":"","_kad_post_layout":"","_kad_post_sidebar_id":"","_kad_post_content_style":"","_kad_post_vertical_padding":"","_kad_post_feature":"","_kad_post_feature_position":"","_kad_post_header":false,"_kad_post_footer":false,"_kad_post_classname":"","footnotes":""},"class_list":["post-10701","page","type-page","status-publish","hentry"],"jetpack_sharing_enabled":true,"_links":{"self":[{"href":"https:\/\/guitar2amp.de\/index.php\/wp-json\/wp\/v2\/pages\/10701","targetHints":{"allow":["GET"]}}],"collection":[{"href":"https:\/\/guitar2amp.de\/index.php\/wp-json\/wp\/v2\/pages"}],"about":[{"href":"https:\/\/guitar2amp.de\/index.php\/wp-json\/wp\/v2\/types\/page"}],"author":[{"embeddable":true,"href":"https:\/\/guitar2amp.de\/index.php\/wp-json\/wp\/v2\/users\/2"}],"replies":[{"embeddable":true,"href":"https:\/\/guitar2amp.de\/index.php\/wp-json\/wp\/v2\/comments?post=10701"}],"version-history":[{"count":0,"href":"https:\/\/guitar2amp.de\/index.php\/wp-json\/wp\/v2\/pages\/10701\/revisions"}],"wp:attachment":[{"href":"https:\/\/guitar2amp.de\/index.php\/wp-json\/wp\/v2\/media?parent=10701"}],"curies":[{"name":"wp","href":"https:\/\/api.w.org\/{rel}","templated":true}]}}