{"id":10705,"date":"2024-09-23T13:18:21","date_gmt":"2024-09-23T11:18:21","guid":{"rendered":"https:\/\/guitar2amp.de\/?page_id=10705"},"modified":"2024-10-24T16:38:35","modified_gmt":"2024-10-24T14:38:35","slug":"10705-2","status":"publish","type":"page","link":"https:\/\/guitar2amp.de\/index.php\/pl\/10705-2\/","title":{"rendered":"Carr_Amps_PL"},"content":{"rendered":"\n<p><\/p>\n\n\n\n<p><\/p>\n\n\n\n<p><\/p>\n\n\n<div class=\"wp-block-image\">\n<figure class=\"aligncenter size-large is-resized\"><a href=\"https:\/\/guitar2amp.de\/wp-content\/uploads\/2024\/09\/CARR_Amps_white-02.png\"><img loading=\"lazy\" decoding=\"async\" width=\"1024\" height=\"495\" src=\"https:\/\/guitar2amp.de\/wp-content\/uploads\/2024\/09\/CARR_Amps_white-02-1024x495.png\" alt=\"\" class=\"wp-image-10644\" style=\"width:507px;height:auto\" srcset=\"https:\/\/guitar2amp.de\/wp-content\/uploads\/2024\/09\/CARR_Amps_white-02-1024x495.png 1024w, https:\/\/guitar2amp.de\/wp-content\/uploads\/2024\/09\/CARR_Amps_white-02-300x145.png 300w, https:\/\/guitar2amp.de\/wp-content\/uploads\/2024\/09\/CARR_Amps_white-02-768x371.png 768w, https:\/\/guitar2amp.de\/wp-content\/uploads\/2024\/09\/CARR_Amps_white-02-600x290.png 600w, https:\/\/guitar2amp.de\/wp-content\/uploads\/2024\/09\/CARR_Amps_white-02.png 1500w\" sizes=\"auto, (max-width: 1024px) 100vw, 1024px\" \/><\/a><\/figure>\n<\/div>\n\n\n<figure class=\"wp-block-gallery has-nested-images columns-default is-cropped wp-block-gallery-1 is-layout-flex wp-block-gallery-is-layout-flex\"><\/figure>\n\n\n<div class=\"wp-block-image\">\n<figure class=\"aligncenter size-large\"><a href=\"https:\/\/guitar2amp.de\/wp-content\/uploads\/2024\/09\/CARR.jpg\"><img loading=\"lazy\" decoding=\"async\" width=\"1024\" height=\"684\" src=\"https:\/\/guitar2amp.de\/wp-content\/uploads\/2024\/09\/CARR-1024x684.jpg\" alt=\"\" class=\"wp-image-10653\" srcset=\"https:\/\/guitar2amp.de\/wp-content\/uploads\/2024\/09\/CARR-1024x684.jpg 1024w, https:\/\/guitar2amp.de\/wp-content\/uploads\/2024\/09\/CARR-300x200.jpg 300w, https:\/\/guitar2amp.de\/wp-content\/uploads\/2024\/09\/CARR-768x513.jpg 768w, https:\/\/guitar2amp.de\/wp-content\/uploads\/2024\/09\/CARR-600x401.jpg 600w, https:\/\/guitar2amp.de\/wp-content\/uploads\/2024\/09\/CARR.jpg 1047w\" sizes=\"auto, (max-width: 1024px) 100vw, 1024px\" \/><\/a><\/figure>\n<\/div>\n\n\n<div class=\"wp-block-group\"><div class=\"wp-block-group__inner-container is-layout-constrained wp-block-group-is-layout-constrained\">\n<p><\/p>\n\n\n\n<h2 class=\"wp-block-heading has-text-align-center has-theme-palette-1-color has-text-color has-link-color wp-elements-961255e606c6055f0e8bd1adb4883be1\" style=\"margin-right:var(--wp--preset--spacing--50);margin-left:var(--wp--preset--spacing--50);font-size:38px;line-height:1.4\">Carr Amplifiers \u2013 Butikowe Wzmacniacze Gitarowe z Zbudowane z Pasji do D\u017awi\u0119ku<\/h2>\n\n\n\n<p><\/p>\n\n\n\n<p class=\"has-text-align-center\" style=\"margin-right:var(--wp--preset--spacing--60);margin-left:var(--wp--preset--spacing--60)\">Carr Amplifiers to \u015bwiatowa marka butikowych wzmacniaczy gitarowych, kt\u00f3ra s\u0142ynie z niezwyk\u0142ej jako\u015bci wykonania oraz dba\u0142o\u015bci o ka\u017cdy szczeg\u00f3\u0142 brzmieniowy. Za\u0142o\u017cona w 1998 roku przez Steve\u2019a Carra, firma z siedzib\u0105 w Pittsboro w Karolinie P\u00f3\u0142nocnej, szybko zdoby\u0142a uznanie muzyk\u00f3w na ca\u0142ym \u015bwiecie. Carr, b\u0119d\u0105cy zar\u00f3wno muzykiem, jak i ekspertem od wzmacniaczy, stworzy\u0142 mark\u0119, kt\u00f3rej celem by\u0142o po\u0142\u0105czenie klasycznego brzmienia vintage z nowoczesn\u0105 niezawodno\u015bci\u0105 i innowacyjno\u015bci\u0105.<\/p>\n\n\n\n<div class=\"wp-block-columns is-layout-flex wp-container-core-columns-is-layout-9d6595d7 wp-block-columns-is-layout-flex\">\n<div class=\"wp-block-column is-layout-flow wp-block-column-is-layout-flow\">\n<p class=\"has-text-align-center\"><\/p>\n\n\n\n<h3 class=\"wp-block-heading has-text-align-center has-theme-palette-1-color has-text-color has-link-color wp-elements-ee8cc5f55ee04064b4fa1e55c742f44a\">Pocz\u0105tki Carr Amplifiers<\/h3>\n\n\n\n<p class=\"has-text-align-center\" style=\"margin-right:var(--wp--preset--spacing--60);margin-left:var(--wp--preset--spacing--60)\">Steve Carr stworzy\u0142 swoj\u0105 firm\u0119 z pasji do brzmienia. Jego mi\u0142o\u015b\u0107 do wzmacniaczy vintage oraz wieloletnie do\u015bwiadczenie w naprawie tych urz\u0105dze\u0144 pozwoli\u0142y mu na stworzenie produkt\u00f3w, kt\u00f3re \u0142\u0105cz\u0105 tradycj\u0119 z nowoczesno\u015bci\u0105. Ka\u017cdy wzmacniacz Carr jest r\u0119cznie budowany, z dba\u0142o\u015bci\u0105 o najmniejsze detale, co gwarantuje niezr\u00f3wnan\u0105 jako\u015b\u0107 d\u017awi\u0119ku.<\/p>\n\n\n\n<h3 class=\"wp-block-heading has-text-align-center has-theme-palette-1-color has-text-color has-link-color wp-elements-ff97727eb76a90457a06637b2ab06545\">Charakterystyka Wzmacniaczy Carr<\/h3>\n\n\n\n<p class=\"has-text-align-center\" style=\"margin-right:var(--wp--preset--spacing--60);margin-left:var(--wp--preset--spacing--60)\">Wzmacniacze Carr wyr\u00f3\u017cniaj\u0105 si\u0119 swoim dynamicznym brzmieniem, kt\u00f3re doskonale reaguje na artykulacj\u0119 gitarzysty. Dzi\u0119ki r\u0119cznemu monta\u017cowi, wysokiej jako\u015bci komponentom oraz starannemu okablowaniu, wzmacniacze Carr s\u0105 nie tylko pi\u0119knie wykonane, ale r\u00f3wnie\u017c oferuj\u0105 szerokie mo\u017cliwo\u015bci d\u017awi\u0119kowe. \u0141\u0105cz\u0105 w sobie ciep\u0142o klasycznych wzmacniaczy z nowoczesnymi funkcjami, takimi jak skalowanie mocy czy innowacyjne efekty, kt\u00f3re idealnie nadaj\u0105 si\u0119 zar\u00f3wno do pracy w studiu, jak i na scenie.<\/p>\n\n\n\n<h3 class=\"wp-block-heading\"><\/h3>\n<\/div>\n\n\n\n<div class=\"wp-block-column is-layout-flow wp-block-column-is-layout-flow\">\n<p><\/p>\n\n\n\n<h3 class=\"wp-block-heading has-text-align-center has-theme-palette-1-color has-text-color has-link-color wp-elements-1ab83b66917843269e0a60cb8eb1747d\">Dlaczego Carr Amplifiers?<\/h3>\n\n\n\n<ul class=\"wp-block-list\">\n<li style=\"margin-right:var(--wp--preset--spacing--60);margin-left:var(--wp--preset--spacing--60)\"><strong>R\u0119czne wykonanie<\/strong>: Ka\u017cdy wzmacniacz Carr jest r\u0119cznie budowany, co gwarantuje najwy\u017csz\u0105 jako\u015b\u0107 wykonania. <\/li>\n\n\n\n<li style=\"margin-right:var(--wp--preset--spacing--60);margin-left:var(--wp--preset--spacing--60)\"><strong>Brzmienie vintage z nowoczesnymi mo\u017cliwo\u015bciami<\/strong>: Wzmacniacze te \u0142\u0105cz\u0105 klasyczne brzmienia z funkcjami, kt\u00f3re spe\u0142ni\u0105 oczekiwania wsp\u00f3\u0142czesnych muzyk\u00f3w. <\/li>\n\n\n\n<li style=\"margin-right:var(--wp--preset--spacing--60);margin-left:var(--wp--preset--spacing--60)\"><strong>Dynamika i responsywno\u015b\u0107<\/strong>: Wzmacniacze Carr s\u0105 niezwykle czu\u0142e na technik\u0119 gry gitarzysty, co czyni je idealnym wyborem dla profesjonalist\u00f3w. <\/li>\n\n\n\n<li style=\"margin-right:var(--wp--preset--spacing--60);margin-left:var(--wp--preset--spacing--60)\"><strong>Innowacyjne projekty<\/strong>: Wzmacniacze Carr oferuj\u0105 szeroki wachlarz mo\u017cliwo\u015bci brzmieniowych, od ciep\u0142ych clean\u00f3w po bogaty overdrive, dzi\u0119ki czemu s\u0105 idealne do r\u00f3\u017cnych styl\u00f3w muzycznych.<\/li>\n<\/ul>\n\n\n\n<h3 class=\"wp-block-heading has-text-align-center has-theme-palette-1-color has-text-color has-link-color wp-elements-b1e5a88fbe8e3813d76afb97cce1c44a\">Guitar2Amp \u2013 Autoryzowany Dealer Carr Amplifiers<\/h3>\n\n\n\n<p class=\"has-text-align-center\" style=\"margin-right:var(--wp--preset--spacing--60);margin-left:var(--wp--preset--spacing--60)\">Jeste\u015bmy dumni, \u017ce Guitar2Amp jest autoryzowanym dealerem Carr Amplifiers w Polsce i Europie. W naszym sklepie znajdziesz szerok\u0105 ofert\u0119 wzmacniaczy tej marki, kt\u00f3re mo\u017cesz przetestowa\u0107 i zam\u00f3wi\u0107. Oferujemy r\u00f3wnie\u017c profesjonalne doradztwo w wyborze najlepszego modelu dopasowanego do Twoich potrzeb.<\/p>\n<\/div>\n<\/div>\n<\/div><\/div>\n\n\n\n<p class=\"has-text-align-center has-large-font-size\"> <strong>Odkryj butikowe wzmacniacze Carr Amplifiers w Guitar2Amp<\/strong> <strong>i zanurz si\u0119 w \u015bwiecie doskona\u0142ego brzmienia.<\/strong><\/p>\n\n\n\n<p class=\"has-medium-font-size\"><\/p>\n\n\n<style>.kb-gallery-id-10705_7edeb0-b6.kb-gallery-ul.kb-gallery-type-fluidcarousel .kt-blocks-carousel figure .kb-gal-image-radius, .kb-gallery-id-10705_7edeb0-b6.kb-gallery-ul.kb-gallery-type-fluidcarousel .kt-blocks-carousel figure .kb-gal-image-radius img{height:300px;}.kb-gallery-id-10705_7edeb0-b6 .kadence-blocks-gallery-item .kb-gal-image-radius, .kb-gallery-id-10705_7edeb0-b6 .kb-slide-item .kb-gal-image-radius img{border-radius:0px 0px 0px 0px;;}.kb-gallery-id-10705_7edeb0-b6 .kadence-blocks-gallery-item .kadence-blocks-gallery-item-inner .kadence-blocks-gallery-item__caption{font-size:var(--global-kb-font-size-md, 1.25rem);letter-spacing:17.3px;font-weight:700;color:var(--global-palette7, #EDF2F7);}.kb-gallery-caption-style-bottom.kb-gallery-id-10705_7edeb0-b6 .kadence-blocks-gallery-item .kadence-blocks-gallery-item-inner .kadence-blocks-gallery-item__caption, .kb-gallery-caption-style-bottom-hover.kb-gallery-id-10705_7edeb0-b6 .kadence-blocks-gallery-item .kadence-blocks-gallery-item-inner .kadence-blocks-gallery-item__caption{background:linear-gradient(0deg, rgba(160, 29, 29, 0.5) 0, rgba(0, 0, 0, 0) 100%);}.kb-gallery-wrap-id-10705_7edeb0-b6.wp-block-kadence-advancedgallery{overflow:visible;}.kb-gallery-wrap-id-10705_7edeb0-b6.wp-block-kadence-advancedgallery .kt-blocks-carousel{overflow:visible;max-width:100%;}@media all and (max-width: 1024px){.kb-gallery-id-10705_7edeb0-b6.kb-gallery-ul.kb-gallery-type-fluidcarousel .kt-blocks-carousel figure .kb-gal-image-radius, .kb-gallery-id-10705_7edeb0-b6.kb-gallery-ul.kb-gallery-type-fluidcarousel .kt-blocks-carousel figure .kb-gal-image-radius img{height:402px;}}@media all and (max-width: 1024px){.kb-gallery-id-10705_7edeb0-b6 .kadence-blocks-gallery-item .kadence-blocks-gallery-item-inner .kadence-blocks-gallery-item__caption{font-size:var(--global-kb-font-size-lg, 2rem);}}<\/style><div class=\"kb-gallery-wrap-id-10705_7edeb0-b6 alignnone wp-block-kadence-advancedgallery\"><div class=\"kb-gallery-ul kb-gallery-non-static kb-gallery-type-fluidcarousel kb-gallery-id-10705_7edeb0-b6 kb-gallery-caption-style-bottom kb-gallery-filter-none\" data-image-filter=\"none\" data-lightbox-caption=\"true\"><div class=\"kt-blocks-carousel splide kt-carousel-container-dotstyle-dark kt-carousel-arrowstyle-whiteondark kt-carousel-dotstyle-dark kb-slider-group-arrow kb-slider-arrow-position-center\" data-slider-anim-speed=\"15000\" data-slider-scroll=\"1\" data-slider-arrows=\"true\" data-slider-dots=\"true\" data-slider-hover-pause=\"false\" data-slider-auto=\"1\" data-slider-speed=\"15000\" data-slider-type=\"fluidcarousel\" data-slider-center-mode=\"true\" data-slider-gap=\"10px\" data-slider-gap-tablet=\"50px\" data-slider-gap-mobile=\"50px\" data-show-pause-button=\"false\"><div class=\"splide__track\"><ul class=\"kt-blocks-carousel-init kb-blocks-fluid-carousel splide__list\"><li class=\"kb-slide-item kb-gallery-carousel-item splide__slide\"><div class=\"kadence-blocks-gallery-item\"><div class=\"kadence-blocks-gallery-item-inner\"><figure class=\"kb-gallery-figure kadence-blocks-gallery-item-has-caption\"><div class=\"kb-gal-image-radius\"><div class=\"kb-gallery-image-contain\" ><img loading=\"lazy\" decoding=\"async\" src=\"https:\/\/guitar2amp.de\/wp-content\/uploads\/2024\/09\/Releight.jpg\" width=\"750\" height=\"631\" alt=\"\" data-full-image=\"https:\/\/guitar2amp.de\/wp-content\/uploads\/2024\/09\/Releight.jpg\" data-light-image=\"https:\/\/guitar2amp.de\/wp-content\/uploads\/2024\/09\/Releight.jpg\" data-id=\"10656\" class=\"wp-image-10656 skip-lazy\" srcset=\"https:\/\/guitar2amp.de\/wp-content\/uploads\/2024\/09\/Releight.jpg 750w, https:\/\/guitar2amp.de\/wp-content\/uploads\/2024\/09\/Releight-300x252.jpg 300w, https:\/\/guitar2amp.de\/wp-content\/uploads\/2024\/09\/Releight-600x505.jpg 600w\" sizes=\"auto, (max-width: 750px) 100vw, 750px\" \/><\/div><div class=\"kadence-blocks-gallery-item__caption\">Releight<\/div><\/div><\/figure><\/div><\/div><\/li><li class=\"kb-slide-item kb-gallery-carousel-item splide__slide\"><div class=\"kadence-blocks-gallery-item\"><div class=\"kadence-blocks-gallery-item-inner\"><figure class=\"kb-gallery-figure kadence-blocks-gallery-item-has-caption\"><div class=\"kb-gal-image-radius\"><div class=\"kb-gallery-image-contain\" ><img loading=\"lazy\" decoding=\"async\" src=\"https:\/\/guitar2amp.de\/wp-content\/uploads\/2024\/09\/Impala.jpg\" width=\"1500\" height=\"1125\" alt=\"\" data-full-image=\"https:\/\/guitar2amp.de\/wp-content\/uploads\/2024\/09\/Impala.jpg\" data-light-image=\"https:\/\/guitar2amp.de\/wp-content\/uploads\/2024\/09\/Impala.jpg\" data-id=\"10657\" class=\"wp-image-10657 skip-lazy\" srcset=\"https:\/\/guitar2amp.de\/wp-content\/uploads\/2024\/09\/Impala.jpg 1500w, https:\/\/guitar2amp.de\/wp-content\/uploads\/2024\/09\/Impala-300x225.jpg 300w, https:\/\/guitar2amp.de\/wp-content\/uploads\/2024\/09\/Impala-1024x768.jpg 1024w, https:\/\/guitar2amp.de\/wp-content\/uploads\/2024\/09\/Impala-768x576.jpg 768w, https:\/\/guitar2amp.de\/wp-content\/uploads\/2024\/09\/Impala-600x450.jpg 600w\" sizes=\"auto, (max-width: 1500px) 100vw, 1500px\" \/><\/div><div class=\"kadence-blocks-gallery-item__caption\">Impala<\/div><\/div><\/figure><\/div><\/div><\/li><li class=\"kb-slide-item kb-gallery-carousel-item splide__slide\"><div class=\"kadence-blocks-gallery-item\"><div class=\"kadence-blocks-gallery-item-inner\"><figure class=\"kb-gallery-figure kadence-blocks-gallery-item-has-caption\"><div class=\"kb-gal-image-radius\"><div class=\"kb-gallery-image-contain\" ><img loading=\"lazy\" decoding=\"async\" src=\"https:\/\/guitar2amp.de\/wp-content\/uploads\/2024\/09\/Sportsman.jpg\" width=\"600\" height=\"550\" alt=\"\" data-full-image=\"https:\/\/guitar2amp.de\/wp-content\/uploads\/2024\/09\/Sportsman.jpg\" data-light-image=\"https:\/\/guitar2amp.de\/wp-content\/uploads\/2024\/09\/Sportsman.jpg\" data-id=\"10658\" class=\"wp-image-10658 skip-lazy\" srcset=\"https:\/\/guitar2amp.de\/wp-content\/uploads\/2024\/09\/Sportsman.jpg 600w, https:\/\/guitar2amp.de\/wp-content\/uploads\/2024\/09\/Sportsman-300x275.jpg 300w\" sizes=\"auto, (max-width: 600px) 100vw, 600px\" \/><\/div><div class=\"kadence-blocks-gallery-item__caption\">Sportsman<\/div><\/div><\/figure><\/div><\/div><\/li><li class=\"kb-slide-item kb-gallery-carousel-item splide__slide\"><div class=\"kadence-blocks-gallery-item\"><div class=\"kadence-blocks-gallery-item-inner\"><figure class=\"kb-gallery-figure kb-gallery-item-has-link kadence-blocks-gallery-item-has-caption\"><a href=\"https:\/\/guitar2amp.de\/index.php\/pl\/product\/carr-amplifiers-rambler-2\/\" class=\"kb-gallery-item-link\" target=\"_blank\" rel=\"noopener noreferrer\"><div class=\"kb-gal-image-radius\"><div class=\"kb-gallery-image-contain\" ><img loading=\"lazy\" decoding=\"async\" src=\"https:\/\/guitar2amp.de\/wp-content\/uploads\/2024\/09\/Rambler.jpg\" width=\"1000\" height=\"876\" alt=\"\" data-full-image=\"https:\/\/guitar2amp.de\/wp-content\/uploads\/2024\/09\/Rambler.jpg\" data-light-image=\"https:\/\/guitar2amp.de\/wp-content\/uploads\/2024\/09\/Rambler.jpg\" data-id=\"10659\" class=\"wp-image-10659 skip-lazy\" srcset=\"https:\/\/guitar2amp.de\/wp-content\/uploads\/2024\/09\/Rambler.jpg 1000w, https:\/\/guitar2amp.de\/wp-content\/uploads\/2024\/09\/Rambler-300x263.jpg 300w, https:\/\/guitar2amp.de\/wp-content\/uploads\/2024\/09\/Rambler-768x673.jpg 768w, https:\/\/guitar2amp.de\/wp-content\/uploads\/2024\/09\/Rambler-600x526.jpg 600w\" sizes=\"auto, (max-width: 1000px) 100vw, 1000px\" \/><\/div><div class=\"kadence-blocks-gallery-item__caption\">Rambler<\/div><\/div><\/a><\/figure><\/div><\/div><\/li><li class=\"kb-slide-item kb-gallery-carousel-item splide__slide\"><div class=\"kadence-blocks-gallery-item\"><div class=\"kadence-blocks-gallery-item-inner\"><figure class=\"kb-gallery-figure kadence-blocks-gallery-item-has-caption\"><div class=\"kb-gal-image-radius\"><div class=\"kb-gallery-image-contain\" ><img loading=\"lazy\" decoding=\"async\" src=\"https:\/\/guitar2amp.de\/wp-content\/uploads\/2024\/09\/Skylark.jpg\" width=\"843\" height=\"750\" alt=\"\" data-full-image=\"https:\/\/guitar2amp.de\/wp-content\/uploads\/2024\/09\/Skylark.jpg\" data-light-image=\"https:\/\/guitar2amp.de\/wp-content\/uploads\/2024\/09\/Skylark.jpg\" data-id=\"10660\" class=\"wp-image-10660 skip-lazy\" srcset=\"https:\/\/guitar2amp.de\/wp-content\/uploads\/2024\/09\/Skylark.jpg 843w, https:\/\/guitar2amp.de\/wp-content\/uploads\/2024\/09\/Skylark-300x267.jpg 300w, https:\/\/guitar2amp.de\/wp-content\/uploads\/2024\/09\/Skylark-768x683.jpg 768w, https:\/\/guitar2amp.de\/wp-content\/uploads\/2024\/09\/Skylark-600x534.jpg 600w\" sizes=\"auto, (max-width: 843px) 100vw, 843px\" \/><\/div><div class=\"kadence-blocks-gallery-item__caption\">Skylark<\/div><\/div><\/figure><\/div><\/div><\/li><li class=\"kb-slide-item kb-gallery-carousel-item splide__slide\"><div class=\"kadence-blocks-gallery-item\"><div class=\"kadence-blocks-gallery-item-inner\"><figure class=\"kb-gallery-figure kb-gallery-item-has-link kadence-blocks-gallery-item-has-caption\"><a href=\"https:\/\/guitar2amp.de\/index.php\/pl\/product\/carr-amplifiers-telstar-2\/\" class=\"kb-gallery-item-link\" target=\"_blank\" rel=\"noopener noreferrer\"><div class=\"kb-gal-image-radius\"><div class=\"kb-gallery-image-contain\" ><img loading=\"lazy\" decoding=\"async\" src=\"https:\/\/guitar2amp.de\/wp-content\/uploads\/2024\/09\/Telstar.jpg\" width=\"1500\" height=\"1167\" alt=\"\" data-full-image=\"https:\/\/guitar2amp.de\/wp-content\/uploads\/2024\/09\/Telstar.jpg\" data-light-image=\"https:\/\/guitar2amp.de\/wp-content\/uploads\/2024\/09\/Telstar.jpg\" data-id=\"10661\" class=\"wp-image-10661 skip-lazy\" srcset=\"https:\/\/guitar2amp.de\/wp-content\/uploads\/2024\/09\/Telstar.jpg 1500w, https:\/\/guitar2amp.de\/wp-content\/uploads\/2024\/09\/Telstar-300x233.jpg 300w, https:\/\/guitar2amp.de\/wp-content\/uploads\/2024\/09\/Telstar-1024x797.jpg 1024w, https:\/\/guitar2amp.de\/wp-content\/uploads\/2024\/09\/Telstar-768x598.jpg 768w, https:\/\/guitar2amp.de\/wp-content\/uploads\/2024\/09\/Telstar-600x467.jpg 600w\" sizes=\"auto, (max-width: 1500px) 100vw, 1500px\" \/><\/div><div class=\"kadence-blocks-gallery-item__caption\">Telstar<\/div><\/div><\/a><\/figure><\/div><\/div><\/li><li class=\"kb-slide-item kb-gallery-carousel-item splide__slide\"><div class=\"kadence-blocks-gallery-item\"><div class=\"kadence-blocks-gallery-item-inner\"><figure class=\"kb-gallery-figure kb-gallery-item-has-link kadence-blocks-gallery-item-has-caption\"><a href=\"https:\/\/guitar2amp.de\/index.php\/pl\/product\/10890\/\" class=\"kb-gallery-item-link\" target=\"_blank\" rel=\"noopener noreferrer\"><div class=\"kb-gal-image-radius\"><div class=\"kb-gallery-image-contain\" ><img loading=\"lazy\" decoding=\"async\" src=\"https:\/\/guitar2amp.de\/wp-content\/uploads\/2024\/09\/SuperBee.jpg\" width=\"900\" height=\"832\" alt=\"\" data-full-image=\"https:\/\/guitar2amp.de\/wp-content\/uploads\/2024\/09\/SuperBee.jpg\" data-light-image=\"https:\/\/guitar2amp.de\/wp-content\/uploads\/2024\/09\/SuperBee.jpg\" data-id=\"10662\" class=\"wp-image-10662 skip-lazy\" srcset=\"https:\/\/guitar2amp.de\/wp-content\/uploads\/2024\/09\/SuperBee.jpg 900w, https:\/\/guitar2amp.de\/wp-content\/uploads\/2024\/09\/SuperBee-300x277.jpg 300w, https:\/\/guitar2amp.de\/wp-content\/uploads\/2024\/09\/SuperBee-768x710.jpg 768w, https:\/\/guitar2amp.de\/wp-content\/uploads\/2024\/09\/SuperBee-600x555.jpg 600w\" sizes=\"auto, (max-width: 900px) 100vw, 900px\" \/><\/div><div class=\"kadence-blocks-gallery-item__caption\">Super Bee<\/div><\/div><\/a><\/figure><\/div><\/div><\/li><li class=\"kb-slide-item kb-gallery-carousel-item splide__slide\"><div class=\"kadence-blocks-gallery-item\"><div class=\"kadence-blocks-gallery-item-inner\"><figure class=\"kb-gallery-figure kb-gallery-item-has-link kadence-blocks-gallery-item-has-caption\"><a href=\"https:\/\/guitar2amp.de\/index.php\/pl\/product\/carr-amplifiers-mercury-v-3\/\" class=\"kb-gallery-item-link\" target=\"_blank\" rel=\"noopener noreferrer\"><div class=\"kb-gal-image-radius\"><div class=\"kb-gallery-image-contain\" ><img loading=\"lazy\" decoding=\"async\" src=\"https:\/\/guitar2amp.de\/wp-content\/uploads\/2024\/09\/MercuryV.jpg\" width=\"1440\" height=\"1088\" alt=\"\" data-full-image=\"https:\/\/guitar2amp.de\/wp-content\/uploads\/2024\/09\/MercuryV.jpg\" data-light-image=\"https:\/\/guitar2amp.de\/wp-content\/uploads\/2024\/09\/MercuryV.jpg\" data-id=\"10663\" class=\"wp-image-10663 skip-lazy\" srcset=\"https:\/\/guitar2amp.de\/wp-content\/uploads\/2024\/09\/MercuryV.jpg 1440w, https:\/\/guitar2amp.de\/wp-content\/uploads\/2024\/09\/MercuryV-300x227.jpg 300w, https:\/\/guitar2amp.de\/wp-content\/uploads\/2024\/09\/MercuryV-1024x774.jpg 1024w, https:\/\/guitar2amp.de\/wp-content\/uploads\/2024\/09\/MercuryV-768x580.jpg 768w, https:\/\/guitar2amp.de\/wp-content\/uploads\/2024\/09\/MercuryV-600x453.jpg 600w\" sizes=\"auto, (max-width: 1440px) 100vw, 1440px\" \/><\/div><div class=\"kadence-blocks-gallery-item__caption\">Mercury V<\/div><\/div><\/a><\/figure><\/div><\/div><\/li><li class=\"kb-slide-item kb-gallery-carousel-item splide__slide\"><div class=\"kadence-blocks-gallery-item\"><div class=\"kadence-blocks-gallery-item-inner\"><figure class=\"kb-gallery-figure kb-gallery-item-has-link kadence-blocks-gallery-item-has-caption\"><a href=\"https:\/\/guitar2amp.de\/index.php\/pl\/product\/carr-amplifiers-bel-ray-2\/\" class=\"kb-gallery-item-link\" target=\"_blank\" rel=\"noopener noreferrer\"><div class=\"kb-gal-image-radius\"><div class=\"kb-gallery-image-contain\" ><img loading=\"lazy\" decoding=\"async\" src=\"https:\/\/guitar2amp.de\/wp-content\/uploads\/2024\/09\/BelRay.jpg\" width=\"750\" height=\"500\" alt=\"\" data-full-image=\"https:\/\/guitar2amp.de\/wp-content\/uploads\/2024\/09\/BelRay.jpg\" data-light-image=\"https:\/\/guitar2amp.de\/wp-content\/uploads\/2024\/09\/BelRay.jpg\" data-id=\"10664\" class=\"wp-image-10664 skip-lazy\" srcset=\"https:\/\/guitar2amp.de\/wp-content\/uploads\/2024\/09\/BelRay.jpg 750w, https:\/\/guitar2amp.de\/wp-content\/uploads\/2024\/09\/BelRay-300x200.jpg 300w, https:\/\/guitar2amp.de\/wp-content\/uploads\/2024\/09\/BelRay-600x400.jpg 600w\" sizes=\"auto, (max-width: 750px) 100vw, 750px\" \/><\/div><div class=\"kadence-blocks-gallery-item__caption\">Bel Ray<\/div><\/div><\/a><\/figure><\/div><\/div><\/li><\/ul><\/div><\/div><\/div><\/div>\n\n\n<p><\/p>\n","protected":false},"excerpt":{"rendered":"<p>Carr Amplifiers \u2013 Butikowe Wzmacniacze Gitarowe z Zbudowane z Pasji do D\u017awi\u0119ku Carr Amplifiers to \u015bwiatowa marka butikowych wzmacniaczy gitarowych, kt\u00f3ra s\u0142ynie z niezwyk\u0142ej jako\u015bci wykonania oraz dba\u0142o\u015bci o ka\u017cdy szczeg\u00f3\u0142 brzmieniowy. Za\u0142o\u017cona w 1998 roku przez Steve\u2019a Carra, firma z siedzib\u0105 w Pittsboro w Karolinie P\u00f3\u0142nocnej, szybko zdoby\u0142a uznanie muzyk\u00f3w na ca\u0142ym \u015bwiecie. Carr,&#8230;<\/p>\n","protected":false},"author":2,"featured_media":0,"parent":0,"menu_order":0,"comment_status":"closed","ping_status":"closed","template":"","meta":{"_monsterinsights_skip_tracking":false,"_monsterinsights_sitenote_active":false,"_monsterinsights_sitenote_note":"","_monsterinsights_sitenote_category":0,"_uf_show_specific_survey":0,"_uf_disable_surveys":false,"_kadence_starter_templates_imported_post":false,"_kad_post_transparent":"","_kad_post_title":"","_kad_post_layout":"","_kad_post_sidebar_id":"","_kad_post_content_style":"","_kad_post_vertical_padding":"","_kad_post_feature":"","_kad_post_feature_position":"","_kad_post_header":false,"_kad_post_footer":false,"_kad_post_classname":"","footnotes":""},"class_list":["post-10705","page","type-page","status-publish","hentry"],"jetpack_sharing_enabled":true,"_links":{"self":[{"href":"https:\/\/guitar2amp.de\/index.php\/wp-json\/wp\/v2\/pages\/10705","targetHints":{"allow":["GET"]}}],"collection":[{"href":"https:\/\/guitar2amp.de\/index.php\/wp-json\/wp\/v2\/pages"}],"about":[{"href":"https:\/\/guitar2amp.de\/index.php\/wp-json\/wp\/v2\/types\/page"}],"author":[{"embeddable":true,"href":"https:\/\/guitar2amp.de\/index.php\/wp-json\/wp\/v2\/users\/2"}],"replies":[{"embeddable":true,"href":"https:\/\/guitar2amp.de\/index.php\/wp-json\/wp\/v2\/comments?post=10705"}],"version-history":[{"count":0,"href":"https:\/\/guitar2amp.de\/index.php\/wp-json\/wp\/v2\/pages\/10705\/revisions"}],"wp:attachment":[{"href":"https:\/\/guitar2amp.de\/index.php\/wp-json\/wp\/v2\/media?parent=10705"}],"curies":[{"name":"wp","href":"https:\/\/api.w.org\/{rel}","templated":true}]}}