{"id":1258,"date":"2023-02-07T18:13:10","date_gmt":"2023-02-07T17:13:10","guid":{"rendered":"https:\/\/serwer1883554.home.pl\/autoinstalator\/wordpress1\/?page_id=1258"},"modified":"2023-04-12T20:00:12","modified_gmt":"2023-04-12T18:00:12","slug":"rueckerstattungen-versand","status":"publish","type":"page","link":"https:\/\/guitar2amp.de\/index.php\/de\/rueckerstattungen-versand\/","title":{"rendered":"R\u00fcckerstattungen &#038; Versand"},"content":{"rendered":"<style>.kadence-column_0664ff-a3{max-width:1000px;margin-left:auto;margin-right:auto;}.wp-block-kadence-column.kb-section-dir-horizontal:not(.kb-section-md-dir-vertical)>.kt-inside-inner-col>.kadence-column_0664ff-a3{-webkit-flex:0 1 1000px;flex:0 1 1000px;max-width:unset;margin-left:unset;margin-right:unset;}.kadence-column_0664ff-a3 > .kt-inside-inner-col{padding-top:100px;padding-bottom:100px;padding-left:80px;padding-right:80px;}.kadence-column_0664ff-a3 > .kt-inside-inner-col{min-height:20vw;border-top-width:0px;border-right-width:0px;border-bottom-width:0px;border-left-width:0px;}.kadence-column_0664ff-a3 > .kt-inside-inner-col,.kadence-column_0664ff-a3 > .kt-inside-inner-col:before{border-top-left-radius:0px;border-top-right-radius:0px;border-bottom-right-radius:0px;border-bottom-left-radius:0px;}.kadence-column_0664ff-a3 > .kt-inside-inner-col{column-gap:var(--global-kb-gap-sm, 1rem);}.kadence-column_0664ff-a3 > .kt-inside-inner-col{flex-direction:column;}.kadence-column_0664ff-a3 > .kt-inside-inner-col > .aligncenter{width:100%;}.kadence-column_0664ff-a3 > .kt-inside-inner-col:before{opacity:0.3;}.kadence-column_0664ff-a3{position:relative;}@media all and (min-width: 1025px){.wp-block-kadence-column.kb-section-dir-horizontal>.kt-inside-inner-col>.kadence-column_0664ff-a3{-webkit-flex:0 1 1000px;flex:0 1 1000px;max-width:unset;margin-left:unset;margin-right:unset;}}@media all and (max-width: 1024px){.kadence-column_0664ff-a3 > .kt-inside-inner-col{flex-direction:column;justify-content:center;}}@media all and (max-width: 767px){.wp-block-kadence-column.kb-section-sm-dir-vertical:not(.kb-section-sm-dir-horizontal):not(.kb-section-sm-dir-specificity)>.kt-inside-inner-col>.kadence-column_0664ff-a3{max-width:1000px;-webkit-flex:1;flex:1;margin-left:auto;margin-right:auto;}.kadence-column_0664ff-a3 > .kt-inside-inner-col{flex-direction:column;justify-content:center;}}<\/style>\n<div class=\"wp-block-kadence-column inner-column-1 kadence-column_0664ff-a3\"><div class=\"kt-inside-inner-col\"><style>.wp-block-kadence-advancedheading.kt-adv-heading_28155d-1c, .wp-block-kadence-advancedheading.kt-adv-heading_28155d-1c[data-kb-block=\"kb-adv-heading_28155d-1c\"]{text-align:center;font-size:40px;font-style:normal;}.wp-block-kadence-advancedheading.kt-adv-heading_28155d-1c mark.kt-highlight, .wp-block-kadence-advancedheading.kt-adv-heading_28155d-1c[data-kb-block=\"kb-adv-heading_28155d-1c\"] mark.kt-highlight{font-style:normal;color:#f76a0c;-webkit-box-decoration-break:clone;box-decoration-break:clone;padding-top:0px;padding-right:0px;padding-bottom:0px;padding-left:0px;}.wp-block-kadence-advancedheading.kt-adv-heading_28155d-1c img.kb-inline-image, .wp-block-kadence-advancedheading.kt-adv-heading_28155d-1c[data-kb-block=\"kb-adv-heading_28155d-1c\"] img.kb-inline-image{width:150px;vertical-align:baseline;}<\/style>\n<h1 class=\"kt-adv-heading_28155d-1c wp-block-kadence-advancedheading has-theme-palette-1-color has-text-color\" data-kb-block=\"kb-adv-heading_28155d-1c\">R\u00fcckerstattungen &amp; Versand<\/h1>\n\n\n\n<p class=\"has-text-align-center has-small-font-size\"><\/p>\n\n\n\n<p class=\"has-text-align-center\"><strong>R\u00fcckgaberecht<\/strong><br><strong><br><\/strong>Wir unternehmen gro\u00dfe Anstrengungen, um sicherzustellen, dass jede Gitarre genau<br>beschrieben wird, unterst\u00fctzt durch Bilder, damit Sie sich ein umfassendes Bild von allen<br>Gitarren und ihrem Zustand machen k\u00f6nnen. Alle im Verkauf enthaltenen Artikel (z. B. Koffer, Zertifikate, Papiere, Waffen, S\u00fc\u00dfigkeiten) werden in der Beschreibung oder auf den Fotos aufgef\u00fchrt, wenn sie im Verkauf enthaltensind. Es liegt in der Verantwortung des K\u00e4ufers, Gitarren sicher zur\u00fcckzugeben und sie in identischem Zustand zu erhalten. F\u00fcr weitere Sch\u00e4den, die durch den R\u00fccktransport<br>entstehen, k\u00f6nnen Geb\u00fchren erhoben werden. Eine versandte Gitarre kann aus anderen Gr\u00fcnden zur\u00fcckgegeben werden, wenn die Gitarre innerhalb von 14 Tagen nach dem urspr\u00fcnglichen Kaufdatum und in identischem Zustand eingeht. Der K\u00e4ufer ist f\u00fcr alle Porto- und sonstigen damit verbundenen Kosten (z. B. Einfuhrzollsteuer usw.) verantwortlich.<\/p>\n\n\n\n<p class=\"has-text-align-center\"><br><strong>Versandbedingungen<\/strong><br><strong><br><\/strong>Alle Gitarren werden per Sendungsverfolgung verschickt und in einer geeigneten Box und<br>Materialien sicher verpackt. Der internationale Versand kann Einfuhrz\u00f6llen oder anderen Steuern unterliegen. Der K\u00e4ufer ist f\u00fcr diese Kosten verantwortlich und sollte die Kosten vor dem Kauf \u00fcberpr\u00fcfen. Wir versuchen, alle Bestellungen innerhalb von 3 Werktagen zu versenden.<\/p>\n\n\n\n<p class=\"has-text-align-center\"><\/p>\n<\/div><\/div>\n","protected":false},"excerpt":{"rendered":"<p>R\u00fcckerstattungen &amp; Versand R\u00fcckgaberechtWir unternehmen gro\u00dfe Anstrengungen, um sicherzustellen, dass jede Gitarre genaubeschrieben wird, unterst\u00fctzt durch Bilder, damit Sie sich ein umfassendes Bild von allenGitarren und ihrem Zustand machen k\u00f6nnen. Alle im Verkauf enthaltenen Artikel (z. B. Koffer, Zertifikate, Papiere, Waffen, S\u00fc\u00dfigkeiten) werden in der Beschreibung oder auf den Fotos aufgef\u00fchrt, wenn sie im Verkauf&#8230;<\/p>\n","protected":false},"author":2,"featured_media":0,"parent":0,"menu_order":0,"comment_status":"closed","ping_status":"closed","template":"","meta":{"_monsterinsights_skip_tracking":false,"_monsterinsights_sitenote_active":false,"_monsterinsights_sitenote_note":"","_monsterinsights_sitenote_category":0,"_uf_show_specific_survey":0,"_uf_disable_surveys":false,"_kadence_starter_templates_imported_post":false,"_kad_post_transparent":"","_kad_post_title":"","_kad_post_layout":"","_kad_post_sidebar_id":"","_kad_post_content_style":"","_kad_post_vertical_padding":"","_kad_post_feature":"","_kad_post_feature_position":"","_kad_post_header":false,"_kad_post_footer":false,"_kad_post_classname":"","footnotes":""},"class_list":["post-1258","page","type-page","status-publish","hentry"],"jetpack_sharing_enabled":true,"_links":{"self":[{"href":"https:\/\/guitar2amp.de\/index.php\/wp-json\/wp\/v2\/pages\/1258","targetHints":{"allow":["GET"]}}],"collection":[{"href":"https:\/\/guitar2amp.de\/index.php\/wp-json\/wp\/v2\/pages"}],"about":[{"href":"https:\/\/guitar2amp.de\/index.php\/wp-json\/wp\/v2\/types\/page"}],"author":[{"embeddable":true,"href":"https:\/\/guitar2amp.de\/index.php\/wp-json\/wp\/v2\/users\/2"}],"replies":[{"embeddable":true,"href":"https:\/\/guitar2amp.de\/index.php\/wp-json\/wp\/v2\/comments?post=1258"}],"version-history":[{"count":0,"href":"https:\/\/guitar2amp.de\/index.php\/wp-json\/wp\/v2\/pages\/1258\/revisions"}],"wp:attachment":[{"href":"https:\/\/guitar2amp.de\/index.php\/wp-json\/wp\/v2\/media?parent=1258"}],"curies":[{"name":"wp","href":"https:\/\/api.w.org\/{rel}","templated":true}]}}