{"id":1283,"date":"2023-02-09T16:56:37","date_gmt":"2023-02-09T15:56:37","guid":{"rendered":"https:\/\/serwer1883554.home.pl\/autoinstalator\/wordpress1\/?page_id=1283"},"modified":"2023-03-23T09:23:46","modified_gmt":"2023-03-23T08:23:46","slug":"1283-2","status":"publish","type":"page","link":"https:\/\/guitar2amp.de\/index.php\/de\/1283-2\/","title":{"rendered":"VERKAUFE DEINE AUSR\u00dcSTUNG"},"content":{"rendered":"<style>.kadence-column_7677bf-bc > .kt-inside-inner-col{min-height:80vh;border-top-width:0px;border-right-width:0px;border-bottom-width:0px;border-left-width:0px;}.kadence-column_7677bf-bc > .kt-inside-inner-col,.kadence-column_7677bf-bc > .kt-inside-inner-col:before{border-top-left-radius:0px;border-top-right-radius:0px;border-bottom-right-radius:0px;border-bottom-left-radius:0px;}.kadence-column_7677bf-bc > .kt-inside-inner-col{column-gap:var(--global-kb-gap-sm, 1rem);}.kadence-column_7677bf-bc > .kt-inside-inner-col{flex-direction:column;}.kadence-column_7677bf-bc > .kt-inside-inner-col > .aligncenter{width:100%;}.kadence-column_7677bf-bc > .kt-inside-inner-col:before{opacity:0.3;}.kadence-column_7677bf-bc{text-align:left;}.kadence-column_7677bf-bc{position:relative;}@media all and (max-width: 1024px){.kadence-column_7677bf-bc > .kt-inside-inner-col{flex-direction:column;justify-content:center;}}@media all and (max-width: 767px){.kadence-column_7677bf-bc > .kt-inside-inner-col{flex-direction:column;justify-content:center;}}<\/style>\n<div class=\"wp-block-kadence-column inner-column-1 kadence-column_7677bf-bc kb-section-dir-vertical\"><div class=\"kt-inside-inner-col\">\n<div class=\"wp-block-columns alignfull is-layout-flex wp-container-core-columns-is-layout-9d6595d7 wp-block-columns-is-layout-flex\">\n<div class=\"wp-block-column is-layout-flow wp-block-column-is-layout-flow\" style=\"flex-basis:50%\">\n<div class=\"wp-block-cover is-light\" style=\"min-height:600px;aspect-ratio:unset;\"><span aria-hidden=\"true\" class=\"wp-block-cover__background has-background-dim-0 has-background-dim\" style=\"background-color:#f6f6f6\"><\/span><div class=\"wp-block-cover__inner-container is-layout-flow wp-block-cover-is-layout-flow\"><div class=\"wp-block-image\">\n<figure class=\"aligncenter size-large is-resized\"><img loading=\"lazy\" decoding=\"async\" src=\"https:\/\/serwer1883554.home.pl\/autoinstalator\/wordpress1\/wp-content\/uploads\/2023\/02\/Sell-Your-Gear-1024x683.jpg\" alt=\"\" class=\"wp-image-1274\" width=\"623\" height=\"414\" srcset=\"https:\/\/guitar2amp.de\/wp-content\/uploads\/2023\/02\/Sell-Your-Gear-scaled-600x400.jpg 600w, https:\/\/guitar2amp.de\/wp-content\/uploads\/2023\/02\/Sell-Your-Gear-300x200.jpg 300w, https:\/\/guitar2amp.de\/wp-content\/uploads\/2023\/02\/Sell-Your-Gear-768x512.jpg 768w, https:\/\/guitar2amp.de\/wp-content\/uploads\/2023\/02\/Sell-Your-Gear-1536x1024.jpg 1536w, https:\/\/guitar2amp.de\/wp-content\/uploads\/2023\/02\/Sell-Your-Gear-2048x1365.jpg 2048w\" sizes=\"auto, (max-width: 623px) 100vw, 623px\" \/><\/figure>\n<\/div><\/div><\/div>\n<\/div>\n\n\n\n<div class=\"wp-block-column is-vertically-aligned-center is-layout-flow wp-block-column-is-layout-flow\" style=\"padding-top:1em;padding-right:1em;padding-bottom:1em;padding-left:1em\">\n<div class=\"wp-block-columns has-small-font-size is-layout-flex wp-container-core-columns-is-layout-53642b31 wp-block-columns-is-layout-flex\" style=\"padding-top:0;padding-right:0;padding-bottom:0;padding-left:0\">\n<div class=\"wp-block-column is-layout-flow wp-block-column-is-layout-flow\" style=\"flex-basis:320px\">\n<p style=\"font-size:28px\"><strong>Verkaufe Deine Ausr\u00fcstung<\/strong><\/p>\n\n\n\n<p style=\"font-size:16px\">Hier kannst du deine Ausr\u00fcstung verkaufen oder handeln. Wenn Sie Ihre Ausr\u00fcstung verkaufen oder gegen etwas, das wir auf Lager haben, eintauschen m\u00f6chten, k\u00f6nnen Sie sich gerne an uns wenden. Bitte geben Sie so viele Informationen wie m\u00f6glich an, damit es schneller geht. Alles wie Baujahr, Modell, Seriennummer und Fotos machen es einfacher. Wir werden Sie so schnell wie m\u00f6glich mit einer Bewertung kontaktieren.<\/p>\n<\/div>\n<\/div>\n<\/div>\n<\/div>\n<\/div><\/div>\n","protected":false},"excerpt":{"rendered":"<p>Verkaufe Deine Ausr\u00fcstung Hier kannst du deine Ausr\u00fcstung verkaufen oder handeln. Wenn Sie Ihre Ausr\u00fcstung verkaufen oder gegen etwas, das wir auf Lager haben, eintauschen m\u00f6chten, k\u00f6nnen Sie sich gerne an uns wenden. Bitte geben Sie so viele Informationen wie m\u00f6glich an, damit es schneller geht. Alles wie Baujahr, Modell, Seriennummer und Fotos machen es&#8230;<\/p>\n","protected":false},"author":2,"featured_media":0,"parent":0,"menu_order":0,"comment_status":"closed","ping_status":"closed","template":"","meta":{"_monsterinsights_skip_tracking":false,"_monsterinsights_sitenote_active":false,"_monsterinsights_sitenote_note":"","_monsterinsights_sitenote_category":0,"_uf_show_specific_survey":0,"_uf_disable_surveys":false,"_kadence_starter_templates_imported_post":false,"_kad_post_transparent":"","_kad_post_title":"","_kad_post_layout":"","_kad_post_sidebar_id":"","_kad_post_content_style":"","_kad_post_vertical_padding":"","_kad_post_feature":"","_kad_post_feature_position":"","_kad_post_header":false,"_kad_post_footer":false,"_kad_post_classname":"","footnotes":""},"class_list":["post-1283","page","type-page","status-publish","hentry"],"jetpack_sharing_enabled":true,"_links":{"self":[{"href":"https:\/\/guitar2amp.de\/index.php\/wp-json\/wp\/v2\/pages\/1283","targetHints":{"allow":["GET"]}}],"collection":[{"href":"https:\/\/guitar2amp.de\/index.php\/wp-json\/wp\/v2\/pages"}],"about":[{"href":"https:\/\/guitar2amp.de\/index.php\/wp-json\/wp\/v2\/types\/page"}],"author":[{"embeddable":true,"href":"https:\/\/guitar2amp.de\/index.php\/wp-json\/wp\/v2\/users\/2"}],"replies":[{"embeddable":true,"href":"https:\/\/guitar2amp.de\/index.php\/wp-json\/wp\/v2\/comments?post=1283"}],"version-history":[{"count":0,"href":"https:\/\/guitar2amp.de\/index.php\/wp-json\/wp\/v2\/pages\/1283\/revisions"}],"wp:attachment":[{"href":"https:\/\/guitar2amp.de\/index.php\/wp-json\/wp\/v2\/media?parent=1283"}],"curies":[{"name":"wp","href":"https:\/\/api.w.org\/{rel}","templated":true}]}}