{"id":13090,"date":"2025-04-01T11:06:03","date_gmt":"2025-04-01T09:06:03","guid":{"rendered":"https:\/\/guitar2amp.de\/?page_id=13090"},"modified":"2025-04-01T11:09:20","modified_gmt":"2025-04-01T09:09:20","slug":"d-tone-amps-de","status":"publish","type":"page","link":"https:\/\/guitar2amp.de\/index.php\/de\/d-tone-amps-de\/","title":{"rendered":"D- Tone Amps DE"},"content":{"rendered":"\n<p><\/p>\n\n\n\n<p><\/p>\n\n\n\n<p><\/p>\n\n\n<div class=\"wp-block-image\">\n<figure class=\"aligncenter size-full is-resized\"><a href=\"https:\/\/guitar2amp.de\/wp-content\/uploads\/2025\/03\/logo.png\"><img loading=\"lazy\" decoding=\"async\" width=\"1024\" height=\"204\" src=\"https:\/\/guitar2amp.de\/wp-content\/uploads\/2025\/03\/logo.png\" alt=\"\" class=\"wp-image-13015\" style=\"width:921px;height:auto\" srcset=\"https:\/\/guitar2amp.de\/wp-content\/uploads\/2025\/03\/logo.png 1024w, https:\/\/guitar2amp.de\/wp-content\/uploads\/2025\/03\/logo-300x60.png 300w, https:\/\/guitar2amp.de\/wp-content\/uploads\/2025\/03\/logo-768x153.png 768w, https:\/\/guitar2amp.de\/wp-content\/uploads\/2025\/03\/logo-600x120.png 600w\" sizes=\"auto, (max-width: 1024px) 100vw, 1024px\" \/><\/a><\/figure>\n<\/div>\n\n\n<figure class=\"wp-block-gallery has-nested-images columns-default is-cropped wp-block-gallery-1 is-layout-flex wp-block-gallery-is-layout-flex\"><\/figure>\n\n\n<div class=\"wp-block-image is-style-rounded\">\n<figure class=\"aligncenter size-full is-resized has-custom-border\"><a href=\"https:\/\/guitar2amp.de\/wp-content\/uploads\/2025\/03\/DTONESSSAmber8-scaled.jpg\"><img loading=\"lazy\" decoding=\"async\" width=\"2560\" height=\"1920\" src=\"https:\/\/guitar2amp.de\/wp-content\/uploads\/2025\/03\/DTONESSSAmber8-scaled.jpg\" alt=\"\" class=\"wp-image-13022\" style=\"border-style:none;border-width:0px;border-radius:54px;width:755px;height:auto\" srcset=\"https:\/\/guitar2amp.de\/wp-content\/uploads\/2025\/03\/DTONESSSAmber8-scaled.jpg 2560w, https:\/\/guitar2amp.de\/wp-content\/uploads\/2025\/03\/DTONESSSAmber8-300x225.jpg 300w, https:\/\/guitar2amp.de\/wp-content\/uploads\/2025\/03\/DTONESSSAmber8-1024x768.jpg 1024w, https:\/\/guitar2amp.de\/wp-content\/uploads\/2025\/03\/DTONESSSAmber8-768x576.jpg 768w, https:\/\/guitar2amp.de\/wp-content\/uploads\/2025\/03\/DTONESSSAmber8-1536x1152.jpg 1536w, https:\/\/guitar2amp.de\/wp-content\/uploads\/2025\/03\/DTONESSSAmber8-2048x1536.jpg 2048w, https:\/\/guitar2amp.de\/wp-content\/uploads\/2025\/03\/DTONESSSAmber8-600x450.jpg 600w\" sizes=\"auto, (max-width: 2560px) 100vw, 2560px\" \/><\/a><\/figure>\n<\/div>\n\n\n<div class=\"wp-block-group\"><div class=\"wp-block-group__inner-container is-layout-constrained wp-block-group-is-layout-constrained\">\n<p><\/p>\n\n\n\n<h2 class=\"wp-block-heading has-text-align-center has-theme-palette-1-color has-text-color has-link-color wp-elements-ec12b848a180d6845da660d0926e9efc\" style=\"margin-right:var(--wp--preset--spacing--60);margin-left:var(--wp--preset--spacing--60);font-size:38px;line-height:1.4\"><a class=\"\" href=\"https:\/\/www.bing.com\/ck\/a?!&amp;&amp;p=4285e1ba98dbdab03191f36e1239871294a55458e74d115ff31ff6a51721ca88JmltdHM9MTc0MzM3OTIwMA&amp;ptn=3&amp;ver=2&amp;hsh=4&amp;fclid=3f7cda39-8800-6e34-0414-cf6789126f16&amp;psq=D+Tone+amps&amp;u=a1aHR0cHM6Ly93d3cuZC10b25lYW1wcy5jb20v&amp;ntb=1\" target=\"_blank\" rel=\"noreferrer noopener\">D-TONE AMPS D-Style handverdrahtete R\u00f6hren-Gitarrenverst\u00e4rker<\/a><\/h2>\n\n\n\n<div class=\"wp-block-columns is-layout-flex wp-container-core-columns-is-layout-9d6595d7 wp-block-columns-is-layout-flex\">\n<div class=\"wp-block-column is-layout-flow wp-block-column-is-layout-flow\">\n<h3 class=\"wp-block-heading has-text-align-center has-theme-palette-1-color has-text-color has-link-color wp-elements-7e6869a1db58d68e8d78f671d44eea3b\">Wer sie sind<\/h3>\n\n\n\n<p class=\"has-text-align-center\" style=\"margin-right:var(--wp--preset--spacing--60);margin-left:var(--wp--preset--spacing--60)\"><strong>D-TONE AMPS<\/strong> ist ein europ\u00e4ischer Boutique-Hersteller, der sich auf handverdrahtete R\u00f6hrenverst\u00e4rker spezialisiert hat. Diese Verst\u00e4rker sind originalgetreue Nachbauten der legend\u00e4ren D-Style-Schaltungen: Overdrive Special und Steel String Singer, urspr\u00fcnglich entwickelt von <em>Alexander \u201eHoward\u201c Dumble\u00ae<\/em>.<\/p>\n\n\n\n<p class=\"has-text-align-center\" style=\"margin-right:var(--wp--preset--spacing--60);margin-left:var(--wp--preset--spacing--60)\">Obwohl die Marke D-TONE offiziell erst 2022 gegr\u00fcndet wurde, reicht ihre Geschichte bis ins Jahr 2010 zur\u00fcck. Damals begann das Team damit, klassische Verst\u00e4rker von *Fender\u00ae, *Marshall\u00ae, *VOX\u00ae und *Soldano\u00ae f\u00fcr den Eigengebrauch zu klonen. Die Ergebnisse klangen so authentisch, dass Gitarristen bald fragten: \u201eWo kann man die kaufen?\u201c<\/p>\n\n\n\n<h3 class=\"wp-block-heading has-text-align-center has-theme-palette-1-color has-text-color has-link-color wp-elements-6d92ba2fc6f1195f65ea528b0cc59818\">Echte Klone, keine Interpretationen<\/h3>\n\n\n\n<p class=\"has-text-align-center\" style=\"margin-right:var(--wp--preset--spacing--60);margin-left:var(--wp--preset--spacing--60)\">Die originalen <em>Dumble\u00ae<\/em>-Verst\u00e4rker sind heute nahezu unerreichbare Legenden. Deshalb hat sich D-TONE entschieden, keine Neuinterpretationen oder Variationen zu bauen, sondern pr\u00e4zise Repliken, die Klang und Verhalten der Originale so genau wie m\u00f6glich nachbilden.<\/p>\n\n\n\n<p class=\"has-text-align-center\" style=\"margin-right:var(--wp--preset--spacing--60);margin-left:var(--wp--preset--spacing--60)\">Jeder Verst\u00e4rker wird in Point-to-Point-Technik von Hand auf einer klassischen Turret-Board-Platine verl\u00f6tet. D-TONE verwendet keine Kits oder fertige PCBs. Stattdessen setzen sie auf NOS-inspirierte Bauteile, ma\u00dfgefertigte Transformatoren, Mallory\u00ae 150 \u201eMustard\u201c-Kondensatoren und R\u00f6hren von Tube Amp Doctor\u00ae \u2013 alles mit dem Ziel, den bestm\u00f6glichen Vintage-Sound zu erzielen.<\/p>\n\n\n\n<h3 class=\"wp-block-heading has-text-align-center has-theme-palette-1-color has-text-color has-link-color wp-elements-eacbc7944ca3d4f756883176cafbfb03\">Gebaut von Gitarristen-Ingenieuren<\/h3>\n\n\n\n<p style=\"margin-right:var(--wp--preset--spacing--60);margin-left:var(--wp--preset--spacing--60)\">Hinter D-TONE stehen erfahrene Elektronikingenieure, die selbst leidenschaftliche Gitarristen sind. Diese Kombination aus technischer Pr\u00e4zision und musikalischem Gesp\u00fcr sorgt daf\u00fcr, dass jeder Verst\u00e4rker nicht nur perfekt klingt, sondern sich auch so anf\u00fchlt. Aktuell bietet D-TONE die Modelle <strong>Overdrive Specialist<\/strong> und <strong>Steel String Super<\/strong> an (als Topteil mit 1&#215;12&#8243;- oder 2&#215;12&#8243;-Box) \u2013 originalgetreue Hommagen an die legend\u00e4ren <em>Dumble\u00ae<\/em>-Schaltungen.<\/p>\n\n\n\n<p style=\"margin-right:var(--wp--preset--spacing--60);margin-left:var(--wp--preset--spacing--60)\">Die Verst\u00e4rker sind an die Sounds von Robben Ford, John Mayer, Joe Bonamassa und Stevie Ray Vaughan angelehnt. Wie bei Dumble ist jeder Verst\u00e4rker individuell abgestimmt und einzigartig.<\/p>\n\n\n\n<h3 class=\"wp-block-heading has-text-align-center has-theme-palette-1-color has-text-color has-link-color wp-elements-6adf4c86ff1bf3bfd3d597cffc438d9c\">Zertifiziert &amp; b\u00fchnenbereit<\/h3>\n\n\n\n<p class=\"has-text-align-center\" style=\"margin-right:var(--wp--preset--spacing--60);margin-left:var(--wp--preset--spacing--60)\">Jeder D-TONE-Verst\u00e4rker entspricht den CE-Vorgaben der Europ\u00e4ischen Union (EMC, LVD, RoHS). Das bedeutet: Neben exzellentem Klang sind sie auch vollkommen sicher und bereit f\u00fcr den Einsatz auf B\u00fchne oder im Studio \u2013 \u00fcberall in der EU.<\/p>\n\n\n\n<p class=\"has-text-align-center\" style=\"margin-right:var(--wp--preset--spacing--60);margin-left:var(--wp--preset--spacing--60)\"><\/p>\n<\/div>\n<\/div>\n<\/div><\/div>\n\n\n\n<p><\/p>\n\n\n\n<p class=\"has-text-align-center has-large-font-size\"><strong>D-TONE\u201c-Amps jetzt bei Guitar2Amp entdecken<\/strong><\/p>\n\n\n\n<p><\/p>\n\n\n<style>.wp-block-kadence-advancedgallery.kb-gallery-wrap-id-13090_010908-25{margin-bottom:var(--global-kb-spacing-4xl, 8rem);}.kb-gallery-id-13090_010908-25.kb-gallery-ul.kb-gallery-type-fluidcarousel .kt-blocks-carousel figure .kb-gal-image-radius, .kb-gallery-id-13090_010908-25.kb-gallery-ul.kb-gallery-type-fluidcarousel .kt-blocks-carousel figure .kb-gal-image-radius img{height:300px;}.kb-gallery-id-13090_010908-25 .kadence-blocks-gallery-item .kb-gal-image-radius, .kb-gallery-id-13090_010908-25 .kb-slide-item .kb-gal-image-radius img{border-radius:0px 0px 0px 0px;;}.kb-gallery-id-13090_010908-25 .kadence-blocks-gallery-item .kadence-blocks-gallery-item-inner .kadence-blocks-gallery-item__caption{font-size:var(--global-kb-font-size-md, 1.25rem);line-height:40px;letter-spacing:0.4px;font-weight:700;text-transform:uppercase;color:var(--global-palette1, #3182CE);}.kb-gallery-caption-style-cover-hover.kb-gallery-id-13090_010908-25 .kadence-blocks-gallery-item .kadence-blocks-gallery-item-inner .kadence-blocks-gallery-item__caption, .kb-gallery-caption-style-below.kb-gallery-id-13090_010908-25 .kadence-blocks-gallery-item .kadence-blocks-gallery-item-inner .kadence-blocks-gallery-item__caption{background:rgba(211, 196, 169, 0.82);}.kb-gallery-wrap-id-13090_010908-25.wp-block-kadence-advancedgallery{overflow:visible;}.kb-gallery-wrap-id-13090_010908-25.wp-block-kadence-advancedgallery .kt-blocks-carousel{overflow:visible;max-width:100%;}.kb-gallery-id-13090_010908-25 .splide.kt-carousel-dotstyle-outlinedark .splide__pagination__page{background-color:transparent;box-shadow:inset 0 0 0 1px #000;-webkit-transition:box-shadow 0.3s ease;-moz-transition:box-shadow 0.3s ease;transition:box-shadow 0.3s ease;}.kb-gallery-id-13090_010908-25 .splide.kt-carousel-dotstyle-outlinedark .splide__pagination__page.is-active{background-color:transparent;box-shadow:inset 0 0 0 8px #000;}@media all and (max-width: 1024px){.kb-gallery-id-13090_010908-25.kb-gallery-ul.kb-gallery-type-fluidcarousel .kt-blocks-carousel figure .kb-gal-image-radius, .kb-gallery-id-13090_010908-25.kb-gallery-ul.kb-gallery-type-fluidcarousel .kt-blocks-carousel figure .kb-gal-image-radius img{height:402px;}}@media all and (max-width: 1024px){.kb-gallery-id-13090_010908-25 .kadence-blocks-gallery-item .kadence-blocks-gallery-item-inner .kadence-blocks-gallery-item__caption{font-size:var(--global-kb-font-size-lg, 2rem);}}<\/style><div class=\"kb-gallery-wrap-id-13090_010908-25 alignnone wp-block-kadence-advancedgallery\"><div class=\"kb-gallery-ul kb-gallery-non-static kb-gallery-type-fluidcarousel kb-gallery-id-13090_010908-25 kb-gallery-caption-style-below kb-gallery-filter-sepia\" data-image-filter=\"sepia\" data-lightbox-caption=\"true\"><div class=\"kt-blocks-carousel splide kt-carousel-container-dotstyle-outlinedark kt-carousel-arrowstyle-blackonlight kt-carousel-dotstyle-outlinedark kb-slider-group-arrow kb-slider-arrow-position-center\" data-slider-anim-speed=\"14230\" data-slider-scroll=\"1\" data-slider-arrows=\"true\" data-slider-dots=\"true\" data-slider-hover-pause=\"false\" data-slider-auto=\"1\" data-slider-speed=\"13100\" data-slider-type=\"fluidcarousel\" data-slider-center-mode=\"true\" data-slider-gap=\"21px\" data-slider-gap-tablet=\"50px\" data-slider-gap-mobile=\"50px\" data-show-pause-button=\"false\"><div class=\"splide__track\"><ul class=\"kt-blocks-carousel-init kb-blocks-fluid-carousel splide__list\"><li class=\"kb-slide-item kb-gallery-carousel-item splide__slide\"><div class=\"kadence-blocks-gallery-item\"><div class=\"kadence-blocks-gallery-item-inner\"><figure class=\"kb-gallery-figure kb-gallery-item-has-link kadence-blocks-gallery-item-has-caption\"><a href=\"https:\/\/guitar2amp.de\/index.php\/de\/product\/d-tone-amps-sss-amber\/\" class=\"kb-gallery-item-link\" target=\"_blank\" rel=\"noopener noreferrer\"><div class=\"kb-gal-image-radius\"><div class=\"kb-gallery-image-contain\" ><img loading=\"lazy\" decoding=\"async\" src=\"https:\/\/guitar2amp.de\/wp-content\/uploads\/2024\/10\/DTONESSSAmber8-1024x768.jpg\" width=\"1024\" height=\"768\" alt=\"\" data-full-image=\"https:\/\/guitar2amp.de\/wp-content\/uploads\/2024\/10\/DTONESSSAmber8-scaled.jpg\" data-light-image=\"https:\/\/guitar2amp.de\/wp-content\/uploads\/2024\/10\/DTONESSSAmber8-scaled.jpg\" data-id=\"10743\" class=\"wp-image-10743 skip-lazy\" srcset=\"https:\/\/guitar2amp.de\/wp-content\/uploads\/2024\/10\/DTONESSSAmber8-1024x768.jpg 1024w, https:\/\/guitar2amp.de\/wp-content\/uploads\/2024\/10\/DTONESSSAmber8-300x225.jpg 300w, https:\/\/guitar2amp.de\/wp-content\/uploads\/2024\/10\/DTONESSSAmber8-768x576.jpg 768w, https:\/\/guitar2amp.de\/wp-content\/uploads\/2024\/10\/DTONESSSAmber8-1536x1152.jpg 1536w, https:\/\/guitar2amp.de\/wp-content\/uploads\/2024\/10\/DTONESSSAmber8-2048x1536.jpg 2048w, https:\/\/guitar2amp.de\/wp-content\/uploads\/2024\/10\/DTONESSSAmber8-600x450.jpg 600w\" sizes=\"auto, (max-width: 1024px) 100vw, 1024px\" \/><\/div><\/div><div class=\"kadence-blocks-gallery-item__caption\"><strong>Steel String Super<\/strong><\/div><\/a><\/figure><\/div><\/div><\/li><li class=\"kb-slide-item kb-gallery-carousel-item splide__slide\"><div class=\"kadence-blocks-gallery-item\"><div class=\"kadence-blocks-gallery-item-inner\"><figure class=\"kb-gallery-figure kb-gallery-item-has-link kadence-blocks-gallery-item-has-caption\"><a href=\"https:\/\/guitar2amp.de\/index.php\/de\/product\/d-tone-amps-overdrive-specialist-50w-head-dumble-ods-special-style-2\/\" class=\"kb-gallery-item-link\" target=\"_blank\" rel=\"noopener noreferrer\"><div class=\"kb-gal-image-radius\"><div class=\"kb-gallery-image-contain\" ><img loading=\"lazy\" decoding=\"async\" src=\"https:\/\/guitar2amp.de\/wp-content\/uploads\/2023\/05\/DToneAmps0-1024x768.jpg\" width=\"1024\" height=\"768\" alt=\"\" data-full-image=\"https:\/\/guitar2amp.de\/wp-content\/uploads\/2023\/05\/DToneAmps0-scaled.jpg\" data-light-image=\"https:\/\/guitar2amp.de\/wp-content\/uploads\/2023\/05\/DToneAmps0-scaled.jpg\" data-id=\"5668\" class=\"wp-image-5668 skip-lazy\" srcset=\"https:\/\/guitar2amp.de\/wp-content\/uploads\/2023\/05\/DToneAmps0-1024x768.jpg 1024w, https:\/\/guitar2amp.de\/wp-content\/uploads\/2023\/05\/DToneAmps0-300x225.jpg 300w, https:\/\/guitar2amp.de\/wp-content\/uploads\/2023\/05\/DToneAmps0-scaled-600x450.jpg 600w, https:\/\/guitar2amp.de\/wp-content\/uploads\/2023\/05\/DToneAmps0-768x576.jpg 768w, https:\/\/guitar2amp.de\/wp-content\/uploads\/2023\/05\/DToneAmps0-1536x1152.jpg 1536w, https:\/\/guitar2amp.de\/wp-content\/uploads\/2023\/05\/DToneAmps0-2048x1536.jpg 2048w\" sizes=\"auto, (max-width: 1024px) 100vw, 1024px\" \/><\/div><\/div><div class=\"kadence-blocks-gallery-item__caption\">Overdrive Specialist 50W<\/div><\/a><\/figure><\/div><\/div><\/li><li class=\"kb-slide-item kb-gallery-carousel-item splide__slide\"><div class=\"kadence-blocks-gallery-item\"><div class=\"kadence-blocks-gallery-item-inner\"><figure class=\"kb-gallery-figure kb-gallery-item-has-link kadence-blocks-gallery-item-has-caption\"><a href=\"https:\/\/guitar2amp.de\/index.php\/de\/product\/d-tone-amps-overdrive-specialist-50w-head-1x12-celestion-g12-65-cabinet-dumble-ods-special-style\/\" class=\"kb-gallery-item-link\" target=\"_blank\" rel=\"noopener noreferrer\"><div class=\"kb-gal-image-radius\"><div class=\"kb-gallery-image-contain\" ><img loading=\"lazy\" decoding=\"async\" src=\"https:\/\/guitar2amp.de\/wp-content\/uploads\/2023\/10\/DToneStack0-768x1024.jpg\" width=\"768\" height=\"1024\" alt=\"\" data-full-image=\"https:\/\/guitar2amp.de\/wp-content\/uploads\/2023\/10\/DToneStack0-scaled.jpg\" data-light-image=\"https:\/\/guitar2amp.de\/wp-content\/uploads\/2023\/10\/DToneStack0-scaled.jpg\" data-id=\"7327\" class=\"wp-image-7327 skip-lazy\" srcset=\"https:\/\/guitar2amp.de\/wp-content\/uploads\/2023\/10\/DToneStack0-768x1024.jpg 768w, https:\/\/guitar2amp.de\/wp-content\/uploads\/2023\/10\/DToneStack0-scaled-600x800.jpg 600w, https:\/\/guitar2amp.de\/wp-content\/uploads\/2023\/10\/DToneStack0-225x300.jpg 225w, https:\/\/guitar2amp.de\/wp-content\/uploads\/2023\/10\/DToneStack0-1152x1536.jpg 1152w, https:\/\/guitar2amp.de\/wp-content\/uploads\/2023\/10\/DToneStack0-1536x2048.jpg 1536w, https:\/\/guitar2amp.de\/wp-content\/uploads\/2023\/10\/DToneStack0-scaled.jpg 1920w\" sizes=\"auto, (max-width: 768px) 100vw, 768px\" \/><\/div><\/div><div class=\"kadence-blocks-gallery-item__caption\">ODS 50W + 1&#215;12&#8243;<\/div><\/a><\/figure><\/div><\/div><\/li><li class=\"kb-slide-item kb-gallery-carousel-item splide__slide\"><div class=\"kadence-blocks-gallery-item\"><div class=\"kadence-blocks-gallery-item-inner\"><figure class=\"kb-gallery-figure kb-gallery-item-has-link kadence-blocks-gallery-item-has-caption\"><a href=\"https:\/\/guitar2amp.de\/index.php\/de\/product\/d-tone-amps-overdrive-specialist-100w-head-dumble-ods-special-style-copy\/\" class=\"kb-gallery-item-link\" target=\"_blank\" rel=\"noopener noreferrer\"><div class=\"kb-gal-image-radius\"><div class=\"kb-gallery-image-contain\" ><img loading=\"lazy\" decoding=\"async\" src=\"https:\/\/guitar2amp.de\/wp-content\/uploads\/2023\/05\/DToneAmps10-1024x768.jpg\" width=\"1024\" height=\"768\" alt=\"\" data-full-image=\"https:\/\/guitar2amp.de\/wp-content\/uploads\/2023\/05\/DToneAmps10-scaled.jpg\" data-light-image=\"https:\/\/guitar2amp.de\/wp-content\/uploads\/2023\/05\/DToneAmps10-scaled.jpg\" data-id=\"5678\" class=\"wp-image-5678 skip-lazy\" srcset=\"https:\/\/guitar2amp.de\/wp-content\/uploads\/2023\/05\/DToneAmps10-1024x768.jpg 1024w, https:\/\/guitar2amp.de\/wp-content\/uploads\/2023\/05\/DToneAmps10-300x225.jpg 300w, https:\/\/guitar2amp.de\/wp-content\/uploads\/2023\/05\/DToneAmps10-scaled-600x450.jpg 600w, https:\/\/guitar2amp.de\/wp-content\/uploads\/2023\/05\/DToneAmps10-768x576.jpg 768w, https:\/\/guitar2amp.de\/wp-content\/uploads\/2023\/05\/DToneAmps10-1536x1152.jpg 1536w, https:\/\/guitar2amp.de\/wp-content\/uploads\/2023\/05\/DToneAmps10-2048x1536.jpg 2048w\" sizes=\"auto, (max-width: 1024px) 100vw, 1024px\" \/><\/div><\/div><div class=\"kadence-blocks-gallery-item__caption\">Overdrive specialist 100w<\/div><\/a><\/figure><\/div><\/div><\/li><li class=\"kb-slide-item kb-gallery-carousel-item splide__slide\"><div class=\"kadence-blocks-gallery-item\"><div class=\"kadence-blocks-gallery-item-inner\"><figure class=\"kb-gallery-figure kb-gallery-item-has-link kadence-blocks-gallery-item-has-caption\"><a href=\"https:\/\/guitar2amp.de\/index.php\/de\/product\/d-tone-amps-overdrive-specialist-1x12-celestion-g12-65-cabinet-dumble-style-cab-2\/\" class=\"kb-gallery-item-link\" target=\"_blank\" rel=\"noopener noreferrer\"><div class=\"kb-gal-image-radius\"><div class=\"kb-gallery-image-contain\" ><img loading=\"lazy\" decoding=\"async\" src=\"https:\/\/guitar2amp.de\/wp-content\/uploads\/2023\/10\/DToneCab4-1024x793.jpg\" width=\"1024\" height=\"793\" alt=\"\" data-full-image=\"https:\/\/guitar2amp.de\/wp-content\/uploads\/2023\/10\/DToneCab4.jpg\" data-light-image=\"https:\/\/guitar2amp.de\/wp-content\/uploads\/2023\/10\/DToneCab4.jpg\" data-id=\"7319\" class=\"wp-image-7319 skip-lazy\" srcset=\"https:\/\/guitar2amp.de\/wp-content\/uploads\/2023\/10\/DToneCab4-1024x793.jpg 1024w, https:\/\/guitar2amp.de\/wp-content\/uploads\/2023\/10\/DToneCab4-600x464.jpg 600w, https:\/\/guitar2amp.de\/wp-content\/uploads\/2023\/10\/DToneCab4-300x232.jpg 300w, https:\/\/guitar2amp.de\/wp-content\/uploads\/2023\/10\/DToneCab4-768x594.jpg 768w, https:\/\/guitar2amp.de\/wp-content\/uploads\/2023\/10\/DToneCab4-1536x1189.jpg 1536w, https:\/\/guitar2amp.de\/wp-content\/uploads\/2023\/10\/DToneCab4.jpg 2048w\" sizes=\"auto, (max-width: 1024px) 100vw, 1024px\" \/><\/div><\/div><div class=\"kadence-blocks-gallery-item__caption\">1&#215;12&#8243; Cabinet<\/div><\/a><\/figure><\/div><\/div><\/li><\/ul><\/div><\/div><\/div><\/div>\n\n\n<p class=\"has-theme-palette-1-color has-text-color has-link-color wp-elements-3a0ec8ec53e6b6757953104424ec9703\" style=\"border-style:none;border-width:0px;margin-right:var(--wp--preset--spacing--80);margin-left:var(--wp--preset--spacing--80)\">Guitar2Amp \u2013 wir sind der offizielle Vertreter und Distributor von D-TONE AMPS-Verst\u00e4rkern. Das zum Verkauf stehende Produkt ist neu und verf\u00fcgt \u00fcber eine einj\u00e4hrige Garantie. Der Verst\u00e4rker verf\u00fcgt \u00fcber das \u201eCE\u201c-Zeichen, was bedeutet, dass er die strengen EU-Normen hinsichtlich der Sicherheit bei der Verwendung des Ger\u00e4ts erf\u00fcllt.<br>Aufgrund des \u201eCustom\u201c-Produkts akzeptieren wir keine R\u00fccksendungen. Bei Interesse zum Testen kann der Verst\u00e4rker gerne bei uns im Stammhaus \u201ebespielt\u201c werden!<\/p>\n\n\n<style>.wp-block-kadence-image.kb-image13090_6f6b1c-68:not(.kb-specificity-added):not(.kb-extra-specificity-added){margin-bottom:var(--global-kb-spacing-3xl, 6.5rem);}.kb-image13090_6f6b1c-68 .kb-image-has-overlay:after{opacity:0.3;}<\/style>\n<div class=\"wp-block-kadence-image kb-image13090_6f6b1c-68 is-style-default\"><figure class=\"aligncenter size-site_icon-192\"><img loading=\"lazy\" decoding=\"async\" width=\"192\" height=\"192\" src=\"https:\/\/guitar2amp.de\/wp-content\/uploads\/2023\/04\/cropped-Logo-Vector-24-192x192.png\" alt=\"\" class=\"kb-img wp-image-2115\" srcset=\"https:\/\/guitar2amp.de\/wp-content\/uploads\/2023\/04\/cropped-Logo-Vector-24-192x192.png 192w, https:\/\/guitar2amp.de\/wp-content\/uploads\/2023\/04\/cropped-Logo-Vector-24-300x300.png 300w, https:\/\/guitar2amp.de\/wp-content\/uploads\/2023\/04\/cropped-Logo-Vector-24-150x150.png 150w, https:\/\/guitar2amp.de\/wp-content\/uploads\/2023\/04\/cropped-Logo-Vector-24-100x100.png 100w, https:\/\/guitar2amp.de\/wp-content\/uploads\/2023\/04\/cropped-Logo-Vector-24-270x270.png 270w, https:\/\/guitar2amp.de\/wp-content\/uploads\/2023\/04\/cropped-Logo-Vector-24-180x180.png 180w, https:\/\/guitar2amp.de\/wp-content\/uploads\/2023\/04\/cropped-Logo-Vector-24-32x32.png 32w, https:\/\/guitar2amp.de\/wp-content\/uploads\/2023\/04\/cropped-Logo-Vector-24.png 512w\" sizes=\"auto, (max-width: 192px) 100vw, 192px\" \/><\/figure><\/div>\n","protected":false},"excerpt":{"rendered":"<p>D-TONE AMPS D-Style handverdrahtete R\u00f6hren-Gitarrenverst\u00e4rker Wer sie sind D-TONE AMPS ist ein europ\u00e4ischer Boutique-Hersteller, der sich auf handverdrahtete R\u00f6hrenverst\u00e4rker spezialisiert hat. Diese Verst\u00e4rker sind originalgetreue Nachbauten der legend\u00e4ren D-Style-Schaltungen: Overdrive Special und Steel String Singer, urspr\u00fcnglich entwickelt von Alexander \u201eHoward\u201c Dumble\u00ae. Obwohl die Marke D-TONE offiziell erst 2022 gegr\u00fcndet wurde, reicht ihre Geschichte bis ins&#8230;<\/p>\n","protected":false},"author":2,"featured_media":0,"parent":0,"menu_order":0,"comment_status":"closed","ping_status":"closed","template":"","meta":{"_monsterinsights_skip_tracking":false,"_monsterinsights_sitenote_active":false,"_monsterinsights_sitenote_note":"","_monsterinsights_sitenote_category":0,"_uf_show_specific_survey":0,"_uf_disable_surveys":false,"_kadence_starter_templates_imported_post":false,"_kad_post_transparent":"","_kad_post_title":"","_kad_post_layout":"","_kad_post_sidebar_id":"","_kad_post_content_style":"","_kad_post_vertical_padding":"","_kad_post_feature":"","_kad_post_feature_position":"","_kad_post_header":false,"_kad_post_footer":false,"_kad_post_classname":"","footnotes":""},"class_list":["post-13090","page","type-page","status-publish","hentry"],"jetpack_sharing_enabled":true,"_links":{"self":[{"href":"https:\/\/guitar2amp.de\/index.php\/wp-json\/wp\/v2\/pages\/13090","targetHints":{"allow":["GET"]}}],"collection":[{"href":"https:\/\/guitar2amp.de\/index.php\/wp-json\/wp\/v2\/pages"}],"about":[{"href":"https:\/\/guitar2amp.de\/index.php\/wp-json\/wp\/v2\/types\/page"}],"author":[{"embeddable":true,"href":"https:\/\/guitar2amp.de\/index.php\/wp-json\/wp\/v2\/users\/2"}],"replies":[{"embeddable":true,"href":"https:\/\/guitar2amp.de\/index.php\/wp-json\/wp\/v2\/comments?post=13090"}],"version-history":[{"count":4,"href":"https:\/\/guitar2amp.de\/index.php\/wp-json\/wp\/v2\/pages\/13090\/revisions"}],"predecessor-version":[{"id":13095,"href":"https:\/\/guitar2amp.de\/index.php\/wp-json\/wp\/v2\/pages\/13090\/revisions\/13095"}],"wp:attachment":[{"href":"https:\/\/guitar2amp.de\/index.php\/wp-json\/wp\/v2\/media?parent=13090"}],"curies":[{"name":"wp","href":"https:\/\/api.w.org\/{rel}","templated":true}]}}