{"id":10034,"date":"2024-09-04T14:05:34","date_gmt":"2024-09-04T12:05:34","guid":{"rendered":"https:\/\/guitar2amp.de\/?post_type=product&#038;p=10034"},"modified":"2024-11-16T15:38:21","modified_gmt":"2024-11-16T14:38:21","slug":"1996-fender-american-standard-stratocaster-4","status":"publish","type":"product","link":"https:\/\/guitar2amp.de\/index.php\/pl\/product\/1996-fender-american-standard-stratocaster-4\/","title":{"rendered":"1996 Fender American Standard Stratocaster"},"content":{"rendered":"<div class=\"flex max-w-full flex-col flex-grow\">\n<div class=\"min-h-[20px] text-message flex w-full flex-col items-end gap-2 break-words [.text-message+&amp;]:mt-5 overflow-x-auto whitespace-normal\" dir=\"auto\" data-message-author-role=\"assistant\" data-message-id=\"fb0e2615-2da0-4d6f-a54e-fd2a795e8a5a\">\n<div class=\"flex w-full flex-col gap-1 empty:hidden first:pt-[3px]\">\n<div class=\"markdown prose w-full break-words dark:prose-invert dark\">\n<h3>1996 Fender American Standard Stratocaster &#8211; Wyj\u0105tkowa i Zmodernizowana<\/h3>\n<p>Czy kiedykolwiek marzy\u0142e\u015b o gitarze, kt\u00f3ra ma dusz\u0119 lat 90., ale z d\u017awi\u0119kiem, kt\u00f3ry m\u00f3g\u0142by zmi\u0119kczy\u0107 nawet najtwardsze serce? Poznaj <strong>1996 Fender American Standard Stratocaster<\/strong> \u2013 gitar\u0119, kt\u00f3ra przesz\u0142a na wy\u017cszy poziom dzi\u0119ki kilku ma\u0142ym (ale jak\u017ce istotnym!) modyfikacjom.<\/p>\n<h4>Specyfikacja:<\/h4>\n<ul>\n<li><strong>Korpus<\/strong>: Olchowy, co oznacza, \u017ce gitara nie tylko wygl\u0105da \u015bwietnie, ale r\u00f3wnie\u017c brzmi jak marzenie. Olcha zapewnia zr\u00f3wnowa\u017cony, pe\u0142ny d\u017awi\u0119k \u2013 idealny do ka\u017cdego stylu muzycznego, od jazzu po heavy metal (tak, olcha to prawdziwy kameleon!).<\/li>\n<li><strong>Gryf<\/strong>: Klonowy z palisandrow\u0105 podstrunnic\u0105 \u2013 bo przecie\u017c nic nie zast\u0105pi tego klasycznego wygl\u0105du i uczucia, gdy palce ta\u0144cz\u0105 po drewnie.<\/li>\n<li><strong>Pickguard<\/strong>: Zmieniony na czarny i w pe\u0142ni wyekranowany, \u017ceby \u017cadne zak\u0142\u00f3cenia nie przeszkadza\u0142y w graniu twojego najlepszego solo.<\/li>\n<li><strong>Elektronika<\/strong>: Zosta\u0142a \u201epodrasowana\u201d \u2013 CTS poty i MOJO Dijon kondensatory nie tylko brzmi\u0105 apetycznie, ale i pozwalaj\u0105 na uzyskanie p\u0142ynniejszej kontroli nad tonem.<\/li>\n<li><strong>Przetworniki<\/strong>: A teraz wisienka na torcie \u2013 zestaw \u201eGilmour\u201d r\u0119cznie nawijany przez Romano Buriniego. Je\u015bli chcesz brzmie\u0107 jak David Gilmour, to te przetworniki s\u0105 kluczem. Romano Burini, jak dobry rzemie\u015blnik, wie, jak ukr\u0119ci\u0107 magi\u0119 z drutu.<\/li>\n<li><strong>Mostek<\/strong>: ABM 5200, kt\u00f3ry zapewnia niesamowity sustain i stabilno\u015b\u0107 stroju. Ten mostek jest jak przyjaciel, na kt\u00f3rym zawsze mo\u017cesz polega\u0107.<\/li>\n<li><strong>Klucze<\/strong>: Sperzel blokowane, bo przecie\u017c nikt nie chce traci\u0107 czasu na ci\u0105g\u0142e strojenie gitary.<\/li>\n<li><strong>Waga<\/strong>: 3,54 kg \u2013 idealna do noszenia przez d\u0142ugie godziny na scenie, ale te\u017c na tyle solidna, by poczu\u0107, \u017ce trzymasz prawdziwy kawa\u0142ek sprz\u0119tu.<\/li>\n<li><strong>Stan<\/strong>: Bardzo dobry, minimalne \u015blady u\u017cytkowania. W ko\u0144cu to gitara, kt\u00f3ra przesz\u0142a \u017cycie, ale wci\u0105\u017c wygl\u0105da \u015bwie\u017co.<\/li>\n<\/ul>\n<h4>Kr\u00f3tka historia modelu Stratocaster:<\/h4>\n<p>Stratocaster, stworzony przez Leo Fendera w 1954 roku, szybko sta\u0142 si\u0119 ikon\u0105 w \u015bwiecie gitar elektrycznych. Dzi\u0119ki swojemu konturowemu korpusowi, trzem przetwornikom single-coil i innowacyjnemu systemowi tremolo, Stratocaster ustanowi\u0142 nowe standardy w projektowaniu gitar. Model American Standard, wprowadzony w latach 80., doda\u0142 nowoczesne ulepszenia do tego klasycznego wzoru, czyni\u0105c go ulubie\u0144cem muzyk\u00f3w dzi\u0119ki niezawodno\u015bci, wygodzie gry i tonalnej wszechstronno\u015bci.<\/p>\n<h4>Podsumowanie:<\/h4>\n<p>Ta gitara z 1996 roku to nie tylko kawa\u0142ek historii, ale i starannie zmodernizowany instrument, kt\u00f3ry \u0142\u0105czy najlepsze cechy vintage i nowoczesne. Dzi\u0119ki wysokiej jako\u015bci elektronice, customowym przetwornikom i ulepszeniom w hardware, jest idealnym wyborem dla gitarzyst\u00f3w poszukuj\u0105cych najwy\u017cszej wydajno\u015bci i charakterystycznego brzmienia.<\/p>\n<p>To co, gotowy na nowe muzyczne przygody z t\u0105 pi\u0119kno\u015bci\u0105?<\/p>\n<\/div>\n<\/div>\n<\/div>\n<\/div>\n","protected":false},"excerpt":{"rendered":"<p>Fender American Standard Stratocaster z 1996 roku, w kolorze Sunburst. Doinwestowany model z przetwornikami Gilmour od Romano Buriniego, mostkiem ABM 5200 i kluczami Sperzel. Doskona\u0142y stan, wyekranowana elektronika z potami CTS i kondensatorami MOJO Dijon.<\/p>\n","protected":false},"featured_media":10035,"template":"","meta":{"_monsterinsights_skip_tracking":false,"_monsterinsights_sitenote_active":false,"_monsterinsights_sitenote_note":"","_monsterinsights_sitenote_category":0,"_uf_show_specific_survey":0,"_uf_disable_surveys":false,"_kadence_starter_templates_imported_post":false,"_kad_post_transparent":"default","_kad_post_title":"","_kad_post_layout":"default","_kad_post_sidebar_id":"","_kad_post_content_style":"default","_kad_post_vertical_padding":"default","_kad_post_feature":"","_kad_post_feature_position":"","_kad_post_header":false,"_kad_post_footer":false,"_kad_post_classname":""},"product_brand":[],"product_cat":[3636,3261],"product_tag":[],"class_list":{"0":"post-10034","1":"product","2":"type-product","3":"status-publish","4":"has-post-thumbnail","6":"product_cat-archiwum","7":"product_cat-gitary","9":"first","10":"outofstock","11":"shipping-taxable","12":"product-type-simple","13":"entry","14":"content-bg","15":"loop-entry"},"jetpack_sharing_enabled":true,"_links":{"self":[{"href":"https:\/\/guitar2amp.de\/index.php\/wp-json\/wp\/v2\/product\/10034","targetHints":{"allow":["GET"]}}],"collection":[{"href":"https:\/\/guitar2amp.de\/index.php\/wp-json\/wp\/v2\/product"}],"about":[{"href":"https:\/\/guitar2amp.de\/index.php\/wp-json\/wp\/v2\/types\/product"}],"wp:featuredmedia":[{"embeddable":true,"href":"https:\/\/guitar2amp.de\/index.php\/wp-json\/wp\/v2\/media\/10035"}],"wp:attachment":[{"href":"https:\/\/guitar2amp.de\/index.php\/wp-json\/wp\/v2\/media?parent=10034"}],"wp:term":[{"taxonomy":"product_brand","embeddable":true,"href":"https:\/\/guitar2amp.de\/index.php\/wp-json\/wp\/v2\/product_brand?post=10034"},{"taxonomy":"product_cat","embeddable":true,"href":"https:\/\/guitar2amp.de\/index.php\/wp-json\/wp\/v2\/product_cat?post=10034"},{"taxonomy":"product_tag","embeddable":true,"href":"https:\/\/guitar2amp.de\/index.php\/wp-json\/wp\/v2\/product_tag?post=10034"}],"curies":[{"name":"wp","href":"https:\/\/api.w.org\/{rel}","templated":true}]}}