{"id":10320,"date":"2024-09-16T17:39:29","date_gmt":"2024-09-16T15:39:29","guid":{"rendered":"https:\/\/guitar2amp.de\/?post_type=product&#038;p=10320"},"modified":"2024-10-17T08:14:23","modified_gmt":"2024-10-17T06:14:23","slug":"1973-fender-telecaster-custom-2","status":"publish","type":"product","link":"https:\/\/guitar2amp.de\/index.php\/de\/product\/1973-fender-telecaster-custom-2\/","title":{"rendered":"1973 Fender Telecaster Custom"},"content":{"rendered":"<p><strong>Fender Telecaster Custom 1973 \u2013 Vintage-Klang und moderne Spielbarkeit<\/strong><\/p>\n<p>Diese Fender Telecaster Custom von 1973 ist ein echtes Vintage-Schmuckst\u00fcck, das durch einen umfassenden Service bei SKG Custom Guitars wieder zum Leben erweckt wurde. Mit neuen B\u00fcnden und einem ausgetauschten Sattel spielt diese Gitarre &#8220;wie Butter&#8221; und bietet au\u00dfergew\u00f6hnliche Spielbarkeit bei einem reichen, klassischen Klang.<\/p>\n<p><strong>Neu lackiert f\u00fcr bessere Resonanz:<\/strong><br \/>\nDer urspr\u00fcngliche dicke Polyurethanlack, der f\u00fcr diese Zeit typisch war, wurde durch eine d\u00fcnne Nitrolackierung ersetzt, was das Holz besser schwingen l\u00e4sst und das Spielgef\u00fchl der Gitarre verbessert. Mit einem Gewicht von 4,4 kg liefert diese Telecaster einen tiefen, vollmundigen Klang \u2013 perfekt f\u00fcr Spieler, die satte T\u00f6ne sch\u00e4tzen.<\/p>\n<p><strong>Spezifikationen:<\/strong><\/p>\n<ul>\n<li><strong>Korpus:<\/strong> Esche, mit Nitrolackierung f\u00fcr \u00fcberlegene Resonanz<\/li>\n<li><strong>Hals:<\/strong> Ahorn, mit einem komfortablen &#8220;C&#8221;-Profil f\u00fcr geschmeidiges Spielen<\/li>\n<li><strong>Griffbrett:<\/strong> Palisander, mit neuen 21 B\u00fcnden f\u00fcr eine frische Spielerfahrung<\/li>\n<li><strong>Tonabnehmer:<\/strong> Seth Lover Humbucker in der Halsposition, klassischer Tele Single-Coil am Steg<\/li>\n<li><strong>Bridge:<\/strong> Original Telecaster-Bridge mit drei Reitern (Sattel wurde beim Service ausgetauscht)<\/li>\n<li><strong>Elektronik:<\/strong> Standard Lautst\u00e4rke- und Tonregler mit einem 3-Wege-Schalter<\/li>\n<li><strong>Gewicht:<\/strong> 4,4 kg<\/li>\n<li><strong>Zustand:<\/strong> Komplett gewartet, mit neuen B\u00fcnden und Sattel, bereit f\u00fcr B\u00fchne oder Studio<\/li>\n<\/ul>\n<p><strong>Modellgeschichte:<\/strong><br \/>\nDie Telecaster Custom f\u00fchrte den Seth Lover Humbucker in der Halsposition ein, als Fenders Antwort auf Spieler, die in den 1970er Jahren einen vielseitigeren Sound ben\u00f6tigten. Diese Mischung aus klassischem Tele-Twang und dem w\u00e4rmeren, volleren Klang des Humbuckers machte sie bei Genres von Country bis Rock beliebt.<\/p>\n","protected":false},"excerpt":{"rendered":"<h2><span style=\"color: #ff0000;\"><strong>OUT OF STOCK<\/strong><\/span><\/h2>\n<p>Fender Telecaster Custom 1973 \u2013 Ein au\u00dfergew\u00f6hnlich gut spielendes Exemplar, das sein h\u00f6heres Gewicht (4,4 kg) durch einen satten, resonanten Klang sofort ausgleicht. Der Eschenkorpus, die d\u00fcnne Nitrolackierung und das Palisandergriffbrett tragen zu seinem hervorragenden Klang bei. Nach einem Service bei SKG Custom Guitars spielt es sich \u201ewie Butter\u201c.<\/p>\n","protected":false},"featured_media":10321,"template":"","meta":{"_monsterinsights_skip_tracking":false,"_monsterinsights_sitenote_active":false,"_monsterinsights_sitenote_note":"","_monsterinsights_sitenote_category":0,"_uf_show_specific_survey":0,"_uf_disable_surveys":false,"_kadence_starter_templates_imported_post":false,"_kad_post_transparent":"default","_kad_post_title":"","_kad_post_layout":"default","_kad_post_sidebar_id":"","_kad_post_content_style":"default","_kad_post_vertical_padding":"default","_kad_post_feature":"","_kad_post_feature_position":"","_kad_post_header":false,"_kad_post_footer":false,"_kad_post_classname":""},"product_brand":[],"product_cat":[3640,203],"product_tag":[],"class_list":{"0":"post-10320","1":"product","2":"type-product","3":"status-publish","4":"has-post-thumbnail","6":"product_cat-archiv","7":"product_cat-gitarren","9":"first","10":"outofstock","11":"shipping-taxable","12":"product-type-simple","13":"entry","14":"content-bg","15":"loop-entry"},"jetpack_sharing_enabled":true,"_links":{"self":[{"href":"https:\/\/guitar2amp.de\/index.php\/wp-json\/wp\/v2\/product\/10320","targetHints":{"allow":["GET"]}}],"collection":[{"href":"https:\/\/guitar2amp.de\/index.php\/wp-json\/wp\/v2\/product"}],"about":[{"href":"https:\/\/guitar2amp.de\/index.php\/wp-json\/wp\/v2\/types\/product"}],"wp:featuredmedia":[{"embeddable":true,"href":"https:\/\/guitar2amp.de\/index.php\/wp-json\/wp\/v2\/media\/10321"}],"wp:attachment":[{"href":"https:\/\/guitar2amp.de\/index.php\/wp-json\/wp\/v2\/media?parent=10320"}],"wp:term":[{"taxonomy":"product_brand","embeddable":true,"href":"https:\/\/guitar2amp.de\/index.php\/wp-json\/wp\/v2\/product_brand?post=10320"},{"taxonomy":"product_cat","embeddable":true,"href":"https:\/\/guitar2amp.de\/index.php\/wp-json\/wp\/v2\/product_cat?post=10320"},{"taxonomy":"product_tag","embeddable":true,"href":"https:\/\/guitar2amp.de\/index.php\/wp-json\/wp\/v2\/product_tag?post=10320"}],"curies":[{"name":"wp","href":"https:\/\/api.w.org\/{rel}","templated":true}]}}