{"id":10341,"date":"2024-09-16T17:44:22","date_gmt":"2024-09-16T15:44:22","guid":{"rendered":"https:\/\/guitar2amp.de\/?post_type=product&#038;p=10341"},"modified":"2024-10-17T08:12:47","modified_gmt":"2024-10-17T06:12:47","slug":"1973-fender-telecaster-custom-3","status":"publish","type":"product","link":"https:\/\/guitar2amp.de\/index.php\/pl\/product\/1973-fender-telecaster-custom-3\/","title":{"rendered":"1973 Fender Telecaster Custom"},"content":{"rendered":"<p><strong>Fender Telecaster Custom 1973 \u2013 Vintage z nowym \u017cyciem<\/strong><\/p>\n<p>Gitara Fender Telecaster Custom z 1973 roku to prawdziwy klasyk, kt\u00f3ry przeszed\u0142 serwis w SKG Custom Guitars, gdzie wymieniono progi i siode\u0142ko, co sprawi\u0142o, \u017ce &#8220;gra jak mas\u0142o.&#8221; To wyj\u0105tkowy instrument, kt\u00f3ry idealnie \u0142\u0105czy tradycyjne brzmienie Tele z nowoczesnymi usprawnieniami.<\/p>\n<p><strong>Zmiany w wyko\u0144czeniu:<\/strong><br \/>\nOryginalny gruby poliuretanowy lakier z epoki zast\u0105piono cie\u0144sz\u0105 warstw\u0105 nitro, co zwi\u0119kszy\u0142o rezonans i poprawi\u0142o wyczucie gitary. Waga instrumentu to solidne 4,4 kg, co zapewnia g\u0142\u0119bokie, pe\u0142ne brzmienie.<\/p>\n<p><strong>Specyfikacja:<\/strong><\/p>\n<ul>\n<li><strong>Korpus:<\/strong> Jesion, nitro wyko\u0144czenie<\/li>\n<li><strong>Szyjka:<\/strong> Klonowa z profilem &#8220;C&#8221;, bardzo wygodnym do gry<\/li>\n<li><strong>Podstrunnica:<\/strong> Palisander, 21 prog\u00f3w \u2013 wymienione podczas serwisu<\/li>\n<li><strong>Przetworniki:<\/strong> Humbucker Seth Lover przy gryfie, single-coil przy mostku<\/li>\n<li><strong>Mostek:<\/strong> Oryginalny Telecaster, trzy siode\u0142ka (siode\u0142ko wymienione)<\/li>\n<li><strong>Elektronika:<\/strong> Standardowe pokr\u0119t\u0142a Volume i Tone, 3-pozycyjny prze\u0142\u0105cznik<\/li>\n<li><strong>Waga:<\/strong> 4,4 kg<\/li>\n<li><strong>Stan:<\/strong> Po serwisie, wymienione progi i siode\u0142ko, gotowa do gry!<\/li>\n<\/ul>\n<p><strong>Historia modelu:<\/strong> Telecaster Custom z humbuckerem Setha Lovera zosta\u0142 wprowadzony jako odpowied\u017a na rosn\u0105c\u0105 potrzeb\u0119 bardziej wszechstronnego brzmienia w latach 70. Po\u0142\u0105czenie klasycznego Telecastera z humbuckerem przy gryfie pozwoli\u0142o na uzyskanie cieplejszego, pe\u0142niejszego tonu.<\/p>\n","protected":false},"excerpt":{"rendered":"<h2><span style=\"color: #ff0000;\"><strong>OUT OF STOCK<\/strong><\/span><\/h2>\n<p>Fender Telecaster Custom 1973 \u2013 To wyj\u0105tkowy, \u015bwietnie graj\u0105cy egzemplarz, kt\u00f3ry swoj\u0105 ci\u0119\u017csz\u0105 wag\u0119 (4,4 kg) natychmiast rekompensuje swoim pe\u0142nym i bogatym brzmieniem. Korpus z jesionu, nowa warstwa cienkiego nitro lakieru oraz palisandrowa podstrunnica sprawiaj\u0105, \u017ce gitara brzmi rewelacyjnie. Po serwisie w SKG Custom Guitars, gra &#8220;jak mas\u0142o&#8221;.<\/p>\n","protected":false},"featured_media":10342,"template":"","meta":{"_monsterinsights_skip_tracking":false,"_monsterinsights_sitenote_active":false,"_monsterinsights_sitenote_note":"","_monsterinsights_sitenote_category":0,"_uf_show_specific_survey":0,"_uf_disable_surveys":false,"_kadence_starter_templates_imported_post":false,"_kad_post_transparent":"default","_kad_post_title":"","_kad_post_layout":"default","_kad_post_sidebar_id":"","_kad_post_content_style":"default","_kad_post_vertical_padding":"default","_kad_post_feature":"","_kad_post_feature_position":"","_kad_post_header":false,"_kad_post_footer":false,"_kad_post_classname":""},"product_brand":[],"product_cat":[3636,3261],"product_tag":[],"class_list":{"0":"post-10341","1":"product","2":"type-product","3":"status-publish","4":"has-post-thumbnail","6":"product_cat-archiwum","7":"product_cat-gitary","9":"first","10":"outofstock","11":"shipping-taxable","12":"product-type-simple","13":"entry","14":"content-bg","15":"loop-entry"},"jetpack_sharing_enabled":true,"_links":{"self":[{"href":"https:\/\/guitar2amp.de\/index.php\/wp-json\/wp\/v2\/product\/10341","targetHints":{"allow":["GET"]}}],"collection":[{"href":"https:\/\/guitar2amp.de\/index.php\/wp-json\/wp\/v2\/product"}],"about":[{"href":"https:\/\/guitar2amp.de\/index.php\/wp-json\/wp\/v2\/types\/product"}],"wp:featuredmedia":[{"embeddable":true,"href":"https:\/\/guitar2amp.de\/index.php\/wp-json\/wp\/v2\/media\/10342"}],"wp:attachment":[{"href":"https:\/\/guitar2amp.de\/index.php\/wp-json\/wp\/v2\/media?parent=10341"}],"wp:term":[{"taxonomy":"product_brand","embeddable":true,"href":"https:\/\/guitar2amp.de\/index.php\/wp-json\/wp\/v2\/product_brand?post=10341"},{"taxonomy":"product_cat","embeddable":true,"href":"https:\/\/guitar2amp.de\/index.php\/wp-json\/wp\/v2\/product_cat?post=10341"},{"taxonomy":"product_tag","embeddable":true,"href":"https:\/\/guitar2amp.de\/index.php\/wp-json\/wp\/v2\/product_tag?post=10341"}],"curies":[{"name":"wp","href":"https:\/\/api.w.org\/{rel}","templated":true}]}}