{"id":10563,"date":"2024-09-20T20:24:28","date_gmt":"2024-09-20T18:24:28","guid":{"rendered":"https:\/\/guitar2amp.de\/?post_type=product&#038;p=10563"},"modified":"2025-06-05T23:28:44","modified_gmt":"2025-06-05T21:28:44","slug":"10563","status":"publish","type":"product","link":"https:\/\/guitar2amp.de\/index.php\/de\/product\/10563\/","title":{"rendered":"65 Amps Soho HP + 2&#215;12 65 Amps Matching Cabinet"},"content":{"rendered":"<p><strong>65 Amps Soho HP 35W mit passender 2&#215;12&#8243; Box \u2013 Perfekte Boutique-Kl\u00e4nge<\/strong><\/p>\n<p>Der <strong>65 Amps Soho HP<\/strong> ist die Hochleistungsvariante, die <strong>35 Watt<\/strong> reine Klangqualit\u00e4t mit <strong>4 EL84-Endstufenr\u00f6hren<\/strong> bietet. Dieser Boutique-Verst\u00e4rker richtet sich an Gitarristen, die britische Vintage-T\u00f6ne mit modernen Innovationen wie dem einzigartigen <strong>Master Volume-Schaltkreis<\/strong> sch\u00e4tzen, der bei jeder Lautst\u00e4rke f\u00fcr satte S\u00e4ttigung sorgt. Ob klare, funkelnde Sounds oder knackige Crunch-T\u00f6ne \u2013 der Soho HP liefert alles.<\/p>\n<h3>Hauptmerkmale:<\/h3>\n<ul>\n<li><strong>Leistung<\/strong>: 35 Watt<\/li>\n<li><strong>R\u00f6hren<\/strong>: 4 x EL84 (Endstufe), 3 x 12AX7 (Vorstufe), 1 x 5AR4 (Gleichrichter)<\/li>\n<li><strong>Regler<\/strong>: Volume, Tone, <strong>Bump<\/strong> (Klanganhebung ohne zus\u00e4tzlichen Gain), Master Volume<\/li>\n<li><strong>Lautsprecherausg\u00e4nge<\/strong>: 4, 8 und 16 Ohm f\u00fcr flexible Lautsprecherverbindungen<\/li>\n<li><strong>Einzigartiger Schaltkreis<\/strong>: Die <strong>Bump-Funktion<\/strong> verst\u00e4rkt die Klangf\u00fclle, ohne den Gain zu erh\u00f6hen<\/li>\n<\/ul>\n<h3>2&#215;12&#8243; Box:<\/h3>\n<p>Der Verst\u00e4rker wird mit einer <strong>passenden 2&#215;12&#8243; Box<\/strong> geliefert, die mit <strong>Celestion Alnico Blue<\/strong>&#8211; und <strong>Celestion G12H30 Anniversary<\/strong>-Lautsprechern best\u00fcckt ist. Diese Kombination bietet die perfekte Balance zwischen Vintage-Klang und kraftvollen Tiefenfrequenzen, ideal f\u00fcr Live-Auftritte und Studioaufnahmen.<\/p>\n<h3>Warum 65 Amps?<\/h3>\n<p>Gegr\u00fcndet von <strong>Dan Boul<\/strong> und <strong>Peter Stroud<\/strong>, hat sich <strong>65 Amps<\/strong> einen Namen f\u00fcr die Herstellung von Boutique-Verst\u00e4rkern gemacht, die m\u00fchelos Vintage- und moderne Kl\u00e4nge vereinen. Ihre Verst\u00e4rker sind bei Profis f\u00fcr ihre dynamischen Kl\u00e4nge, Transparenz und Vielseitigkeit beliebt.<\/p>\n<h3>Zustand:<\/h3>\n<p>Der Verst\u00e4rker befindet sich in <strong>hervorragendem Zustand<\/strong> und wurde regelm\u00e4\u00dfig gepflegt. Die <strong>2&#215;12 Box<\/strong> weist leichte Gebrauchsspuren am Tolex auf, die den exzellenten Klang jedoch nicht beeintr\u00e4chtigen.<\/p>\n<p>F\u00fcr Boutique-Klangliebhaber bietet der <strong>65 Amps Soho HP 35W<\/strong> mit seiner <strong>passenden 2&#215;12 Box<\/strong> das ultimative Setup mit dynamischen, satten Kl\u00e4ngen \u2013 perfekt f\u00fcr Studio- und B\u00fchnenauftritte.<\/p>\n","protected":false},"excerpt":{"rendered":"<p><strong>65 Amps Soho HP 35W mit 2&#215;12&#8243; Box<\/strong><\/p>\n<p>Boutique-Verst\u00e4rker mit 35 Watt und 4xEL84 R\u00f6hren. Passende 2&#215;12\u201d-Box mit Celestion Alnico Blue und G12H30 Anniversary Lautsprechern. Liefert reichhaltige, dynamische britische T\u00f6ne mit einzigartiger <strong>Bump-Funktion<\/strong>, die den Klang ohne zus\u00e4tzlichen Gain verbessert. Verst\u00e4rker in hervorragendem Zustand, Box mit leichten Gebrauchsspuren.<\/p>\n","protected":false},"featured_media":10564,"template":"","meta":{"_monsterinsights_skip_tracking":false,"_monsterinsights_sitenote_active":false,"_monsterinsights_sitenote_note":"","_monsterinsights_sitenote_category":0,"_uf_show_specific_survey":0,"_uf_disable_surveys":false,"_kadence_starter_templates_imported_post":false,"_kad_post_transparent":"default","_kad_post_title":"","_kad_post_layout":"default","_kad_post_sidebar_id":"","_kad_post_content_style":"default","_kad_post_vertical_padding":"default","_kad_post_feature":"","_kad_post_feature_position":"","_kad_post_header":false,"_kad_post_footer":false,"_kad_post_classname":""},"product_brand":[],"product_cat":[221,219],"product_tag":[],"class_list":{"0":"post-10563","1":"product","2":"type-product","3":"status-publish","4":"has-post-thumbnail","6":"product_cat-e-gitarren-verstaerke","7":"product_cat-verstaerke","8":"product_shipping_class-heavy-set","10":"first","11":"outofstock","12":"shipping-taxable","13":"purchasable","14":"product-type-simple","15":"entry","16":"content-bg","17":"loop-entry"},"jetpack_sharing_enabled":true,"_links":{"self":[{"href":"https:\/\/guitar2amp.de\/index.php\/wp-json\/wp\/v2\/product\/10563","targetHints":{"allow":["GET"]}}],"collection":[{"href":"https:\/\/guitar2amp.de\/index.php\/wp-json\/wp\/v2\/product"}],"about":[{"href":"https:\/\/guitar2amp.de\/index.php\/wp-json\/wp\/v2\/types\/product"}],"wp:featuredmedia":[{"embeddable":true,"href":"https:\/\/guitar2amp.de\/index.php\/wp-json\/wp\/v2\/media\/10564"}],"wp:attachment":[{"href":"https:\/\/guitar2amp.de\/index.php\/wp-json\/wp\/v2\/media?parent=10563"}],"wp:term":[{"taxonomy":"product_brand","embeddable":true,"href":"https:\/\/guitar2amp.de\/index.php\/wp-json\/wp\/v2\/product_brand?post=10563"},{"taxonomy":"product_cat","embeddable":true,"href":"https:\/\/guitar2amp.de\/index.php\/wp-json\/wp\/v2\/product_cat?post=10563"},{"taxonomy":"product_tag","embeddable":true,"href":"https:\/\/guitar2amp.de\/index.php\/wp-json\/wp\/v2\/product_tag?post=10563"}],"curies":[{"name":"wp","href":"https:\/\/api.w.org\/{rel}","templated":true}]}}