{"id":10616,"date":"2024-09-20T20:59:46","date_gmt":"2024-09-20T18:59:46","guid":{"rendered":"https:\/\/guitar2amp.de\/?post_type=product&#038;p=10616"},"modified":"2025-02-04T12:17:12","modified_gmt":"2025-02-04T11:17:12","slug":"universal-audio-ox-reactive-loadbox-2","status":"publish","type":"product","link":"https:\/\/guitar2amp.de\/index.php\/de\/product\/universal-audio-ox-reactive-loadbox-2\/","title":{"rendered":"Universal Audio OX Reactive Loadbox"},"content":{"rendered":"<p><strong>Universal Audio OX Amp Top Box \u2013 Premium Sound auf Knopfdruck<\/strong><\/p>\n<p>Der Universal Audio OX Amp Top Box ist ein hochwertiger Reactive-Load-Box, Attenuator und Lautsprechersimulator, der speziell f\u00fcr Gitarristen entwickelt wurde, die die volle Kontrolle \u00fcber den Klang und die Lautst\u00e4rke ihres R\u00f6hrenverst\u00e4rkers haben m\u00f6chten. Egal ob beim \u00dcben zu Hause, im Studio oder live auf der B\u00fchne \u2013 der OX erm\u00f6glicht es, den Verst\u00e4rker auf voller Leistung zu nutzen, ohne dabei die Lautst\u00e4rke ins Unermessliche zu steigern oder aufwendige Mikrofon-Setups aufzubauen.<\/p>\n<p>Dieses Ger\u00e4t ist <em>ungespielt<\/em>, wurde als Backup gekauft und nie registriert. Es befindet sich im neuwertigen Zustand, inklusive der Originalverpackung und allen Kabeln. Es wurde vor ca. drei Jahren gekauft.<\/p>\n<p><strong>Hauptmerkmale:<\/strong><\/p>\n<ul>\n<li><strong>Reactive Load Box<\/strong>: Der OX erm\u00f6glicht es, den Verst\u00e4rker auf voller Leistung zu fahren und gleichzeitig die Lautst\u00e4rke zu kontrollieren. Dadurch k\u00f6nnen Studioqualit\u00e4t-T\u00f6ne bei jeder Lautst\u00e4rke erreicht werden.<\/li>\n<li><strong>Lautsprechermodellierung<\/strong>: Der OX verf\u00fcgt \u00fcber sechs detailliert modellierte Lautsprecherboxen, einschlie\u00dflich legend\u00e4rer Mikrofone, Effekte und Raumambiente, um ohne Mikrofon-Setup professionellen Sound zu erzeugen.<\/li>\n<li><strong>WLAN-f\u00e4hige Steuerung<\/strong>: \u00dcber die WLAN-Konnektivit\u00e4t k\u00f6nnen Sie Einstellungen einfach \u00fcber die Universal Audio-App auf dem iPad oder Desktop anpassen.<\/li>\n<li><strong>Tonformungswerkzeuge<\/strong>: Neben der Lautsprechermodellierung bietet der OX integrierte EQ-, Kompressor-, Delay- und Hall-Effekte.<\/li>\n<li><strong>Ausg\u00e4nge<\/strong>: Kopfh\u00f6rerausgang, Line\/Monitor-Ausgang und S\/PDIF-Ausgang.<\/li>\n<li><strong>Leistung und Flexibilit\u00e4t<\/strong>: Der OX kann mit Verst\u00e4rkern bis zu 100 Watt verwendet werden und bewahrt dabei die Integrit\u00e4t des Klangs.<\/li>\n<\/ul>\n<p>Universal Audio ist bekannt f\u00fcr Studioqualit\u00e4t, und der OX Amp Top Box bietet diese Qualit\u00e4t auch f\u00fcr Gitarristen. Perfekt f\u00fcr Musiker, die das volle Klangspektrum ihres Verst\u00e4rkers bei jeder Lautst\u00e4rke genie\u00dfen m\u00f6chten.<\/p>\n<p><strong>Zustand<\/strong>: Neuwertig, ohne Gebrauchsspuren.<\/p>\n<p>Kontaktieren Sie mich gerne f\u00fcr weitere Informationen oder einen Kauf!<\/p>\n","protected":false},"excerpt":{"rendered":"<p>Der Universal Audio OX Amp Top Box ist eine erstklassige reactive Load Box, Attenuator und Lautsprechersimulator, mit dem Sie den vollen Klang eines R\u00f6hrenverst\u00e4rkers ohne laute Lautst\u00e4rke genie\u00dfen k\u00f6nnen. OX bietet Lautsprechermodellierung, EQ-, Delay- und Reverb-Effekte sowie Wi-Fi-Steuerung. Zustand wie neu, mit Originalverpackung und Kabeln.<\/p>\n","protected":false},"featured_media":10617,"template":"","meta":{"_monsterinsights_skip_tracking":false,"_monsterinsights_sitenote_active":false,"_monsterinsights_sitenote_note":"","_monsterinsights_sitenote_category":0,"_uf_show_specific_survey":0,"_uf_disable_surveys":false,"_kadence_starter_templates_imported_post":false,"_kad_post_transparent":"default","_kad_post_title":"","_kad_post_layout":"default","_kad_post_sidebar_id":"","_kad_post_content_style":"default","_kad_post_vertical_padding":"default","_kad_post_feature":"","_kad_post_feature_position":"","_kad_post_header":false,"_kad_post_footer":false,"_kad_post_classname":""},"product_brand":[],"product_cat":[3648,229,219,225],"product_tag":[],"class_list":{"0":"post-10616","1":"product","2":"type-product","3":"status-publish","4":"has-post-thumbnail","6":"product_cat-archivamps","7":"product_cat-verschiedene","8":"product_cat-verstaerke","9":"product_cat-zubehoer","11":"first","12":"outofstock","13":"shipping-taxable","14":"purchasable","15":"product-type-simple","16":"entry","17":"content-bg","18":"loop-entry"},"jetpack_sharing_enabled":true,"_links":{"self":[{"href":"https:\/\/guitar2amp.de\/index.php\/wp-json\/wp\/v2\/product\/10616","targetHints":{"allow":["GET"]}}],"collection":[{"href":"https:\/\/guitar2amp.de\/index.php\/wp-json\/wp\/v2\/product"}],"about":[{"href":"https:\/\/guitar2amp.de\/index.php\/wp-json\/wp\/v2\/types\/product"}],"wp:featuredmedia":[{"embeddable":true,"href":"https:\/\/guitar2amp.de\/index.php\/wp-json\/wp\/v2\/media\/10617"}],"wp:attachment":[{"href":"https:\/\/guitar2amp.de\/index.php\/wp-json\/wp\/v2\/media?parent=10616"}],"wp:term":[{"taxonomy":"product_brand","embeddable":true,"href":"https:\/\/guitar2amp.de\/index.php\/wp-json\/wp\/v2\/product_brand?post=10616"},{"taxonomy":"product_cat","embeddable":true,"href":"https:\/\/guitar2amp.de\/index.php\/wp-json\/wp\/v2\/product_cat?post=10616"},{"taxonomy":"product_tag","embeddable":true,"href":"https:\/\/guitar2amp.de\/index.php\/wp-json\/wp\/v2\/product_tag?post=10616"}],"curies":[{"name":"wp","href":"https:\/\/api.w.org\/{rel}","templated":true}]}}