{"id":10733,"date":"2024-10-08T10:30:51","date_gmt":"2024-10-08T08:30:51","guid":{"rendered":"https:\/\/guitar2amp.de\/?post_type=product&#038;p=10733"},"modified":"2025-07-15T09:09:46","modified_gmt":"2025-07-15T07:09:46","slug":"d-tone-amps-sss-amber","status":"publish","type":"product","link":"https:\/\/guitar2amp.de\/index.php\/de\/product\/d-tone-amps-sss-amber\/","title":{"rendered":"D-Tone Amps SSS Amber"},"content":{"rendered":"<p>D-Tone Amps SSS-Verst\u00e4rker (Dumble Steel String Singer Style)<\/p>\n<p>D-TONE AMPS ist ein kleiner europ\u00e4ischer Hersteller, der sich auf den Bau von D-Style-Verst\u00e4rkern auf Basis des Dumble*-Sounds spezialisiert hat. Jeder Verst\u00e4rker wird aus hochwertigsten Komponenten per P2P-Technologie auf einer \u00d6senplatine von Hand verdrahtet. Das Layout basiert auf dem ber\u00fchmten Steel String Singer* #002-Kopfdesign und wurde bis ins letzte Detail reproduziert, um den legend\u00e4ren Klang der Dumble*-Verst\u00e4rker zu erzielen. Eine tolle Alternative zu teuren Two-Rock*- oder Amplified Nation*-Verst\u00e4rkern. Detaillierte Spezifikationen und Demos finden Sie auf der offiziellen Website des Herstellers: www.d-toneamps.com<\/p>\n<p>Der Verst\u00e4rker ist in zwei Versionen erh\u00e4ltlich: 120 V und 230 V. Geben Sie beim Kauf an, welche Version wir versenden sollen. Bei der 120-V-Version betr\u00e4gt die Lieferzeit bis zu 4 Wochen.<\/p>\n<p>*Alle Produktnamen und Marken sind Eigentum ihrer jeweiligen Inhaber. Alle verwendeten Firmen-, Produkt- und Dienstleistungsnamen dienen ausschlie\u00dflich Identifikationszwecken.<\/p>\n<p>&#8211; Layout basierend auf dem legend\u00e4ren Dumble Steel String Singer Nr. #002 (handverdrahtet:point to point\/turret board)<br \/>\n&#8211; ein CLEAN-Kanal mit NORMAL- und FET-Eing\u00e4ngen<br \/>\n&#8211; Korrektur: EQ, LOW- und HIGH-Filter; BRIGHT, DEEP, JAZZ\/ROCK, zus\u00e4tzlicher MID-Schalter auf Master Volume<br \/>\n&#8211; FX-Effektschleife<br \/>\n&#8211; 4x6L6 TAD ausgew\u00e4hlte R\u00f6hren (Kathodenfolger am Phasenwender)<br \/>\n&#8211; 6x 12AX7 und 1x 12AT7 TAD ausgew\u00e4hlte R\u00f6hren<br \/>\n&#8211; R\u00f6hrenfederhall<br \/>\n&#8211; Mallory-Senf-Capaticars<br \/>\n&#8211; Metallschichtwiderst\u00e4nde von Vishay Dale<br \/>\n&#8211; Markenkomponenten: Switchcraft-Eing\u00e4nge, APEM-Schalter, Alpha-Potentiometer<br \/>\n&#8211; Ausgangsimpedanz: 1&#215;4 oder 2&#215;8 Ohm und 1&#215;8 oder 2&#215;16 Ohm<br \/>\n&#8211; Stromversorgung: 230V~50Hz oder 120V~60Hz<br \/>\n&#8211; Fu\u00dfschalter: Reverb ein\/aus<br \/>\n&#8211; Headshell (20 mm massives Eichenholz); Ma\u00dfe: 60 x 27 x 26 cm (H x B x T)<br \/>\n&#8211; Gewicht: 22,5 kg<br \/>\n&#8211; 1 Jahr Garantie (nur f\u00fcr versteckte M\u00e4ngel)<\/p>\n<div class=\"entry-content-asset videofit\">\n<div class=\"jetpack-video-wrapper\"><iframe loading=\"lazy\" title=\"Dumble Steel String Singer style by D-TONE AMPS - the best SSS amp clone\" width=\"720\" height=\"405\" src=\"https:\/\/www.youtube.com\/embed\/kjcobNscD68?feature=oembed\" frameborder=\"0\" allow=\"accelerometer; autoplay; clipboard-write; encrypted-media; gyroscope; picture-in-picture; web-share\" referrerpolicy=\"strict-origin-when-cross-origin\" allowfullscreen><\/iframe><\/div>\n<\/div>\n","protected":false},"excerpt":{"rendered":"<p>Guitar2Amp \u2013 wir sind der offizielle Vertreter und Distributor von D-TONE AMPS-Verst\u00e4rkern. Das zum Verkauf stehende Produkt ist neu und verf\u00fcgt \u00fcber eine einj\u00e4hrige Garantie. Der Verst\u00e4rker verf\u00fcgt \u00fcber das \u201eCE\u201c-Zeichen, was bedeutet, dass er die strengen EU-Normen hinsichtlich der Sicherheit bei der Verwendung des Ger\u00e4ts erf\u00fcllt.<br \/>\nAufgrund des \u201eCustom\u201c-Produkts akzeptieren wir keine R\u00fccksendungen. Bei Interesse zum Testen kann der Verst\u00e4rker gerne bei uns im Stammhaus \u201ebespielt\u201c werden!<\/p>\n","protected":false},"featured_media":10750,"template":"","meta":{"_monsterinsights_skip_tracking":false,"_monsterinsights_sitenote_active":false,"_monsterinsights_sitenote_note":"","_monsterinsights_sitenote_category":0,"_uf_show_specific_survey":0,"_uf_disable_surveys":false,"_kadence_starter_templates_imported_post":false,"_kad_post_transparent":"default","_kad_post_title":"","_kad_post_layout":"default","_kad_post_sidebar_id":"","_kad_post_content_style":"default","_kad_post_vertical_padding":"default","_kad_post_feature":"","_kad_post_feature_position":"","_kad_post_header":false,"_kad_post_footer":false,"_kad_post_classname":""},"product_brand":[],"product_cat":[221,219],"product_tag":[],"class_list":{"0":"post-10733","1":"product","2":"type-product","3":"status-publish","4":"has-post-thumbnail","6":"product_cat-e-gitarren-verstaerke","7":"product_cat-verstaerke","9":"first","10":"instock","11":"shipping-taxable","12":"purchasable","13":"product-type-simple","14":"entry","15":"content-bg","16":"loop-entry"},"jetpack_sharing_enabled":true,"_links":{"self":[{"href":"https:\/\/guitar2amp.de\/index.php\/wp-json\/wp\/v2\/product\/10733","targetHints":{"allow":["GET"]}}],"collection":[{"href":"https:\/\/guitar2amp.de\/index.php\/wp-json\/wp\/v2\/product"}],"about":[{"href":"https:\/\/guitar2amp.de\/index.php\/wp-json\/wp\/v2\/types\/product"}],"wp:featuredmedia":[{"embeddable":true,"href":"https:\/\/guitar2amp.de\/index.php\/wp-json\/wp\/v2\/media\/10750"}],"wp:attachment":[{"href":"https:\/\/guitar2amp.de\/index.php\/wp-json\/wp\/v2\/media?parent=10733"}],"wp:term":[{"taxonomy":"product_brand","embeddable":true,"href":"https:\/\/guitar2amp.de\/index.php\/wp-json\/wp\/v2\/product_brand?post=10733"},{"taxonomy":"product_cat","embeddable":true,"href":"https:\/\/guitar2amp.de\/index.php\/wp-json\/wp\/v2\/product_cat?post=10733"},{"taxonomy":"product_tag","embeddable":true,"href":"https:\/\/guitar2amp.de\/index.php\/wp-json\/wp\/v2\/product_tag?post=10733"}],"curies":[{"name":"wp","href":"https:\/\/api.w.org\/{rel}","templated":true}]}}