{"id":10857,"date":"2024-10-14T09:37:29","date_gmt":"2024-10-14T07:37:29","guid":{"rendered":"https:\/\/guitar2amp.de\/?post_type=product&#038;p=10857"},"modified":"2025-06-09T20:20:08","modified_gmt":"2025-06-09T18:20:08","slug":"10857","status":"publish","type":"product","link":"https:\/\/guitar2amp.de\/index.php\/de\/product\/10857\/","title":{"rendered":"Carr Amplifiers BEL RAY"},"content":{"rendered":"<p><strong>Mit den gro\u00dfen, kraftvollen Verst\u00e4rkern aus der goldenen \u00c4ra des Gitarrentons, die heutzutage auf der B\u00fchne und im Studio nur schwer nutzbar sind, bringt der Carr Bel-Ray drei legend\u00e4re Sounds der 60er und fr\u00fchen 70er Jahre in ein tragbares, clubtaugliches Paket. Dieses liefert klassischen britischen Chime, Crunch und Kerrang in einem Format, das moderne Musiker tats\u00e4chlich verwenden k\u00f6nnen.<\/strong><\/p>\n<p>Mit einer Endstufe, die auf zwei EL84-R\u00f6hren basiert und 16 Watt Leistung erzeugt, sowie einer Vorstufe mit zwei 12AX7-R\u00f6hren und einer britisch abgestimmten EF86*-Pentodenr\u00f6hre in einer dreifachen Vorverst\u00e4rkerschaltung, bringt der Bel-Ray Top Boost Chime, Plexi Grind und H-Watt Punch auf Knopfdruck.<\/p>\n<p>Samtige, dynamische Ansprache und ein vielseitiges Spielgef\u00fchl werden durch eine r\u00f6hrenbetriebene Gleichrichterschaltung (EZ81) unterst\u00fctzt, die einen essenziellen Teil der Verst\u00e4rker wie AC-Kombos und 18-Watt-Modelle der 60er darstellt. Au\u00dferdem sorgt eine r\u00f6hrengetriebene, bias-modulierte Tremolo-Schaltung f\u00fcr warme, \u00fcppige Schwingungen.<\/p>\n<p>Der Bel-Ray bietet eine Reihe von Funktionen, die Carr Amps ber\u00fchmt gemacht haben. Der Lautst\u00e4rkeregler (Level) ist mit einem High\/Low-Schalter gekoppelt, der zwischen einem direkten Signal oder einem Signal mit einem Master-Volume-Regler hinter der EF86-Stufe w\u00e4hlt. In der High-Stellung wird das Ausgangssignal st\u00e4rker angesteuert, was zu mehr Crunch f\u00fchrt, w\u00e4hrend in der Low-Stellung das Volumen sanfter ansteigt \u2013 ideal f\u00fcr leisere Umgebungen.<\/p>\n<p>Ein weiteres Highlight ist der integrierte Attenuator, der die Leistung des Verst\u00e4rkers zwischen 16 Watt und 0 bis 2 Watt umschalten l\u00e4sst. Alles ist handverdrahtet in der USA, unter Verwendung hochwertigster Bauteile, die f\u00fcr Klarheit, Tiefe und Spielgef\u00fchl sorgen.<\/p>\n<p>Der Bel-Ray \u2013 legend\u00e4rer britischer Ton, umgesetzt mit amerikanischem Spitzenengineering.<\/p>\n<h1><strong>Produkteigenschaften:<\/strong><\/h1>\n<ul>\n<li>3 Stimmen: V66\/H73\/M68 (Kent-Surrey-London)<\/li>\n<li>High\/Low-Lautst\u00e4rkeverlauf<\/li>\n<li>Tiefes r\u00f6hrenbetriebenes Tremolo<\/li>\n<li>Eingebauter Attenuator<\/li>\n<li>Fane F25 12&#8243; Lautsprecher (Handarbeit, UK)<\/li>\n<li>Handverdrahtet, keine Platinen<\/li>\n<\/ul>\n<h1>Technische Daten:<\/h1>\n<ul>\n<li>Bauweise: Handverdrahtet in den USA<\/li>\n<li>Leistung: 16 Watt\/2 Watt Attenuator<\/li>\n<li>R\u00f6hren: zwei 12AX7, eine EF86, zwei EL84, eine EZ81<\/li>\n<li>Regler: Lautst\u00e4rke, Top, Mid, Bass, Tremolo Speed und Depth, Attenuator<\/li>\n<\/ul>\n","protected":false},"excerpt":{"rendered":"<p>Mit den gro\u00dfen, leistungsstarken Verst\u00e4rkern der goldenen \u00c4ra des Gitarrenklangs, die auf der B\u00fchne und im Studio immer schwieriger zu nutzen sind, konfiguriert der <strong>Carr Bel-Ray<\/strong> drei legend\u00e4re britische Sounds aus den 60er- bis fr\u00fchen 70er-Jahren in ein tragbares, b\u00fchnentaugliches Format um. Er liefert klassischen britischen Chime, Crunch und Kerrang in einem Paket, das f\u00fcr den heutigen Spieler wirklich nutzbar ist.<\/p>\n<p>Bei <strong>Guitar2Amp<\/strong> sind wir stolz darauf, ein autorisierter H\u00e4ndler von <strong>Carr Amplifiers<\/strong> zu sein. Sie k\u00f6nnen jedes Modell dieser Boutique-Verst\u00e4rker bestellen und es nach Ihren pers\u00f6nlichen Vorlieben anpassen. Egal, ob Sie spezielle Oberfl\u00e4chen oder eine Anpassung an Ihre Anforderungen w\u00fcnschen, Carr Verst\u00e4rker bieten Musikern sowohl au\u00dfergew\u00f6hnlichen Klang als auch handwerkliches K\u00f6nnen. Kontaktieren Sie uns, um die verf\u00fcgbaren Anpassungsoptionen zu erkunden und Ihren idealen Verst\u00e4rker zu finden!<\/p>\n","protected":false},"featured_media":12754,"template":"","meta":{"_monsterinsights_skip_tracking":false,"_monsterinsights_sitenote_active":false,"_monsterinsights_sitenote_note":"","_monsterinsights_sitenote_category":0,"_uf_show_specific_survey":0,"_uf_disable_surveys":false,"_kadence_starter_templates_imported_post":false,"_kad_post_transparent":"default","_kad_post_title":"","_kad_post_layout":"default","_kad_post_sidebar_id":"","_kad_post_content_style":"default","_kad_post_vertical_padding":"default","_kad_post_feature":"","_kad_post_feature_position":"","_kad_post_header":false,"_kad_post_footer":false,"_kad_post_classname":""},"product_brand":[],"product_cat":[3942,221,219],"product_tag":[],"class_list":{"0":"post-10857","1":"product","2":"type-product","3":"status-publish","4":"has-post-thumbnail","6":"product_cat-carr_de","7":"product_cat-e-gitarren-verstaerke","8":"product_cat-verstaerke","10":"first","11":"instock","12":"shipping-taxable","13":"purchasable","14":"product-type-simple","15":"entry","16":"content-bg","17":"loop-entry"},"jetpack_sharing_enabled":true,"_links":{"self":[{"href":"https:\/\/guitar2amp.de\/index.php\/wp-json\/wp\/v2\/product\/10857","targetHints":{"allow":["GET"]}}],"collection":[{"href":"https:\/\/guitar2amp.de\/index.php\/wp-json\/wp\/v2\/product"}],"about":[{"href":"https:\/\/guitar2amp.de\/index.php\/wp-json\/wp\/v2\/types\/product"}],"wp:featuredmedia":[{"embeddable":true,"href":"https:\/\/guitar2amp.de\/index.php\/wp-json\/wp\/v2\/media\/12754"}],"wp:attachment":[{"href":"https:\/\/guitar2amp.de\/index.php\/wp-json\/wp\/v2\/media?parent=10857"}],"wp:term":[{"taxonomy":"product_brand","embeddable":true,"href":"https:\/\/guitar2amp.de\/index.php\/wp-json\/wp\/v2\/product_brand?post=10857"},{"taxonomy":"product_cat","embeddable":true,"href":"https:\/\/guitar2amp.de\/index.php\/wp-json\/wp\/v2\/product_cat?post=10857"},{"taxonomy":"product_tag","embeddable":true,"href":"https:\/\/guitar2amp.de\/index.php\/wp-json\/wp\/v2\/product_tag?post=10857"}],"curies":[{"name":"wp","href":"https:\/\/api.w.org\/{rel}","templated":true}]}}