{"id":10885,"date":"2024-10-14T10:52:39","date_gmt":"2024-10-14T08:52:39","guid":{"rendered":"https:\/\/guitar2amp.de\/?post_type=product&#038;p=10885"},"modified":"2024-12-19T23:08:26","modified_gmt":"2024-12-19T22:08:26","slug":"10885","status":"publish","type":"product","link":"https:\/\/guitar2amp.de\/index.php\/de\/product\/10885\/","title":{"rendered":"Carr Amplifiers Super Bee"},"content":{"rendered":"<p><strong>Der Super Bee f\u00e4ngt den legend\u00e4ren Fullerton-Blackface-Sound eines 4&#215;10&#8243; Super Reverb in einem inspirierenden neuen Modell ein, das in Gr\u00f6\u00dfe und Leistung den tats\u00e4chlichen Bed\u00fcrfnissen heutiger B\u00fchnen gerecht wird. Keine Kanalumschaltung, kein Loop \u2013 nur reiner, von der Blackface-\u00c4ra inspirierter Old-School-Ton, der mit moderner Benutzerfreundlichkeit geliefert wird.<\/strong><\/p>\n<p>Von glasklarem Chime, \u00fcber an der Grenze zum Overdrive stehenden Twang bis hin zu br\u00fcllendem, durchsetzungsstarkem Sound \u2013 all dies ist bei Lautst\u00e4rken m\u00f6glich, die den Tontechniker erfreuen, w\u00e4hrend du den Super Bee in saftige, r\u00f6hrengetriebene Verzerrung und harmonisch ges\u00e4ttigten Ton dr\u00fcckst.<\/p>\n<p>Das Herzst\u00fcck des Super Bee-Schaltkreises sind seine modernen 6BM8-Ausgangsr\u00f6hren, die einen satten, k\u00fchnen und artikulierten Klang liefern, der dem klassischen 6L6GC bemerkenswert \u00e4hnlich ist, jedoch nur 10 Watt Leistung bietet \u2013 ausreichend, um sich bei deinem n\u00e4chsten Club-Gig gegen den Schlagzeuger durchzusetzen, aber leicht in dynamische Klangpracht zu bringen, ohne dabei L\u00e4rmschutzvorgaben zu verletzen.<\/p>\n<p>Zus\u00e4tzlich verf\u00fcgt der Super Bee \u00fcber einen eingebauten Attenuator, der die Leistung von 2 Watt bis zu einem Fl\u00fcstern reduziert \u2013 perfekt f\u00fcr n\u00e4chtliche Jam-Sessions. Carrs ger\u00e4umiger, dreidimensionaler, r\u00f6hrengetriebener Hall, ein EZ81-R\u00f6hren-Gleichrichter f\u00fcr ein lebendiges, federndes Spielgef\u00fchl und Carrs legend\u00e4re, von Hand verdrahtete Punkt-zu-Punkt-Konstruktion sowie die Auswahl an High-End-Komponenten machen diesen Verst\u00e4rker zum besten kompakten Fullerton-Killer, den es derzeit gibt.<\/p>\n<p>Doch es gibt noch mehr! Der vielseitige Sting-Schalter konfiguriert den Super Bee f\u00fcr drei klassische Stimmen:<\/p>\n<ul>\n<li><strong>64<\/strong> \u2013 extrem scooped f\u00fcr kristallklare Clean-Sounds<\/li>\n<li><strong>68<\/strong> \u2013 gepushter Blackface mit Biss f\u00fcr kr\u00e4ftigen Twang und Crunch<\/li>\n<li><strong>72<\/strong> \u2013 mehr Gain und eine \u00c4nderung der EQ-Platzierung f\u00fcr satte Mitten und gro\u00dfartige Leads<\/li>\n<\/ul>\n<h2><span style=\"color: #000000;\"><strong>Produktmerkmale:<\/strong><\/span><\/h2>\n<ul>\n<li>10 Watt Ausgangsleistung<\/li>\n<li>Drei Positionen Sting-Schalter (64\/68\/72)<\/li>\n<li>Integrierter Attenuator (10\/2 Watt)<\/li>\n<li>3-Band EQ \u2013 H\u00f6hen, Mitten, B\u00e4sse<\/li>\n<li>R\u00f6hrengetriebener Federhall<\/li>\n<li>Handgefertigtes Geh\u00e4use aus massivem Kiefernholz<\/li>\n<\/ul>\n<h2><span style=\"color: #000000;\"><strong>Spezifikationen:<\/strong><\/span><\/h2>\n<ul>\n<li>Leistung: 10 Watt + eingebauter Attenuator (2 Watt bis Fl\u00fcstern)<\/li>\n<li>R\u00f6hren: zwei 12AX7, eine 12AT7, zwei 6BM8, eine EZ81<\/li>\n<li>Regler: Lautst\u00e4rke, H\u00f6hen, Mitten, B\u00e4sse, Reverb, Attenuator<\/li>\n<li>Gewicht und Abmessungen:\n<ul>\n<li>1&#215;10&#8243; Combo: 21&#8243; (W) x 15.5&#8243; (H) x 8&#8243; (D), 33 lbs<\/li>\n<li>1&#215;12&#8243; Combo: 21&#8243; (W) x 17.5&#8243; (H) x 9&#8243; (D), 40 lbs<\/li>\n<\/ul>\n<\/li>\n<\/ul>\n","protected":false},"excerpt":{"rendered":"<p><strong>Der Super Bee f\u00e4ngt den legend\u00e4ren Fullerton-Blackface-Sound eines 4&#215;10&#8243; Super Reverb in einem inspirierenden neuen Modell ein, das in Gr\u00f6\u00dfe und Leistung den tats\u00e4chlichen Bed\u00fcrfnissen heutiger B\u00fchnen gerecht wird. Keine Kanalumschaltung, kein Loop \u2013 nur reiner, von der Blackface-\u00c4ra inspirierter Old-School-Ton, der mit moderner Benutzerfreundlichkeit geliefert wird.<\/strong><\/p>\n<p>Bei Guitar2Amp sind wir stolz darauf, ein autorisierter Vertriebspartner von Carr Amplifiers zu sein. Sie k\u00f6nnen bei uns jedes Modell dieser Boutique-Amp-Marke bestellen und es individuell an Ihre pers\u00f6nlichen Vorlieben anpassen. Ob es um die Wahl spezieller Oberfl\u00e4chen oder die Anpassung des Amps an Ihre Bed\u00fcrfnisse geht \u2013 Carr Verst\u00e4rker bieten Musikern sowohl au\u00dfergew\u00f6hnlichen Klang als auch handwerkliche Qualit\u00e4t. Kontaktieren Sie uns, um die verf\u00fcgbaren Anpassungsm\u00f6glichkeiten zu erkunden und Ihren idealen Verst\u00e4rker zu finden!<\/p>\n","protected":false},"featured_media":10981,"template":"","meta":{"_monsterinsights_skip_tracking":false,"_monsterinsights_sitenote_active":false,"_monsterinsights_sitenote_note":"","_monsterinsights_sitenote_category":0,"_uf_show_specific_survey":0,"_uf_disable_surveys":false,"_kadence_starter_templates_imported_post":false,"_kad_post_transparent":"default","_kad_post_title":"","_kad_post_layout":"default","_kad_post_sidebar_id":"","_kad_post_content_style":"default","_kad_post_vertical_padding":"default","_kad_post_feature":"","_kad_post_feature_position":"","_kad_post_header":false,"_kad_post_footer":false,"_kad_post_classname":""},"product_brand":[],"product_cat":[3942,221,219],"product_tag":[],"class_list":{"0":"post-10885","1":"product","2":"type-product","3":"status-publish","4":"has-post-thumbnail","6":"product_cat-carr_de","7":"product_cat-e-gitarren-verstaerke","8":"product_cat-verstaerke","10":"first","11":"onbackorder","12":"shipping-taxable","13":"purchasable","14":"product-type-simple","15":"entry","16":"content-bg","17":"loop-entry"},"jetpack_sharing_enabled":true,"_links":{"self":[{"href":"https:\/\/guitar2amp.de\/index.php\/wp-json\/wp\/v2\/product\/10885","targetHints":{"allow":["GET"]}}],"collection":[{"href":"https:\/\/guitar2amp.de\/index.php\/wp-json\/wp\/v2\/product"}],"about":[{"href":"https:\/\/guitar2amp.de\/index.php\/wp-json\/wp\/v2\/types\/product"}],"wp:featuredmedia":[{"embeddable":true,"href":"https:\/\/guitar2amp.de\/index.php\/wp-json\/wp\/v2\/media\/10981"}],"wp:attachment":[{"href":"https:\/\/guitar2amp.de\/index.php\/wp-json\/wp\/v2\/media?parent=10885"}],"wp:term":[{"taxonomy":"product_brand","embeddable":true,"href":"https:\/\/guitar2amp.de\/index.php\/wp-json\/wp\/v2\/product_brand?post=10885"},{"taxonomy":"product_cat","embeddable":true,"href":"https:\/\/guitar2amp.de\/index.php\/wp-json\/wp\/v2\/product_cat?post=10885"},{"taxonomy":"product_tag","embeddable":true,"href":"https:\/\/guitar2amp.de\/index.php\/wp-json\/wp\/v2\/product_tag?post=10885"}],"curies":[{"name":"wp","href":"https:\/\/api.w.org\/{rel}","templated":true}]}}