{"id":10939,"date":"2024-10-16T08:38:48","date_gmt":"2024-10-16T06:38:48","guid":{"rendered":"https:\/\/guitar2amp.de\/?post_type=product&#038;p=10939"},"modified":"2025-03-27T13:54:21","modified_gmt":"2025-03-27T12:54:21","slug":"carr-amplifiers-rambler-2","status":"publish","type":"product","link":"https:\/\/guitar2amp.de\/index.php\/pl\/product\/carr-amplifiers-rambler-2\/","title":{"rendered":"Carr Amplifiers Rambler"},"content":{"rendered":"<p><strong>&#8220;Jaki jest najlepszy ameryka\u0144sko brzmi\u0105cy wzmacniacz typu combo na rynku?&#8221;<\/strong> Rzucaj\u0105c takie pytanie w\u015br\u00f3d grupy gitarzyst\u00f3w \u2013 na targach wzmacniaczy, forach internetowych czy gdziekolwiek indziej, gdzie spotykaj\u0105 si\u0119 muzycy \u2013 odpowied\u017a \u201eCarr Rambler, bez dw\u00f3ch zda\u0144\u201d cz\u0119sto powraca.<\/p>\n<p>Na d\u0142ugo przed za\u0142o\u017ceniem Carr Amplifiers sp\u0119dzi\u0142em lata graj\u0105c, naprawiaj\u0105c, modyfikuj\u0105c i z uwag\u0105 s\u0142uchaj\u0105c klasycznych wzmacniaczy gitarowych. Rambler by\u0142 jednym z moich pierwszych, charakterystycznych projekt\u00f3w i do dzi\u015b pozostaje jednym z naszych najpopularniejszych modeli. Dlaczego? To nie przypadek, \u017ce Rambler odnosi sukces w dostarczaniu klasycznego ameryka\u0144skiego brzmienia \u201edeluxe\u201d z dramatycznie rozszerzonym czystym headroomem, solidn\u0105 odpowiedzi\u0105 basu i mo\u017cliwo\u015bci\u0105 prze\u0142\u0105czania mi\u0119dzy trybami 26-watowego pentodowego i 13-watowego triodowego. Rambler odzwierciedla moje pragnienie ulepszenia i udoskonalenia pierwotnej koncepcji odpowiednio zasilanego wzmacniacza klubowego 1&#215;12 z pog\u0142osem i tremolo. W\u0142a\u015bciciele Ramblers\u00f3w opisuj\u0105 swoje wzmacniacze jako ciep\u0142e, pe\u0142ne i okr\u0105g\u0142e, z zaskakuj\u0105co wysokim progiem czystego tonu (co r\u00f3wnie\u017c czyni Ramblera wyj\u0105tkowo odpowiednim do wsp\u00f3\u0142pracy z praktycznie ka\u017cdym peda\u0142em overdrive, jaki kiedykolwiek powsta\u0142). Dla wielu Rambler jest uwa\u017cany za kwintesencj\u0119 wzmacniacza klubowego, dostrojonego do potrzeb niemal ka\u017cdego muzyka i ka\u017cdego rodzaju muzyki.<\/p>\n<p>Wyobra\u017a sobie sw\u00f3j ulubiony wzmacniacz z po\u0142owy lat 60., kt\u00f3ry zostaje ulepszony pod wzgl\u0119dem brzmienia i funkcji, a jednocze\u015bnie zachowuje kompaktowe i przeno\u015bne rozmiary \u2013 wa\u017c\u0105c zaledwie 18 kg w wersji combo 1&#215;12&#8243;. Dodaj do tego wyraziste, artyku\u0142owane brzmienie dw\u00f3ch lamp mocy Class-A 5881 (typ 6L6GC), tremolo nap\u0119dzane lampami i spr\u0119\u017cynowy pog\u0142os, dodatkow\u0105 kontrol\u0119 \u015brodkowych ton\u00f3w (kt\u00f3rej orygina\u0142 nigdy nie mia\u0142), oraz uznan\u0105 konstrukcj\u0119 punkt-punkt Carr, a otrzymasz wzmacniacz, kt\u00f3ry jest kwintesencj\u0105 brzmienia klubowego.<\/p>\n<p>Bogaty, ciep\u0142y, pe\u0142ny i klarowny, Rambler to idealna podstawa do uzyskania l\u015bni\u0105cego dzwonu, twangu, jangle i jazzu. Te same cechy sprawiaj\u0105 r\u00f3wnie\u017c, \u017ce jest to wyj\u0105tkowa platforma do pracy z peda\u0142ami, idealnie wsp\u00f3\u0142pracuj\u0105c z r\u00f3\u017cnorodnymi peda\u0142ami boost, overdrive, fuzz i distortion, jakby by\u0142y cz\u0119\u015bci\u0105 jego w\u0142asnego uk\u0142adu.<\/p>\n<p>Rambler ma r\u00f3wnie\u017c r\u0119cznie wykonan\u0105 obudow\u0119 z \u017c\u00f3\u0142tej sosny z Karoliny P\u00f3\u0142nocnej, z p\u0142ywaj\u0105c\u0105 przegrod\u0105 g\u0142o\u015bnikow\u0105 dla optymalnej rezonansu i charakteru d\u017awi\u0119ku. W zestawie znajduje si\u0119 wytrzyma\u0142y sk\u00f3rzany uchwyt do przenoszenia i standardowe czarne pokrycie Tolex lub mo\u017cliwo\u015b\u0107 wyboru niestandardowych kolor\u00f3w.<\/p>\n<p>Rambler \u2014 chwy\u0107 go i odkrywaj niesko\u0144czone g\u0142\u0119biny d\u017awi\u0119kowej rozkoszy!<\/p>\n<p><strong>Cechy produktu<\/strong><\/p>\n<ul>\n<li>Klasa A, uk\u0142ad typu cathode bias z lampami 5881 (6L6)<\/li>\n<li>Brak sprz\u0119\u017cenia zwrotnego<\/li>\n<li>Pog\u0142os<\/li>\n<li>Tremolo<\/li>\n<li>Prze\u0142\u0105cznik Pentode-Triode<\/li>\n<li>26 wat\u00f3w (pentode)<\/li>\n<li>13 wat\u00f3w (triode)<\/li>\n<li>Kompaktowy rozmiar<\/li>\n<li>Obudowa z litej sosny z naro\u017cnikami \u0142\u0105czonymi na jask\u00f3\u0142czy ogon<\/li>\n<\/ul>\n<p><strong>Specyfikacja produktu<\/strong><\/p>\n<ul>\n<li>Moc: 26 wat\u00f3w (Pentode) \/ 14 wat\u00f3w (Triode)<\/li>\n<li>Konstrukcja: r\u0119cznie montowany w USA, punkt-punkt<\/li>\n<li>Komponenty: niestandardowe transformatory produkcji USA, zasilacze Solen Fast Cap Film, kondensatory sygna\u0142owe Mallory 150, oporniki w\u0119glowe i inne<\/li>\n<li>Lampy: dwie 12AX7, jedna 5751, jedna 12AT7, dwie 5881 lub 6L6GC<\/li>\n<li>Kontrole: Volume, Treble, Mid, Bass, Reverb, Depth, Speed, Triode\/Pentode prze\u0142\u0105cznik<\/li>\n<li>Prze\u0142\u0105czniki: Triode\/Pentode, tremolo on\/off (z peda\u0142em), on\/off\/standby<\/li>\n<li>G\u0142o\u015bnik: Eminence Valiant 12&#8243;<\/li>\n<li>Waga i wymiary: Combo 1&#215;12&#8243; 53 cm (szer.) x 43 cm (wys.) x 23 cm (g\u0142.), 18 kg<\/li>\n<\/ul>\n","protected":false},"excerpt":{"rendered":"<p><strong>&#8220;Jaki jest najlepszy ameryka\u0144sko brzmi\u0105cy wzmacniacz typu combo na rynku?&#8221;<\/strong> Rzucaj\u0105c takie pytanie w\u015br\u00f3d grupy gitarzyst\u00f3w \u2013 na targach wzmacniaczy, forach internetowych czy gdziekolwiek indziej, gdzie spotykaj\u0105 si\u0119 muzycy \u2013 odpowied\u017a \u201eCarr Rambler, bez dw\u00f3ch zda\u0144\u201d cz\u0119sto powraca.<\/p>\n<p>W\u00a0<strong>Guitar2Amp<\/strong>\u00a0jeste\u015bmy dumnymi, autoryzowanymi dystrybutorami\u00a0<strong>Carr Amplifiers<\/strong>. Oferujemy mo\u017cliwo\u015b\u0107 zam\u00f3wienia dowolnego modelu tej butikowej marki i spersonalizowania go wed\u0142ug Twoich preferencji. Bez wzgl\u0119du na to, czy chcesz wybra\u0107 konkretne wyko\u0144czenie, czy dostosowa\u0107 wzmacniacz do swoich potrzeb, wzmacniacze Carr oferuj\u0105 zar\u00f3wno wyj\u0105tkowy d\u017awi\u0119k, jak i najwy\u017csz\u0105 jako\u015b\u0107 wykonania. Skontaktuj si\u0119 z nami, aby dowiedzie\u0107 si\u0119 wi\u0119cej o opcjach personalizacji i znale\u017a\u0107 idealny wzmacniacz dla siebie!<\/p>\n","protected":false},"featured_media":10940,"template":"","meta":{"_monsterinsights_skip_tracking":false,"_monsterinsights_sitenote_active":false,"_monsterinsights_sitenote_note":"","_monsterinsights_sitenote_category":0,"_uf_show_specific_survey":0,"_uf_disable_surveys":false,"_kadence_starter_templates_imported_post":false,"_kad_post_transparent":"default","_kad_post_title":"","_kad_post_layout":"default","_kad_post_sidebar_id":"","_kad_post_content_style":"default","_kad_post_vertical_padding":"default","_kad_post_feature":"","_kad_post_feature_position":"","_kad_post_header":false,"_kad_post_footer":false,"_kad_post_classname":""},"product_brand":[],"product_cat":[3944,3253,3247],"product_tag":[],"class_list":{"0":"post-10939","1":"product","2":"type-product","3":"status-publish","4":"has-post-thumbnail","6":"product_cat-carr_pl","7":"product_cat-gitarowe","8":"product_cat-wzmacniacze","10":"first","11":"onbackorder","12":"shipping-taxable","13":"purchasable","14":"product-type-simple","15":"entry","16":"content-bg","17":"loop-entry"},"jetpack_sharing_enabled":true,"_links":{"self":[{"href":"https:\/\/guitar2amp.de\/index.php\/wp-json\/wp\/v2\/product\/10939","targetHints":{"allow":["GET"]}}],"collection":[{"href":"https:\/\/guitar2amp.de\/index.php\/wp-json\/wp\/v2\/product"}],"about":[{"href":"https:\/\/guitar2amp.de\/index.php\/wp-json\/wp\/v2\/types\/product"}],"wp:featuredmedia":[{"embeddable":true,"href":"https:\/\/guitar2amp.de\/index.php\/wp-json\/wp\/v2\/media\/10940"}],"wp:attachment":[{"href":"https:\/\/guitar2amp.de\/index.php\/wp-json\/wp\/v2\/media?parent=10939"}],"wp:term":[{"taxonomy":"product_brand","embeddable":true,"href":"https:\/\/guitar2amp.de\/index.php\/wp-json\/wp\/v2\/product_brand?post=10939"},{"taxonomy":"product_cat","embeddable":true,"href":"https:\/\/guitar2amp.de\/index.php\/wp-json\/wp\/v2\/product_cat?post=10939"},{"taxonomy":"product_tag","embeddable":true,"href":"https:\/\/guitar2amp.de\/index.php\/wp-json\/wp\/v2\/product_tag?post=10939"}],"curies":[{"name":"wp","href":"https:\/\/api.w.org\/{rel}","templated":true}]}}