{"id":10946,"date":"2024-10-17T07:47:32","date_gmt":"2024-10-17T05:47:32","guid":{"rendered":"https:\/\/guitar2amp.de\/?post_type=product&#038;p=10946"},"modified":"2025-03-27T13:54:22","modified_gmt":"2025-03-27T12:54:22","slug":"carr-amplifiers-rambler-3","status":"publish","type":"product","link":"https:\/\/guitar2amp.de\/index.php\/de\/product\/carr-amplifiers-rambler-3\/","title":{"rendered":"Carr Amplifiers Rambler"},"content":{"rendered":"<p><strong>Carr Rambler \u2013 Der ultimative Club-Amp<\/strong><\/p>\n<p>\u201eWas ist der beste kompakte, amerikanisch klingende Combo-Verst\u00e4rker auf dem Markt?\u201c Wirft man diese Frage in die Runde \u2013 sei es auf einer Amp-Messe, in einem Forum oder wo auch immer Gitarristen zusammenkommen \u2013 wird man \u00fcberraschend oft die Antwort \u201eCarr Rambler, ohne Frage\u201c h\u00f6ren.<\/p>\n<p>Lange bevor Carr Amplifiers ins Leben gerufen wurde, verbrachte ich Jahre damit, klassische Gitarrenverst\u00e4rker zu spielen, zu reparieren, zu modifizieren und intensiv zu analysieren. Der Rambler war einer meiner ersten Signature-Designs und ist bis heute eines unserer beliebtesten Modelle. Warum? Es ist kein Zufall, dass der Rambler den klassischen amerikanischen \u201eDeluxe\u201c-Ton mit deutlich erweitertem Clean-Headroom, solidem Bass und der Option auf 26 Watt Pentode- oder 13 Watt Trioden-Betrieb bietet. Der Rambler spiegelt mein Bestreben wider, das urspr\u00fcngliche Konzept eines angemessen leistungsstarken 1&#215;12 Club-Amps mit Reverb und Tremolo zu verbessern und zu verfeinern. Rambler-Besitzer beschreiben ihre Amps als warm, voll und rund, mit einem \u00fcberraschend hohen Clean-Threshold, was den Rambler auch einzigartig f\u00fcr nahezu jedes Overdrive-Pedal macht, das je gebaut wurde. Der Rambler wird von vielen als der ultimative Club-Amp angesehen, der den Anforderungen fast jedes Spielers und jeder Musikrichtung gerecht wird.<\/p>\n<p>Stell dir deinen Lieblingsverst\u00e4rker vor, der Mitte der 60er-Jahre entstand, und mach ihn gr\u00f6\u00dfer und besser in Ton und Ausstattung, w\u00e4hrend er mit nur 18 kg f\u00fcr den 1&#215;12&#8243; Combo unglaublich tragbar bleibt. Erweitert wird er durch den kr\u00e4ftigen, artikulierten Klang von zwei Class-A Kathoden-gebiassten 5881 (6L6GC-Typ) Endr\u00f6hren, r\u00f6hrengetriebenes Tremolo und Federhall, einem hinzugef\u00fcgten Mittenregler, den das Original nie hatte, und Carrs renommierter punkt-zu-punkt-Handverdrahtung. Der Rambler ist der Inbegriff eines Club-Verst\u00e4rkers.<\/p>\n<p>Reich, warm, voll, rund und klar, der Rambler ist die perfekte Basis f\u00fcr glitzernde Chimes, Twang, Jangle und Jazz. Diese Eigenschaften machen ihn auch zu einer herausragenden Plattform f\u00fcr Effekte, die sich m\u00fchelos mit Boost-, Overdrive-, Fuzz- und Distortion-Pedalen kombinieren lassen, als w\u00e4ren sie Teil seines eigenen Schaltkreises.<\/p>\n<p>Der Rambler verf\u00fcgt au\u00dferdem \u00fcber ein in der eigenen Werkstatt handgefertigtes Geh\u00e4use aus massivem, gelben Kiefernholz aus North Carolina, mit einer schwebenden Lautsprecher-Schallwand f\u00fcr optimale Resonanz und Klangcharakter. Ein komfortabler, robuster Ledergurtgriff und die Standard-Abdeckung in schwarzem Tolex oder eine Vielzahl von Farboptionen runden das Paket ab.<\/p>\n<p><strong>Produkt-Features<\/strong>:<\/p>\n<ul>\n<li>Class A Kathoden-Bias 5881 (6L6) Endstufe<\/li>\n<li>Kein Feedback<\/li>\n<li>Reverb<\/li>\n<li>Tremolo<\/li>\n<li>Pentoden-Trioden-Leistungsschalter<\/li>\n<li>26 Watt Pentodenbetrieb \/ 13 Watt Triodenbetrieb<\/li>\n<li>Kompakte Gr\u00f6\u00dfe<\/li>\n<li>Massives Kiefernholzgeh\u00e4use mit Schwalbenschwanzverbindungen<\/li>\n<\/ul>\n<p><strong>Produkt-Spezifikationen<\/strong>:<\/p>\n<ul>\n<li>Leistung: 26 Watt Pentode \/ 14 Watt Triode<\/li>\n<li>Bauweise: Handverdrahtet punkt-zu-punkt in den USA<\/li>\n<li>Komponenten: Kundenspezifische US-gefertigte Transformatoren, Solen Fast Cap Film-Stromversorgung, Mallory 150 Signalkondensatoren, Kohlenstoffwiderst\u00e4nde und mehr<\/li>\n<li>R\u00f6hren: zwei 12AX7, eine 5751, eine 12AT7, zwei 5881 oder 6L6GC<\/li>\n<li>Regler: Volume, Treble, Mid, Bass, Reverb, Depth, Speed, Triode\/Pentode-Schalter<\/li>\n<li>Schalter: Triode\/Pentode, Tremolo an\/aus Fu\u00dfschalter, Power an\/aus\/Standby<\/li>\n<li>Funktionen: R\u00f6hrengetriebenes Tremolo und Federhall, Triode\/Pentode-Umschaltung, 8-Ohm-Lautsprecherausgang<\/li>\n<li>Geh\u00e4use: Handgefertigt aus massivem, gelbem Kiefernholz<\/li>\n<li>Lautsprecher: Eminence Valiant 12&#8243;<\/li>\n<li>Ma\u00dfe und Gewicht: 1&#215;12&#8243; Combo 53 cm (B) x 43 cm (H) x 23 cm (T oben, 25 cm unten), 18 kg<\/li>\n<\/ul>\n","protected":false},"excerpt":{"rendered":"<p><strong>Carr Rambler \u2013 Der ultimative Club-Amp<\/strong><\/p>\n<p>\u201eWas ist der beste kompakte, amerikanisch klingende Combo-Verst\u00e4rker auf dem Markt?\u201c Wirft man diese Frage in die Runde \u2013 sei es auf einer Amp-Messe, in einem Forum oder wo auch immer Gitarristen zusammenkommen \u2013 wird man \u00fcberraschend oft die Antwort \u201eCarr Rambler, ohne Frage\u201c h\u00f6ren.<\/p>\n<p>Bei Guitar2Amp sind wir stolz darauf, ein autorisierter Vertriebspartner von Carr Amplifiers zu sein. Sie k\u00f6nnen bei uns jedes Modell dieser Boutique-Amp-Marke bestellen und es individuell an Ihre pers\u00f6nlichen Vorlieben anpassen. Ob es um die Wahl spezieller Oberfl\u00e4chen oder die Anpassung des Amps an Ihre Bed\u00fcrfnisse geht \u2013 Carr Verst\u00e4rker bieten Musikern sowohl au\u00dfergew\u00f6hnlichen Klang als auch handwerkliche Qualit\u00e4t. Kontaktieren Sie uns, um die verf\u00fcgbaren Anpassungsm\u00f6glichkeiten zu erkunden und Ihren idealen Verst\u00e4rker zu finden!<\/p>\n","protected":false},"featured_media":10947,"template":"","meta":{"_monsterinsights_skip_tracking":false,"_monsterinsights_sitenote_active":false,"_monsterinsights_sitenote_note":"","_monsterinsights_sitenote_category":0,"_uf_show_specific_survey":0,"_uf_disable_surveys":false,"_kadence_starter_templates_imported_post":false,"_kad_post_transparent":"default","_kad_post_title":"","_kad_post_layout":"default","_kad_post_sidebar_id":"","_kad_post_content_style":"default","_kad_post_vertical_padding":"default","_kad_post_feature":"","_kad_post_feature_position":"","_kad_post_header":false,"_kad_post_footer":false,"_kad_post_classname":""},"product_brand":[],"product_cat":[3942,221,219],"product_tag":[],"class_list":{"0":"post-10946","1":"product","2":"type-product","3":"status-publish","4":"has-post-thumbnail","6":"product_cat-carr_de","7":"product_cat-e-gitarren-verstaerke","8":"product_cat-verstaerke","10":"first","11":"onbackorder","12":"shipping-taxable","13":"purchasable","14":"product-type-simple","15":"entry","16":"content-bg","17":"loop-entry"},"jetpack_sharing_enabled":true,"_links":{"self":[{"href":"https:\/\/guitar2amp.de\/index.php\/wp-json\/wp\/v2\/product\/10946","targetHints":{"allow":["GET"]}}],"collection":[{"href":"https:\/\/guitar2amp.de\/index.php\/wp-json\/wp\/v2\/product"}],"about":[{"href":"https:\/\/guitar2amp.de\/index.php\/wp-json\/wp\/v2\/types\/product"}],"wp:featuredmedia":[{"embeddable":true,"href":"https:\/\/guitar2amp.de\/index.php\/wp-json\/wp\/v2\/media\/10947"}],"wp:attachment":[{"href":"https:\/\/guitar2amp.de\/index.php\/wp-json\/wp\/v2\/media?parent=10946"}],"wp:term":[{"taxonomy":"product_brand","embeddable":true,"href":"https:\/\/guitar2amp.de\/index.php\/wp-json\/wp\/v2\/product_brand?post=10946"},{"taxonomy":"product_cat","embeddable":true,"href":"https:\/\/guitar2amp.de\/index.php\/wp-json\/wp\/v2\/product_cat?post=10946"},{"taxonomy":"product_tag","embeddable":true,"href":"https:\/\/guitar2amp.de\/index.php\/wp-json\/wp\/v2\/product_tag?post=10946"}],"curies":[{"name":"wp","href":"https:\/\/api.w.org\/{rel}","templated":true}]}}