{"id":11014,"date":"2024-05-24T13:13:21","date_gmt":"2024-05-24T11:13:21","guid":{"rendered":"https:\/\/guitar2amp.de\/?post_type=product&#038;p=11014"},"modified":"2024-10-24T13:16:55","modified_gmt":"2024-10-24T11:16:55","slug":"carr-amplifiers-telstar","status":"publish","type":"product","link":"https:\/\/guitar2amp.de\/index.php\/de\/product\/carr-amplifiers-telstar\/","title":{"rendered":"Carr Amplifiers Telstar"},"content":{"rendered":"<p>Hast du jemals gedacht, dass du die klanglichen Qualit\u00e4ten eines tiefen, kraftvollen 6L6-R\u00f6hrenklangs mit den harmonisch komplexen EL84-Kl\u00e4ngen in einem einzigen Verst\u00e4rker kombinieren m\u00f6chtest? Der Carr Telstar tut genau das und er\u00f6ffnet ein neues klangliches Spektrum, das es erm\u00f6glicht, zahlreiche &#8220;brandneue klassische&#8221; T\u00f6ne zu erzeugen, von denen du bisher nicht wusstest, dass sie existieren.<\/p>\n<p>Der Schl\u00fcssel zu den einzigartigen F\u00e4higkeiten des Telstar liegt in der Verbindung zweier sehr unterschiedlicher Endstufenr\u00f6hren in einer einzigen Push-Pull-Ausgangsstufe: Eine 5881 (6L6GC-Typ) sorgt f\u00fcr Stabilit\u00e4t, Kontrolle und ein \u00fcppiges Bassfundament; eine EL84 verleiht dem Ganzen ein flexibles, komplexes, obertonreiches Schimmern und Biss. Es gibt wirklich nichts Vergleichbares, und doch bieten sie zusammen eine Vielzahl an sofort inspirierenden Kl\u00e4ngen.<\/p>\n<p>Mit dem Lean\/Lush-Schalter, der den K\u00f6rper des Tons anpasst, und einem 53\/58-Schalter, der die Gain-Struktur sowie die Frequenzen des Tone-Reglers ver\u00e4ndert, gibt es ein unglaublich breites Spektrum an Klangfarben und Texturen zu entdecken. Der Telstar erzielt m\u00fchelos erkennbare Versionen traditioneller Sounds \u2013 Tweed-, Marshall- und Blackface-\u00e4hnlich \u2013 alle mit hervorragender Dynamik und Spielbarkeit. Doch die wahre Sch\u00f6nheit des Verst\u00e4rkers liegt in der Art, wie er v\u00f6llig originelle Mischungen aus der breiten klanglichen Palette schafft, die sofort ikonisch und ausdrucksstark klingen. Dank des eingebauten Attenuators, der es erm\u00f6glicht, die Leistung von 16 Watt bis auf null zu reduzieren, ist der Telstar perfekt f\u00fcr Zuhause, den Club und das Studio geeignet.<\/p>\n<p>W\u00e4hrend der Telstar immer eine EL84 verwendet, kann die 5881 (6L6GC-Typ) durch andere herk\u00f6mmliche Octal-R\u00f6hren ersetzt werden. F\u00fcr R\u00f6hrenliebhaber bedeutet das, dass es viel einfacher ist, eine gute, relativ g\u00fcnstige einzelne NOS 6L6-, EL34-, 6V6- oder sogar EL84-R\u00f6hre zu finden als ein passendes Paar. Die Erkundung von Vintage-R\u00f6hren er\u00f6ffnet im Telstar ungeahnte klangliche Variationen, w\u00e4hrend das Mischen und Anpassen verschiedener neuer R\u00f6hren auch die Flexibilit\u00e4t des Verst\u00e4rkers erh\u00f6ht. Erg\u00e4nzt wird das Ganze durch Carrs \u00fcppigen, r\u00f6hrengetriebenen Federhall und es ergibt sich ein gro\u00dfes, schimmerndes dreidimensionales Klangbild in einem ansprechend kompakten Format.<\/p>\n<p>Der Telstar ist mit Carrs legend\u00e4rer, handverdrahteter Punkt-zu-Punkt-Schaltung ausgestattet, bei der Satelliten-Qualit\u00e4ts-Stromkomponenten, Signalbestandteile aus der goldenen \u00c4ra der analogen Verst\u00e4rkung und andere hochwertige Bauteile verwendet werden. Alles ist in ein hochresonantes, handgefertigtes Geh\u00e4use aus d\u00fcnnem Ultra-Sperrholz eingebaut, mit einer \u201eStressed Member\u201c-Lautsprecher-Schallwand f\u00fcr optimalen Klangcharakter.<\/p>\n<p>Der Telstar \u2013 starte in ein neues, mutiges Universum des expressiven Klangs.<\/p>\n<h2>Produktmerkmale<\/h2>\n<ul>\n<li>17 Watt Vollausgang &#8211; Doppelte Ziffern<\/li>\n<li>5881 (6L6) plus EL84 Endstufenr\u00f6hren in Push-Pull Klasse A &#8211; Ungekannt<\/li>\n<li>Verwende jede Octal-Endstufenr\u00f6hre mit der EL84 ohne Neu-Biasing &#8211; Entdecken<\/li>\n<li>53\/58 Schalter \u2013 runder fr\u00fcher 50er Fullerton bis Proto-British Hot Rod &#8211; Macho<\/li>\n<li>Lean\/Lush Schalter \u2013 enger bis satter Bass &#8211; Kontrolle<\/li>\n<li>R\u00f6hrenfederhall &#8211; Aquatisch<\/li>\n<li>Eingebauter variabler Attenuator 17 Watt bis null &#8211; N\u00fctzlich<\/li>\n<li>Mid Century Mitten &#8211; Selbstbewusst<\/li>\n<li>Erweiterter One-Knob-Tone-Regler &#8211; Weniger ist mehr<\/li>\n<li>Fr\u00fches 60er Space-Age-Geh\u00e4use mit d\u00fcnnen W\u00e4nden &#8211; Solider Klang<\/li>\n<li>Custom \u2018Valiant\u2019 Lautsprecher \u2013 Aufrichtig bis Sinister<\/li>\n<li>100% Punkt-zu-Punkt Verdrahtung &#8211; Menschlich<\/li>\n<li>Solen Aerospace Satelliten-Stromversorgungskondensatoren<\/li>\n<li>Ausgew\u00e4hlte gemischte Widerstandstypen<\/li>\n<li>Jupiter Tone Caps<\/li>\n<li>Custom Carr Leistungs-\/Ausgangstransformatoren<\/li>\n<li>Lokale Sattelledergriffe<\/li>\n<li>Geh\u00e4use im Haus gebaut<\/li>\n<\/ul>\n<h2>Produktspezifikationen<\/h2>\n<ul>\n<li>Bauweise: Handverdrahtet Punkt-zu-Punkt in den USA<\/li>\n<li>Komponenten: Custom USA hergestellte Transformatoren, Solen Fast Cap Film Power Supply, in den USA hergestellte Jupiter-Signalkondensatoren, 60er-Jahre-Kohlenstoffwiderst\u00e4nde und mehr<\/li>\n<li>Leistung: 16 Watt<\/li>\n<li>Kan\u00e4le: Einer<\/li>\n<li>R\u00f6hren: eine 12AX7, eine 12AT7, eine 6SL7, eine EL84, eine 5881 (6L6GC-Typ) (austauschbar gegen 6V6 oder EL34)<\/li>\n<li>Regler: Lean\/Lush-Schalter, Volume, Tone, Reverb, 53\/58-Schalter, Attenuator<\/li>\n<li>Schalter: Lean\/Lush-Schalter, 53\/58-Schalter, An\/Aus\/Standby<\/li>\n<li>Merkmale: R\u00f6hrenfederhall, eingebauter Attenuator, 8-Ohm Lautsprecherausgang<\/li>\n<li>Geh\u00e4use: Handgefertigt aus d\u00fcnnwandigem Birken-Ultra-Sperrholz und einzigartig gestaltet<\/li>\n<li>Lautsprecher: Carr Valiant 12&#8243;<\/li>\n<li>Gewicht &amp; Abmessungen: 1&#215;12&#8243; Combo 53,34 cm (B) x 44,45 cm (H) x 22,86 cm (T), 17,69 kg<\/li>\n<\/ul>\n","protected":false},"excerpt":{"rendered":"<p>Hast du jemals davon getr\u00e4umt, die klanglichen Qualit\u00e4ten eines tiefen, kraftvollen 6L6 und einer harmonisch komplexen EL84 in einem einzigen Verst\u00e4rker zu vereinen? Der Carr Telstar macht genau das m\u00f6glich und er\u00f6ffnet ein v\u00f6llig neues klangliches Spektrum, das bisher unbekannte &#8220;brandneue klassische&#8221; T\u00f6ne hervorbringt.<\/p>\n<p>Bei Guitar2Amp sind wir stolz darauf, autorisierter Vertriebspartner von Carr Amplifiers zu sein. Du kannst bei uns jedes Modell dieser Boutique-Verst\u00e4rkermarke bestellen und nach deinen pers\u00f6nlichen Vorlieben anpassen lassen. Ob es darum geht, spezielle Finishes auszuw\u00e4hlen oder den Verst\u00e4rker auf deine Bed\u00fcrfnisse zuzuschneiden \u2013 Carr-Amps bieten Musikern sowohl au\u00dfergew\u00f6hnlichen Klang als auch handwerkliche Perfektion. Setze dich mit uns in Verbindung, um die verf\u00fcgbaren Anpassungsoptionen zu erkunden und deinen idealen Verst\u00e4rker zu finden!<\/p>\n","protected":false},"featured_media":11015,"template":"","meta":{"_monsterinsights_skip_tracking":false,"_monsterinsights_sitenote_active":false,"_monsterinsights_sitenote_note":"","_monsterinsights_sitenote_category":0,"_uf_show_specific_survey":0,"_uf_disable_surveys":false,"_kadence_starter_templates_imported_post":false,"_kad_post_transparent":"default","_kad_post_title":"","_kad_post_layout":"default","_kad_post_sidebar_id":"","_kad_post_content_style":"default","_kad_post_vertical_padding":"default","_kad_post_feature":"","_kad_post_feature_position":"","_kad_post_header":false,"_kad_post_footer":false,"_kad_post_classname":""},"product_brand":[],"product_cat":[3942,221,219],"product_tag":[],"class_list":{"0":"post-11014","1":"product","2":"type-product","3":"status-publish","4":"has-post-thumbnail","6":"product_cat-carr_de","7":"product_cat-e-gitarren-verstaerke","8":"product_cat-verstaerke","10":"first","11":"onbackorder","12":"shipping-taxable","13":"purchasable","14":"product-type-simple","15":"entry","16":"content-bg","17":"loop-entry"},"jetpack_sharing_enabled":true,"_links":{"self":[{"href":"https:\/\/guitar2amp.de\/index.php\/wp-json\/wp\/v2\/product\/11014","targetHints":{"allow":["GET"]}}],"collection":[{"href":"https:\/\/guitar2amp.de\/index.php\/wp-json\/wp\/v2\/product"}],"about":[{"href":"https:\/\/guitar2amp.de\/index.php\/wp-json\/wp\/v2\/types\/product"}],"wp:featuredmedia":[{"embeddable":true,"href":"https:\/\/guitar2amp.de\/index.php\/wp-json\/wp\/v2\/media\/11015"}],"wp:attachment":[{"href":"https:\/\/guitar2amp.de\/index.php\/wp-json\/wp\/v2\/media?parent=11014"}],"wp:term":[{"taxonomy":"product_brand","embeddable":true,"href":"https:\/\/guitar2amp.de\/index.php\/wp-json\/wp\/v2\/product_brand?post=11014"},{"taxonomy":"product_cat","embeddable":true,"href":"https:\/\/guitar2amp.de\/index.php\/wp-json\/wp\/v2\/product_cat?post=11014"},{"taxonomy":"product_tag","embeddable":true,"href":"https:\/\/guitar2amp.de\/index.php\/wp-json\/wp\/v2\/product_tag?post=11014"}],"curies":[{"name":"wp","href":"https:\/\/api.w.org\/{rel}","templated":true}]}}