{"id":11020,"date":"2024-10-24T14:36:37","date_gmt":"2024-10-24T12:36:37","guid":{"rendered":"https:\/\/guitar2amp.de\/?post_type=product&#038;p=11020"},"modified":"2024-10-24T14:37:20","modified_gmt":"2024-10-24T12:37:20","slug":"carr-amplifiers-telstar-2","status":"publish","type":"product","link":"https:\/\/guitar2amp.de\/index.php\/pl\/product\/carr-amplifiers-telstar-2\/","title":{"rendered":"Carr Amplifiers Telstar"},"content":{"rendered":"<p>Czy kiedykolwiek marzy\u0142e\u015b o po\u0142\u0105czeniu g\u0142\u0119bokiego, mocnego brzmienia lampy 6L6 z soczystym, harmonicznie z\u0142o\u017conym d\u017awi\u0119kiem EL84 w jednym wzmacniaczu? Carr Telstar w\u0142a\u015bnie to robi, przenosz\u0105c now\u0105 tonaln\u0105 formu\u0142\u0119 na wy\u017cyny, tworz\u0105c ca\u0142\u0105 gam\u0119 \u201enowo-klasycznych\u201d brzmie\u0144, o kt\u00f3rych wcze\u015bniej nie mia\u0142e\u015b poj\u0119cia.<\/p>\n<p>Klucz do unikalnych mo\u017cliwo\u015bci Telstara le\u017cy w po\u0142\u0105czeniu dw\u00f3ch zupe\u0142nie r\u00f3\u017cnych lamp mocy w tym samym obwodzie push-pull: lampa 5881 (typu 6L6GC) zapewnia solidno\u015b\u0107, kontrol\u0119 i bogate niskie tony, podczas gdy EL84 dodaje sinewicznego, z\u0142o\u017conego, harmonicznego blasku i pazura. Wzmacniacz ten dostarcza d\u017awi\u0119ki, jakich jeszcze nigdy nie s\u0142ysza\u0142e\u015b, a wszystkie brzmienia s\u0105 od razu inspiruj\u0105ce.<\/p>\n<p>Dzi\u0119ki mo\u017cliwo\u015bci regulacji za pomoc\u0105 prze\u0142\u0105cznik\u00f3w Lean\/Lush, kt\u00f3ry dostosowuje charakter d\u017awi\u0119ku, oraz 53\/58, kt\u00f3ry zmienia struktur\u0119 gainu i cz\u0119stotliwo\u015bci, Telstar oferuje niezwykle szerok\u0105 palet\u0119 brzmie\u0144. \u0141atwo osi\u0105ga klasyczne d\u017awi\u0119ki \u2013 od tweedowego ciep\u0142a, przez Marshalla, a\u017c po czyste czarne brzmienia \u2013 wszystkie z doskona\u0142\u0105 dynamik\u0105 i responsywno\u015bci\u0105. Jednak prawdziwa magia tego wzmacniacza polega na tym, \u017ce potrafi tworzy\u0107 zupe\u0142nie nowe, ikoniczne brzmienia, kt\u00f3re od razu wydaj\u0105 si\u0119 klasyczne i wyraziste.<\/p>\n<p>Dzi\u0119ki wbudowanemu t\u0142umikowi, Telstar mo\u017ce operowa\u0107 od pe\u0142nych 17 wat\u00f3w do niemal zerowego poziomu mocy, co czyni go idealnym zar\u00f3wno do domu, klubu, jak i studia.<\/p>\n<p>Cho\u0107 Telstar zawsze korzysta z jednej lampy EL84, 5881 (typu 6L6GC) mo\u017cna zamieni\u0107 na inne typy lamp oktalowych, co pozwala na odkrywanie nowych d\u017awi\u0119kowych mo\u017cliwo\u015bci. Dodajmy do tego bogaty, lampowy reverb spr\u0119\u017cynowy i mamy pe\u0142ne spektrum tr\u00f3jwymiarowego brzmienia w kompaktowym formacie.<\/p>\n<p>Obw\u00f3d Telstara jest montowany r\u0119cznie, punkt po punkcie, z u\u017cyciem najwy\u017cszej jako\u015bci komponent\u00f3w, takich jak zasilacze klasy satelitarnej i kondensatory z epoki z\u0142otej analogowej amplifikacji. Wszystko to zamkni\u0119te jest w wyj\u0105tkowej obudowie wykonanej z cienko\u015bciennej sklejki, z optymalnie zestrojonym przetwornikiem g\u0142o\u015bnikowym.<\/p>\n<p>Telstar \u2014 wyrusz w podr\u00f3\u017c po nowym wszech\u015bwiecie ekspresyjnych brzmie\u0144.<\/p>\n<p><strong>Cechy produktu:<\/strong><\/p>\n<ul>\n<li>Moc: 17 wat\u00f3w w pe\u0142nym trybie<\/li>\n<li>Lampa 5881 (6L6) oraz EL84 w uk\u0142adzie push-pull klasy A<\/li>\n<li>Mo\u017cliwo\u015b\u0107 u\u017cycia dowolnej lampy oktalowej z EL84 bez potrzeby ponownego ustawiania biasu<\/li>\n<li>Prze\u0142\u0105cznik 53\/58 \u2013 od okr\u0105g\u0142ych brzmie\u0144 lat 50. po brytyjskie Hot Rod<\/li>\n<li>Prze\u0142\u0105cznik Lean\/Lush \u2013 od mocnych niskich do bogatych bas\u00f3w<\/li>\n<li>Reverb spr\u0119\u017cynowy<\/li>\n<li>Wbudowany t\u0142umik mocy 17 wat\u00f3w do zera<\/li>\n<li>Zr\u00f3\u017cnicowany, rozszerzony zakres ton\u00f3w sterowany jednym potencjometrem<\/li>\n<li>Obudowa inspirowana latami 60. \u2013 solidny d\u017awi\u0119k<\/li>\n<li>W\u0142asny g\u0142o\u015bnik \u201eValiant\u201d 12&#8243;<\/li>\n<li>W pe\u0142ni r\u0119cznie lutowany obw\u00f3d<\/li>\n<\/ul>\n<p><strong>Specyfikacja techniczna:<\/strong><\/p>\n<ul>\n<li>Moc: 17 wat\u00f3w<\/li>\n<li>Konstrukcja: r\u0119cznie lutowana punkt po punkcie w USA<\/li>\n<li>Komponenty: transformator USA, zasilacze Solen Fast Cap Film, kondensatory Jupiter, rezystory w stylu lat 60.<\/li>\n<li>Lampy: jedna 12AX7, jedna 12AT7, jedna 6SL7, jedna EL84, jedna 5881 (6L6GC) \u2013 mo\u017cliwa zamiana na lamp\u0119 6V6 lub EL34<\/li>\n<li>Kontrola: prze\u0142\u0105cznik Lean\/Lush, Volume, Tone, Reverb, prze\u0142\u0105cznik 53\/58, t\u0142umik<\/li>\n<li>Prze\u0142\u0105czniki: Lean\/Lush, 53\/58, on\/off\/standby<\/li>\n<li>Funkcje: Reverb spr\u0119\u017cynowy, wbudowany t\u0142umik, wyj\u015bcie g\u0142o\u015bnikowe 8-Ohm<\/li>\n<li>Obudowa: r\u0119cznie robiona ze sklejki ultra-ply<\/li>\n<li>G\u0142o\u015bnik: Carr Valiant 12&#8243;<\/li>\n<li>Waga i wymiary: combo 1&#215;12&#8243; 21&#8243; (szer.) x 17,5&#8243; (wys.) x 9&#8243; (g\u0142.), 39 lbs<\/li>\n<\/ul>\n","protected":false},"excerpt":{"rendered":"<p><strong>Carr Telstar<\/strong><\/p>\n<p>Zastanawia\u0142e\u015b si\u0119 kiedy\u015b, jakby to by\u0142o po\u0142\u0105czy\u0107 g\u0142\u0119boki, pot\u0119\u017cny d\u017awi\u0119k lampy 6L6 z soczystym, harmonicznie z\u0142o\u017conym brzmieniem EL84 w jednym wzmacniaczu? Carr Telstar w\u0142a\u015bnie to robi, wprowadzaj\u0105c now\u0105 tonaln\u0105 formu\u0142\u0119 na zupe\u0142nie nowy poziom, tworz\u0105c mn\u00f3stwo \u201enowo-klasycznych\u201d brzmie\u0144, o kt\u00f3rych wcze\u015bniej nawet nie wiedzia\u0142e\u015b, \u017ce istniej\u0105.<\/p>\n<hr \/>\n<p><strong>Guitar2Amp &#8211; Dystrybutor Carr Amplifiers<\/strong><\/p>\n<p>W Guitar2Amp jeste\u015bmy dumni z bycia autoryzowanym dystrybutorem wzmacniaczy Carr. U nas mo\u017cesz zam\u00f3wi\u0107 dowolny model tej butikowej marki wzmacniaczy i dostosowa\u0107 go do swoich osobistych preferencji. Niezale\u017cnie od tego, czy chcesz wybra\u0107 konkretne wyko\u0144czenie, czy dostosowa\u0107 wzmacniacz do swoich potrzeb, wzmacniacze Carr oferuj\u0105 muzykom zar\u00f3wno wyj\u0105tkowe brzmienie, jak i mistrzowskie wykonanie. Skontaktuj si\u0119 z nami, aby odkry\u0107 dost\u0119pne opcje personalizacji i znale\u017a\u0107 sw\u00f3j idealny wzmacniacz!<\/p>\n","protected":false},"featured_media":11021,"template":"","meta":{"_monsterinsights_skip_tracking":false,"_monsterinsights_sitenote_active":false,"_monsterinsights_sitenote_note":"","_monsterinsights_sitenote_category":0,"_uf_show_specific_survey":0,"_uf_disable_surveys":false,"_kadence_starter_templates_imported_post":false,"_kad_post_transparent":"default","_kad_post_title":"","_kad_post_layout":"default","_kad_post_sidebar_id":"","_kad_post_content_style":"default","_kad_post_vertical_padding":"default","_kad_post_feature":"","_kad_post_feature_position":"","_kad_post_header":false,"_kad_post_footer":false,"_kad_post_classname":""},"product_brand":[],"product_cat":[3944,3253,3247],"product_tag":[],"class_list":{"0":"post-11020","1":"product","2":"type-product","3":"status-publish","4":"has-post-thumbnail","6":"product_cat-carr_pl","7":"product_cat-gitarowe","8":"product_cat-wzmacniacze","10":"first","11":"onbackorder","12":"shipping-taxable","13":"purchasable","14":"product-type-simple","15":"entry","16":"content-bg","17":"loop-entry"},"jetpack_sharing_enabled":true,"_links":{"self":[{"href":"https:\/\/guitar2amp.de\/index.php\/wp-json\/wp\/v2\/product\/11020","targetHints":{"allow":["GET"]}}],"collection":[{"href":"https:\/\/guitar2amp.de\/index.php\/wp-json\/wp\/v2\/product"}],"about":[{"href":"https:\/\/guitar2amp.de\/index.php\/wp-json\/wp\/v2\/types\/product"}],"wp:featuredmedia":[{"embeddable":true,"href":"https:\/\/guitar2amp.de\/index.php\/wp-json\/wp\/v2\/media\/11021"}],"wp:attachment":[{"href":"https:\/\/guitar2amp.de\/index.php\/wp-json\/wp\/v2\/media?parent=11020"}],"wp:term":[{"taxonomy":"product_brand","embeddable":true,"href":"https:\/\/guitar2amp.de\/index.php\/wp-json\/wp\/v2\/product_brand?post=11020"},{"taxonomy":"product_cat","embeddable":true,"href":"https:\/\/guitar2amp.de\/index.php\/wp-json\/wp\/v2\/product_cat?post=11020"},{"taxonomy":"product_tag","embeddable":true,"href":"https:\/\/guitar2amp.de\/index.php\/wp-json\/wp\/v2\/product_tag?post=11020"}],"curies":[{"name":"wp","href":"https:\/\/api.w.org\/{rel}","templated":true}]}}