{"id":11038,"date":"2024-05-24T15:07:26","date_gmt":"2024-05-24T13:07:26","guid":{"rendered":"https:\/\/guitar2amp.de\/?post_type=product&#038;p=11038"},"modified":"2024-10-24T15:19:17","modified_gmt":"2024-10-24T13:19:17","slug":"carr-amplifiers-mercury-v-2","status":"publish","type":"product","link":"https:\/\/guitar2amp.de\/index.php\/de\/product\/carr-amplifiers-mercury-v-2\/","title":{"rendered":"Carr Amplifiers Mercury V"},"content":{"rendered":"<article class=\"w-full text-token-text-primary focus-visible:outline-2 focus-visible:outline-offset-[-4px]\" dir=\"auto\" data-testid=\"conversation-turn-1009\" data-scroll-anchor=\"false\">\n<div class=\"m-auto text-base py-[18px] px-3 md:px-4 w-full md:px-5 lg:px-4 xl:px-5\">\n<div class=\"mx-auto flex flex-1 gap-4 text-base md:gap-5 lg:gap-6 md:max-w-3xl lg:max-w-[40rem] xl:max-w-[48rem]\">\n<div class=\"group\/conversation-turn relative flex w-full min-w-0 flex-col agent-turn\">\n<div class=\"flex-col gap-1 md:gap-3\">\n<div class=\"flex max-w-full flex-col flex-grow\">\n<div class=\"min-h-8 text-message flex w-full flex-col items-end gap-2 whitespace-normal break-words [.text-message+&amp;]:mt-5\" dir=\"auto\" data-message-author-role=\"assistant\" data-message-id=\"386a72ef-b74d-40ec-9a87-53fd452f6ce7\" data-message-model-slug=\"gpt-4o\">\n<div class=\"flex w-full flex-col gap-1 empty:hidden first:pt-[3px]\">\n<div class=\"markdown prose w-full break-words dark:prose-invert dark\">\n<p><span style=\"font-family: var(--global-body-font-family);\">Der <\/span><strong style=\"font-family: var(--global-body-font-family);\">Mercury V<\/strong><span style=\"font-family: var(--global-body-font-family);\"> revolutioniert eine langj\u00e4hrige Carr-Plattform, um bissige britische Marshall-\u00e4hnliche T\u00f6ne mit einem hochentwickelten Funktionsumfang und \u00fcberraschender Vielseitigkeit zu liefern. Von satten Cleans \u00fcber druckvolle Mitten-Crunchs bis hin zum schreienden R\u00f6hren-Overdrive \u2013 alles ist dabei und das mit mehr als genug Attit\u00fcde. Verpackt in einem \u00e4u\u00dferst tragbaren Format und perfekt geeignet f\u00fcr leises \u00dcben, bietet der Mercury V die Kraft eines Stacks f\u00fcr Proben, Studio und B\u00fchnenauftritte.<\/span><\/p>\n<\/div>\n<\/div>\n<\/div>\n<\/div>\n<\/div>\n<\/div>\n<\/div>\n<\/div>\n<\/article>\n<article class=\"w-full text-token-text-primary focus-visible:outline-2 focus-visible:outline-offset-[-4px]\" dir=\"auto\" data-testid=\"conversation-turn-1011\" data-scroll-anchor=\"true\">\n<div class=\"m-auto text-base py-[18px] px-3 md:px-4 w-full md:px-5 lg:px-4 xl:px-5\">\n<div class=\"mx-auto flex flex-1 gap-4 text-base md:gap-5 lg:gap-6 md:max-w-3xl lg:max-w-[40rem] xl:max-w-[48rem]\">\n<div class=\"group\/conversation-turn relative flex w-full min-w-0 flex-col agent-turn\">\n<div class=\"flex-col gap-1 md:gap-3\">\n<div class=\"flex max-w-full flex-col flex-grow\">\n<div class=\"min-h-8 text-message flex w-full flex-col items-end gap-2 whitespace-normal break-words [.text-message+&amp;]:mt-5\" dir=\"auto\" data-message-author-role=\"assistant\" data-message-id=\"3e4513c7-1158-42ee-802a-02fcf6b2a278\" data-message-model-slug=\"gpt-4o\">\n<div class=\"flex w-full flex-col gap-1 empty:hidden first:pt-[3px]\">\n<div class=\"markdown prose w-full break-words dark:prose-invert dark\">\n<p>&nbsp;<\/p>\n<p>Im Jahr 2003 erkl\u00e4rte das <em>Vintage Guitar<\/em>-Magazin den urspr\u00fcnglichen Mercury zum &#8220;Tone of the Gods&#8221;. Sein gro\u00dfer Bruder, der Mercury V, verfeinert diese Direktheit und Sensibilit\u00e4t in einem noch vielseitigeren Design, das eine breite Palette an Gain-Strukturen, Voicings und Ausgangspegeln bietet, um praktisch jedes Genre oder jeden Spielstil zu meistern.<\/p>\n<p>Der Mercury V basiert auf einem Paar 6V6GT-Endr\u00f6hren und liefert volle 16 Watt. Er verf\u00fcgt \u00fcber eine originelle Vorstufenschaltung mit zwei Volume-Reglern (f\u00fcr High- und Low-Voicings), einen Drei-Positionen-Boost-Schalter und einen Dreiband-EQ, um dynamische, deutlich britische T\u00f6ne zu erzeugen. Die Ergebnisse reichen von aufgedrehten &#8217;60er-Jahre-Cleans \u00fcber fetten &#8217;70er-Jahre-Rock bis hin zu Crunch und singenden Leads aus den &#8217;80ern und &#8217;90ern sowie sogar modernen High-Gain-Sounds. Die intern gekoppelte High- und Low-Kan\u00e4le k\u00f6nnen parallel wie ein klassischer Vier-Loch-Verst\u00e4rker betrieben oder in Reihe geschaltet werden, um extrem hohe Gain-Level zu erreichen.<\/p>\n<p>Ein eingebauter Attenuator \u2013 Carrs Spezialit\u00e4t \u2013 kann das Power-Level von 4 Watt bis zu einem Fl\u00fcstern reduzieren. Zus\u00e4tzlich gibt es einen Post-Poweramp-Line-Out, der es erm\u00f6glicht, den Sound an die PA oder ein Aufnahmeger\u00e4t weiterzuleiten. Mit dem federgetriebenen R\u00f6hren-Hall bietet der Mercury V eine F\u00fclle von mehrdimensionalen Kl\u00e4ngen in einem kompakten Combo-Format.<\/p>\n<p>Der Mercury V wird mit den hochwertigen Bauteilen und der legend\u00e4ren Handarbeit gebaut, f\u00fcr die Carr bekannt ist. Dazu geh\u00f6ren handgefertigte, verzinkte Kiefernholz-Geh\u00e4use aus North Carolina, milit\u00e4rische und NASA-taugliche Stromversorgungskomponenten und handverdrahtete Schaltungen.<\/p>\n<p><strong>Mercury V<\/strong> \u2014 von einem Fl\u00fcstern bis zum Gebr\u00fcll, einfach grandios!<\/p>\n<p><strong>Produktmerkmale<\/strong><\/p>\n<ul>\n<li>16 Watt Ausgangsleistung (Perfekte Leistung)<\/li>\n<li>3-Positionen-Boost-Schalter \u2013 British &#8217;60s bis &#8217;90s R\u00f6hren-Overdrive (Authentisch)<\/li>\n<li>Zwei Lautst\u00e4rkeregler \u2013 Parallel- oder Modifizierter Serienschalter (Big Stick)<\/li>\n<li>Eingebauter schaltbarer Attenuator von 16\/3 bis 0 Watt (Super N\u00fctzlich)<\/li>\n<li>3-Band-EQ \u2013 Treble, Mid, Bass (Kontrolle)<\/li>\n<li>Recording\/PA Line-Out (Effektive Kommunikation)<\/li>\n<li>Celestion Creamback M-65 12\u201d-Lautsprecher (Kraftvoll)<\/li>\n<li>Custom Carr-Transformatoren (Amerikanisch)<\/li>\n<li>Vollst\u00e4ndig handgefertigtes Geh\u00e4use aus gelber Kiefer (Nat\u00fcrlich)<\/li>\n<li>Feder-R\u00f6hrenhall (Aquatisch)<\/li>\n<\/ul>\n<p><strong>Produktspezifikationen<\/strong><\/p>\n<ul>\n<li><strong>Bauweise<\/strong>: Handverdrahtet (Point-to-Point) in den USA<\/li>\n<li><strong>Leistung<\/strong>: 16 Watt<\/li>\n<li><strong>Kan\u00e4le<\/strong>: Ein Kanal (mit zwei mischbaren Lautst\u00e4rkereglern)<\/li>\n<li><strong>R\u00f6hren<\/strong>: vier 12AX7, zwei 6V6GT<\/li>\n<li><strong>Regler<\/strong>: High und Low Volume, Drei-Wege-Boost, Reverb, Treble, Mid, Bass, Attenuator, Line-Out<\/li>\n<li><strong>Schalter<\/strong>: Parallel\/Serienschalter, Drei-Wege-Boost, Attenuator an\/aus, Power an\/aus\/standby<\/li>\n<li><strong>Lautsprecher<\/strong>: Celestion Creamback M65 12&#8243;<\/li>\n<li><strong>Abmessungen und Gewicht<\/strong>: 53,34 cm (B) x 43,18 cm (H) x 22,86 cm (T oben), 25,4 cm (T unten), 18,14 kg<\/li>\n<\/ul>\n<\/div>\n<\/div>\n<\/div>\n<\/div>\n<\/div>\n<\/div>\n<\/div>\n<\/div>\n<\/article>\n","protected":false},"excerpt":{"rendered":"<p>Der <strong>Mercury V<\/strong> erfindet eine langj\u00e4hrige Carr-Plattform neu, um bissige britische Marshall-\u00e4hnliche T\u00f6ne mit einem hochentwickelten Funktionsumfang und \u00fcberraschender Vielseitigkeit zu liefern. Von satten Cleans \u00fcber druckvolle Mitten-Crunchs bis hin zu schreiendem Overdrive \u2013 alles ist dabei, und das mit mehr als genug Attit\u00fcde. Verpackt in einem \u00e4u\u00dferst tragbaren Format und perfekt geeignet f\u00fcr leises \u00dcben, bringt der Mercury V die Kraft eines Stacks in den Proberaum, das Studio oder auf die B\u00fchne.<\/p>\n<p>Bei <strong>Guitar2Amp<\/strong> sind wir stolz darauf, autorisierter H\u00e4ndler von <strong>Carr Amplifiers<\/strong> zu sein. Sie k\u00f6nnen jedes Modell dieser Boutique-Marke bei uns bestellen und es nach Ihren pers\u00f6nlichen Vorlieben anpassen. Ob Sie spezifische Lackierungen ausw\u00e4hlen oder den Verst\u00e4rker auf Ihre Bed\u00fcrfnisse zuschneiden m\u00f6chten \u2013 Carr Amps bieten Musikern sowohl au\u00dfergew\u00f6hnlichen Klang als auch hervorragende Handwerkskunst. Kontaktieren Sie uns, um die verf\u00fcgbaren Anpassungsoptionen zu erkunden und Ihren idealen Verst\u00e4rker zu finden!<\/p>\n","protected":false},"featured_media":11039,"template":"","meta":{"_monsterinsights_skip_tracking":false,"_monsterinsights_sitenote_active":false,"_monsterinsights_sitenote_note":"","_monsterinsights_sitenote_category":0,"_uf_show_specific_survey":0,"_uf_disable_surveys":false,"_kadence_starter_templates_imported_post":false,"_kad_post_transparent":"default","_kad_post_title":"","_kad_post_layout":"default","_kad_post_sidebar_id":"","_kad_post_content_style":"default","_kad_post_vertical_padding":"default","_kad_post_feature":"","_kad_post_feature_position":"","_kad_post_header":false,"_kad_post_footer":false,"_kad_post_classname":""},"product_brand":[],"product_cat":[3942,221,219],"product_tag":[],"class_list":{"0":"post-11038","1":"product","2":"type-product","3":"status-publish","4":"has-post-thumbnail","6":"product_cat-carr_de","7":"product_cat-e-gitarren-verstaerke","8":"product_cat-verstaerke","10":"first","11":"onbackorder","12":"shipping-taxable","13":"purchasable","14":"product-type-simple","15":"entry","16":"content-bg","17":"loop-entry"},"jetpack_sharing_enabled":true,"_links":{"self":[{"href":"https:\/\/guitar2amp.de\/index.php\/wp-json\/wp\/v2\/product\/11038","targetHints":{"allow":["GET"]}}],"collection":[{"href":"https:\/\/guitar2amp.de\/index.php\/wp-json\/wp\/v2\/product"}],"about":[{"href":"https:\/\/guitar2amp.de\/index.php\/wp-json\/wp\/v2\/types\/product"}],"wp:featuredmedia":[{"embeddable":true,"href":"https:\/\/guitar2amp.de\/index.php\/wp-json\/wp\/v2\/media\/11039"}],"wp:attachment":[{"href":"https:\/\/guitar2amp.de\/index.php\/wp-json\/wp\/v2\/media?parent=11038"}],"wp:term":[{"taxonomy":"product_brand","embeddable":true,"href":"https:\/\/guitar2amp.de\/index.php\/wp-json\/wp\/v2\/product_brand?post=11038"},{"taxonomy":"product_cat","embeddable":true,"href":"https:\/\/guitar2amp.de\/index.php\/wp-json\/wp\/v2\/product_cat?post=11038"},{"taxonomy":"product_tag","embeddable":true,"href":"https:\/\/guitar2amp.de\/index.php\/wp-json\/wp\/v2\/product_tag?post=11038"}],"curies":[{"name":"wp","href":"https:\/\/api.w.org\/{rel}","templated":true}]}}