{"id":11045,"date":"2024-10-24T16:36:48","date_gmt":"2024-10-24T14:36:48","guid":{"rendered":"https:\/\/guitar2amp.de\/?post_type=product&#038;p=11045"},"modified":"2024-10-24T16:37:43","modified_gmt":"2024-10-24T14:37:43","slug":"carr-amplifiers-mercury-v-3","status":"publish","type":"product","link":"https:\/\/guitar2amp.de\/index.php\/pl\/product\/carr-amplifiers-mercury-v-3\/","title":{"rendered":"Carr Amplifiers Mercury V"},"content":{"rendered":"<p><strong>Mercury V<\/strong> to nowoczesna reinterpretacja klasycznej platformy Carr, kt\u00f3ra dostarcza pe\u0142nokrwiste, brytyjskie brzmienia w stylu Marshall z rozwini\u0119tym zestawem funkcji i zaskakuj\u0105c\u0105 wszechstronno\u015bci\u0105. Od czystych, grubych d\u017awi\u0119k\u00f3w, przez mocno zaznaczony \u015brodkowy zakres, a\u017c po zjawiskowy overdrive \u2013 wszystko, czego oczekujesz, z dodatkow\u0105 dawk\u0105 charakteru. Zapakowany w kompaktow\u0105 i niezwykle przeno\u015bn\u0105 obudow\u0119, <strong>Mercury V<\/strong> dostarcza brzmieniowego grzmotu rodem z du\u017cych wzmacniaczy, idealnie sprawdzaj\u0105c si\u0119 zar\u00f3wno w ma\u0142ych przestrzeniach, jak i na scenie klubowej czy w studiu.<\/p>\n<p>W 2003 roku magazyn Vintage Guitar okre\u015bli\u0142 oryginalny model <strong>Mercury<\/strong> mianem &#8220;Tone of the Gods&#8221;. Teraz jego wi\u0119kszy brat, <strong>Mercury V<\/strong>, przenosi te brzmienia na jeszcze wy\u017cszy poziom, oferuj\u0105c zr\u00f3\u017cnicowane struktury gainu, szerokie mo\u017cliwo\u015bci kreowania d\u017awi\u0119ku i r\u00f3\u017cne poziomy mocy, kt\u00f3re sprostaj\u0105 ka\u017cdemu stylowi muzycznemu i sytuacji.<\/p>\n<p>Bazuj\u0105c na dw\u00f3ch lampach mocy <strong>6V6GT<\/strong>, dostarczaj\u0105cych pe\u0142ne 16 wat\u00f3w mocy, <strong>Mercury V<\/strong> posiada unikalny obw\u00f3d przedwzmacniacza z dwoma regulatorami Volume (dla niskiego i wysokiego poziomu gainu), tr\u00f3jpozycyjny prze\u0142\u0105cznik <strong>Boost<\/strong> oraz tr\u00f3jzakresow\u0105 korekcj\u0119 EQ, kt\u00f3ra umo\u017cliwia uzyskanie dynamicznego brzmienia od czystych d\u017awi\u0119k\u00f3w lat 60., przez rockowy crunch lat 70., a\u017c po wysokogainowe d\u017awi\u0119ki z lat 80. i 90. Mo\u017cna go r\u00f3wnie\u017c prze\u0142\u0105czy\u0107 w tryb <strong>Parallel\/Series<\/strong>, co pozwala na skokowy wzrost gainu.<\/p>\n<p>Wzmacniacz posiada tak\u017ce wbudowany attenuator, kt\u00f3ry pozwala obni\u017cy\u0107 moc wyj\u015bciow\u0105 z 16 wat\u00f3w do zaledwie kilku wat\u00f3w, co czyni go idealnym zar\u00f3wno do \u0107wicze\u0144 w domu, jak i na ma\u0142ych scenach. Dodatkowo posiada wyj\u015bcie liniowe do nagrywania w studiu lub wysy\u0142ki sygna\u0142u do systemu PA na koncertach. Uzupe\u0142nieniem jest spr\u0119\u017cynowy reverb oparty na lampach, kt\u00f3ry dodaje brzmieniu dodatkowej przestrzeni.<\/p>\n<p>Wszystko to zosta\u0142o zbudowane z najwy\u017cszej jako\u015bci komponent\u00f3w, kt\u00f3re s\u0105 znakiem rozpoznawczym firmy <strong>Carr<\/strong> \u2013 solidna obudowa z \u017c\u00f3\u0142tej sosny, transformator produkcji USA i punktowe okablowanie, gwarantuj\u0105ce doskona\u0142e brzmienie.<\/p>\n<p><strong>Mercury V<\/strong> \u2013 od szeptu do ryku, i wszystko pomi\u0119dzy.<\/p>\n<h3>Specyfikacja techniczna:<\/h3>\n<ul>\n<li>Moc: 16 wat\u00f3w<\/li>\n<li>Przedwzmacniacz: cztery lampy <strong>12AX7<\/strong>, dwie lampy mocy <strong>6V6GT<\/strong><\/li>\n<li>Kontrolki: High i Low Volume, tr\u00f3jpozycyjny Boost, Reverb, Treble, Mid, Bass, Attenuator, Line Out<\/li>\n<li>Prze\u0142\u0105czniki: Parallel\/Series, Boost, Attenuator, w\u0142\u0105cznik\/wy\u0142\u0105cznik<\/li>\n<li>Funkcje: Spr\u0119\u017cynowy reverb, wbudowany attenuator, wyj\u015bcie liniowe<\/li>\n<li>G\u0142o\u015bnik: <strong>Celestion Creamback M65<\/strong> 12&#8243;<\/li>\n<li>Wymiary: Combo 1&#215;12&#8243; 53 cm (szer.) x 43 cm (wys.) x 22-25 cm (g\u0142.)<\/li>\n<li>Waga: 18 kg<\/li>\n<\/ul>\n","protected":false},"excerpt":{"rendered":"<p><strong>Mercury V<\/strong> to wzmacniacz \u0142\u0105cz\u0105cy klasyczne brytyjskie brzmienia z wszechstronnymi mo\u017cliwo\u015bciami. Kompaktowy, o mocy 16 wat\u00f3w, posiada dwa regulatory Volume, tr\u00f3jpozycyjny Boost i wbudowany attenuator, co sprawia, \u017ce doskonale sprawdza si\u0119 w ka\u017cdej sytuacji \u2013 od pr\u00f3b, przez koncerty, a\u017c po studio. Wyposa\u017cony w spr\u0119\u017cynowy reverb i g\u0142o\u015bnik <strong>Celestion Creamback M65<\/strong>, oferuje pe\u0142ni\u0119 bogatych i dynamicznych d\u017awi\u0119k\u00f3w w stylu Marshall.<\/p>\n<p>W\u00a0<strong>Guitar2Amp<\/strong>\u00a0jeste\u015bmy dumnymi, autoryzowanymi dystrybutorami\u00a0<strong>Carr Amplifiers<\/strong>. Oferujemy mo\u017cliwo\u015b\u0107 zam\u00f3wienia dowolnego modelu tej butikowej marki i spersonalizowania go wed\u0142ug Twoich preferencji. Bez wzgl\u0119du na to, czy chcesz wybra\u0107 konkretne wyko\u0144czenie, czy dostosowa\u0107 wzmacniacz do swoich potrzeb, wzmacniacze Carr oferuj\u0105 zar\u00f3wno wyj\u0105tkowy d\u017awi\u0119k, jak i najwy\u017csz\u0105 jako\u015b\u0107 wykonania. Skontaktuj si\u0119 z nami, aby dowiedzie\u0107 si\u0119 wi\u0119cej o opcjach personalizacji i znale\u017a\u0107 idealny wzmacniacz dla siebie!<\/p>\n<p>&nbsp;<\/p>\n","protected":false},"featured_media":11046,"template":"","meta":{"_monsterinsights_skip_tracking":false,"_monsterinsights_sitenote_active":false,"_monsterinsights_sitenote_note":"","_monsterinsights_sitenote_category":0,"_uf_show_specific_survey":0,"_uf_disable_surveys":false,"_kadence_starter_templates_imported_post":false,"_kad_post_transparent":"default","_kad_post_title":"","_kad_post_layout":"default","_kad_post_sidebar_id":"","_kad_post_content_style":"default","_kad_post_vertical_padding":"default","_kad_post_feature":"","_kad_post_feature_position":"","_kad_post_header":false,"_kad_post_footer":false,"_kad_post_classname":""},"product_brand":[],"product_cat":[3944,3253,3247],"product_tag":[],"class_list":{"0":"post-11045","1":"product","2":"type-product","3":"status-publish","4":"has-post-thumbnail","6":"product_cat-carr_pl","7":"product_cat-gitarowe","8":"product_cat-wzmacniacze","10":"first","11":"onbackorder","12":"shipping-taxable","13":"purchasable","14":"product-type-simple","15":"entry","16":"content-bg","17":"loop-entry"},"jetpack_sharing_enabled":true,"_links":{"self":[{"href":"https:\/\/guitar2amp.de\/index.php\/wp-json\/wp\/v2\/product\/11045","targetHints":{"allow":["GET"]}}],"collection":[{"href":"https:\/\/guitar2amp.de\/index.php\/wp-json\/wp\/v2\/product"}],"about":[{"href":"https:\/\/guitar2amp.de\/index.php\/wp-json\/wp\/v2\/types\/product"}],"wp:featuredmedia":[{"embeddable":true,"href":"https:\/\/guitar2amp.de\/index.php\/wp-json\/wp\/v2\/media\/11046"}],"wp:attachment":[{"href":"https:\/\/guitar2amp.de\/index.php\/wp-json\/wp\/v2\/media?parent=11045"}],"wp:term":[{"taxonomy":"product_brand","embeddable":true,"href":"https:\/\/guitar2amp.de\/index.php\/wp-json\/wp\/v2\/product_brand?post=11045"},{"taxonomy":"product_cat","embeddable":true,"href":"https:\/\/guitar2amp.de\/index.php\/wp-json\/wp\/v2\/product_cat?post=11045"},{"taxonomy":"product_tag","embeddable":true,"href":"https:\/\/guitar2amp.de\/index.php\/wp-json\/wp\/v2\/product_tag?post=11045"}],"curies":[{"name":"wp","href":"https:\/\/api.w.org\/{rel}","templated":true}]}}