{"id":11093,"date":"2024-10-28T16:20:17","date_gmt":"2024-10-28T15:20:17","guid":{"rendered":"https:\/\/guitar2amp.de\/?post_type=product&#038;p=11093"},"modified":"2025-03-03T19:17:09","modified_gmt":"2025-03-03T18:17:09","slug":"2007-fender-custom-shop-telecaster-custom-classic-3","status":"publish","type":"product","link":"https:\/\/guitar2amp.de\/index.php\/pl\/product\/2007-fender-custom-shop-telecaster-custom-classic-3\/","title":{"rendered":"2007 Fender Custom Shop Telecaster Custom Classic"},"content":{"rendered":"<h3>Fender Custom Shop Telecaster Custom Classic \u2013 Wyj\u0105tkowy Telecaster Custom Order<\/h3>\n<p>Na sprzeda\u017c unikalny <strong>Fender Custom Shop Telecaster Custom Classic<\/strong>, zam\u00f3wiony jako <strong>Custom Order<\/strong> w Fender Custom Shop \u2013 potwierdzenie tego uzyska\u0142em bezpo\u015brednio od producenta. Ten Telecaster \u0142\u0105czy klasyczny styl z nowoczesnymi rozwi\u0105zaniami, kt\u00f3re czyni\u0105 go atrakcyjnym zar\u00f3wno wizualnie, jak i brzmieniowo.<\/p>\n<p>Gitara jest wyko\u0144czona w eleganckim kolorze <strong>Pearl White<\/strong>, kt\u00f3ry z up\u0142ywem czasu delikatnie po\u017c\u00f3\u0142k\u0142, nadaj\u0105c jej klimatyczny, vintage\u2019owy wygl\u0105d. R\u00f3\u017cnic\u0119 wida\u0107 zw\u0142aszcza po zdj\u0119ciu pickguardu. Korpus posiada podw\u00f3jny binding w kolorze <strong>tortoise<\/strong>, kt\u00f3ry tworzy \u015bwietny kontrast z per\u0142ow\u0105 barw\u0105 instrumentu.<\/p>\n<h3>Specyfikacja:<\/h3>\n<ul>\n<li><strong>Wyko\u0144czenie korpusu<\/strong>: Pearl White, z subtelnym efektem vintage<\/li>\n<li><strong>Binding<\/strong>: Tortoise (double bound)<\/li>\n<li><strong>Szyjka<\/strong>: Klon falisty o wygodnym profilu C<\/li>\n<li><strong>Podstrunnica<\/strong>: Klon<\/li>\n<li><strong>Klucze<\/strong>: Blokowane Schaller M6<\/li>\n<li><strong>Przetworniki<\/strong>:\n<ul>\n<li>Oryginalne SCN zosta\u0142y zast\u0105pione przez klasyczne <strong>Custom Shop Twisted Tele<\/strong> oraz <strong>Texas Special<\/strong><\/li>\n<\/ul>\n<\/li>\n<li><strong>Wygl\u0105d i wygoda<\/strong>: Instrument \u0142\u0105czy estetyczny design z wysok\u0105 grywalno\u015bci\u0105<\/li>\n<\/ul>\n<h3>Wra\u017cenia z gry:<\/h3>\n<p>Gitara jest wyj\u0105tkowo wygodna i dobrze rezonuje, co sprawia, \u017ce to instrument nie tylko funkcjonalny, ale tak\u017ce wizualnie przyci\u0105gaj\u0105cy wzrok \u2013 doskona\u0142y zar\u00f3wno do gry, jak i do kolekcji.<\/p>\n<p><strong>Zapraszam do kontaktu i test\u00f3w!<\/strong><\/p>\n","protected":false},"excerpt":{"rendered":"<h3>Fender Custom Shop Telecaster Custom Classic \u2013 Wyj\u0105tkowy Telecaster Custom Order<\/h3>\n<p>Na sprzeda\u017c unikalny <strong>Fender Custom Shop Telecaster Custom Classic<\/strong>, zam\u00f3wiony jako <strong>Custom Order<\/strong> w Fender Custom Shop \u2013 potwierdzenie tego uzyska\u0142em bezpo\u015brednio od producenta. Ten Telecaster \u0142\u0105czy klasyczny styl z nowoczesnymi rozwi\u0105zaniami, kt\u00f3re czyni\u0105 go atrakcyjnym zar\u00f3wno wizualnie, jak i brzmieniowo.<\/p>\n","protected":false},"featured_media":11113,"template":"","meta":{"_monsterinsights_skip_tracking":false,"_monsterinsights_sitenote_active":false,"_monsterinsights_sitenote_note":"","_monsterinsights_sitenote_category":0,"_uf_show_specific_survey":0,"_uf_disable_surveys":false,"_kadence_starter_templates_imported_post":false,"_kad_post_transparent":"default","_kad_post_title":"","_kad_post_layout":"default","_kad_post_sidebar_id":"","_kad_post_content_style":"default","_kad_post_vertical_padding":"default","_kad_post_feature":"","_kad_post_feature_position":"","_kad_post_header":false,"_kad_post_footer":false,"_kad_post_classname":""},"product_brand":[],"product_cat":[3636],"product_tag":[],"class_list":{"0":"post-11093","1":"product","2":"type-product","3":"status-publish","4":"has-post-thumbnail","6":"product_cat-archiwum","8":"first","9":"outofstock","10":"shipping-taxable","11":"product-type-simple","12":"entry","13":"content-bg","14":"loop-entry"},"jetpack_sharing_enabled":true,"_links":{"self":[{"href":"https:\/\/guitar2amp.de\/index.php\/wp-json\/wp\/v2\/product\/11093","targetHints":{"allow":["GET"]}}],"collection":[{"href":"https:\/\/guitar2amp.de\/index.php\/wp-json\/wp\/v2\/product"}],"about":[{"href":"https:\/\/guitar2amp.de\/index.php\/wp-json\/wp\/v2\/types\/product"}],"wp:featuredmedia":[{"embeddable":true,"href":"https:\/\/guitar2amp.de\/index.php\/wp-json\/wp\/v2\/media\/11113"}],"wp:attachment":[{"href":"https:\/\/guitar2amp.de\/index.php\/wp-json\/wp\/v2\/media?parent=11093"}],"wp:term":[{"taxonomy":"product_brand","embeddable":true,"href":"https:\/\/guitar2amp.de\/index.php\/wp-json\/wp\/v2\/product_brand?post=11093"},{"taxonomy":"product_cat","embeddable":true,"href":"https:\/\/guitar2amp.de\/index.php\/wp-json\/wp\/v2\/product_cat?post=11093"},{"taxonomy":"product_tag","embeddable":true,"href":"https:\/\/guitar2amp.de\/index.php\/wp-json\/wp\/v2\/product_tag?post=11093"}],"curies":[{"name":"wp","href":"https:\/\/api.w.org\/{rel}","templated":true}]}}