{"id":11499,"date":"2024-11-16T17:54:23","date_gmt":"2024-11-16T16:54:23","guid":{"rendered":"https:\/\/guitar2amp.de\/?post_type=product&#038;p=11499"},"modified":"2025-05-06T19:09:53","modified_gmt":"2025-05-06T17:09:53","slug":"2008-swart-atomic-space-tone-1x12-combo-2","status":"publish","type":"product","link":"https:\/\/guitar2amp.de\/index.php\/pl\/product\/2008-swart-atomic-space-tone-1x12-combo-2\/","title":{"rendered":"2008 Swart Atomic Space Tone 1&#215;12 Combo"},"content":{"rendered":"<h3><strong>Swart Atomic Space Tone (AST) \u2013 Rocznik 2008<\/strong><\/h3>\n<p>Swart Atomic Space Tone (AST) to jeden z najbardziej kultowych wzmacniaczy lampowych klasy A, kt\u00f3ry \u0142\u0105czy klasyczne inspiracje brzmieniowe z nowoczesnym podej\u015bciem do konstrukcji i designu. Stworzony przez Michaela Swarta, wzmacniacz ten jest dowodem na to, \u017ce sprz\u0119t butikowy mo\u017ce dostarcza\u0107 zar\u00f3wno doskona\u0142ego brzmienia, jak i estetyki, kt\u00f3ra wyr\u00f3\u017cnia go na tle konkurencji.<\/p>\n<p>Swart AST to wzmacniacz, kt\u00f3ry swoim unikalnym designem i niesamowitym brzmieniem przyci\u0105ga uwag\u0119 ka\u017cdego, kto &#8220;zna si\u0119 na rzeczy&#8221;. Wykonany z najwy\u017cszej jako\u015bci materia\u0142\u00f3w, takich jak r\u0119cznie dopasowywane obudowy ze sklejki sosnowej \u0142\u0105czonej na jask\u00f3\u0142czy ogon i pokryte lakierowanym tweedem, AST to prawdziwa uczta zar\u00f3wno dla uszu, jak i oczu.<\/p>\n<hr \/>\n<h3><strong>Specyfikacja techniczna:<\/strong><\/h3>\n<ul>\n<li><strong>Moc:<\/strong> 18-22 W (klasa A, cathode biased)<\/li>\n<li><strong>Lampy:<\/strong>\n<ul>\n<li><strong>Preamp:<\/strong> 2 x 12AX7<\/li>\n<li><strong>Tremolo:<\/strong> 12AX7 (bias-reg.)<\/li>\n<li><strong>Reverb:<\/strong> 12DW7<\/li>\n<li><strong>Ko\u0144c\u00f3wka mocy:<\/strong> 2 x 6V6 (mo\u017cliwo\u015b\u0107 zamiany na 6L6 dla wi\u0119kszej dynamiki)<\/li>\n<li><strong>Prostownik:<\/strong> JJ 5AR4<\/li>\n<\/ul>\n<\/li>\n<li><strong>G\u0142o\u015bnik:<\/strong> 12&#8243; Mojotone British Vintage Series BV-25m<\/li>\n<li><strong>Efekty:<\/strong>\n<ul>\n<li>Lampowy reverb o g\u0142\u0119bokim, przestrzennym brzmieniu<\/li>\n<li>Lampowe tremolo o organicznej, dynamicznej charakterystyce<\/li>\n<\/ul>\n<\/li>\n<li><strong>Transformator:<\/strong> Custom Heyboer USA (zwi\u0119kszona wytrzyma\u0142o\u015b\u0107 i doskona\u0142e brzmienie)<\/li>\n<li><strong>Konstrukcja:<\/strong>\n<ul>\n<li>R\u0119czne lutowanie point &#8211; point<\/li>\n<li>Rezystory w\u0119glowe dla najlepszego brzmienia<\/li>\n<li>Kondensatory Mallory, Sprague i JJ, precyzyjnie dobrane do r\u00f3l w uk\u0142adzie<\/li>\n<\/ul>\n<\/li>\n<li><strong>Obudowa:<\/strong> Sklejka sosnowa \u0142\u0105czona na jask\u00f3\u0142czy ogon, wyko\u0144czona lakierowanym tweedem z ciemnymi panelami bocznymi<\/li>\n<li><strong>Wymiary:<\/strong> 18&#8243; T x 15 1\/2&#8243; W x 9 1\/2&#8243; D (~45 x 39 x 24 cm)<\/li>\n<li><strong>Waga:<\/strong> ok. 14kg<\/li>\n<li><strong>Dodatkowe funkcje:<\/strong>\n<ul>\n<li>W\u0142\u0105cznik standby dla wyd\u0142u\u017cenia \u017cywotno\u015bci lamp<\/li>\n<li>Wej\u015bcia wysokie i niskie (high i low)<\/li>\n<li>Dedykowany 2-przyciskowy footswitch do obs\u0142ugi reverbu i tremolo<\/li>\n<\/ul>\n<\/li>\n<\/ul>\n<hr \/>\n<h3><strong>O marce Swart Amplifiers<\/strong><\/h3>\n<p>Swart Amplifiers, za\u0142o\u017cony przez Michaela Swarta w Wilmington w Karolinie P\u00f3\u0142nocnej, to synonim najwy\u017cszej jako\u015bci w \u015bwiecie wzmacniaczy lampowych. Firma ta specjalizuje si\u0119 w tworzeniu wzmacniaczy inspirowanych klasyk\u0105, ale wyposa\u017conych w innowacyjne rozwi\u0105zania technologiczne. Swart Amplifiers to marka wybierana przez profesjonalist\u00f3w i pasjonat\u00f3w, kt\u00f3rzy szukaj\u0105 wyj\u0105tkowego brzmienia i niezawodno\u015bci.<\/p>\n<hr \/>\n<h3><strong>Dlaczego warto wybra\u0107 Swart AST?<\/strong><\/h3>\n<p>Swart AST to nie tylko wzmacniacz, ale r\u00f3wnie\u017c dzie\u0142o sztuki, kt\u00f3re \u0142\u0105czy w sobie doskona\u0142e brzmienie, wyj\u0105tkowy design i precyzj\u0119 r\u0119cznego wykonania. Jego unikalne po\u0142\u0105czenie lampowego tremolo, przestrzennego reverbu i niesamowitej dynamiki sprawia, \u017ce jest idealny zar\u00f3wno do gry w studio, jak i na \u017cywo. AST to tak\u017ce doskona\u0142y wyb\u00f3r dla gitarzyst\u00f3w ceni\u0105cych sobie klasyczne brzmienie w nowoczesnym wydaniu.<\/p>\n<p>Ten egzemplarz z 2008 roku jest w \u015bwietnym stanie technicznym i wizualnym, z minimalnymi \u015bladami u\u017cytkowania, kt\u00f3re podkre\u015blaj\u0105 jego charakter i histori\u0119. To wzmacniacz dla ka\u017cdego, kto szuka prawdziwego butikowego brzmienia i stylu.<\/p>\n<p>Zapraszam do kontaktu w sprawie test\u00f3w lub dodatkowych pyta\u0144!<\/p>\n","protected":false},"excerpt":{"rendered":"<p>Swart Atomic Space Tone (AST) \u2013 Rocznik 2008 Swart Atomic Space Tone (AST) to jeden z najbardziej kultowych wzmacniaczy lampowych klasy A, kt\u00f3ry \u0142\u0105czy klasyczne inspiracje brzmieniowe z nowoczesnym podej\u015bciem do konstrukcji i designu. Stworzony przez Michaela Swarta, wzmacniacz ten jest dowodem na to, \u017ce sprz\u0119t butikowy mo\u017ce dostarcza\u0107 zar\u00f3wno doskona\u0142ego brzmienia, jak i estetyki,&#8230;<\/p>\n","protected":false},"featured_media":11500,"template":"","meta":{"_monsterinsights_skip_tracking":false,"_monsterinsights_sitenote_active":false,"_monsterinsights_sitenote_note":"","_monsterinsights_sitenote_category":0,"_uf_show_specific_survey":0,"_uf_disable_surveys":false,"_kadence_starter_templates_imported_post":false,"_kad_post_transparent":"default","_kad_post_title":"","_kad_post_layout":"default","_kad_post_sidebar_id":"","_kad_post_content_style":"default","_kad_post_vertical_padding":"default","_kad_post_feature":"","_kad_post_feature_position":"","_kad_post_header":false,"_kad_post_footer":false,"_kad_post_classname":""},"product_brand":[],"product_cat":[3253,3247],"product_tag":[],"class_list":{"0":"post-11499","1":"product","2":"type-product","3":"status-publish","4":"has-post-thumbnail","6":"product_cat-gitarowe","7":"product_cat-wzmacniacze","9":"first","10":"outofstock","11":"shipping-taxable","12":"purchasable","13":"product-type-simple","14":"entry","15":"content-bg","16":"loop-entry"},"jetpack_sharing_enabled":true,"_links":{"self":[{"href":"https:\/\/guitar2amp.de\/index.php\/wp-json\/wp\/v2\/product\/11499","targetHints":{"allow":["GET"]}}],"collection":[{"href":"https:\/\/guitar2amp.de\/index.php\/wp-json\/wp\/v2\/product"}],"about":[{"href":"https:\/\/guitar2amp.de\/index.php\/wp-json\/wp\/v2\/types\/product"}],"wp:featuredmedia":[{"embeddable":true,"href":"https:\/\/guitar2amp.de\/index.php\/wp-json\/wp\/v2\/media\/11500"}],"wp:attachment":[{"href":"https:\/\/guitar2amp.de\/index.php\/wp-json\/wp\/v2\/media?parent=11499"}],"wp:term":[{"taxonomy":"product_brand","embeddable":true,"href":"https:\/\/guitar2amp.de\/index.php\/wp-json\/wp\/v2\/product_brand?post=11499"},{"taxonomy":"product_cat","embeddable":true,"href":"https:\/\/guitar2amp.de\/index.php\/wp-json\/wp\/v2\/product_cat?post=11499"},{"taxonomy":"product_tag","embeddable":true,"href":"https:\/\/guitar2amp.de\/index.php\/wp-json\/wp\/v2\/product_tag?post=11499"}],"curies":[{"name":"wp","href":"https:\/\/api.w.org\/{rel}","templated":true}]}}