{"id":11508,"date":"2024-11-16T17:58:00","date_gmt":"2024-11-16T16:58:00","guid":{"rendered":"https:\/\/guitar2amp.de\/?post_type=product&#038;p=11508"},"modified":"2025-05-06T19:09:53","modified_gmt":"2025-05-06T17:09:53","slug":"2008-swart-atomic-space-tone-1x12-combo-3","status":"publish","type":"product","link":"https:\/\/guitar2amp.de\/index.php\/de\/product\/2008-swart-atomic-space-tone-1x12-combo-3\/","title":{"rendered":"2008 Swart Atomic Space Tone 1&#215;12 Combo"},"content":{"rendered":"<h3><strong>Swart Atomic Space Tone (AST) \u2013 Modell 2008<\/strong><\/h3>\n<p>Der Swart Atomic Space Tone (AST) ist einer der ikonischsten Class-A-R\u00f6hrenverst\u00e4rker, der vintage-inspirierte Kl\u00e4nge mit moderner Handwerkskunst und Design verbindet. Entworfen von Michael Swart, verk\u00f6rpert dieser Verst\u00e4rker die Essenz von Boutique-Equipment und liefert au\u00dfergew\u00f6hnlichen Klang und eine auff\u00e4llige \u00c4sthetik.<\/p>\n<p>Der AST ist ein einzigartiger Verst\u00e4rker, der sowohl durch seinen Klang als auch durch seine Optik \u00fcberzeugt. Er wird aus den besten Materialien gefertigt, darunter ein handgefertigtes Geh\u00e4use aus fingerverzahntem Kiefernholz, das mit lackiertem Tweed und dunklen Seitenpaneelen veredelt wurde.<\/p>\n<hr \/>\n<h3><strong>Technische Spezifikationen:<\/strong><\/h3>\n<ul>\n<li><strong>Leistung:<\/strong> 18-22 Watt (Class A, Kathoden-Bias)<\/li>\n<li><strong>R\u00f6hren:<\/strong>\n<ul>\n<li><strong>Vorverst\u00e4rker:<\/strong> 2 x 12AX7<\/li>\n<li><strong>Tremolo:<\/strong> 12AX7 (bias-reguliert)<\/li>\n<li><strong>Reverb:<\/strong> 12DW7<\/li>\n<li><strong>Endstufe:<\/strong> 2 x 6V6 (austauschbar gegen 6L6 f\u00fcr mehr Headroom)<\/li>\n<li><strong>Gleichrichter:<\/strong> JJ 5AR4<\/li>\n<\/ul>\n<\/li>\n<li><strong>Lautsprecher:<\/strong> 12&#8243; Mojotone British Vintage Series BV-25m<\/li>\n<li><strong>Effekte:<\/strong>\n<ul>\n<li>Vollr\u00f6hren-Reverb f\u00fcr einen tiefen, r\u00e4umlichen Klang<\/li>\n<li>Vollr\u00f6hren-Tremolo mit organischer Dynamik<\/li>\n<\/ul>\n<\/li>\n<li><strong>Transformator:<\/strong> Custom Heyboer USA (f\u00fcr h\u00f6chste Haltbarkeit und au\u00dfergew\u00f6hnlichen Klang)<\/li>\n<li><strong>Konstruktion:<\/strong>\n<ul>\n<li>Handverdrahtet, Point-to-Point<\/li>\n<li>Carbon-Kompositionswiderst\u00e4nde f\u00fcr \u00fcberragenden Klang<\/li>\n<li>Mallory-, Sprague- und JJ-Kondensatoren, sorgf\u00e4ltig ausgew\u00e4hlt<\/li>\n<\/ul>\n<\/li>\n<li><strong>Geh\u00e4use:<\/strong> Handgefertigt, fingerverzahntes Kiefernholz mit lackiertem Tweed und dunklen Seitenpaneelen<\/li>\n<li><strong>Ma\u00dfe:<\/strong> 45 x 39 x 24 cm (18&#8243; T x 15 1\/2&#8243; W x 9 1\/2&#8243; D)<\/li>\n<li><strong>Gewicht:<\/strong> ca. 14kg<\/li>\n<li><strong>Zus\u00e4tzliche Funktionen:<\/strong>\n<ul>\n<li>Standby-Schalter zur Verl\u00e4ngerung der R\u00f6hrenlebensdauer<\/li>\n<li>High- und Low-Eing\u00e4nge f\u00fcr unterschiedliche Pickup-Ausg\u00e4nge<\/li>\n<li>Dedizierter 2-Tasten-Fu\u00dfschalter f\u00fcr Reverb und Tremolo<\/li>\n<\/ul>\n<\/li>\n<\/ul>\n<hr \/>\n<h3><strong>\u00dcber Swart Amplifiers<\/strong><\/h3>\n<p>Gegr\u00fcndet von Michael Swart in Wilmington, North Carolina, steht Swart Amplifiers f\u00fcr hochwertige Boutique-R\u00f6hrenverst\u00e4rker. Mit vintage-inspirierten Designs und innovativen Funktionen ist Swart die erste Wahl f\u00fcr Profis und Enthusiasten, die au\u00dfergew\u00f6hnlichen Klang und Zuverl\u00e4ssigkeit suchen.<\/p>\n<hr \/>\n<h3><strong>Warum den Swart AST w\u00e4hlen?<\/strong><\/h3>\n<p>Der Swart AST ist mehr als nur ein Verst\u00e4rker \u2013 er ist ein Kunstwerk, das unvergleichlichen Klang, einzigartiges Design und sorgf\u00e4ltige Handarbeit vereint. Die Kombination aus Vollr\u00f6hren-Tremolo, sattem Reverb und herausragender Dynamik macht ihn perfekt f\u00fcr Studio- und Live-Auftritte. Der AST ist die ideale Wahl f\u00fcr Spieler, die den Charme von Vintage-Kl\u00e4ngen mit moderner Zuverl\u00e4ssigkeit verbinden m\u00f6chten.<\/p>\n<p>Dieses Modell aus dem Jahr 2008 befindet sich in ausgezeichnetem Zustand, mit minimalen Gebrauchsspuren, die seinen Charakter unterstreichen. Ein Boutique-Verst\u00e4rker f\u00fcr alle, die au\u00dfergew\u00f6hnlichen Klang und Stil suchen.<\/p>\n<p>Kontaktieren Sie uns f\u00fcr weitere Informationen oder um einen Test zu vereinbaren!<\/p>\n","protected":false},"excerpt":{"rendered":"<h3><strong>Swart Atomic Space Tone (AST) \u2013 Modell 2008<\/strong><\/h3>\n<p>Der Swart Atomic Space Tone (AST) ist einer der ikonischsten Class-A-R\u00f6hrenverst\u00e4rker, der vintage-inspirierte Kl\u00e4nge mit moderner Handwerkskunst und Design verbindet. Entworfen von Michael Swart, verk\u00f6rpert dieser Verst\u00e4rker die Essenz von Boutique-Equipment und liefert au\u00dfergew\u00f6hnlichen Klang und eine auff\u00e4llige \u00c4sthetik.<\/p>\n<p>Der AST ist ein einzigartiger Verst\u00e4rker, der sowohl durch seinen Klang als auch durch seine Optik \u00fcberzeugt. Er wird aus den besten Materialien gefertigt, darunter ein handgefertigtes Geh\u00e4use aus fingerverzahntem Kiefernholz, das mit lackiertem Tweed und dunklen Seitenpaneelen veredelt wurde.<\/p>\n","protected":false},"featured_media":11509,"template":"","meta":{"_monsterinsights_skip_tracking":false,"_monsterinsights_sitenote_active":false,"_monsterinsights_sitenote_note":"","_monsterinsights_sitenote_category":0,"_uf_show_specific_survey":0,"_uf_disable_surveys":false,"_kadence_starter_templates_imported_post":false,"_kad_post_transparent":"default","_kad_post_title":"","_kad_post_layout":"default","_kad_post_sidebar_id":"","_kad_post_content_style":"default","_kad_post_vertical_padding":"default","_kad_post_feature":"","_kad_post_feature_position":"","_kad_post_header":false,"_kad_post_footer":false,"_kad_post_classname":""},"product_brand":[],"product_cat":[221,219],"product_tag":[],"class_list":{"0":"post-11508","1":"product","2":"type-product","3":"status-publish","4":"has-post-thumbnail","6":"product_cat-e-gitarren-verstaerke","7":"product_cat-verstaerke","9":"first","10":"outofstock","11":"shipping-taxable","12":"purchasable","13":"product-type-simple","14":"entry","15":"content-bg","16":"loop-entry"},"jetpack_sharing_enabled":true,"_links":{"self":[{"href":"https:\/\/guitar2amp.de\/index.php\/wp-json\/wp\/v2\/product\/11508","targetHints":{"allow":["GET"]}}],"collection":[{"href":"https:\/\/guitar2amp.de\/index.php\/wp-json\/wp\/v2\/product"}],"about":[{"href":"https:\/\/guitar2amp.de\/index.php\/wp-json\/wp\/v2\/types\/product"}],"wp:featuredmedia":[{"embeddable":true,"href":"https:\/\/guitar2amp.de\/index.php\/wp-json\/wp\/v2\/media\/11509"}],"wp:attachment":[{"href":"https:\/\/guitar2amp.de\/index.php\/wp-json\/wp\/v2\/media?parent=11508"}],"wp:term":[{"taxonomy":"product_brand","embeddable":true,"href":"https:\/\/guitar2amp.de\/index.php\/wp-json\/wp\/v2\/product_brand?post=11508"},{"taxonomy":"product_cat","embeddable":true,"href":"https:\/\/guitar2amp.de\/index.php\/wp-json\/wp\/v2\/product_cat?post=11508"},{"taxonomy":"product_tag","embeddable":true,"href":"https:\/\/guitar2amp.de\/index.php\/wp-json\/wp\/v2\/product_tag?post=11508"}],"curies":[{"name":"wp","href":"https:\/\/api.w.org\/{rel}","templated":true}]}}