{"id":11609,"date":"2024-11-22T14:57:55","date_gmt":"2024-11-22T13:57:55","guid":{"rendered":"https:\/\/guitar2amp.de\/?post_type=product&#038;p=11609"},"modified":"2025-11-04T15:05:54","modified_gmt":"2025-11-04T14:05:54","slug":"gibson-custom-shop-collectors-choice-29-tamio-okuda-1959-les-paul-standard-2","status":"publish","type":"product","link":"https:\/\/guitar2amp.de\/index.php\/de\/product\/gibson-custom-shop-collectors-choice-29-tamio-okuda-1959-les-paul-standard-2\/","title":{"rendered":"Gibson Custom Shop Collector\u2019s Choice\u2122 #29 &#8211; Tamio Okuda 1959 Les Paul\u2122 Standard"},"content":{"rendered":"<p><strong>Gibson Custom Shop Collector\u2019s Choice\u2122 #29 &#8211; Tamio Okuda 1959 Les Paul\u2122 Standard<\/strong><\/p>\n<p>Die\u00a0<strong>Collector&#8217;s Choice\u2122 #29<\/strong>, eine originalgetreue Replika von Tamio Okudas legend\u00e4rer 1959 Gibson Les Paul, verk\u00f6rpert das Engagement des Gibson Custom Shops, das Erbe einer der ber\u00fchmtesten E-Gitarren der Geschichte zu ehren. Dieses spezielle Modell f\u00e4ngt die einzigartigen Merkmale und den Charakter von Okudas Original-Burst ein und bietet Musikern die M\u00f6glichkeit, ein St\u00fcck Gitarrengeschichte zu besitzen.<\/p>\n<p>Dieses Modell besticht durch sein\u00a0<strong>VOS (Vintage Original Spec) Finish<\/strong>, das eine sorgf\u00e4ltig gealterte Patina mit zarten Gebrauchsspuren, feinen Haarrissen und einer edlen Patina auf der Hardware aufweist. Nur wenige Collector\u2019s Choice Modelle wurden sowohl in einer gealterten als auch in einer VOS-Version ver\u00f6ffentlicht, was diese Gitarre besonders exklusiv macht.<\/p>\n<hr \/>\n<h3><strong>Warum Collector&#8217;s Choice\u2122 #29?<\/strong><\/h3>\n<p>Tamio Okuda, einer der bekanntesten Gitarristen und Songwriter Japans, besitzt das Original der 1959 Les Paul Standard, das als Vorlage f\u00fcr dieses Modell diente. Gibson hat jedes Detail der Gitarre originalgetreu reproduziert, von dem\u00a0<strong>volleren Halsprofil<\/strong>, das eher in Richtung eines &#8217;58er Profils geht, bis hin zu den sorgf\u00e4ltig ausgew\u00e4hlten Tonh\u00f6lzern. Die &#8217;57 Classic Humbucker liefern den legend\u00e4ren PAF-Sound, was diese Gitarre gleicherma\u00dfen f\u00fcr Musiker und Sammler attraktiv macht.<\/p>\n<p>Diese Gitarre wurde in einer Sammlung sorgsam aufbewahrt und ist\u00a0<strong>unbespielt<\/strong>, was ein makelloses Spielerlebnis mit der h\u00f6chsten Handwerkskunst und dem ikonischen Klang erm\u00f6glicht.<\/p>\n<hr \/>\n<h3><strong>Spezifikationen:<\/strong><\/h3>\n<ul>\n<li><strong>Korpus:<\/strong>\n<ul>\n<li><strong>Decke:<\/strong>\u00a0Geflammter Ahorn<\/li>\n<li><strong>R\u00fcckseite:<\/strong>\u00a0Massives Mahagoni<\/li>\n<li><strong>Finish:<\/strong>\u00a0Nitrocellulose-Lack, VOS (Vintage Original Spec)<\/li>\n<li><strong>Farbe:<\/strong>\u00a0Heritage Cherry Sunburst<\/li>\n<\/ul>\n<\/li>\n<li><strong>Hals:<\/strong>\n<ul>\n<li><strong>Material:<\/strong>\u00a0Massives Mahagoni<\/li>\n<li><strong>Profil:<\/strong>\u00a0Volles &#8217;59er Profil, tendierend zum &#8217;58er<\/li>\n<li><strong>Griffbrett:<\/strong>\u00a0Indischer Palisander<\/li>\n<li><strong>B\u00fcnde:<\/strong>\u00a022, Medium Jumbo<\/li>\n<li><strong>Mensur:<\/strong>\u00a024.75&#8243; (628.65 mm)<\/li>\n<li><strong>Sattelbreite:<\/strong>\u00a01.687&#8243; (42.85 mm)<\/li>\n<li><strong>Einlagen:<\/strong>\u00a0Gealterte Acryl-Trapeze<\/li>\n<\/ul>\n<\/li>\n<li><strong>Hardware:<\/strong>\n<ul>\n<li><strong>Br\u00fccke:<\/strong>\u00a0ABR-1 Tune-O-Matic<\/li>\n<li><strong>Saitenhalter:<\/strong>\u00a0Aluminium Stopbar<\/li>\n<li><strong>Mechaniken:<\/strong>\u00a0Kluson Deluxe<\/li>\n<li><strong>Hardware-Finish:<\/strong>\u00a0Nickel<\/li>\n<\/ul>\n<\/li>\n<li><strong>Elektronik:<\/strong>\n<ul>\n<li><strong>Tonabnehmer:<\/strong>\u00a0Gibson &#8217;57 Classic Humbucker (Hals &amp; Steg)<\/li>\n<li><strong>Regler:<\/strong>\u00a02 Volume, 2 Tone, 3-Wege-Schalter<\/li>\n<li><strong>Verkabelung:<\/strong>\u00a0Handverdrahtet mit Bumblebee-Kondensatoren<\/li>\n<\/ul>\n<\/li>\n<li><strong>Gewicht:<\/strong> Ca. 3,95kg<\/li>\n<li><strong>Besondere Merkmale:<\/strong>\n<ul>\n<li>Gealterte Kunststoffteile und Nickel-Hardware f\u00fcr authentische Vintage-Optik<\/li>\n<li>Historisch korrekte Details, basierend auf der 1959 Les Paul Standard<\/li>\n<\/ul>\n<\/li>\n<\/ul>\n<hr \/>\n<h3><strong>Ein Sammlerst\u00fcck<\/strong><\/h3>\n<p>Diese Gitarre ist Teil der exklusiven Collector&#8217;s Choice\u2122 Serie von Gibson, die die seltensten und bekanntesten originalen Bursts feiert. Sie bietet die unvergleichliche Resonanz, das Sustain und die W\u00e4rme, die die &#8217;59 Les Paul zum Goldstandard der E-Gitarren gemacht haben.<\/p>\n<p>Im Lieferumfang enthalten sind das\u00a0<strong>originale Hardshell-Case<\/strong>, das Echtheitszertifikat und die Dokumentation des Gibson Custom Shops.<\/p>\n<hr \/>\n<h3><strong>Warum Guitar2Amp?<\/strong><\/h3>\n<p>Bei Guitar2Amp sind wir darauf spezialisiert, Ihnen die besten Gitarren, Verst\u00e4rker und Zubeh\u00f6rteile der Welt anzubieten. Als offizieller Vertriebspartner f\u00fchrender Marken sind wir stolz darauf, erstklassige Instrumente f\u00fcr anspruchsvolle Musiker und Sammler bereitzustellen.<\/p>\n<p>Besitzen Sie ein echtes St\u00fcck Gibson-Geschichte mit der\u00a0<strong>Collector\u2019s Choice\u2122 #29<\/strong>\u00a0\u2013 einer Gitarre, die die h\u00f6chste Handwerkskunst, herausragenden Klang und reiches Erbe verk\u00f6rpert.<\/p>\n","protected":false},"excerpt":{"rendered":"<p><strong>Gibson Custom Shop Collector\u2019s Choice\u2122 #29 &#8211; Tamio Okuda 1959 Les Paul\u2122 Standard<\/strong><\/p>\n<p>Die\u00a0<strong>Collector&#8217;s Choice\u2122 #29<\/strong>, eine originalgetreue Replika von Tamio Okudas legend\u00e4rer 1959 Gibson Les Paul, verk\u00f6rpert das Engagement des Gibson Custom Shops, das Erbe einer der ber\u00fchmtesten E-Gitarren der Geschichte zu ehren. Dieses spezielle Modell f\u00e4ngt die einzigartigen Merkmale und den Charakter von Okudas Original-Burst ein und bietet Musikern die M\u00f6glichkeit, ein St\u00fcck Gitarrengeschichte zu besitzen.<\/p>\n<p>Dieses Modell besticht durch sein\u00a0<strong>VOS (Vintage Original Spec) Finish<\/strong>, das eine sorgf\u00e4ltig gealterte Patina mit zarten Gebrauchsspuren, feinen Haarrissen und einer edlen Patina auf der Hardware aufweist. Nur wenige Collector\u2019s Choice Modelle wurden sowohl in einer gealterten als auch in einer VOS-Version ver\u00f6ffentlicht, was diese Gitarre besonders exklusiv macht.<\/p>\n","protected":false},"featured_media":11610,"template":"","meta":{"_monsterinsights_skip_tracking":false,"_monsterinsights_sitenote_active":false,"_monsterinsights_sitenote_note":"","_monsterinsights_sitenote_category":0,"_uf_show_specific_survey":0,"_uf_disable_surveys":false,"_kadence_starter_templates_imported_post":false,"_kad_post_transparent":"default","_kad_post_title":"","_kad_post_layout":"default","_kad_post_sidebar_id":"","_kad_post_content_style":"default","_kad_post_vertical_padding":"default","_kad_post_feature":"","_kad_post_feature_position":"","_kad_post_header":false,"_kad_post_footer":false,"_kad_post_classname":""},"product_brand":[],"product_cat":[207,203],"product_tag":[],"class_list":{"0":"post-11609","1":"product","2":"type-product","3":"status-publish","4":"has-post-thumbnail","6":"product_cat-e-gitarren","7":"product_cat-gitarren","9":"first","10":"outofstock","11":"shipping-taxable","12":"product-type-simple","13":"entry","14":"content-bg","15":"loop-entry"},"jetpack_sharing_enabled":true,"_links":{"self":[{"href":"https:\/\/guitar2amp.de\/index.php\/wp-json\/wp\/v2\/product\/11609","targetHints":{"allow":["GET"]}}],"collection":[{"href":"https:\/\/guitar2amp.de\/index.php\/wp-json\/wp\/v2\/product"}],"about":[{"href":"https:\/\/guitar2amp.de\/index.php\/wp-json\/wp\/v2\/types\/product"}],"wp:featuredmedia":[{"embeddable":true,"href":"https:\/\/guitar2amp.de\/index.php\/wp-json\/wp\/v2\/media\/11610"}],"wp:attachment":[{"href":"https:\/\/guitar2amp.de\/index.php\/wp-json\/wp\/v2\/media?parent=11609"}],"wp:term":[{"taxonomy":"product_brand","embeddable":true,"href":"https:\/\/guitar2amp.de\/index.php\/wp-json\/wp\/v2\/product_brand?post=11609"},{"taxonomy":"product_cat","embeddable":true,"href":"https:\/\/guitar2amp.de\/index.php\/wp-json\/wp\/v2\/product_cat?post=11609"},{"taxonomy":"product_tag","embeddable":true,"href":"https:\/\/guitar2amp.de\/index.php\/wp-json\/wp\/v2\/product_tag?post=11609"}],"curies":[{"name":"wp","href":"https:\/\/api.w.org\/{rel}","templated":true}]}}