{"id":12127,"date":"2025-01-20T13:26:45","date_gmt":"2025-01-20T12:26:45","guid":{"rendered":"https:\/\/guitar2amp.de\/?post_type=product&#038;p=12127"},"modified":"2025-05-08T19:16:04","modified_gmt":"2025-05-08T17:16:04","slug":"james-tyler-the-black-classic-japan-2","status":"publish","type":"product","link":"https:\/\/guitar2amp.de\/index.php\/de\/product\/james-tyler-the-black-classic-japan-2\/","title":{"rendered":"James Tyler The Black Classic Japan"},"content":{"rendered":"<p><strong>James Tyler Guitars Japan &#8211; The Black Classic<\/strong><\/p>\n<p>Die <strong>James Tyler The Black Classic<\/strong> ist ein Premium-Instrument, das f\u00fcr seine Vielseitigkeit, Pr\u00e4zision und sein unverwechselbares Design gefeiert wird. Gefertigt in Japan, verk\u00f6rpert diese Gitarre die au\u00dfergew\u00f6hnliche Handwerkskunst und Innovation, f\u00fcr die James Tyler bekannt ist. Sie ist die perfekte Wahl f\u00fcr Musiker auf der B\u00fchne oder im Studio, die nur das Beste verlangen.<\/p>\n<hr \/>\n<h3><strong>Hauptmerkmale und Spezifikationen<\/strong><\/h3>\n<ul>\n<li><strong>Korpus<\/strong>: Erle \u2013 leicht und resonant f\u00fcr einen ausgewogenen Klang.<\/li>\n<li><strong>Finish<\/strong>: Klassisches Schwarz f\u00fcr einen eleganten und zeitlosen Look.<\/li>\n<li><strong>Hals<\/strong>: Quarter Sawn Maple, <strong>Profil<\/strong>: Extra Thin &#8217;59 \u2013 entwickelt f\u00fcr schnelles und komfortables Spiel.<\/li>\n<li><strong>Griffbrett<\/strong>: Indischer Palisander f\u00fcr eine weiche Haptik und warme Kl\u00e4nge.\n<ul>\n<li><strong>Radius<\/strong>: 11&#8243; \/ 280 mm<\/li>\n<li><strong>Sattelbreite<\/strong>: 1 5\/8&#8243; \/ 41.3 mm<\/li>\n<\/ul>\n<\/li>\n<li><strong>B\u00fcnde<\/strong>: 22, <strong>Mensur<\/strong>: 25.5&#8243; (648 mm) \u2013 die perfekte Kombination aus Pr\u00e4zision und Spielgef\u00fchl.<\/li>\n<li><strong>Tonabnehmer<\/strong>:\n<ul>\n<li>Hals: JTS5500<\/li>\n<li>Mitte: JTS5500<\/li>\n<li>Steg: Secret \u2013 bietet eine breite Palette von kristallklaren Clean-Sounds bis hin zu kraftvollen Overdrive-T\u00f6nen.<\/li>\n<\/ul>\n<\/li>\n<li><strong>Elektronik<\/strong>: 5-Wege-Schalter, Volume, 2x Tone-Regler \u2013 vielseitig f\u00fcr jeden Stil und jedes Genre.<\/li>\n<li><strong>Mechaniken<\/strong>: Hipshot Locking Tuners \u2013 zuverl\u00e4ssig und pr\u00e4zise f\u00fcr perfekte Stimmung.<\/li>\n<li><strong>Steg<\/strong>: G2TS \u2013 entwickelt f\u00fcr sanftes Vibrato und maximale Sustain.<\/li>\n<li><strong>Saiten<\/strong>: D&#8217;Addario 10er-Satz f\u00fcr konsistenten Klang und Haltbarkeit.<\/li>\n<\/ul>\n<hr \/>\n<h3><strong>F\u00fcr Performance gebaut<\/strong><\/h3>\n<p>Mit ihrer <strong>Solidbody-Konstruktion<\/strong> bietet diese Gitarre au\u00dfergew\u00f6hnliche Resonanz und Stabilit\u00e4t. Die nat\u00fcrliche Kopfplattenlackierung verleiht der eleganten schwarzen Optik einen klassischen Touch. Perfekt f\u00fcr Musiker, die ein Instrument suchen, das sowohl visuell als auch klanglich \u00fcberzeugt.<\/p>\n<hr \/>\n<h3><strong>Zustand<\/strong><\/h3>\n<p>Die Gitarre befindet sich in ausgezeichnetem Zustand mit normalen Gebrauchsspuren. Sie wurde regelm\u00e4\u00dfig gespielt, aber sorgf\u00e4ltig gepflegt, sodass alle Hardware- und Elektronikelemente einwandfrei funktionieren.<\/p>\n<hr \/>\n<h3><strong>Lieferumfang<\/strong><\/h3>\n<ul>\n<li>Originaler James Tyler Hardcase<\/li>\n<li>Dokumentation von James Tyler Guitars Japan<\/li>\n<\/ul>\n<hr \/>\n<h3><strong>\u00dcber James Tyler Guitars Japan<\/strong><\/h3>\n<p>James Tyler Guitars Japan kombiniert erstklassige Handwerkskunst mit innovativem Design, um Instrumente von unvergleichlicher Qualit\u00e4t zu schaffen. Jede Gitarre wird mit Pr\u00e4zision und Liebe zum Detail gefertigt und ist bei professionellen Spielern auf der ganzen Welt beliebt.<\/p>\n","protected":false},"excerpt":{"rendered":"<p><strong>James Tyler Guitars Japan &#8211; The Black Classic<\/strong><\/p>\n<p>Die <strong>James Tyler The Black Classic<\/strong> ist ein Premium-Instrument, das f\u00fcr seine Vielseitigkeit, Pr\u00e4zision und sein unverwechselbares Design gefeiert wird. Gefertigt in Japan, verk\u00f6rpert diese Gitarre die au\u00dfergew\u00f6hnliche Handwerkskunst und Innovation, f\u00fcr die James Tyler bekannt ist. Sie ist die perfekte Wahl f\u00fcr Musiker auf der B\u00fchne oder im Studio, die nur das Beste verlangen.<\/p>\n","protected":false},"featured_media":12128,"template":"","meta":{"_monsterinsights_skip_tracking":false,"_monsterinsights_sitenote_active":false,"_monsterinsights_sitenote_note":"","_monsterinsights_sitenote_category":0,"_uf_show_specific_survey":0,"_uf_disable_surveys":false,"_kadence_starter_templates_imported_post":false,"_kad_post_transparent":"default","_kad_post_title":"","_kad_post_layout":"default","_kad_post_sidebar_id":"","_kad_post_content_style":"default","_kad_post_vertical_padding":"default","_kad_post_feature":"","_kad_post_feature_position":"","_kad_post_header":false,"_kad_post_footer":false,"_kad_post_classname":""},"product_brand":[],"product_cat":[207,203],"product_tag":[],"class_list":{"0":"post-12127","1":"product","2":"type-product","3":"status-publish","4":"has-post-thumbnail","6":"product_cat-e-gitarren","7":"product_cat-gitarren","9":"first","10":"outofstock","11":"shipping-taxable","12":"product-type-simple","13":"entry","14":"content-bg","15":"loop-entry"},"jetpack_sharing_enabled":true,"_links":{"self":[{"href":"https:\/\/guitar2amp.de\/index.php\/wp-json\/wp\/v2\/product\/12127","targetHints":{"allow":["GET"]}}],"collection":[{"href":"https:\/\/guitar2amp.de\/index.php\/wp-json\/wp\/v2\/product"}],"about":[{"href":"https:\/\/guitar2amp.de\/index.php\/wp-json\/wp\/v2\/types\/product"}],"wp:featuredmedia":[{"embeddable":true,"href":"https:\/\/guitar2amp.de\/index.php\/wp-json\/wp\/v2\/media\/12128"}],"wp:attachment":[{"href":"https:\/\/guitar2amp.de\/index.php\/wp-json\/wp\/v2\/media?parent=12127"}],"wp:term":[{"taxonomy":"product_brand","embeddable":true,"href":"https:\/\/guitar2amp.de\/index.php\/wp-json\/wp\/v2\/product_brand?post=12127"},{"taxonomy":"product_cat","embeddable":true,"href":"https:\/\/guitar2amp.de\/index.php\/wp-json\/wp\/v2\/product_cat?post=12127"},{"taxonomy":"product_tag","embeddable":true,"href":"https:\/\/guitar2amp.de\/index.php\/wp-json\/wp\/v2\/product_tag?post=12127"}],"curies":[{"name":"wp","href":"https:\/\/api.w.org\/{rel}","templated":true}]}}