{"id":12189,"date":"2025-01-20T14:59:30","date_gmt":"2025-01-20T13:59:30","guid":{"rendered":"https:\/\/guitar2amp.de\/?post_type=product&#038;p=12189"},"modified":"2025-02-13T16:51:31","modified_gmt":"2025-02-13T15:51:31","slug":"2000-martin-000c-16gte-2","status":"publish","type":"product","link":"https:\/\/guitar2amp.de\/index.php\/de\/product\/2000-martin-000c-16gte-2\/","title":{"rendered":"2000 Martin 000C 16GTE"},"content":{"rendered":"<p><strong>Martin 000C 16GTE Gloss Top (2000)<\/strong><\/p>\n<p>Die <strong>Martin 000C 16GTE Gloss Top<\/strong> ist eine beeindruckende elektroakustische Gitarre aus dem Jahr 2000. Dieses klassische Modell verbindet die traditionelle Handwerkskunst und hochwertigen Materialien von Martin mit einem modernen Verst\u00e4rkungssystem \u2013 ideal f\u00fcr Studio- und B\u00fchnenanwendungen.<\/p>\n<hr \/>\n<h3><strong>Spezifikationen<\/strong><\/h3>\n<ul>\n<li><strong>Korpus<\/strong>: 000-Form mit Cutaway \u2013 f\u00fcr einfachen Zugang zu den h\u00f6heren B\u00fcnden.<\/li>\n<li><strong>Boden und Zargen<\/strong>: Mahagoni \u2013 warmer, voller Klang mit klar definierten Mitten.<\/li>\n<li><strong>Decke<\/strong>: Sitka-Fichte \u2013 hervorragende Klangprojektion und Klarheit.<\/li>\n<li><strong>Griffbrett und Steg<\/strong>: Palisander \u2013 bietet eine angenehme Haptik und einen ausgewogenen Ton.<\/li>\n<li><strong>Elektronik<\/strong>: Piezo-Pickup und Fishman Prefix Pro-System \u2013 vielseitige Klangregelung und nat\u00fcrlicher akustischer Ton bei Verst\u00e4rkung.<\/li>\n<li><strong>Finish<\/strong>: Hochglanzdecke \u2013 f\u00fcr eine klassische und elegante Optik.<\/li>\n<\/ul>\n<hr \/>\n<h3><strong>Zustand<\/strong><\/h3>\n<p>Die Gitarre befindet sich in einem <strong>sehr guten Zustand<\/strong>, mit nur minimalen Gebrauchsspuren, die weder die Funktionalit\u00e4t noch den Klang beeintr\u00e4chtigen.<\/p>\n<hr \/>\n<h3><strong>Zus\u00e4tzliche Informationen<\/strong><\/h3>\n<ul>\n<li>Die Gitarre wurde haupts\u00e4chlich im Studio verwendet, was ihren ausgezeichneten Zustand gew\u00e4hrleistet.<\/li>\n<li>Wird mit dem originalen Martin-Hardcase geliefert, das perfekten Schutz f\u00fcr das Instrument bietet.<\/li>\n<\/ul>\n<hr \/>\n<h3><strong>Warum diese Gitarre?<\/strong><\/h3>\n<p>Die Martin 000C 16GTE ist die ideale Wahl f\u00fcr Musiker, die einen au\u00dfergew\u00f6hnlichen akustischen Klang und ein zuverl\u00e4ssiges Verst\u00e4rkungssystem suchen. Ihr nat\u00fcrlicher, detailreicher Sound macht sie perfekt f\u00fcr Studioaufnahmen und Live-Auftritte.<\/p>\n","protected":false},"excerpt":{"rendered":"<h2><span style=\"color: #ff0000;\"><strong>OUT\u00a0OF\u00a0STOCK<\/strong><\/span><\/h2>\n<p><strong>Martin 000C 16GTE Gloss Top (2000)<\/strong><\/p>\n<p>Die <strong>Martin 000C 16GTE Gloss Top<\/strong> ist eine beeindruckende elektroakustische Gitarre aus dem Jahr 2000. Dieses klassische Modell verbindet die traditionelle Handwerkskunst und hochwertigen Materialien von Martin mit einem modernen Verst\u00e4rkungssystem \u2013 ideal f\u00fcr Studio- und B\u00fchnenanwendungen.<\/p>\n","protected":false},"featured_media":12190,"template":"","meta":{"_monsterinsights_skip_tracking":false,"_monsterinsights_sitenote_active":false,"_monsterinsights_sitenote_note":"","_monsterinsights_sitenote_category":0,"_uf_show_specific_survey":0,"_uf_disable_surveys":false,"_kadence_starter_templates_imported_post":false,"_kad_post_transparent":"default","_kad_post_title":"","_kad_post_layout":"default","_kad_post_sidebar_id":"","_kad_post_content_style":"default","_kad_post_vertical_padding":"default","_kad_post_feature":"","_kad_post_feature_position":"","_kad_post_header":false,"_kad_post_footer":false,"_kad_post_classname":""},"product_brand":[],"product_cat":[3640],"product_tag":[],"class_list":{"0":"post-12189","1":"product","2":"type-product","3":"status-publish","4":"has-post-thumbnail","6":"product_cat-archiv","8":"first","9":"outofstock","10":"shipping-taxable","11":"product-type-simple","12":"entry","13":"content-bg","14":"loop-entry"},"jetpack_sharing_enabled":true,"_links":{"self":[{"href":"https:\/\/guitar2amp.de\/index.php\/wp-json\/wp\/v2\/product\/12189","targetHints":{"allow":["GET"]}}],"collection":[{"href":"https:\/\/guitar2amp.de\/index.php\/wp-json\/wp\/v2\/product"}],"about":[{"href":"https:\/\/guitar2amp.de\/index.php\/wp-json\/wp\/v2\/types\/product"}],"wp:featuredmedia":[{"embeddable":true,"href":"https:\/\/guitar2amp.de\/index.php\/wp-json\/wp\/v2\/media\/12190"}],"wp:attachment":[{"href":"https:\/\/guitar2amp.de\/index.php\/wp-json\/wp\/v2\/media?parent=12189"}],"wp:term":[{"taxonomy":"product_brand","embeddable":true,"href":"https:\/\/guitar2amp.de\/index.php\/wp-json\/wp\/v2\/product_brand?post=12189"},{"taxonomy":"product_cat","embeddable":true,"href":"https:\/\/guitar2amp.de\/index.php\/wp-json\/wp\/v2\/product_cat?post=12189"},{"taxonomy":"product_tag","embeddable":true,"href":"https:\/\/guitar2amp.de\/index.php\/wp-json\/wp\/v2\/product_tag?post=12189"}],"curies":[{"name":"wp","href":"https:\/\/api.w.org\/{rel}","templated":true}]}}