{"id":12253,"date":"2025-02-13T17:01:43","date_gmt":"2025-02-13T16:01:43","guid":{"rendered":"https:\/\/guitar2amp.de\/?post_type=product&#038;p=12253"},"modified":"2025-03-27T11:53:43","modified_gmt":"2025-03-27T10:53:43","slug":"2019-fender-custom-shop-namm-ltd-thinline-stratocaster-heavy-relic-2","status":"publish","type":"product","link":"https:\/\/guitar2amp.de\/index.php\/pl\/product\/2019-fender-custom-shop-namm-ltd-thinline-stratocaster-heavy-relic-2\/","title":{"rendered":"2019 Fender Custom Shop NAMM LTD Thinline Stratocaster Heavy Relic"},"content":{"rendered":"<h3 data-start=\"0\" data-end=\"80\"><strong data-start=\"4\" data-end=\"78\">2019 Fender Custom Shop NAMM LTD &#8217;56 Thinline Stratocaster Heavy Relic<\/strong><\/h3>\n<p data-start=\"82\" data-end=\"345\"><strong data-start=\"82\" data-end=\"154\">Unikalny Fender Custom Shop Stratocaster zaprezentowany na NAMM 2019<\/strong> \u2013 wyj\u0105tkowe brzmienie i niepowtarzalny styl. Model <strong data-start=\"206\" data-end=\"218\">Thinline<\/strong> \u0142\u0105czy klasyczny charakter Stratocastera z lekkim, p\u00f3\u0142pustym korpusem, kt\u00f3ry zapewnia dodatkowy rezonans i otwarto\u015b\u0107 d\u017awi\u0119ku.<\/p>\n<h3 data-start=\"347\" data-end=\"370\"><strong data-start=\"351\" data-end=\"368\">Specyfikacja:<\/strong><\/h3>\n<ul data-start=\"372\" data-end=\"839\">\n<li data-start=\"372\" data-end=\"445\"><strong data-start=\"374\" data-end=\"385\">Korpus:<\/strong> Olcha, 2-cz\u0119\u015bciowy, selekcjonowany pod k\u0105tem niskiej wagi<\/li>\n<li data-start=\"446\" data-end=\"486\"><strong data-start=\"448\" data-end=\"457\">Gryf:<\/strong> Klon AA Flame Quarter Sawn<\/li>\n<li data-start=\"487\" data-end=\"513\"><strong data-start=\"489\" data-end=\"506\">Podstrunnica:<\/strong> Klon<\/li>\n<li data-start=\"514\" data-end=\"543\"><strong data-start=\"516\" data-end=\"533\">Profil gryfu:<\/strong> 10\/56 V<\/li>\n<li data-start=\"544\" data-end=\"568\"><strong data-start=\"546\" data-end=\"557\">Radius:<\/strong> 9,5 cala<\/li>\n<li data-start=\"569\" data-end=\"600\"><strong data-start=\"571\" data-end=\"581\">Progi:<\/strong> 6105 Narrow Tall<\/li>\n<li data-start=\"601\" data-end=\"648\"><strong data-start=\"603\" data-end=\"614\">Mostek:<\/strong> Fender American Vintage Tremolo<\/li>\n<li data-start=\"649\" data-end=\"839\"><strong data-start=\"651\" data-end=\"667\">Elektronika:<\/strong>\n<ul data-start=\"672\" data-end=\"839\">\n<li data-start=\"672\" data-end=\"738\">Przetworniki: <strong data-start=\"688\" data-end=\"736\">Custom Shop Hand-Wound Fat &#8217;50s Single Coils<\/strong><\/li>\n<li data-start=\"741\" data-end=\"773\">Prze\u0142\u0105cznik: <strong data-start=\"756\" data-end=\"771\">5-pozycyjny<\/strong><\/li>\n<li data-start=\"776\" data-end=\"813\">Regulacja: <strong data-start=\"789\" data-end=\"811\">1x Volume, 2x Tone<\/strong><\/li>\n<li data-start=\"816\" data-end=\"839\"><strong data-start=\"818\" data-end=\"837\">Fat &#8217;50s Wiring<\/strong><\/li>\n<\/ul>\n<\/li>\n<\/ul>\n<h3 data-start=\"841\" data-end=\"863\"><strong data-start=\"845\" data-end=\"861\">Wyko\u0144czenie:<\/strong><\/h3>\n<ul data-start=\"864\" data-end=\"1005\">\n<li data-start=\"864\" data-end=\"926\"><strong data-start=\"866\" data-end=\"876\">Kolor:<\/strong> Aged Olympic White (nitro) over 2-Tone Sunburst<\/li>\n<li data-start=\"927\" data-end=\"1005\"><strong data-start=\"929\" data-end=\"939\">Relic:<\/strong> Heavy Relic \u2013 wyraziste postarzenie, autentyczny wygl\u0105d vintage<\/li>\n<\/ul>\n<h3 data-start=\"1007\" data-end=\"1040\"><strong data-start=\"1011\" data-end=\"1038\">Brzmienie i komfort gry<\/strong><\/h3>\n<p data-start=\"1041\" data-end=\"1304\">Model <strong data-start=\"1047\" data-end=\"1059\">Thinline<\/strong> charakteryzuje si\u0119 ciep\u0142ym, rezonuj\u0105cym brzmieniem o <strong data-start=\"1113\" data-end=\"1147\">wi\u0119kszej dynamice i otwarto\u015bci<\/strong>, ni\u017c standardowy Stratocaster. Wygodny gryf <strong data-start=\"1192\" data-end=\"1203\">10\/56 V<\/strong> oraz <strong data-start=\"1209\" data-end=\"1230\">lekka konstrukcja<\/strong> sprawiaj\u0105, \u017ce gitara jest komfortowa zar\u00f3wno na scenie, jak i w studio.<\/p>\n<h3 data-start=\"1306\" data-end=\"1327\"><strong data-start=\"1310\" data-end=\"1325\">W zestawie:<\/strong><\/h3>\n<ul data-start=\"1328\" data-end=\"1423\">\n<li data-start=\"1328\" data-end=\"1370\"><strong data-start=\"1330\" data-end=\"1368\">Oryginalny futera\u0142 G&amp;G Custom Shop<\/strong><\/li>\n<li data-start=\"1371\" data-end=\"1423\"><strong data-start=\"1373\" data-end=\"1421\">Dokumentacja i certyfikat Fender Custom Shop<\/strong><\/li>\n<\/ul>\n<h3 data-start=\"1425\" data-end=\"1458\"><strong data-start=\"1429\" data-end=\"1456\">Dost\u0119pno\u015b\u0107 i zam\u00f3wienia<\/strong><\/h3>\n<p data-start=\"1459\" data-end=\"1544\">Mo\u017cliwo\u015b\u0107 przetestowania na miejscu. Wysy\u0142ka dost\u0119pna po wcze\u015bniejszym uzgodnieniu.<\/p>\n<p data-start=\"1606\" data-end=\"1641\" data-is-last-node=\"\">Zapraszamy do kontaktu i zakupu! \ud83c\udfb8<\/p>\n","protected":false},"excerpt":{"rendered":"<h2><span style=\"color: #ff0000;\"><strong>OUT\u00a0OF\u00a0STOCK<\/strong><\/span><\/h2>\n<p><strong data-start=\"82\" data-end=\"154\">Unikalny Fender Custom Shop Stratocaster zaprezentowany na NAMM 2019<\/strong> \u2013 wyj\u0105tkowe brzmienie i niepowtarzalny styl. Model <strong data-start=\"206\" data-end=\"218\">Thinline<\/strong> \u0142\u0105czy klasyczny charakter Stratocastera z lekkim, p\u00f3\u0142pustym korpusem, kt\u00f3ry zapewnia dodatkowy rezonans i otwarto\u015b\u0107 d\u017awi\u0119ku.<\/p>\n","protected":false},"featured_media":12254,"template":"","meta":{"_monsterinsights_skip_tracking":false,"_monsterinsights_sitenote_active":false,"_monsterinsights_sitenote_note":"","_monsterinsights_sitenote_category":0,"_uf_show_specific_survey":0,"_uf_disable_surveys":false,"_kadence_starter_templates_imported_post":false,"_kad_post_transparent":"default","_kad_post_title":"","_kad_post_layout":"default","_kad_post_sidebar_id":"","_kad_post_content_style":"default","_kad_post_vertical_padding":"default","_kad_post_feature":"","_kad_post_feature_position":"","_kad_post_header":false,"_kad_post_footer":false,"_kad_post_classname":""},"product_brand":[],"product_cat":[3265,3261],"product_tag":[],"class_list":{"0":"post-12253","1":"product","2":"type-product","3":"status-publish","4":"has-post-thumbnail","6":"product_cat-elektryczne-pl","7":"product_cat-gitary","9":"first","10":"outofstock","11":"shipping-taxable","12":"product-type-simple","13":"entry","14":"content-bg","15":"loop-entry"},"jetpack_sharing_enabled":true,"_links":{"self":[{"href":"https:\/\/guitar2amp.de\/index.php\/wp-json\/wp\/v2\/product\/12253","targetHints":{"allow":["GET"]}}],"collection":[{"href":"https:\/\/guitar2amp.de\/index.php\/wp-json\/wp\/v2\/product"}],"about":[{"href":"https:\/\/guitar2amp.de\/index.php\/wp-json\/wp\/v2\/types\/product"}],"wp:featuredmedia":[{"embeddable":true,"href":"https:\/\/guitar2amp.de\/index.php\/wp-json\/wp\/v2\/media\/12254"}],"wp:attachment":[{"href":"https:\/\/guitar2amp.de\/index.php\/wp-json\/wp\/v2\/media?parent=12253"}],"wp:term":[{"taxonomy":"product_brand","embeddable":true,"href":"https:\/\/guitar2amp.de\/index.php\/wp-json\/wp\/v2\/product_brand?post=12253"},{"taxonomy":"product_cat","embeddable":true,"href":"https:\/\/guitar2amp.de\/index.php\/wp-json\/wp\/v2\/product_cat?post=12253"},{"taxonomy":"product_tag","embeddable":true,"href":"https:\/\/guitar2amp.de\/index.php\/wp-json\/wp\/v2\/product_tag?post=12253"}],"curies":[{"name":"wp","href":"https:\/\/api.w.org\/{rel}","templated":true}]}}