{"id":12316,"date":"2025-02-13T17:31:06","date_gmt":"2025-02-13T16:31:06","guid":{"rendered":"https:\/\/guitar2amp.de\/?post_type=product&#038;p=12316"},"modified":"2025-04-10T13:30:26","modified_gmt":"2025-04-10T11:30:26","slug":"2022-fender-custom-shop-59-stratocaster-dealer-select-journeyman-relic-2","status":"publish","type":"product","link":"https:\/\/guitar2amp.de\/index.php\/de\/product\/2022-fender-custom-shop-59-stratocaster-dealer-select-journeyman-relic-2\/","title":{"rendered":"2022 Fender Custom Shop &#8217;59 Stratocaster Dealer Select Journeyman Relic"},"content":{"rendered":"<h3 data-start=\"0\" data-end=\"81\"><strong data-start=\"4\" data-end=\"79\">2022 Fender Custom Shop &#8217;59 Stratocaster Dealer Select Journeyman Relic<\/strong><\/h3>\n<p data-start=\"83\" data-end=\"334\"><strong data-start=\"83\" data-end=\"177\">Eine exklusive Fender Custom Shop Stratocaster aus der Dealer Select Serie von Session.de.<\/strong> Dieses <strong data-start=\"185\" data-end=\"212\">1959-inspirierte Modell<\/strong> kombiniert das klassische Design des Stratocasters mit modernen Verfeinerungen f\u00fcr ein au\u00dfergew\u00f6hnliches Spielerlebnis.<\/p>\n<h3 data-start=\"336\" data-end=\"374\"><strong data-start=\"340\" data-end=\"372\">\u00dcber die Dealer Select Serie<\/strong><\/h3>\n<p data-start=\"375\" data-end=\"834\">Die <strong data-start=\"379\" data-end=\"402\">Dealer Select Serie<\/strong> ist das Ergebnis einer Zusammenarbeit zwischen dem <strong data-start=\"454\" data-end=\"491\">Fender Custom Shop und Session.de<\/strong>, einem der renommiertesten Gitarrenh\u00e4ndler Europas. Diese Gitarren werden von <strong data-start=\"570\" data-end=\"586\">Olli Lohmann<\/strong> sorgf\u00e4ltig ausgew\u00e4hlt und spezifiziert, um h\u00f6chste Anspr\u00fcche an Klang, Spielgef\u00fchl und Optik zu erf\u00fcllen. Jedes Detail wurde bewusst gew\u00e4hlt, um ein au\u00dfergew\u00f6hnliches Instrument zu schaffen, das sich von den Standard Custom Shop Modellen abhebt.<\/p>\n<h3 data-start=\"836\" data-end=\"862\"><strong data-start=\"840\" data-end=\"860\">Spezifikationen:<\/strong><\/h3>\n<ul data-start=\"864\" data-end=\"1290\">\n<li data-start=\"864\" data-end=\"942\"><strong data-start=\"866\" data-end=\"877\">Korpus:<\/strong> 2-teiliges leichtes Erle, handselektiert f\u00fcr optimale Resonanz<\/li>\n<li data-start=\"943\" data-end=\"975\"><strong data-start=\"945\" data-end=\"954\">Hals:<\/strong> Quarter Sawn Ahorn<\/li>\n<li data-start=\"976\" data-end=\"1020\"><strong data-start=\"978\" data-end=\"993\">Griffbrett:<\/strong> AAA Rosewood Slab (9 mm)<\/li>\n<li data-start=\"1021\" data-end=\"1084\"><strong data-start=\"1023\" data-end=\"1038\">Halsprofil:<\/strong> &#8217;60s Oval &#8220;C&#8221; \u2013 komfortabel und geschmeidig<\/li>\n<li data-start=\"1085\" data-end=\"1145\"><strong data-start=\"1087\" data-end=\"1098\">Radius:<\/strong> 9,5&#8243; &#8211; 12&#8243; Compound f\u00fcr beste Bespielbarkeit<\/li>\n<li data-start=\"1146\" data-end=\"1175\"><strong data-start=\"1148\" data-end=\"1158\">B\u00fcnde:<\/strong> 22, 6100 Jumbo<\/li>\n<li data-start=\"1176\" data-end=\"1242\"><strong data-start=\"1178\" data-end=\"1192\">Truss Rod:<\/strong> Bi-Flex (Einstellm\u00f6glichkeit an der Kopfplatte)<\/li>\n<li data-start=\"1243\" data-end=\"1290\"><strong data-start=\"1245\" data-end=\"1256\">Bridge:<\/strong> Fender American Vintage Tremolo<\/li>\n<\/ul>\n<h3 data-start=\"1292\" data-end=\"1313\"><strong data-start=\"1296\" data-end=\"1311\">Elektronik:<\/strong><\/h3>\n<ul data-start=\"1314\" data-end=\"1716\">\n<li data-start=\"1314\" data-end=\"1373\"><strong data-start=\"1316\" data-end=\"1341\">Pickup-Konfiguration:<\/strong> HSS (Humbucker-Single-Single)<\/li>\n<li data-start=\"1374\" data-end=\"1434\"><strong data-start=\"1376\" data-end=\"1392\">Neck Pickup:<\/strong> Fender Custom Shop Hand-Wound &#8217;59 Strat<\/li>\n<li data-start=\"1435\" data-end=\"1509\"><strong data-start=\"1437\" data-end=\"1455\">Middle Pickup:<\/strong> Fender Custom Shop Hand-Wound Fat &#8217;50s Strat (RWRP)<\/li>\n<li data-start=\"1510\" data-end=\"1561\"><strong data-start=\"1512\" data-end=\"1530\">Bridge Pickup:<\/strong> EVH &#8217;78 Zebra Aged Humbucker<\/li>\n<li data-start=\"1562\" data-end=\"1596\"><strong data-start=\"1564\" data-end=\"1578\">Schaltung:<\/strong> 5-Wege-Schalter<\/li>\n<li data-start=\"1597\" data-end=\"1631\"><strong data-start=\"1599\" data-end=\"1610\">Regler:<\/strong> 1x Volume, 2x Tone<\/li>\n<li data-start=\"1632\" data-end=\"1716\"><strong data-start=\"1634\" data-end=\"1645\">Wiring:<\/strong> Auto-Split f\u00fcr den Bridge-Humbucker (Spulen-Split in Position 2 &amp; 4)<\/li>\n<\/ul>\n<h3 data-start=\"1718\" data-end=\"1735\"><strong data-start=\"1722\" data-end=\"1733\">Finish:<\/strong><\/h3>\n<ul data-start=\"1736\" data-end=\"1867\">\n<li data-start=\"1736\" data-end=\"1777\"><strong data-start=\"1738\" data-end=\"1748\">Farbe:<\/strong> Aged Olympic White (Nitro)<\/li>\n<li data-start=\"1778\" data-end=\"1867\"><strong data-start=\"1780\" data-end=\"1790\">Aging:<\/strong> Journeyman Relic \u2013 leichte Alterung f\u00fcr ein nat\u00fcrlich eingespieltes Gef\u00fchl<\/li>\n<\/ul>\n<h3 data-start=\"1869\" data-end=\"1900\"><strong data-start=\"1873\" data-end=\"1898\">Klang und Spielgef\u00fchl<\/strong><\/h3>\n<p data-start=\"1901\" data-end=\"2371\">Die <strong data-start=\"1905\" data-end=\"1943\">Dealer Select Serie von Session.de<\/strong> garantiert, dass jedes Instrument den hohen Erwartungen anspruchsvoller Musiker gerecht wird. Diese &#8217;59 Stratocaster verbindet <strong data-start=\"2071\" data-end=\"2099\">klassische Vintage-W\u00e4rme<\/strong> mit <strong data-start=\"2104\" data-end=\"2131\">moderner Vielseitigkeit<\/strong> und ist ideal f\u00fcr Blues, Rock und Fusion. Der <strong data-start=\"2178\" data-end=\"2197\">Compound-Radius<\/strong> und die <strong data-start=\"2206\" data-end=\"2221\">Jumbo-B\u00fcnde<\/strong> erm\u00f6glichen geschmeidige Bends und m\u00fcheloses Lead-Spiel, w\u00e4hrend die <strong data-start=\"2291\" data-end=\"2319\">HSS Pickup-Konfiguration<\/strong> eine breite Palette an Klangm\u00f6glichkeiten bietet.<\/p>\n<h3 data-start=\"2373\" data-end=\"2409\"><strong data-start=\"2377\" data-end=\"2407\">Im Lieferumfang enthalten:<\/strong><\/h3>\n<ul data-start=\"2410\" data-end=\"2512\">\n<li data-start=\"2410\" data-end=\"2456\"><strong data-start=\"2412\" data-end=\"2454\">Original Fender Custom Shop G&amp;G Koffer<\/strong><\/li>\n<li data-start=\"2457\" data-end=\"2512\"><strong data-start=\"2459\" data-end=\"2510\">Fender Custom Shop Zertifikat und Dokumentation<\/strong><\/li>\n<\/ul>\n<h3 data-start=\"2514\" data-end=\"2550\"><strong data-start=\"2518\" data-end=\"2548\">Verf\u00fcgbarkeit &amp; Bestellung<\/strong><\/h3>\n<p data-start=\"2551\" data-end=\"2595\">Vor-Ort-Test m\u00f6glich. Versand auf Anfrage.<\/p>\n<p data-start=\"2597\" data-end=\"2653\" data-is-last-node=\"\">F\u00fcr weitere Informationen kontaktieren Sie uns gerne! \ud83c\udfb8<\/p>\n","protected":false},"excerpt":{"rendered":"<p><strong data-start=\"83\" data-end=\"177\">Eine exklusive Fender Custom Shop Stratocaster aus der Dealer Select Serie von Session.de.<\/strong> Dieses <strong data-start=\"185\" data-end=\"212\">1959-inspirierte Modell<\/strong> kombiniert das klassische Design des Stratocasters mit modernen Verfeinerungen f\u00fcr ein au\u00dfergew\u00f6hnliches Spielerlebnis.<\/p>\n","protected":false},"featured_media":12317,"template":"","meta":{"_monsterinsights_skip_tracking":false,"_monsterinsights_sitenote_active":false,"_monsterinsights_sitenote_note":"","_monsterinsights_sitenote_category":0,"_uf_show_specific_survey":0,"_uf_disable_surveys":false,"_kadence_starter_templates_imported_post":false,"_kad_post_transparent":"default","_kad_post_title":"","_kad_post_layout":"default","_kad_post_sidebar_id":"","_kad_post_content_style":"default","_kad_post_vertical_padding":"default","_kad_post_feature":"","_kad_post_feature_position":"","_kad_post_header":false,"_kad_post_footer":false,"_kad_post_classname":""},"product_brand":[],"product_cat":[207,203],"product_tag":[],"class_list":{"0":"post-12316","1":"product","2":"type-product","3":"status-publish","4":"has-post-thumbnail","6":"product_cat-e-gitarren","7":"product_cat-gitarren","9":"first","10":"outofstock","11":"shipping-taxable","12":"product-type-simple","13":"entry","14":"content-bg","15":"loop-entry"},"jetpack_sharing_enabled":true,"_links":{"self":[{"href":"https:\/\/guitar2amp.de\/index.php\/wp-json\/wp\/v2\/product\/12316","targetHints":{"allow":["GET"]}}],"collection":[{"href":"https:\/\/guitar2amp.de\/index.php\/wp-json\/wp\/v2\/product"}],"about":[{"href":"https:\/\/guitar2amp.de\/index.php\/wp-json\/wp\/v2\/types\/product"}],"wp:featuredmedia":[{"embeddable":true,"href":"https:\/\/guitar2amp.de\/index.php\/wp-json\/wp\/v2\/media\/12317"}],"wp:attachment":[{"href":"https:\/\/guitar2amp.de\/index.php\/wp-json\/wp\/v2\/media?parent=12316"}],"wp:term":[{"taxonomy":"product_brand","embeddable":true,"href":"https:\/\/guitar2amp.de\/index.php\/wp-json\/wp\/v2\/product_brand?post=12316"},{"taxonomy":"product_cat","embeddable":true,"href":"https:\/\/guitar2amp.de\/index.php\/wp-json\/wp\/v2\/product_cat?post=12316"},{"taxonomy":"product_tag","embeddable":true,"href":"https:\/\/guitar2amp.de\/index.php\/wp-json\/wp\/v2\/product_tag?post=12316"}],"curies":[{"name":"wp","href":"https:\/\/api.w.org\/{rel}","templated":true}]}}