{"id":12338,"date":"2025-02-13T17:33:51","date_gmt":"2025-02-13T16:33:51","guid":{"rendered":"https:\/\/guitar2amp.de\/?post_type=product&#038;p=12338"},"modified":"2025-04-10T13:30:44","modified_gmt":"2025-04-10T11:30:44","slug":"2022-fender-custom-shop-59-stratocaster-dealer-select-journeyman-relic-3","status":"publish","type":"product","link":"https:\/\/guitar2amp.de\/index.php\/pl\/product\/2022-fender-custom-shop-59-stratocaster-dealer-select-journeyman-relic-3\/","title":{"rendered":"2022 Fender Custom Shop &#8217;59 Stratocaster Dealer Select Journeyman Relic"},"content":{"rendered":"<h3 data-start=\"0\" data-end=\"81\"><strong data-start=\"4\" data-end=\"79\">2022 Fender Custom Shop &#8217;59 Stratocaster Dealer Select Journeyman Relic<\/strong><\/h3>\n<p data-start=\"83\" data-end=\"317\"><strong data-start=\"83\" data-end=\"167\">Ekskluzywna Fender Custom Shop Stratocaster z serii Dealer Select od Session.de.<\/strong> Ten <strong data-start=\"172\" data-end=\"205\">model inspirowany rokiem 1959<\/strong> \u0142\u0105czy klasyczny design Stratocastera z nowoczesnymi ulepszeniami, oferuj\u0105c wyj\u0105tkowe brzmienie i komfort gry.<\/p>\n<h3 data-start=\"319\" data-end=\"350\"><strong data-start=\"323\" data-end=\"348\">O serii Dealer Select<\/strong><\/h3>\n<p data-start=\"351\" data-end=\"808\"><strong data-start=\"351\" data-end=\"368\">Dealer Select<\/strong> to specjalna edycja gitar stworzona we wsp\u00f3\u0142pracy <strong data-start=\"419\" data-end=\"454\">Fender Custom Shop i Session.de<\/strong>, jednego z najbardziej renomowanych sprzedawc\u00f3w gitar w Europie. Ka\u017cdy egzemplarz zosta\u0142 starannie wybrany i dopracowany przez <strong data-start=\"582\" data-end=\"599\">Olli Lohmanna<\/strong>, aby spe\u0142nia\u0107 najwy\u017csze wymagania pod wzgl\u0119dem brzmienia, komfortu gry i estetyki. Specyfikacja zosta\u0142a dobrana tak, aby stworzy\u0107 gitar\u0119 wyj\u0105tkow\u0105 i wyr\u00f3\u017cniaj\u0105c\u0105 si\u0119 na tle standardowych modeli Custom Shop.<\/p>\n<h3 data-start=\"810\" data-end=\"833\"><strong data-start=\"814\" data-end=\"831\">Specyfikacja:<\/strong><\/h3>\n<ul data-start=\"835\" data-end=\"1248\">\n<li data-start=\"835\" data-end=\"908\"><strong data-start=\"837\" data-end=\"848\">Korpus:<\/strong> Olcha, 2-cz\u0119\u015bciowy, selekcjonowany pod k\u0105tem niskiej wagi<\/li>\n<li data-start=\"909\" data-end=\"940\"><strong data-start=\"911\" data-end=\"920\">Gryf:<\/strong> Klon Quarter Sawn<\/li>\n<li data-start=\"941\" data-end=\"989\"><strong data-start=\"943\" data-end=\"960\">Podstrunnica:<\/strong> Palisander AAA Slab (9 mm)<\/li>\n<li data-start=\"990\" data-end=\"1051\"><strong data-start=\"992\" data-end=\"1009\">Profil gryfu:<\/strong> &#8217;60s Oval &#8220;C&#8221; \u2013 wygodny i p\u0142ynny w grze<\/li>\n<li data-start=\"1052\" data-end=\"1113\"><strong data-start=\"1054\" data-end=\"1065\">Radius:<\/strong> 9,5&#8243; &#8211; 12&#8243; compound dla lepszego komfortu gry<\/li>\n<li data-start=\"1114\" data-end=\"1143\"><strong data-start=\"1116\" data-end=\"1126\">Progi:<\/strong> 22, 6100 Jumbo<\/li>\n<li data-start=\"1144\" data-end=\"1200\"><strong data-start=\"1146\" data-end=\"1166\">Pr\u0119t napinaj\u0105cy:<\/strong> Bi-Flex (regulacja przy g\u0142\u00f3wce)<\/li>\n<li data-start=\"1201\" data-end=\"1248\"><strong data-start=\"1203\" data-end=\"1214\">Mostek:<\/strong> Fender American Vintage Tremolo<\/li>\n<\/ul>\n<h3 data-start=\"1250\" data-end=\"1272\"><strong data-start=\"1254\" data-end=\"1270\">Elektronika:<\/strong><\/h3>\n<ul data-start=\"1273\" data-end=\"1681\">\n<li data-start=\"1273\" data-end=\"1331\"><strong data-start=\"1275\" data-end=\"1299\">Uk\u0142ad przetwornik\u00f3w:<\/strong> HSS (Humbucker-Single-Single)<\/li>\n<li data-start=\"1332\" data-end=\"1392\"><strong data-start=\"1334\" data-end=\"1350\">Neck Pickup:<\/strong> Fender Custom Shop Hand-Wound &#8217;59 Strat<\/li>\n<li data-start=\"1393\" data-end=\"1467\"><strong data-start=\"1395\" data-end=\"1413\">Middle Pickup:<\/strong> Fender Custom Shop Hand-Wound Fat &#8217;50s Strat (RWRP)<\/li>\n<li data-start=\"1468\" data-end=\"1519\"><strong data-start=\"1470\" data-end=\"1488\">Bridge Pickup:<\/strong> EVH &#8217;78 Zebra Aged Humbucker<\/li>\n<li data-start=\"1520\" data-end=\"1552\"><strong data-start=\"1522\" data-end=\"1538\">Prze\u0142\u0105cznik:<\/strong> 5-pozycyjny<\/li>\n<li data-start=\"1553\" data-end=\"1590\"><strong data-start=\"1555\" data-end=\"1569\">Regulacja:<\/strong> 1x Volume, 2x Tone<\/li>\n<li data-start=\"1591\" data-end=\"1681\"><strong data-start=\"1593\" data-end=\"1604\">Wiring:<\/strong> Auto-Split dla mostkowego humbuckera (roz\u0142\u0105czanie cewek w pozycjach 2 i 4)<\/li>\n<\/ul>\n<h3 data-start=\"1683\" data-end=\"1705\"><strong data-start=\"1687\" data-end=\"1703\">Wyko\u0144czenie:<\/strong><\/h3>\n<ul data-start=\"1706\" data-end=\"1834\">\n<li data-start=\"1706\" data-end=\"1747\"><strong data-start=\"1708\" data-end=\"1718\">Kolor:<\/strong> Aged Olympic White (Nitro)<\/li>\n<li data-start=\"1748\" data-end=\"1834\"><strong data-start=\"1750\" data-end=\"1760\">Relic:<\/strong> Journeyman Relic \u2013 subtelne postarzenie dla naturalnego wygl\u0105du vintage<\/li>\n<\/ul>\n<h3 data-start=\"1836\" data-end=\"1869\"><strong data-start=\"1840\" data-end=\"1867\">Brzmienie i komfort gry<\/strong><\/h3>\n<p data-start=\"1870\" data-end=\"2295\">Seria <strong data-start=\"1876\" data-end=\"1907\">Dealer Select od Session.de<\/strong> to gitary stworzone z my\u015bl\u0105 o najbardziej wymagaj\u0105cych muzykach. <strong data-start=\"1973\" data-end=\"1997\">Ten &#8217;59 Stratocaster<\/strong> doskonale \u0142\u0105czy <strong data-start=\"2014\" data-end=\"2053\">ciep\u0142e, klasyczne brzmienie vintage<\/strong> z <strong data-start=\"2056\" data-end=\"2088\">nowoczesn\u0105 wszechstronno\u015bci\u0105<\/strong>, dzi\u0119ki czemu idealnie sprawdzi si\u0119 w bluesie, rocku i fusion. <strong data-start=\"2152\" data-end=\"2171\">Compound radius<\/strong> i <strong data-start=\"2174\" data-end=\"2189\">jumbo progi<\/strong> u\u0142atwiaj\u0105 p\u0142ynne bendy i precyzyjn\u0105 gr\u0119 solow\u0105, a <strong data-start=\"2240\" data-end=\"2260\">konfiguracja HSS<\/strong> zapewnia szeroki zakres tonalny.<\/p>\n<h3 data-start=\"2297\" data-end=\"2318\"><strong data-start=\"2301\" data-end=\"2316\">W zestawie:<\/strong><\/h3>\n<ul data-start=\"2319\" data-end=\"2436\">\n<li data-start=\"2319\" data-end=\"2368\"><strong data-start=\"2321\" data-end=\"2366\">Oryginalny futera\u0142 Fender Custom Shop G&amp;G<\/strong><\/li>\n<li data-start=\"2369\" data-end=\"2436\"><strong data-start=\"2371\" data-end=\"2434\">Certyfikat autentyczno\u015bci i dokumentacja Fender Custom Shop<\/strong><\/li>\n<\/ul>\n<h3 data-start=\"2438\" data-end=\"2471\"><strong data-start=\"2442\" data-end=\"2469\">Dost\u0119pno\u015b\u0107 i zam\u00f3wienia<\/strong><\/h3>\n<p data-start=\"2472\" data-end=\"2553\">Mo\u017cliwo\u015b\u0107 testowania na miejscu. Wysy\u0142ka dost\u0119pna po wcze\u015bniejszym uzgodnieniu.<\/p>\n<p data-start=\"2555\" data-end=\"2585\" data-is-last-node=\"\"><strong data-start=\"2555\" data-end=\"2585\" data-is-last-node=\"\">Zapraszamy do kontaktu! \ud83c\udfb8<\/strong><\/p>\n","protected":false},"excerpt":{"rendered":"<p data-start=\"83\" data-end=\"317\"><strong data-start=\"83\" data-end=\"167\">skluzywna Fender Custom Shop Stratocaster z serii Dealer Select od Session.de.<\/strong> Ten <strong data-start=\"172\" data-end=\"205\">model inspirowany rokiem 1959<\/strong> \u0142\u0105czy klasyczny design Stratocastera z nowoczesnymi ulepszeniami, oferuj\u0105c wyj\u0105tkowe brzmienie i komfort gry.<\/p>\n","protected":false},"featured_media":12339,"template":"","meta":{"_monsterinsights_skip_tracking":false,"_monsterinsights_sitenote_active":false,"_monsterinsights_sitenote_note":"","_monsterinsights_sitenote_category":0,"_uf_show_specific_survey":0,"_uf_disable_surveys":false,"_kadence_starter_templates_imported_post":false,"_kad_post_transparent":"default","_kad_post_title":"","_kad_post_layout":"default","_kad_post_sidebar_id":"","_kad_post_content_style":"default","_kad_post_vertical_padding":"default","_kad_post_feature":"","_kad_post_feature_position":"","_kad_post_header":false,"_kad_post_footer":false,"_kad_post_classname":""},"product_brand":[],"product_cat":[3265,3261],"product_tag":[],"class_list":{"0":"post-12338","1":"product","2":"type-product","3":"status-publish","4":"has-post-thumbnail","6":"product_cat-elektryczne-pl","7":"product_cat-gitary","9":"first","10":"outofstock","11":"shipping-taxable","12":"product-type-simple","13":"entry","14":"content-bg","15":"loop-entry"},"jetpack_sharing_enabled":true,"_links":{"self":[{"href":"https:\/\/guitar2amp.de\/index.php\/wp-json\/wp\/v2\/product\/12338","targetHints":{"allow":["GET"]}}],"collection":[{"href":"https:\/\/guitar2amp.de\/index.php\/wp-json\/wp\/v2\/product"}],"about":[{"href":"https:\/\/guitar2amp.de\/index.php\/wp-json\/wp\/v2\/types\/product"}],"wp:featuredmedia":[{"embeddable":true,"href":"https:\/\/guitar2amp.de\/index.php\/wp-json\/wp\/v2\/media\/12339"}],"wp:attachment":[{"href":"https:\/\/guitar2amp.de\/index.php\/wp-json\/wp\/v2\/media?parent=12338"}],"wp:term":[{"taxonomy":"product_brand","embeddable":true,"href":"https:\/\/guitar2amp.de\/index.php\/wp-json\/wp\/v2\/product_brand?post=12338"},{"taxonomy":"product_cat","embeddable":true,"href":"https:\/\/guitar2amp.de\/index.php\/wp-json\/wp\/v2\/product_cat?post=12338"},{"taxonomy":"product_tag","embeddable":true,"href":"https:\/\/guitar2amp.de\/index.php\/wp-json\/wp\/v2\/product_tag?post=12338"}],"curies":[{"name":"wp","href":"https:\/\/api.w.org\/{rel}","templated":true}]}}