{"id":12401,"date":"2025-02-13T17:56:05","date_gmt":"2025-02-13T16:56:05","guid":{"rendered":"https:\/\/guitar2amp.de\/?post_type=product&#038;p=12401"},"modified":"2025-12-15T09:15:16","modified_gmt":"2025-12-15T08:15:16","slug":"2010-lsl-t-bone-blonde-tele-3","status":"publish","type":"product","link":"https:\/\/guitar2amp.de\/index.php\/pl\/product\/2010-lsl-t-bone-blonde-tele-3\/","title":{"rendered":"2010 LSL T Bone Blonde Tele"},"content":{"rendered":"<h3 data-start=\"0\" data-end=\"53\"><strong data-start=\"4\" data-end=\"51\">LSL T Bone Telecaster 2010 Relic Sugar Pine<\/strong><\/h3>\n<p data-start=\"55\" data-end=\"426\"><strong data-start=\"55\" data-end=\"80\">LSL T Bone Telecaster<\/strong> z <strong data-start=\"83\" data-end=\"96\">2010 roku<\/strong> to wyj\u0105tkowy instrument, kt\u00f3ry oddaje ducha klasycznych <strong data-start=\"153\" data-end=\"179\">Telecaster\u00f3w z lat 50.<\/strong>, jednocze\u015bnie oferuj\u0105c najwy\u017csz\u0105 jako\u015b\u0107 wykonania i butikowe podej\u015bcie do budowy gitar. Gitara wyr\u00f3\u017cnia si\u0119 lekko\u015bci\u0105, \u015bwietnym rezonansowym brzmieniem oraz <strong data-start=\"337\" data-end=\"371\">r\u0119cznie wykonanym Relic Finish<\/strong>, kt\u00f3ry nadaje jej autentyczny vintage\u2019owy charakter.<\/p>\n<h3 data-start=\"428\" data-end=\"461\"><strong data-start=\"432\" data-end=\"459\">O marce LSL Instruments<\/strong><\/h3>\n<p data-start=\"462\" data-end=\"798\">LSL Instruments to renomowana <strong data-start=\"492\" data-end=\"519\">butikowa marka gitarowa<\/strong>, specjalizuj\u0105ca si\u0119 w tworzeniu instrument\u00f3w najwy\u017cszej klasy, inspirowanych kultowymi modelami z lat 50. i 60. Ka\u017cda gitara jest <strong data-start=\"650\" data-end=\"670\">r\u0119cznie budowana<\/strong>, a proces relicowania odbywa si\u0119 w naturalny spos\u00f3b, dzi\u0119ki czemu ka\u017cda sztuka jest unikalna i wygl\u0105da jak prawdziwy vintage.<\/p>\n<h3 data-start=\"800\" data-end=\"823\"><strong data-start=\"804\" data-end=\"821\">Specyfikacja:<\/strong><\/h3>\n<ul data-start=\"824\" data-end=\"1318\">\n<li data-start=\"824\" data-end=\"886\"><strong data-start=\"826\" data-end=\"837\">Korpus:<\/strong> Sugar Pine \u2013 lekkie i bardzo rezonuj\u0105ce drewno<\/li>\n<li data-start=\"887\" data-end=\"924\"><strong data-start=\"889\" data-end=\"898\">Gryf:<\/strong> <strong data-start=\"899\" data-end=\"922\">Jednocz\u0119\u015bciowy klon<\/strong><\/li>\n<li data-start=\"925\" data-end=\"968\"><strong data-start=\"927\" data-end=\"944\">Podstrunnica:<\/strong> Zintegrowana z gryfem<\/li>\n<li data-start=\"969\" data-end=\"1035\"><strong data-start=\"971\" data-end=\"982\">Radius:<\/strong> <strong data-start=\"983\" data-end=\"996\">7,25 cala<\/strong> \u2013 klasyczne vintage&#8217;owe odczucia gry<\/li>\n<li data-start=\"1036\" data-end=\"1081\"><strong data-start=\"1038\" data-end=\"1049\">Mostek:<\/strong> <strong data-start=\"1050\" data-end=\"1079\">Vintage Tele 3-siode\u0142kowy<\/strong><\/li>\n<li data-start=\"1082\" data-end=\"1235\"><strong data-start=\"1084\" data-end=\"1100\">Elektronika:<\/strong>\n<ul data-start=\"1105\" data-end=\"1235\">\n<li data-start=\"1105\" data-end=\"1160\">Przetworniki: <strong data-start=\"1121\" data-end=\"1158\">LSL Custom Handwound Single Coils<\/strong><\/li>\n<li data-start=\"1163\" data-end=\"1195\">Prze\u0142\u0105cznik: <strong data-start=\"1178\" data-end=\"1193\">3-pozycyjny<\/strong><\/li>\n<li data-start=\"1198\" data-end=\"1235\">Regulacja: <strong data-start=\"1211\" data-end=\"1233\">1x Volume, 1x Tone<\/strong><\/li>\n<\/ul>\n<\/li>\n<li data-start=\"1236\" data-end=\"1318\"><strong data-start=\"1238\" data-end=\"1254\">Wyko\u0144czenie:<\/strong> <strong data-start=\"1255\" data-end=\"1264\">Relic<\/strong> \u2013 naturalne postarzenie nadaj\u0105ce autentyczny wygl\u0105d<\/li>\n<\/ul>\n<h3 data-start=\"1320\" data-end=\"1353\"><strong data-start=\"1324\" data-end=\"1351\">Brzmienie i komfort gry<\/strong><\/h3>\n<p data-start=\"1354\" data-end=\"1698\">Dzi\u0119ki <strong data-start=\"1361\" data-end=\"1387\">korpusowi z Sugar Pine<\/strong>, gitara oferuje <strong data-start=\"1404\" data-end=\"1456\">pe\u0142ne, dynamiczne i bardzo responsywne brzmienie<\/strong>, kt\u00f3re doskonale sprawdzi si\u0119 w r\u00f3\u017cnych stylach muzycznych, od bluesa, przez country, a\u017c po rocka. <strong data-start=\"1556\" data-end=\"1593\">R\u0119cznie nawijane przetworniki LSL<\/strong> dostarczaj\u0105 klasyczny <strong data-start=\"1616\" data-end=\"1630\">Tele twang<\/strong>, gwarantuj\u0105c wyrazisto\u015b\u0107 i klarowno\u015b\u0107 w ka\u017cdym zakresie tonalnym.<\/p>\n<h3 data-start=\"1700\" data-end=\"1760\"><strong data-start=\"1704\" data-end=\"1758\">Guitar2Amp \u2013 Oficjalny dystrybutor LSL Instruments<\/strong><\/h3>\n<p data-start=\"1761\" data-end=\"2001\">Jako <strong data-start=\"1766\" data-end=\"1810\">oficjalny dystrybutor marki LSL w Polsce<\/strong>, <strong data-start=\"1812\" data-end=\"1826\">Guitar2Amp<\/strong> gwarantuje <strong data-start=\"1838\" data-end=\"1870\">oryginalno\u015b\u0107 i autentyczno\u015b\u0107<\/strong> wszystkich instrument\u00f3w. Kupuj\u0105c u nas, masz pewno\u015b\u0107, \u017ce gitara pochodzi z pewnego \u017ar\u00f3d\u0142a i spe\u0142nia najwy\u017csze standardy jako\u015bci.<\/p>\n<h3 data-start=\"2003\" data-end=\"2024\"><strong data-start=\"2007\" data-end=\"2022\">W zestawie:<\/strong><\/h3>\n<ul data-start=\"2025\" data-end=\"2047\">\n<li data-start=\"2025\" data-end=\"2047\">Oryginalny futera\u0142<\/li>\n<\/ul>\n<p data-start=\"2049\" data-end=\"2129\">Mo\u017cliwo\u015b\u0107 testowania na miejscu. Wysy\u0142ka mo\u017cliwa po wcze\u015bniejszym uzgodnieniu.<\/p>\n<p data-start=\"2131\" data-end=\"2161\" data-is-last-node=\"\"><strong data-start=\"2131\" data-end=\"2161\" data-is-last-node=\"\">Zapraszamy do kontaktu! \ud83c\udfb8<\/strong><\/p>\n","protected":false},"excerpt":{"rendered":"<h2><span style=\"color: #ff0000;\"><strong>OUT\u00a0OF\u00a0STOCK<\/strong><\/span><\/h2>\n<p><strong data-start=\"55\" data-end=\"80\">LSL T Bone Telecaster<\/strong> z <strong data-start=\"83\" data-end=\"96\">2010 roku<\/strong> to wyj\u0105tkowy instrument, kt\u00f3ry oddaje ducha klasycznych <strong data-start=\"153\" data-end=\"179\">Telecaster\u00f3w z lat 50.<\/strong>, jednocze\u015bnie oferuj\u0105c najwy\u017csz\u0105 jako\u015b\u0107 wykonania i butikowe podej\u015bcie do budowy gitar. Gitara wyr\u00f3\u017cnia si\u0119 lekko\u015bci\u0105, \u015bwietnym rezonansowym brzmieniem oraz <strong data-start=\"337\" data-end=\"371\">r\u0119cznie wykonanym Relic Finish<\/strong>, kt\u00f3ry nadaje jej autentyczny vintage\u2019owy charakter.<\/p>\n","protected":false},"featured_media":12402,"template":"","meta":{"_monsterinsights_skip_tracking":false,"_monsterinsights_sitenote_active":false,"_monsterinsights_sitenote_note":"","_monsterinsights_sitenote_category":0,"_uf_show_specific_survey":0,"_uf_disable_surveys":false,"_kadence_starter_templates_imported_post":false,"_kad_post_transparent":"default","_kad_post_title":"","_kad_post_layout":"default","_kad_post_sidebar_id":"","_kad_post_content_style":"default","_kad_post_vertical_padding":"default","_kad_post_feature":"","_kad_post_feature_position":"","_kad_post_header":false,"_kad_post_footer":false,"_kad_post_classname":""},"product_brand":[],"product_cat":[4277],"product_tag":[],"class_list":{"0":"post-12401","1":"product","2":"type-product","3":"status-publish","4":"has-post-thumbnail","6":"product_cat-lsl-instruments-pl","8":"first","9":"onbackorder","10":"shipping-taxable","11":"product-type-simple","12":"entry","13":"content-bg","14":"loop-entry"},"jetpack_sharing_enabled":true,"_links":{"self":[{"href":"https:\/\/guitar2amp.de\/index.php\/wp-json\/wp\/v2\/product\/12401","targetHints":{"allow":["GET"]}}],"collection":[{"href":"https:\/\/guitar2amp.de\/index.php\/wp-json\/wp\/v2\/product"}],"about":[{"href":"https:\/\/guitar2amp.de\/index.php\/wp-json\/wp\/v2\/types\/product"}],"wp:featuredmedia":[{"embeddable":true,"href":"https:\/\/guitar2amp.de\/index.php\/wp-json\/wp\/v2\/media\/12402"}],"wp:attachment":[{"href":"https:\/\/guitar2amp.de\/index.php\/wp-json\/wp\/v2\/media?parent=12401"}],"wp:term":[{"taxonomy":"product_brand","embeddable":true,"href":"https:\/\/guitar2amp.de\/index.php\/wp-json\/wp\/v2\/product_brand?post=12401"},{"taxonomy":"product_cat","embeddable":true,"href":"https:\/\/guitar2amp.de\/index.php\/wp-json\/wp\/v2\/product_cat?post=12401"},{"taxonomy":"product_tag","embeddable":true,"href":"https:\/\/guitar2amp.de\/index.php\/wp-json\/wp\/v2\/product_tag?post=12401"}],"curies":[{"name":"wp","href":"https:\/\/api.w.org\/{rel}","templated":true}]}}