{"id":12566,"date":"2025-03-07T18:33:51","date_gmt":"2025-03-07T17:33:51","guid":{"rendered":"https:\/\/guitar2amp.de\/?post_type=product&#038;p=12566"},"modified":"2025-03-27T11:28:40","modified_gmt":"2025-03-27T10:28:40","slug":"2007-fender-custom-shop-52-telecaster-limited-edition-2","status":"publish","type":"product","link":"https:\/\/guitar2amp.de\/index.php\/de\/product\/2007-fender-custom-shop-52-telecaster-limited-edition-2\/","title":{"rendered":"2007 Fender Custom Shop &#8216; 52 Telecaster Limited Edition"},"content":{"rendered":"<h3 data-start=\"0\" data-end=\"87\"><strong data-start=\"4\" data-end=\"85\">2007 Fender Custom Shop &#8217;52 Telecaster Limited Edition \u2013 Keith Richards Style<\/strong><\/h3>\n<p data-start=\"89\" data-end=\"582\">Bei <strong data-start=\"93\" data-end=\"107\">Guitar2Amp<\/strong> bieten wir eine au\u00dfergew\u00f6hnliche <strong data-start=\"141\" data-end=\"199\">2007 Fender Custom Shop &#8217;52 Telecaster Limited Edition<\/strong> an \u2013 inspiriert vom legend\u00e4ren <strong data-start=\"231\" data-end=\"272\">Keith Richards von The Rolling Stones<\/strong>. Diese Telecaster vereint Vintage-Charakter mit moderner Vielseitigkeit und verf\u00fcgt \u00fcber einen <strong data-start=\"368\" data-end=\"401\">Humbucker in der Halsposition<\/strong> sowie einen klassischen <strong data-start=\"426\" data-end=\"449\">Single-Coil am Steg<\/strong>. Sie liefert eine beeindruckende Bandbreite an Sounds \u2013 von warmen, vollen Kl\u00e4ngen bis hin zum unverwechselbaren Telecaster-Twang.<\/p>\n<p data-start=\"584\" data-end=\"850\">Gebaut von den <strong data-start=\"599\" data-end=\"639\">Meisterbauern des Fender Custom Shop<\/strong>, verk\u00f6rpert diese Gitarre den Geist der fr\u00fchen 1950er-Jahre-Telecasters. Dank des <strong data-start=\"722\" data-end=\"746\">Heavy Relic Finishes<\/strong> f\u00fchlt sie sich an wie ein gut eingespieltes Vintage-Instrument mit einer jahrzehntelangen Geschichte.<\/p>\n<hr data-start=\"852\" data-end=\"855\" \/>\n<h3 data-start=\"857\" data-end=\"905\"><strong data-start=\"861\" data-end=\"903\">Premium Features &amp; Spezifikationen:<\/strong><\/h3>\n<h4 data-start=\"907\" data-end=\"952\"><strong data-start=\"912\" data-end=\"950\">Authentische Vintage-Konstruktion:<\/strong><\/h4>\n<ul data-start=\"953\" data-end=\"1262\">\n<li data-start=\"953\" data-end=\"1046\"><strong data-start=\"955\" data-end=\"966\">Korpus:<\/strong> Hochwertiges <strong data-start=\"980\" data-end=\"1000\">Eschenholz (Ash)<\/strong> f\u00fcr einen resonanten und ausgewogenen Klang<\/li>\n<li data-start=\"1047\" data-end=\"1132\"><strong data-start=\"1049\" data-end=\"1060\">Finish:<\/strong> <strong data-start=\"1061\" data-end=\"1080\">Nocaster Blonde<\/strong>, <strong data-start=\"1082\" data-end=\"1130\">Nitrocellulose-Lackierung (LAC), Heavy Relic<\/strong><\/li>\n<li data-start=\"1133\" data-end=\"1209\"><strong data-start=\"1135\" data-end=\"1146\">Br\u00fccke:<\/strong> Vintage Nocaster Relic mit <strong data-start=\"1174\" data-end=\"1207\">51 Vintage Tele Relic Saddles<\/strong><\/li>\n<li data-start=\"1210\" data-end=\"1262\"><strong data-start=\"1212\" data-end=\"1226\">Pickguard:<\/strong> Klassisches <strong data-start=\"1239\" data-end=\"1260\">51 Nocaster Relic<\/strong><\/li>\n<\/ul>\n<h4 data-start=\"1264\" data-end=\"1304\"><strong data-start=\"1269\" data-end=\"1302\">Massiver &amp; komfortabler Hals:<\/strong><\/h4>\n<ul data-start=\"1305\" data-end=\"1757\">\n<li data-start=\"1305\" data-end=\"1391\"><strong data-start=\"1307\" data-end=\"1318\">Profil:<\/strong> <strong data-start=\"1319\" data-end=\"1336\">FAT \u201eU\u201c-Shape<\/strong> \u2013 kr\u00e4ftiges Griffgef\u00fchl f\u00fcr Liebhaber massiver H\u00e4lse<\/li>\n<li data-start=\"1392\" data-end=\"1469\"><strong data-start=\"1394\" data-end=\"1403\">Holz:<\/strong> <strong data-start=\"1404\" data-end=\"1437\">Einteiliger Ahornhals (Maple)<\/strong> mit authentischem Spielgef\u00fchl<\/li>\n<li data-start=\"1470\" data-end=\"1556\"><strong data-start=\"1472\" data-end=\"1493\">Griffbrettradius:<\/strong> <strong data-start=\"1494\" data-end=\"1502\">9,5&#8243;<\/strong> \u2013 ideal f\u00fcr sanfte Bendings und komfortable Akkorde<\/li>\n<li data-start=\"1557\" data-end=\"1612\"><strong data-start=\"1559\" data-end=\"1569\">B\u00fcnde:<\/strong> <strong data-start=\"1570\" data-end=\"1584\">Sanko 6105<\/strong> f\u00fcr optimale Spielbarkeit<\/li>\n<\/ul>\n<h4 data-start=\"1759\" data-end=\"1825\"><strong data-start=\"1764\" data-end=\"1823\">Vielseitige Elektronik \u2013 Klassischer Tele-Twang &amp; mehr:<\/strong><\/h4>\n<ul data-start=\"1826\" data-end=\"2176\">\n<li data-start=\"1826\" data-end=\"1922\"><strong data-start=\"1828\" data-end=\"1849\">Hals-Tonabnehmer:<\/strong> <strong data-start=\"1850\" data-end=\"1888\">Seymour Duncan Antiquity Humbucker<\/strong> \u2013 warm, druckvoll und dynamisch<\/li>\n<li data-start=\"1923\" data-end=\"2027\"><strong data-start=\"1925\" data-end=\"1946\">Steg-Tonabnehmer:<\/strong> <strong data-start=\"1947\" data-end=\"1982\">Fender Texas Special Telecaster<\/strong> \u2013 brillant, klar und mit echtem Tele-Twang<\/li>\n<li data-start=\"2028\" data-end=\"2103\"><strong data-start=\"2030\" data-end=\"2041\">Regler:<\/strong> Master Volume, Master Tone, <strong data-start=\"2070\" data-end=\"2101\">3-Wege-Tonabnehmer-Schalter<\/strong><\/li>\n<li data-start=\"2104\" data-end=\"2176\"><strong data-start=\"2106\" data-end=\"2122\">Verdrahtung:<\/strong> <strong data-start=\"2123\" data-end=\"2140\">Modern Wiring<\/strong> f\u00fcr zus\u00e4tzliche Klangflexibilit\u00e4t<\/li>\n<\/ul>\n<h4 data-start=\"2178\" data-end=\"2224\"><strong data-start=\"2183\" data-end=\"2222\">Exklusive Details des Custom Shops:<\/strong><\/h4>\n<ul data-start=\"2225\" data-end=\"2468\">\n<li data-start=\"2407\" data-end=\"2468\"><strong data-start=\"2409\" data-end=\"2466\">Original Fender Custom Shop Blonde Hardcase inklusive<\/strong><\/li>\n<\/ul>\n<hr data-start=\"2470\" data-end=\"2473\" \/>\n<h3 data-start=\"2475\" data-end=\"2510\"><strong data-start=\"2479\" data-end=\"2508\">Zustand &amp; Spielgef\u00fchl:<\/strong><\/h3>\n<p data-start=\"2511\" data-end=\"2992\">Diese Telecaster befindet sich in <strong data-start=\"2545\" data-end=\"2572\">ausgezeichnetem Zustand<\/strong>. Durch das <strong data-start=\"2584\" data-end=\"2606\">Heavy Relic Finish<\/strong> f\u00fchlt sie sich an wie ein <strong data-start=\"2633\" data-end=\"2662\">echtes Vintage-Sch\u00e4tzchen<\/strong> mit einer einzigartigen Geschichte. Die authentischen Abnutzungsspuren und das Nitro-Finish verleihen ihr eine au\u00dfergew\u00f6hnliche Haptik. Die Kombination aus <strong data-start=\"2819\" data-end=\"2848\">Humbucker und Single-Coil<\/strong> macht diese Gitarre zu einer idealen Wahl f\u00fcr Gitarristen, die sowohl <strong data-start=\"2919\" data-end=\"2982\">warme, bluesige Sounds als auch klassischen Telecaster-Biss<\/strong> lieben.<\/p>\n<p data-start=\"2994\" data-end=\"3193\">Ein <strong data-start=\"2998\" data-end=\"3029\">Muss f\u00fcr Sammler und Profis<\/strong> \u2013 ob als <strong data-start=\"3039\" data-end=\"3057\">B\u00fchnen-Gitarre<\/strong>, f\u00fcr <strong data-start=\"3063\" data-end=\"3086\">Keith-Richards-Fans<\/strong> oder f\u00fcr <strong data-start=\"3096\" data-end=\"3123\">Telecaster-Enthusiasten<\/strong>, dieses Fender Custom Shop Modell wird h\u00f6chsten Anspr\u00fcchen gerecht.<\/p>\n","protected":false},"excerpt":{"rendered":"<h2><span style=\"color: #ff0000;\"><strong>OUT\u00a0OF\u00a0STOCK<\/strong><\/span><\/h2>\n<p data-start=\"89\" data-end=\"582\">Bei <strong data-start=\"93\" data-end=\"107\">Guitar2Amp<\/strong> bieten wir eine au\u00dfergew\u00f6hnliche <strong data-start=\"141\" data-end=\"199\">2007 Fender Custom Shop &#8217;52 Telecaster Limited Edition<\/strong> an \u2013 inspiriert vom legend\u00e4ren <strong data-start=\"231\" data-end=\"272\">Keith Richards von The Rolling Stones<\/strong>. Diese Telecaster vereint Vintage-Charakter mit moderner Vielseitigkeit und verf\u00fcgt \u00fcber einen <strong data-start=\"368\" data-end=\"401\">Humbucker in der Halsposition<\/strong> sowie einen klassischen <strong data-start=\"426\" data-end=\"449\">Single-Coil am Steg<\/strong>. Sie liefert eine beeindruckende Bandbreite an Sounds \u2013 von warmen, vollen Kl\u00e4ngen bis hin zum unverwechselbaren Telecaster-Twang.<\/p>\n<p data-start=\"584\" data-end=\"850\">Gebaut von den <strong data-start=\"599\" data-end=\"639\">Meisterbauern des Fender Custom Shop<\/strong>, verk\u00f6rpert diese Gitarre den Geist der fr\u00fchen 1950er-Jahre-Telecasters. Dank des <strong data-start=\"722\" data-end=\"746\">Heavy Relic Finishes<\/strong> f\u00fchlt sie sich an wie ein gut eingespieltes Vintage-Instrument mit einer jahrzehntelangen Geschichte.<\/p>\n","protected":false},"featured_media":12567,"template":"","meta":{"_monsterinsights_skip_tracking":false,"_monsterinsights_sitenote_active":false,"_monsterinsights_sitenote_note":"","_monsterinsights_sitenote_category":0,"_uf_show_specific_survey":0,"_uf_disable_surveys":false,"_kadence_starter_templates_imported_post":false,"_kad_post_transparent":"default","_kad_post_title":"","_kad_post_layout":"default","_kad_post_sidebar_id":"","_kad_post_content_style":"default","_kad_post_vertical_padding":"default","_kad_post_feature":"","_kad_post_feature_position":"","_kad_post_header":false,"_kad_post_footer":false,"_kad_post_classname":""},"product_brand":[],"product_cat":[207,203],"product_tag":[],"class_list":{"0":"post-12566","1":"product","2":"type-product","3":"status-publish","4":"has-post-thumbnail","6":"product_cat-e-gitarren","7":"product_cat-gitarren","9":"first","10":"outofstock","11":"shipping-taxable","12":"product-type-simple","13":"entry","14":"content-bg","15":"loop-entry"},"jetpack_sharing_enabled":true,"_links":{"self":[{"href":"https:\/\/guitar2amp.de\/index.php\/wp-json\/wp\/v2\/product\/12566","targetHints":{"allow":["GET"]}}],"collection":[{"href":"https:\/\/guitar2amp.de\/index.php\/wp-json\/wp\/v2\/product"}],"about":[{"href":"https:\/\/guitar2amp.de\/index.php\/wp-json\/wp\/v2\/types\/product"}],"wp:featuredmedia":[{"embeddable":true,"href":"https:\/\/guitar2amp.de\/index.php\/wp-json\/wp\/v2\/media\/12567"}],"wp:attachment":[{"href":"https:\/\/guitar2amp.de\/index.php\/wp-json\/wp\/v2\/media?parent=12566"}],"wp:term":[{"taxonomy":"product_brand","embeddable":true,"href":"https:\/\/guitar2amp.de\/index.php\/wp-json\/wp\/v2\/product_brand?post=12566"},{"taxonomy":"product_cat","embeddable":true,"href":"https:\/\/guitar2amp.de\/index.php\/wp-json\/wp\/v2\/product_cat?post=12566"},{"taxonomy":"product_tag","embeddable":true,"href":"https:\/\/guitar2amp.de\/index.php\/wp-json\/wp\/v2\/product_tag?post=12566"}],"curies":[{"name":"wp","href":"https:\/\/api.w.org\/{rel}","templated":true}]}}