{"id":12841,"date":"2025-03-27T12:12:47","date_gmt":"2025-03-27T11:12:47","guid":{"rendered":"https:\/\/guitar2amp.de\/?post_type=product&#038;p=12841"},"modified":"2025-11-18T10:14:23","modified_gmt":"2025-11-18T09:14:23","slug":"d-tone-amps-overdrive-specialist-50w-head","status":"publish","type":"product","link":"https:\/\/guitar2amp.de\/index.php\/pl\/product\/d-tone-amps-overdrive-specialist-50w-head\/","title":{"rendered":"D-TONE AMPS OVERDRIVE SPECIALIST 50W head"},"content":{"rendered":"<h3 class=\"\" data-start=\"157\" data-end=\"224\"><strong data-start=\"161\" data-end=\"224\">D-TONE ODS 50W Head \u2013 R\u0119cznie robiona g\u0142owa lampowa D-style<\/strong><\/h3>\n<p class=\"\" data-start=\"226\" data-end=\"532\"><strong data-start=\"226\" data-end=\"241\">D-TONE AMPS<\/strong> to niewielki europejski producent specjalizuj\u0105cy si\u0119 w budowie wzmacniaczy typu D-style, inspirowanych legendarnym brzmieniem wzmacniaczy Dumble. Ka\u017cdy egzemplarz jest r\u0119cznie montowany przy u\u017cyciu najwy\u017cszej jako\u015bci komponent\u00f3w w technologii <strong data-start=\"485\" data-end=\"509\">point-to-point (P2P)<\/strong> na p\u0142ytce typu turret.<\/p>\n<p class=\"\" data-start=\"534\" data-end=\"765\">Model <strong data-start=\"540\" data-end=\"568\">Overdrive Specialist 50W<\/strong> oparty jest na uk\u0142adzie kultowego wzmacniacza Overdrive Special. Konstrukcja zosta\u0142a odwzorowana z najwy\u017csz\u0105 dba\u0142o\u015bci\u0105 o detale, aby uchwyci\u0107 niezwyk\u0142y charakter i dynamik\u0119 oryginalnego brzmienia.<\/p>\n<hr class=\"\" data-start=\"767\" data-end=\"770\" \/>\n<h3 class=\"\" data-start=\"772\" data-end=\"800\"><strong data-start=\"776\" data-end=\"800\">Brzmienie i funkcje:<\/strong><\/h3>\n<p class=\"\" data-start=\"801\" data-end=\"842\">Wzmacniacz posiada dwa niezale\u017cne kana\u0142y:<\/p>\n<ul data-start=\"843\" data-end=\"1020\">\n<li class=\"\" data-start=\"843\" data-end=\"923\">\n<p class=\"\" data-start=\"845\" data-end=\"923\"><strong data-start=\"845\" data-end=\"854\">CLEAN<\/strong> \u2013 krystaliczne, dynamiczne czyste brzmienie z du\u017c\u0105 ilo\u015bci\u0105 headroomu<\/p>\n<\/li>\n<li class=\"\" data-start=\"924\" data-end=\"1020\">\n<p class=\"\" data-start=\"926\" data-end=\"1020\"><strong data-start=\"926\" data-end=\"939\">OVERDRIVE<\/strong> \u2013 mi\u0119kki, ciep\u0142y przester z wyra\u017an\u0105 odpowiedzi\u0105 i bogatym zakresem harmonicznych<\/p>\n<\/li>\n<\/ul>\n<p class=\"\" data-start=\"1022\" data-end=\"1053\">Do dyspozycji s\u0105 dwa wej\u015bcia:<\/p>\n<ul data-start=\"1054\" data-end=\"1172\">\n<li class=\"\" data-start=\"1054\" data-end=\"1103\">\n<p class=\"\" data-start=\"1056\" data-end=\"1103\"><strong data-start=\"1056\" data-end=\"1063\">NOR<\/strong> \u2013 standardowe wej\u015bcie o impedancji 1M<\/p>\n<\/li>\n<li class=\"\" data-start=\"1104\" data-end=\"1172\">\n<p class=\"\" data-start=\"1106\" data-end=\"1172\"><strong data-start=\"1106\" data-end=\"1113\">FET<\/strong> \u2013 z tranzystorem JFET, idealne do gitar o s\u0142abszym sygnale<\/p>\n<\/li>\n<\/ul>\n<p class=\"\" data-start=\"1174\" data-end=\"1247\">Oba kana\u0142y maj\u0105 osobn\u0105 regulacj\u0119 i wsp\u00f3ln\u0105 korekcj\u0119 EQ oraz prze\u0142\u0105czniki:<\/p>\n<ul data-start=\"1248\" data-end=\"1485\">\n<li class=\"\" data-start=\"1248\" data-end=\"1297\">\n<p class=\"\" data-start=\"1250\" data-end=\"1297\"><strong data-start=\"1250\" data-end=\"1260\">BRIGHT<\/strong> \u2013 podbicie wysokich cz\u0119stotliwo\u015bci<\/p>\n<\/li>\n<li class=\"\" data-start=\"1298\" data-end=\"1342\">\n<p class=\"\" data-start=\"1300\" data-end=\"1342\"><strong data-start=\"1300\" data-end=\"1313\">MID BOOST<\/strong> \u2013 wzmocnienie \u015brodka pasma<\/p>\n<\/li>\n<li class=\"\" data-start=\"1343\" data-end=\"1410\">\n<p class=\"\" data-start=\"1345\" data-end=\"1410\"><strong data-start=\"1345\" data-end=\"1360\">JAZZ \/ ROCK<\/strong> \u2013 zmiana charakterystyki tonalnej ca\u0142ego uk\u0142adu<\/p>\n<\/li>\n<li class=\"\" data-start=\"1411\" data-end=\"1485\">\n<p class=\"\" data-start=\"1413\" data-end=\"1485\">Kana\u0142 OVERDRIVE wyposa\u017cony jest dodatkowo w prze\u0142\u0105czany push-pull BRIGHT<\/p>\n<\/li>\n<\/ul>\n<hr class=\"\" data-start=\"1487\" data-end=\"1490\" \/>\n<h3 class=\"\" data-start=\"1492\" data-end=\"1524\"><strong data-start=\"1496\" data-end=\"1524\">Specyfikacja techniczna:<\/strong><\/h3>\n<ul data-start=\"1525\" data-end=\"2090\">\n<li class=\"\" data-start=\"1525\" data-end=\"1561\">\n<p class=\"\" data-start=\"1527\" data-end=\"1561\">R\u0119czny monta\u017c P2P na p\u0142ytce turret<\/p>\n<\/li>\n<li class=\"\" data-start=\"1562\" data-end=\"1617\">\n<p class=\"\" data-start=\"1564\" data-end=\"1617\">Dwa kana\u0142y: CLEAN i OVERDRIVE (ka\u017cdy z funkcj\u0105 BOOST)<\/p>\n<\/li>\n<li class=\"\" data-start=\"1618\" data-end=\"1641\">\n<p class=\"\" data-start=\"1620\" data-end=\"1641\">Wej\u015bcia: NORMAL i FET<\/p>\n<\/li>\n<li class=\"\" data-start=\"1642\" data-end=\"1696\">\n<p class=\"\" data-start=\"1644\" data-end=\"1696\">Korekcja: EQ, PRESENCE, BRIGHT, MID BOOST, JAZZ\/ROCK<\/p>\n<\/li>\n<li class=\"\" data-start=\"1697\" data-end=\"1736\">\n<p class=\"\" data-start=\"1699\" data-end=\"1736\">P\u0119tla efekt\u00f3w FX: pasywna lub aktywna<\/p>\n<\/li>\n<li class=\"\" data-start=\"1737\" data-end=\"1780\">\n<p class=\"\" data-start=\"1739\" data-end=\"1780\">Lampy: 2x 6L6 (TAD), 3x ECC83\/12AX7 (TAD)<\/p>\n<\/li>\n<li class=\"\" data-start=\"1781\" data-end=\"1815\">\n<p class=\"\" data-start=\"1783\" data-end=\"1815\">Prze\u0142\u0105cznik mocy: pentoda\/trioda<\/p>\n<\/li>\n<li class=\"\" data-start=\"1816\" data-end=\"1852\">\n<p class=\"\" data-start=\"1818\" data-end=\"1852\">Wyj\u015bcia g\u0142o\u015bnikowe: 4 \/ 8 \/ 16 Ohm<\/p>\n<\/li>\n<li class=\"\" data-start=\"1853\" data-end=\"1901\">\n<p class=\"\" data-start=\"1855\" data-end=\"1901\">Footswitch do zmiany kana\u0142u i aktywacji boosta<\/p>\n<\/li>\n<li class=\"\" data-start=\"1902\" data-end=\"2012\">\n<p class=\"\" data-start=\"1904\" data-end=\"2012\">Komponenty klasy premium: kondensatory Mallory, rezystory Vishay Dale, prze\u0142\u0105czniki APEM, z\u0142\u0105cza Switchcraft<\/p>\n<\/li>\n<li class=\"\" data-start=\"2013\" data-end=\"2049\">\n<p class=\"\" data-start=\"2015\" data-end=\"2049\">Obudowa ze sklejki brzozowej 18 mm<\/p>\n<\/li>\n<li class=\"\" data-start=\"2050\" data-end=\"2090\">\n<p class=\"\" data-start=\"2052\" data-end=\"2090\">Wymiary: 53 x 26 x 26 cm | Waga: 16 kg<\/p>\n<\/li>\n<\/ul>\n<hr class=\"\" data-start=\"2092\" data-end=\"2095\" \/>\n<h3 class=\"\" data-start=\"2097\" data-end=\"2130\"><strong data-start=\"2101\" data-end=\"2130\">Dost\u0119pne wersje napi\u0119cia:<\/strong><\/h3>\n<p class=\"\" data-start=\"2131\" data-end=\"2185\">Wzmacniacz dost\u0119pny jest w dw\u00f3ch wariantach zasilania:<\/p>\n<ul data-start=\"2186\" data-end=\"2218\">\n<li class=\"\" data-start=\"2186\" data-end=\"2201\">\n<p class=\"\" data-start=\"2188\" data-end=\"2201\"><strong data-start=\"2188\" data-end=\"2196\">230V<\/strong> (UE)<\/p>\n<\/li>\n<li class=\"\" data-start=\"2202\" data-end=\"2218\">\n<p class=\"\" data-start=\"2204\" data-end=\"2218\"><strong data-start=\"2204\" data-end=\"2212\">120V<\/strong> (USA)<\/p>\n<\/li>\n<\/ul>\n<p class=\"\" data-start=\"2220\" data-end=\"2278\">Przy zam\u00f3wieniu prosimy o okre\u015blenie, kt\u00f3r\u0105 wersj\u0119 wys\u0142a\u0107.<\/p>\n<hr class=\"\" data-start=\"2280\" data-end=\"2283\" \/>\n<h3 class=\"\" data-start=\"2285\" data-end=\"2317\"><strong data-start=\"2289\" data-end=\"2317\">Rekomendacja Guitar2Amp:<\/strong><\/h3>\n<p class=\"\" data-start=\"2318\" data-end=\"2523\">Dla pe\u0142nego wykorzystania potencja\u0142u wzmacniacza zalecamy zakup w zestawie z dedykowan\u0105 kolumn\u0105 D-TONE. Standardowe paczki nie oddaj\u0105 w pe\u0142ni charakteru i g\u0142\u0119bi klasycznego brzmienia tego typu konstrukcji.<\/p>\n<hr class=\"\" data-start=\"2525\" data-end=\"2528\" \/>\n<h3 class=\"\" data-start=\"2530\" data-end=\"2595\"><strong data-start=\"2534\" data-end=\"2593\">Guitar2Amp \u2013 Oficjalny dystrybutor D-TONE AMPS w Polsce<\/strong><\/h3>\n<p class=\"\" data-start=\"2596\" data-end=\"2832\">Jako <strong data-start=\"2601\" data-end=\"2639\">oficjalny dystrybutor marki D-TONE<\/strong> oferujemy dost\u0119p do pe\u0142nej oferty producenta, fachowe doradztwo oraz mo\u017cliwo\u015b\u0107 przetestowania sprz\u0119tu w naszym showroomie.<br data-start=\"2762\" data-end=\"2765\" \/>Zapewniamy bezpieczn\u0105 wysy\u0142k\u0119 oraz serwis i wsparcie posprzeda\u017cowe.<\/p>\n<p class=\"\" data-start=\"2834\" data-end=\"2890\">Masz pytania? Skontaktuj si\u0119 z nami \u2013 ch\u0119tnie doradzimy!<\/p>\n","protected":false},"excerpt":{"rendered":"<h3 class=\"\" data-start=\"157\" data-end=\"224\"><strong data-start=\"161\" data-end=\"224\">D-TONE ODS 50W Head \u2013 R\u0119cznie robiona g\u0142owa lampowa D-style<\/strong><\/h3>\n<p class=\"\" data-start=\"226\" data-end=\"532\"><strong data-start=\"226\" data-end=\"241\">D-TONE AMPS<\/strong> to niewielki europejski producent specjalizuj\u0105cy si\u0119 w budowie wzmacniaczy typu D-style, inspirowanych legendarnym brzmieniem wzmacniaczy Dumble. Ka\u017cdy egzemplarz jest r\u0119cznie montowany przy u\u017cyciu najwy\u017cszej jako\u015bci komponent\u00f3w w technologii <strong data-start=\"485\" data-end=\"509\">point-to-point (P2P)<\/strong> na p\u0142ytce typu turret.<\/p>\n<p class=\"\" data-start=\"534\" data-end=\"765\">Model <strong data-start=\"540\" data-end=\"568\">Overdrive Specialist 50W<\/strong> oparty jest na uk\u0142adzie kultowego wzmacniacza Overdrive Special. Konstrukcja zosta\u0142a odwzorowana z najwy\u017csz\u0105 dba\u0142o\u015bci\u0105 o detale, aby uchwyci\u0107 niezwyk\u0142y charakter i dynamik\u0119 oryginalnego brzmienia.<\/p>\n","protected":false},"featured_media":12842,"template":"","meta":{"_monsterinsights_skip_tracking":false,"_monsterinsights_sitenote_active":false,"_monsterinsights_sitenote_note":"","_monsterinsights_sitenote_category":0,"_uf_show_specific_survey":0,"_uf_disable_surveys":false,"_kadence_starter_templates_imported_post":false,"_kad_post_transparent":"default","_kad_post_title":"","_kad_post_layout":"default","_kad_post_sidebar_id":"","_kad_post_content_style":"default","_kad_post_vertical_padding":"default","_kad_post_feature":"","_kad_post_feature_position":"","_kad_post_header":false,"_kad_post_footer":false,"_kad_post_classname":""},"product_brand":[],"product_cat":[3253,3247],"product_tag":[],"class_list":{"0":"post-12841","1":"product","2":"type-product","3":"status-publish","4":"has-post-thumbnail","6":"product_cat-gitarowe","7":"product_cat-wzmacniacze","8":"product_shipping_class-medium","10":"first","11":"onbackorder","12":"shipping-taxable","13":"purchasable","14":"product-type-simple","15":"entry","16":"content-bg","17":"loop-entry"},"jetpack_sharing_enabled":true,"_links":{"self":[{"href":"https:\/\/guitar2amp.de\/index.php\/wp-json\/wp\/v2\/product\/12841","targetHints":{"allow":["GET"]}}],"collection":[{"href":"https:\/\/guitar2amp.de\/index.php\/wp-json\/wp\/v2\/product"}],"about":[{"href":"https:\/\/guitar2amp.de\/index.php\/wp-json\/wp\/v2\/types\/product"}],"wp:featuredmedia":[{"embeddable":true,"href":"https:\/\/guitar2amp.de\/index.php\/wp-json\/wp\/v2\/media\/12842"}],"wp:attachment":[{"href":"https:\/\/guitar2amp.de\/index.php\/wp-json\/wp\/v2\/media?parent=12841"}],"wp:term":[{"taxonomy":"product_brand","embeddable":true,"href":"https:\/\/guitar2amp.de\/index.php\/wp-json\/wp\/v2\/product_brand?post=12841"},{"taxonomy":"product_cat","embeddable":true,"href":"https:\/\/guitar2amp.de\/index.php\/wp-json\/wp\/v2\/product_cat?post=12841"},{"taxonomy":"product_tag","embeddable":true,"href":"https:\/\/guitar2amp.de\/index.php\/wp-json\/wp\/v2\/product_tag?post=12841"}],"curies":[{"name":"wp","href":"https:\/\/api.w.org\/{rel}","templated":true}]}}