{"id":12900,"date":"2025-03-27T13:37:33","date_gmt":"2025-03-27T12:37:33","guid":{"rendered":"https:\/\/guitar2amp.de\/?post_type=product&#038;p=12900"},"modified":"2025-10-11T17:20:27","modified_gmt":"2025-10-11T15:20:27","slug":"lsl-saticoy-era-hss-dakota-red-namm-limited-edition-2","status":"publish","type":"product","link":"https:\/\/guitar2amp.de\/index.php\/pl\/product\/lsl-saticoy-era-hss-dakota-red-namm-limited-edition-2\/","title":{"rendered":"LSL Saticoy ERA HSS Dakota Red NAMM Limited Edition"},"content":{"rendered":"<h3 class=\"\" data-start=\"232\" data-end=\"307\"><strong data-start=\"241\" data-end=\"307\">LsL Instruments Saticoy ERA \u2013 Edycja NAMM \u2013 1 z 5 \u2013 Dakota Red<\/strong><\/h3>\n<p class=\"\" data-start=\"309\" data-end=\"675\">Unikatowy egzemplarz zbudowany specjalnie na <strong data-start=\"354\" data-end=\"372\">NAMM Show 2024<\/strong> \u2013 <strong data-start=\"375\" data-end=\"403\">tylko 5 sztuk na \u015bwiecie<\/strong> w tym wyj\u0105tkowym wyko\u0144czeniu <strong data-start=\"433\" data-end=\"447\">Dakota Red<\/strong>. Gitara o numerze seryjnym <strong data-start=\"475\" data-end=\"484\">#8228<\/strong>, z czarnym pickguardem i lekkim agingiem. R\u0119cznie wykonana w Kalifornii przez lutnik\u00f3w <strong data-start=\"572\" data-end=\"591\">LsL Instruments<\/strong>, \u0142\u0105czy klasyczny wygl\u0105d typu S-style z nowoczesn\u0105 wygod\u0105 i niesamowitym brzmieniem.<\/p>\n<hr class=\"\" data-start=\"677\" data-end=\"680\" \/>\n<h4 class=\"\" data-start=\"682\" data-end=\"704\"><strong data-start=\"687\" data-end=\"702\">O serii ERA<\/strong><\/h4>\n<p class=\"\" data-start=\"705\" data-end=\"1066\">Seria <strong data-start=\"711\" data-end=\"718\">ERA<\/strong> to linia produkcyjna LsL, oferuj\u0105ca <strong data-start=\"755\" data-end=\"796\">butikow\u0105 jako\u015b\u0107 wykonania i brzmienia<\/strong> w przyst\u0119pniejszej formie. Gitary budowane s\u0105 z tych samych selekcjonowanych materia\u0142\u00f3w i z tak\u0105 sam\u0105 dba\u0142o\u015bci\u0105 o detale jak modele Custom Shop. ERA to esencja <strong data-start=\"957\" data-end=\"999\">vintage\u2019owego charakteru lat 50. i 60.<\/strong>, przy zachowaniu niezawodno\u015bci, kt\u00f3rej oczekuje wsp\u00f3\u0142czesny muzyk.<\/p>\n<hr class=\"\" data-start=\"1068\" data-end=\"1071\" \/>\n<h3 class=\"\" data-start=\"1073\" data-end=\"1094\"><strong data-start=\"1077\" data-end=\"1094\">Specyfikacja:<\/strong><\/h3>\n<ul data-start=\"1095\" data-end=\"1754\">\n<li class=\"\" data-start=\"1095\" data-end=\"1138\">\n<p class=\"\" data-start=\"1097\" data-end=\"1138\"><strong data-start=\"1097\" data-end=\"1107\">Model:<\/strong> Saticoy ERA HSS \u2013 Dakota Red<\/p>\n<\/li>\n<li class=\"\" data-start=\"1139\" data-end=\"1168\">\n<p class=\"\" data-start=\"1141\" data-end=\"1168\"><strong data-start=\"1141\" data-end=\"1152\">Korpus:<\/strong> Roasted Alder<\/p>\n<\/li>\n<li class=\"\" data-start=\"1169\" data-end=\"1227\">\n<p class=\"\" data-start=\"1171\" data-end=\"1227\"><strong data-start=\"1171\" data-end=\"1187\">Wyko\u0144czenie:<\/strong> Dakota Red (ultracienki lakier nitro)<\/p>\n<\/li>\n<li class=\"\" data-start=\"1228\" data-end=\"1258\">\n<p class=\"\" data-start=\"1230\" data-end=\"1258\"><strong data-start=\"1230\" data-end=\"1244\">Pickguard:<\/strong> Black Satin<\/p>\n<\/li>\n<li class=\"\" data-start=\"1259\" data-end=\"1305\">\n<p class=\"\" data-start=\"1261\" data-end=\"1305\"><strong data-start=\"1261\" data-end=\"1272\">Szyjka:<\/strong> Roasted Maple, profil Medium C<\/p>\n<\/li>\n<li class=\"\" data-start=\"1306\" data-end=\"1377\">\n<p class=\"\" data-start=\"1308\" data-end=\"1377\"><strong data-start=\"1308\" data-end=\"1325\">Podstrunnica:<\/strong> Palisander, radius 9.5&#8243;, 21 prog\u00f3w (Medium Jumbo)<\/p>\n<\/li>\n<li class=\"\" data-start=\"1378\" data-end=\"1419\">\n<p class=\"\" data-start=\"1380\" data-end=\"1419\"><strong data-start=\"1380\" data-end=\"1411\">Wyko\u0144czenie gryfu i g\u0142\u00f3wki:<\/strong> Satin<\/p>\n<\/li>\n<li class=\"\" data-start=\"1420\" data-end=\"1469\">\n<p class=\"\" data-start=\"1422\" data-end=\"1469\"><strong data-start=\"1422\" data-end=\"1438\">Elektronika:<\/strong> VT \/ 5-pozycyjny prze\u0142\u0105cznik<\/p>\n<\/li>\n<li class=\"\" data-start=\"1470\" data-end=\"1502\">\n<p class=\"\" data-start=\"1472\" data-end=\"1502\"><strong data-start=\"1472\" data-end=\"1496\">Uk\u0142ad przetwornik\u00f3w:<\/strong> HSS<\/p>\n<\/li>\n<li class=\"\" data-start=\"1503\" data-end=\"1587\">\n<p class=\"\" data-start=\"1505\" data-end=\"1587\"><strong data-start=\"1505\" data-end=\"1522\">Przetworniki:<\/strong> Humbucker LsL ERA Series (bridge) +Seymour Duncan Noissless single-coile (middle\/neck)<\/p>\n<\/li>\n<li class=\"\" data-start=\"1588\" data-end=\"1659\">\n<p class=\"\" data-start=\"1590\" data-end=\"1659\"><strong data-start=\"1590\" data-end=\"1614\">Kolor przetwornik\u00f3w:<\/strong> Mostek \u2013 niklowany, \u015brodek\/szyjka \u2013 czarne<\/p>\n<\/li>\n<li class=\"\" data-start=\"1660\" data-end=\"1695\">\n<p class=\"\" data-start=\"1662\" data-end=\"1695\"><strong data-start=\"1662\" data-end=\"1674\">Osprz\u0119t:<\/strong> Chrom, lekki aging<\/p>\n<\/li>\n<li class=\"\" data-start=\"1696\" data-end=\"1734\">\n<p class=\"\" data-start=\"1698\" data-end=\"1734\"><strong data-start=\"1698\" data-end=\"1718\">Mostek i klucze:<\/strong> Vintage-style<\/p>\n<\/li>\n<li class=\"\" data-start=\"1735\" data-end=\"1754\">\n<p class=\"\" data-start=\"1737\" data-end=\"1754\"><strong data-start=\"1737\" data-end=\"1747\">Ga\u0142ki:<\/strong> Czarne<\/p>\n<\/li>\n<\/ul>\n<hr class=\"\" data-start=\"1756\" data-end=\"1759\" \/>\n<h3 class=\"\" data-start=\"1761\" data-end=\"1784\"><strong data-start=\"1765\" data-end=\"1784\">Dlaczego warto:<\/strong><\/h3>\n<ul data-start=\"1785\" data-end=\"2117\">\n<li class=\"\" data-start=\"1785\" data-end=\"1847\">\n<p class=\"\" data-start=\"1787\" data-end=\"1847\">Limitowana edycja NAMM \u2013 tylko 5 egzemplarzy w tym kolorze<\/p>\n<\/li>\n<li class=\"\" data-start=\"1848\" data-end=\"1928\">\n<p class=\"\" data-start=\"1850\" data-end=\"1928\">Wszechstronny uk\u0142ad HSS \u2013 od t\u0142ustego humbuckera po szkliste cleany stratowe<\/p>\n<\/li>\n<li class=\"\" data-start=\"1929\" data-end=\"1973\">\n<p class=\"\" data-start=\"1931\" data-end=\"1973\">Lekki, rezonuj\u0105cy korpus z palonej olchy<\/p>\n<\/li>\n<li class=\"\" data-start=\"1974\" data-end=\"2021\">\n<p class=\"\" data-start=\"1976\" data-end=\"2021\">Palony klon w gryfie \u2013 komfort i stabilno\u015b\u0107<\/p>\n<\/li>\n<li class=\"\" data-start=\"2022\" data-end=\"2078\">\n<p class=\"\" data-start=\"2024\" data-end=\"2078\">Nitro lakier \u2013 naturalna praca drewna i pi\u0119kny aging<\/p>\n<\/li>\n<li class=\"\" data-start=\"2079\" data-end=\"2117\">\n<p class=\"\" data-start=\"2081\" data-end=\"2117\">R\u0119czne wykonanie i perfekcyjny setup<\/p>\n<\/li>\n<\/ul>\n<hr class=\"\" data-start=\"2119\" data-end=\"2122\" \/>\n<h3 class=\"\" data-start=\"2124\" data-end=\"2139\"><strong data-start=\"2128\" data-end=\"2137\">Stan:<\/strong><\/h3>\n<p class=\"\" data-start=\"2140\" data-end=\"2254\">Nowa<br data-start=\"2194\" data-end=\"2197\" \/><strong data-start=\"2197\" data-end=\"2254\">Dost\u0119pna w Guitar2Amp. Wysy\u0142ka krajowa i zagraniczna.<\/strong><\/p>\n<hr class=\"\" data-start=\"2256\" data-end=\"2259\" \/>\n<h3 class=\"\" data-start=\"2261\" data-end=\"2330\"><strong data-start=\"2265\" data-end=\"2328\">Guitar2Amp \u2013 Oficjalny dystrybutor LsL Instruments w Polsce<\/strong><\/h3>\n<p class=\"\" data-start=\"2331\" data-end=\"2688\">Jako <strong data-start=\"2336\" data-end=\"2383\">oficjalny dystrybutor marki LsL Instruments<\/strong> w Polsce oferujemy wyselekcjonowane modele z serii ERA i Custom, a tak\u017ce mo\u017cliwo\u015b\u0107 <strong data-start=\"2467\" data-end=\"2515\">zam\u00f3wienia gitary na indywidualne zam\u00f3wienie<\/strong>.<br data-start=\"2516\" data-end=\"2519\" \/>Dobierz drewno, przetworniki, profil gryfu, poziom agingu i inne detale \u2013 a my zajmiemy si\u0119 reszt\u0105.<br data-start=\"2618\" data-end=\"2621\" \/>Skontaktuj si\u0119 z nami, aby zarezerwowa\u0107 test lub z\u0142o\u017cy\u0107 zam\u00f3wienie.<\/p>\n","protected":false},"excerpt":{"rendered":"<h3 class=\"\" data-start=\"232\" data-end=\"307\"><strong data-start=\"241\" data-end=\"307\">LsL Instruments Saticoy ERA \u2013 Edycja NAMM \u2013 1 z 5 \u2013 Dakota Red<\/strong><\/h3>\n<p class=\"\" data-start=\"309\" data-end=\"675\">Unikatowy egzemplarz zbudowany specjalnie na <strong data-start=\"354\" data-end=\"372\">NAMM Show 2024<\/strong> \u2013 <strong data-start=\"375\" data-end=\"403\">tylko 5 sztuk na \u015bwiecie<\/strong> w tym wyj\u0105tkowym wyko\u0144czeniu <strong data-start=\"433\" data-end=\"447\">Dakota Red<\/strong>. Gitara o numerze seryjnym <strong data-start=\"475\" data-end=\"484\">#8228<\/strong>, z czarnym pickguardem i lekkim agingiem. R\u0119cznie wykonana w Kalifornii przez lutnik\u00f3w <strong data-start=\"572\" data-end=\"591\">LsL Instruments<\/strong>, \u0142\u0105czy klasyczny wygl\u0105d typu S-style z nowoczesn\u0105 wygod\u0105 i niesamowitym brzmieniem.<\/p>\n<p><a href=\"https:\/\/guitar2amp.de\/index.php\/pl\/lsl-instruments_pl\/\"><strong data-start=\"393\" data-end=\"437\">Zobacz wi\u0119cej gitar od LSL Instruments \u2192<\/strong><\/a><\/p>\n","protected":false},"featured_media":12901,"template":"","meta":{"_monsterinsights_skip_tracking":false,"_monsterinsights_sitenote_active":false,"_monsterinsights_sitenote_note":"","_monsterinsights_sitenote_category":0,"_uf_show_specific_survey":0,"_uf_disable_surveys":false,"_kadence_starter_templates_imported_post":false,"_kad_post_transparent":"default","_kad_post_title":"","_kad_post_layout":"default","_kad_post_sidebar_id":"","_kad_post_content_style":"default","_kad_post_vertical_padding":"default","_kad_post_feature":"","_kad_post_feature_position":"","_kad_post_header":false,"_kad_post_footer":false,"_kad_post_classname":""},"product_brand":[],"product_cat":[3265,3261,4277],"product_tag":[],"class_list":{"0":"post-12900","1":"product","2":"type-product","3":"status-publish","4":"has-post-thumbnail","6":"product_cat-elektryczne-pl","7":"product_cat-gitary","8":"product_cat-lsl-instruments-pl","10":"first","11":"instock","12":"shipping-taxable","13":"purchasable","14":"product-type-simple","15":"entry","16":"content-bg","17":"loop-entry"},"jetpack_sharing_enabled":true,"_links":{"self":[{"href":"https:\/\/guitar2amp.de\/index.php\/wp-json\/wp\/v2\/product\/12900","targetHints":{"allow":["GET"]}}],"collection":[{"href":"https:\/\/guitar2amp.de\/index.php\/wp-json\/wp\/v2\/product"}],"about":[{"href":"https:\/\/guitar2amp.de\/index.php\/wp-json\/wp\/v2\/types\/product"}],"wp:featuredmedia":[{"embeddable":true,"href":"https:\/\/guitar2amp.de\/index.php\/wp-json\/wp\/v2\/media\/12901"}],"wp:attachment":[{"href":"https:\/\/guitar2amp.de\/index.php\/wp-json\/wp\/v2\/media?parent=12900"}],"wp:term":[{"taxonomy":"product_brand","embeddable":true,"href":"https:\/\/guitar2amp.de\/index.php\/wp-json\/wp\/v2\/product_brand?post=12900"},{"taxonomy":"product_cat","embeddable":true,"href":"https:\/\/guitar2amp.de\/index.php\/wp-json\/wp\/v2\/product_cat?post=12900"},{"taxonomy":"product_tag","embeddable":true,"href":"https:\/\/guitar2amp.de\/index.php\/wp-json\/wp\/v2\/product_tag?post=12900"}],"curies":[{"name":"wp","href":"https:\/\/api.w.org\/{rel}","templated":true}]}}