{"id":13260,"date":"2025-04-10T13:03:36","date_gmt":"2025-04-10T11:03:36","guid":{"rendered":"https:\/\/guitar2amp.de\/?post_type=product&#038;p=13260"},"modified":"2025-07-06T00:31:18","modified_gmt":"2025-07-05T22:31:18","slug":"epiphone-joe-bonamassa-1958-amos-korina-flying-v-limited-edition-2","status":"publish","type":"product","link":"https:\/\/guitar2amp.de\/index.php\/pl\/product\/epiphone-joe-bonamassa-1958-amos-korina-flying-v-limited-edition-2\/","title":{"rendered":"Epiphone Joe Bonamassa 1958 &#8220;Amos&#8221; Korina Flying V Limited Edition"},"content":{"rendered":"<h3 class=\"\" data-start=\"155\" data-end=\"245\"><strong data-start=\"159\" data-end=\"245\">Epiphone Ltd. Ed. Joe Bonamassa &#8220;Amos&#8221; Flying V \u2013 Edycja Limitowana z ulepszeniami<\/strong><\/h3>\n<p class=\"\" data-start=\"247\" data-end=\"606\"><strong data-start=\"247\" data-end=\"289\">Epiphone Joe Bonamassa &#8220;Amos&#8221; Flying V<\/strong> to ho\u0142d dla jednej z najrzadszych i najbardziej kultowych gitar typu Flying V \u2013 inspirowana oryginalnym modelem z 1958 roku nale\u017c\u0105cym do kolekcji Joe Bonamassy. Gitara pochodzi z <strong data-start=\"469\" data-end=\"491\">edycji limitowanej<\/strong> i zosta\u0142a rozbudowana o szereg wysokiej klasy ulepsze\u0144, kt\u00f3re znacz\u0105co podnosz\u0105 jej walory brzmieniowe i u\u017cytkowe.<\/p>\n<hr class=\"\" data-start=\"608\" data-end=\"611\" \/>\n<h3 class=\"\" data-start=\"613\" data-end=\"647\"><strong data-start=\"617\" data-end=\"647\">Specyfikacja i ulepszenia:<\/strong><\/h3>\n<ul data-start=\"648\" data-end=\"1264\">\n<li class=\"\" data-start=\"648\" data-end=\"724\">\n<p class=\"\" data-start=\"650\" data-end=\"724\"><strong data-start=\"650\" data-end=\"668\">Korpus i gryf:<\/strong> lita <strong data-start=\"674\" data-end=\"684\">Korina<\/strong>, gryf wklejany, profil 1958 Rounded C<\/p>\n<\/li>\n<li class=\"\" data-start=\"725\" data-end=\"809\">\n<p class=\"\" data-start=\"727\" data-end=\"809\"><strong data-start=\"727\" data-end=\"744\">Podstrunnica:<\/strong> <strong data-start=\"745\" data-end=\"772\">certyfikowany Blackwood<\/strong>, radius 12&#8243;, 22 progi Medium Jumbo<\/p>\n<\/li>\n<li class=\"\" data-start=\"810\" data-end=\"842\">\n<p class=\"\" data-start=\"812\" data-end=\"842\"><strong data-start=\"812\" data-end=\"824\">Menzura:<\/strong> 24.75&#8243; (628 mm)<\/p>\n<\/li>\n<li class=\"\" data-start=\"843\" data-end=\"948\">\n<p class=\"\" data-start=\"845\" data-end=\"948\"><strong data-start=\"845\" data-end=\"862\">Przetworniki:<\/strong> <strong data-start=\"863\" data-end=\"890\">Seymour Duncan AMOS Set<\/strong> \u2013 mocne, klarowne humbuckery z vintage\u2019owym charakterem<\/p>\n<\/li>\n<li class=\"\" data-start=\"949\" data-end=\"987\">\n<p class=\"\" data-start=\"951\" data-end=\"987\"><strong data-start=\"951\" data-end=\"962\">Mostek:<\/strong> <strong data-start=\"963\" data-end=\"985\">Faber Tune-o-Matic<\/strong><\/p>\n<\/li>\n<li class=\"\" data-start=\"988\" data-end=\"1037\">\n<p class=\"\" data-start=\"990\" data-end=\"1037\"><strong data-start=\"990\" data-end=\"1001\">Klucze:<\/strong> <strong data-start=\"1002\" data-end=\"1019\">Kluson Deluxe<\/strong> w stylu vintage<\/p>\n<\/li>\n<li class=\"\" data-start=\"1038\" data-end=\"1083\">\n<p class=\"\" data-start=\"1040\" data-end=\"1083\"><strong data-start=\"1040\" data-end=\"1053\">Siode\u0142ko:<\/strong> wymienione na wy\u017cszej klasy<\/p>\n<\/li>\n<li class=\"\" data-start=\"1084\" data-end=\"1215\">\n<p class=\"\" data-start=\"1086\" data-end=\"1215\"><strong data-start=\"1086\" data-end=\"1102\">Elektronika:<\/strong> ca\u0142kowicie wymieniona, r\u0119cznie okablowana z u\u017cyciem komponent\u00f3w klasy premium<\/p>\n<\/li>\n<li class=\"\" data-start=\"1216\" data-end=\"1264\">\n<p class=\"\" data-start=\"1218\" data-end=\"1264\"><strong data-start=\"1218\" data-end=\"1234\">Wyko\u0144czenie:<\/strong> Natural Korina, wysoki po\u0142ysk<\/p>\n<\/li>\n<\/ul>\n<hr class=\"\" data-start=\"1266\" data-end=\"1269\" \/>\n<h3 class=\"\" data-start=\"1271\" data-end=\"1304\"><strong data-start=\"1275\" data-end=\"1304\">Stan i zawarto\u015b\u0107 zestawu:<\/strong><\/h3>\n<p class=\"\" data-start=\"1305\" data-end=\"1602\">Gitara w <strong data-start=\"1314\" data-end=\"1338\">bardzo dobrym stanie<\/strong>, w pe\u0142ni ustawiona i gotowa do gry.<br data-start=\"1374\" data-end=\"1377\" \/>W zestawie:<br data-start=\"1388\" data-end=\"1391\" \/>\u2013 <strong data-start=\"1393\" data-end=\"1431\">oryginalny twardy futera\u0142 Epiphone<\/strong><br data-start=\"1431\" data-end=\"1434\" \/>\u2013 pe\u0142en zestaw <strong data-start=\"1449\" data-end=\"1463\">case candy<\/strong>: certyfikat, plakat, zawieszki, broszury<br data-start=\"1504\" data-end=\"1507\" \/>\u2013 <strong data-start=\"1509\" data-end=\"1552\">wszystkie oryginalne cz\u0119\u015bci w komplecie<\/strong> (pickup\u2019y, mostek, klucze, siode\u0142ko, elektronika)<\/p>\n","protected":false},"excerpt":{"rendered":"<h3 class=\"\" data-start=\"155\" data-end=\"245\"><strong data-start=\"159\" data-end=\"245\">Epiphone Ltd. Ed. Joe Bonamassa &#8220;Amos&#8221; Flying V \u2013 Edycja Limitowana z ulepszeniami<\/strong><\/h3>\n<p class=\"\" data-start=\"247\" data-end=\"606\"><strong data-start=\"247\" data-end=\"289\">Epiphone Joe Bonamassa &#8220;Amos&#8221; Flying V<\/strong> to ho\u0142d dla jednej z najrzadszych i najbardziej kultowych gitar typu Flying V \u2013 inspirowana oryginalnym modelem z 1958 roku nale\u017c\u0105cym do kolekcji Joe Bonamassy. Gitara pochodzi z <strong data-start=\"469\" data-end=\"491\">edycji limitowanej<\/strong> i zosta\u0142a rozbudowana o szereg wysokiej klasy ulepsze\u0144, kt\u00f3re znacz\u0105co podnosz\u0105 jej walory brzmieniowe i u\u017cytkowe.<\/p>\n","protected":false},"featured_media":13262,"template":"","meta":{"_monsterinsights_skip_tracking":false,"_monsterinsights_sitenote_active":false,"_monsterinsights_sitenote_note":"","_monsterinsights_sitenote_category":0,"_uf_show_specific_survey":0,"_uf_disable_surveys":false,"_kadence_starter_templates_imported_post":false,"_kad_post_transparent":"default","_kad_post_title":"","_kad_post_layout":"default","_kad_post_sidebar_id":"","_kad_post_content_style":"default","_kad_post_vertical_padding":"default","_kad_post_feature":"","_kad_post_feature_position":"","_kad_post_header":false,"_kad_post_footer":false,"_kad_post_classname":""},"product_brand":[],"product_cat":[3265,3261],"product_tag":[],"class_list":{"0":"post-13260","1":"product","2":"type-product","3":"status-publish","4":"has-post-thumbnail","6":"product_cat-elektryczne-pl","7":"product_cat-gitary","9":"first","10":"outofstock","11":"shipping-taxable","12":"purchasable","13":"product-type-simple","14":"entry","15":"content-bg","16":"loop-entry"},"jetpack_sharing_enabled":true,"_links":{"self":[{"href":"https:\/\/guitar2amp.de\/index.php\/wp-json\/wp\/v2\/product\/13260","targetHints":{"allow":["GET"]}}],"collection":[{"href":"https:\/\/guitar2amp.de\/index.php\/wp-json\/wp\/v2\/product"}],"about":[{"href":"https:\/\/guitar2amp.de\/index.php\/wp-json\/wp\/v2\/types\/product"}],"wp:featuredmedia":[{"embeddable":true,"href":"https:\/\/guitar2amp.de\/index.php\/wp-json\/wp\/v2\/media\/13262"}],"wp:attachment":[{"href":"https:\/\/guitar2amp.de\/index.php\/wp-json\/wp\/v2\/media?parent=13260"}],"wp:term":[{"taxonomy":"product_brand","embeddable":true,"href":"https:\/\/guitar2amp.de\/index.php\/wp-json\/wp\/v2\/product_brand?post=13260"},{"taxonomy":"product_cat","embeddable":true,"href":"https:\/\/guitar2amp.de\/index.php\/wp-json\/wp\/v2\/product_cat?post=13260"},{"taxonomy":"product_tag","embeddable":true,"href":"https:\/\/guitar2amp.de\/index.php\/wp-json\/wp\/v2\/product_tag?post=13260"}],"curies":[{"name":"wp","href":"https:\/\/api.w.org\/{rel}","templated":true}]}}