{"id":13303,"date":"2025-04-10T13:18:30","date_gmt":"2025-04-10T11:18:30","guid":{"rendered":"https:\/\/guitar2amp.de\/?post_type=product&#038;p=13303"},"modified":"2026-02-03T16:28:18","modified_gmt":"2026-02-03T15:28:18","slug":"2015-yamaha-sa-2200-gs-limited-edition-10-10-bigsby-semi-hollow-es-335-style-3","status":"publish","type":"product","link":"https:\/\/guitar2amp.de\/index.php\/pl\/product\/2015-yamaha-sa-2200-gs-limited-edition-10-10-bigsby-semi-hollow-es-335-style-3\/","title":{"rendered":"2015 Yamaha SA 2200 GS Limited Edition 10\/10 Bigsby Semi hollow ES 335 Style"},"content":{"rendered":"<h3 class=\"\" data-start=\"184\" data-end=\"267\"><strong data-start=\"188\" data-end=\"267\">Yamaha SA2200GS \u2013 Edycja Limitowana (Black Gloss) \u2013 Bigsby &amp; Seymour Duncan<\/strong><\/h3>\n<p class=\"\" data-start=\"269\" data-end=\"685\"><strong data-start=\"269\" data-end=\"288\">Yamaha SA2200GS<\/strong> to <strong data-start=\"292\" data-end=\"345\">limitowana edycja p\u00f3\u0142pud\u0142owej gitary elektrycznej<\/strong>, wyprodukowana z okazji <strong data-start=\"370\" data-end=\"395\">10-lecia Guitar Shopu<\/strong>. Powsta\u0142o zaledwie <strong data-start=\"415\" data-end=\"450\">10 egzemplarzy na ca\u0142ym \u015bwiecie<\/strong>, a prezentowany egzemplarz to <strong data-start=\"481\" data-end=\"495\">nr 10 z 10<\/strong>. Gitara wyr\u00f3\u017cnia si\u0119 eleganckim, g\u0142\u0119bokim <strong data-start=\"538\" data-end=\"576\">czarnym wyko\u0144czeniem (Black Gloss)<\/strong> oraz klasycznym tremolem <strong data-start=\"602\" data-end=\"612\">Bigsby<\/strong>. To instrument klasy premium, stworzony z my\u015bl\u0105 o wymagaj\u0105cych muzykach.<\/p>\n<hr class=\"\" data-start=\"687\" data-end=\"690\" \/>\n<h3 class=\"\" data-start=\"692\" data-end=\"713\"><strong data-start=\"696\" data-end=\"713\">Specyfikacja:<\/strong><\/h3>\n<ul data-start=\"714\" data-end=\"1224\">\n<li class=\"\" data-start=\"714\" data-end=\"763\">\n<p class=\"\" data-start=\"716\" data-end=\"763\"><strong data-start=\"716\" data-end=\"727\">Korpus:<\/strong> laminowany klon \u2013 top, ty\u0142 i boki<\/p>\n<\/li>\n<li class=\"\" data-start=\"764\" data-end=\"808\">\n<p class=\"\" data-start=\"766\" data-end=\"808\"><strong data-start=\"766\" data-end=\"775\">Gryf:<\/strong> wklejany maho\u0144 (klasa premium)<\/p>\n<\/li>\n<li class=\"\" data-start=\"809\" data-end=\"836\">\n<p class=\"\" data-start=\"811\" data-end=\"836\"><strong data-start=\"811\" data-end=\"828\">Podstrunnica:<\/strong> heban<\/p>\n<\/li>\n<li class=\"\" data-start=\"837\" data-end=\"869\">\n<p class=\"\" data-start=\"839\" data-end=\"869\"><strong data-start=\"839\" data-end=\"851\">Menzura:<\/strong> 24.75&#8243; (628 mm)<\/p>\n<\/li>\n<li class=\"\" data-start=\"870\" data-end=\"906\">\n<p class=\"\" data-start=\"872\" data-end=\"906\"><strong data-start=\"872\" data-end=\"897\">Promie\u0144 podstrunnicy:<\/strong> 13.75&#8243;<\/p>\n<\/li>\n<li class=\"\" data-start=\"907\" data-end=\"924\">\n<p class=\"\" data-start=\"909\" data-end=\"924\"><strong data-start=\"909\" data-end=\"919\">Progi:<\/strong> 22<\/p>\n<\/li>\n<li class=\"\" data-start=\"925\" data-end=\"997\">\n<p class=\"\" data-start=\"927\" data-end=\"997\"><strong data-start=\"927\" data-end=\"944\">Przetworniki:<\/strong> <strong data-start=\"945\" data-end=\"979\">Seymour Duncan SH-1 humbuckery<\/strong> (gryf i mostek)<\/p>\n<\/li>\n<li class=\"\" data-start=\"998\" data-end=\"1061\">\n<p class=\"\" data-start=\"1000\" data-end=\"1061\"><strong data-start=\"1000\" data-end=\"1013\">Kontrola:<\/strong> 2 x Volume, 2 x Tone, 3-pozycyjny prze\u0142\u0105cznik<\/p>\n<\/li>\n<li class=\"\" data-start=\"1062\" data-end=\"1116\">\n<p class=\"\" data-start=\"1064\" data-end=\"1116\"><strong data-start=\"1064\" data-end=\"1075\">Mostek:<\/strong> Tune-o-Matic z regulowanymi siode\u0142kami<\/p>\n<\/li>\n<li class=\"\" data-start=\"1117\" data-end=\"1144\">\n<p class=\"\" data-start=\"1119\" data-end=\"1144\"><strong data-start=\"1119\" data-end=\"1131\">Tremolo:<\/strong> <strong data-start=\"1132\" data-end=\"1142\">Bigsby<\/strong><\/p>\n<\/li>\n<li class=\"\" data-start=\"1145\" data-end=\"1224\">\n<p class=\"\" data-start=\"1147\" data-end=\"1224\"><strong data-start=\"1147\" data-end=\"1163\">Wyko\u0144czenie:<\/strong> <strong data-start=\"1164\" data-end=\"1179\">Black Gloss<\/strong> \u2013 dost\u0119pne wy\u0142\u0105cznie w tej limitowanej serii<\/p>\n<\/li>\n<\/ul>\n<hr class=\"\" data-start=\"1226\" data-end=\"1229\" \/>\n<h3 class=\"\" data-start=\"1231\" data-end=\"1264\"><strong data-start=\"1235\" data-end=\"1264\">Stan i zawarto\u015b\u0107 zestawu:<\/strong><\/h3>\n<p class=\"\" data-start=\"1265\" data-end=\"1461\">Gitara w <strong data-start=\"1274\" data-end=\"1295\">doskona\u0142ym stanie<\/strong>, bardzo zadbana, praktycznie nieu\u017cywana.<br data-start=\"1336\" data-end=\"1339\" \/>W zestawie:<br data-start=\"1350\" data-end=\"1353\" \/>\u2013 <strong data-start=\"1355\" data-end=\"1391\">oryginalny twardy futera\u0142 Yamaha<\/strong><\/p>\n","protected":false},"excerpt":{"rendered":"<h3 class=\"\" data-start=\"184\" data-end=\"267\"><strong data-start=\"188\" data-end=\"267\">Yamaha SA2200GS \u2013 Edycja Limitowana (Black Gloss) \u2013 Bigsby &amp; Seymour Duncan<\/strong><\/h3>\n<p class=\"\" data-start=\"269\" data-end=\"685\"><strong data-start=\"269\" data-end=\"288\">Yamaha SA2200GS<\/strong> to <strong data-start=\"292\" data-end=\"345\">limitowana edycja p\u00f3\u0142pud\u0142owej gitary elektrycznej<\/strong>, wyprodukowana z okazji <strong data-start=\"370\" data-end=\"395\">10-lecia Guitar Shopu<\/strong>. Powsta\u0142o zaledwie <strong data-start=\"415\" data-end=\"450\">10 egzemplarzy na ca\u0142ym \u015bwiecie<\/strong>, a prezentowany egzemplarz to <strong data-start=\"481\" data-end=\"495\">nr 10 z 10<\/strong>. Gitara wyr\u00f3\u017cnia si\u0119 eleganckim, g\u0142\u0119bokim <strong data-start=\"538\" data-end=\"576\">czarnym wyko\u0144czeniem (Black Gloss)<\/strong> oraz klasycznym tremolem <strong data-start=\"602\" data-end=\"612\">Bigsby<\/strong>. To instrument klasy premium, stworzony z my\u015bl\u0105 o wymagaj\u0105cych muzykach.<\/p>\n","protected":false},"featured_media":13304,"template":"","meta":{"_monsterinsights_skip_tracking":false,"_monsterinsights_sitenote_active":false,"_monsterinsights_sitenote_note":"","_monsterinsights_sitenote_category":0,"_uf_show_specific_survey":0,"_uf_disable_surveys":false,"_kadence_starter_templates_imported_post":false,"_kad_post_transparent":"default","_kad_post_title":"","_kad_post_layout":"default","_kad_post_sidebar_id":"","_kad_post_content_style":"default","_kad_post_vertical_padding":"default","_kad_post_feature":"","_kad_post_feature_position":"","_kad_post_header":false,"_kad_post_footer":false,"_kad_post_classname":""},"product_brand":[],"product_cat":[3265,3261,3267],"product_tag":[],"class_list":{"0":"post-13303","1":"product","2":"type-product","3":"status-publish","4":"has-post-thumbnail","6":"product_cat-elektryczne-pl","7":"product_cat-gitary","8":"product_cat-hollow-body-pl","10":"first","11":"outofstock","12":"shipping-taxable","13":"product-type-simple","14":"entry","15":"content-bg","16":"loop-entry"},"jetpack_sharing_enabled":true,"_links":{"self":[{"href":"https:\/\/guitar2amp.de\/index.php\/wp-json\/wp\/v2\/product\/13303","targetHints":{"allow":["GET"]}}],"collection":[{"href":"https:\/\/guitar2amp.de\/index.php\/wp-json\/wp\/v2\/product"}],"about":[{"href":"https:\/\/guitar2amp.de\/index.php\/wp-json\/wp\/v2\/types\/product"}],"wp:featuredmedia":[{"embeddable":true,"href":"https:\/\/guitar2amp.de\/index.php\/wp-json\/wp\/v2\/media\/13304"}],"wp:attachment":[{"href":"https:\/\/guitar2amp.de\/index.php\/wp-json\/wp\/v2\/media?parent=13303"}],"wp:term":[{"taxonomy":"product_brand","embeddable":true,"href":"https:\/\/guitar2amp.de\/index.php\/wp-json\/wp\/v2\/product_brand?post=13303"},{"taxonomy":"product_cat","embeddable":true,"href":"https:\/\/guitar2amp.de\/index.php\/wp-json\/wp\/v2\/product_cat?post=13303"},{"taxonomy":"product_tag","embeddable":true,"href":"https:\/\/guitar2amp.de\/index.php\/wp-json\/wp\/v2\/product_tag?post=13303"}],"curies":[{"name":"wp","href":"https:\/\/api.w.org\/{rel}","templated":true}]}}