{"id":13553,"date":"2025-04-18T15:52:20","date_gmt":"2025-04-18T13:52:20","guid":{"rendered":"https:\/\/guitar2amp.de\/?post_type=product&#038;p=13553"},"modified":"2025-12-06T12:04:36","modified_gmt":"2025-12-06T11:04:36","slug":"fender-custom-shop-60-stratocaster-nos-fsr-for-yamano-japan-olympic-white-3","status":"publish","type":"product","link":"https:\/\/guitar2amp.de\/index.php\/pl\/product\/fender-custom-shop-60-stratocaster-nos-fsr-for-yamano-japan-olympic-white-3\/","title":{"rendered":"Fender Custom Shop &#8217;60 Stratocaster\u00ae NOS \u2013 FSR for Yamano Japan \u2013 Olympic White"},"content":{"rendered":"<h3 class=\"\" data-start=\"165\" data-end=\"252\"><strong data-start=\"169\" data-end=\"252\">Fender Custom Shop &#8217;60 Stratocaster\u00ae NOS \u2013 FSR dla Yamano Japan \u2013 Olympic White<\/strong><\/h3>\n<p class=\"\" data-start=\"254\" data-end=\"650\">Ta <strong data-start=\"257\" data-end=\"300\">Fender Custom Shop &#8217;60 Stratocaster NOS<\/strong> to specjalna edycja typu <strong data-start=\"326\" data-end=\"355\">Factory Special Run (FSR)<\/strong>, przygotowana wy\u0142\u0105cznie dla presti\u017cowego japo\u0144skiego dystrybutora <strong data-start=\"422\" data-end=\"438\">Yamano Japan<\/strong>. Instrument wiernie odtwarza specyfikacj\u0119 Stratocastera z 1960 roku, a jego wykonanie \u2013 zgodnie z najwy\u017cszymi standardami <strong data-start=\"561\" data-end=\"577\">Custom Shopu<\/strong> \u2013 gwarantuje brzmienie, wygod\u0119 gry i styl vintage na \u015bwiatowym poziomie.<\/p>\n<p class=\"\" data-start=\"652\" data-end=\"897\">Gitara zosta\u0142a wyko\u0144czona w klasycznym kolorze <strong data-start=\"699\" data-end=\"716\">Olympic White<\/strong> i posiada unikaln\u0105 <strong data-start=\"736\" data-end=\"805\">podstrunnic\u0119 typu slab board wykonan\u0105 z brazylijskiego palisandru<\/strong>, co czyni j\u0105 instrumentem nie tylko muzycznie wyj\u0105tkowym, ale i kolekcjonersko atrakcyjnym.<\/p>\n<hr class=\"\" data-start=\"899\" data-end=\"902\" \/>\n<h3 class=\"\" data-start=\"904\" data-end=\"936\"><strong data-start=\"908\" data-end=\"936\">Specyfikacja techniczna:<\/strong><\/h3>\n<ul data-start=\"938\" data-end=\"1601\">\n<li class=\"\" data-start=\"938\" data-end=\"974\">\n<p class=\"\" data-start=\"940\" data-end=\"974\"><strong data-start=\"940\" data-end=\"951\">Korpus:<\/strong> selekcjonowana olcha<\/p>\n<\/li>\n<li class=\"\" data-start=\"975\" data-end=\"1058\">\n<p class=\"\" data-start=\"977\" data-end=\"1058\"><strong data-start=\"977\" data-end=\"993\">Wyko\u0144czenie:<\/strong> lakier nitrocelulozowy <strong data-start=\"1017\" data-end=\"1040\">NOS (New Old Stock)<\/strong> \u2013 Olympic White<\/p>\n<\/li>\n<li class=\"\" data-start=\"1059\" data-end=\"1099\">\n<p class=\"\" data-start=\"1061\" data-end=\"1099\"><strong data-start=\"1061\" data-end=\"1070\">Gryf:<\/strong> klon, profil &#8220;C&#8221; z lat 60.<\/p>\n<\/li>\n<li class=\"\" data-start=\"1100\" data-end=\"1174\">\n<p class=\"\" data-start=\"1102\" data-end=\"1174\"><strong data-start=\"1102\" data-end=\"1119\">Podstrunnica:<\/strong> <strong data-start=\"1120\" data-end=\"1158\">brazylijski palisander, slab board<\/strong>, radius 7.25&#8243;<\/p>\n<\/li>\n<li class=\"\" data-start=\"1175\" data-end=\"1206\">\n<p class=\"\" data-start=\"1177\" data-end=\"1206\"><strong data-start=\"1177\" data-end=\"1187\">Progi:<\/strong> 21, styl vintage<\/p>\n<\/li>\n<li class=\"\" data-start=\"1207\" data-end=\"1238\">\n<p class=\"\" data-start=\"1209\" data-end=\"1238\"><strong data-start=\"1209\" data-end=\"1221\">Menzura:<\/strong> 25.5&#8243; (648 mm)<\/p>\n<\/li>\n<li class=\"\" data-start=\"1239\" data-end=\"1281\">\n<p class=\"\" data-start=\"1241\" data-end=\"1281\"><strong data-start=\"1241\" data-end=\"1264\">Szeroko\u015b\u0107 siode\u0142ka:<\/strong> 1.650&#8243; (42 mm)<\/p>\n<\/li>\n<li class=\"\" data-start=\"1282\" data-end=\"1328\">\n<p class=\"\" data-start=\"1284\" data-end=\"1328\"><strong data-start=\"1284\" data-end=\"1295\">Mostek:<\/strong> klasyczny tremolo typu vintage<\/p>\n<\/li>\n<li class=\"\" data-start=\"1329\" data-end=\"1357\">\n<p class=\"\" data-start=\"1331\" data-end=\"1357\"><strong data-start=\"1331\" data-end=\"1342\">Klucze:<\/strong> styl vintage<\/p>\n<\/li>\n<li class=\"\" data-start=\"1358\" data-end=\"1430\">\n<p class=\"\" data-start=\"1360\" data-end=\"1430\"><strong data-start=\"1360\" data-end=\"1377\">Przetworniki:<\/strong> 3 x <strong data-start=\"1382\" data-end=\"1428\">Fender Custom Shop &#8217;60s Single-Coil Strat\u00ae<\/strong><\/p>\n<\/li>\n<li class=\"\" data-start=\"1431\" data-end=\"1517\">\n<p class=\"\" data-start=\"1433\" data-end=\"1517\"><strong data-start=\"1433\" data-end=\"1449\">Elektronika:<\/strong> Volume, Tone 1 (gryf), Tone 2 (\u015brodkowy), 5-pozycyjny prze\u0142\u0105cznik<\/p>\n<\/li>\n<li class=\"\" data-start=\"1518\" data-end=\"1574\">\n<p class=\"\" data-start=\"1520\" data-end=\"1574\"><strong data-start=\"1520\" data-end=\"1534\">Pickguard:<\/strong> 3-warstwowy Parchment\/Black\/Parchment<\/p>\n<\/li>\n<li class=\"\" data-start=\"1575\" data-end=\"1601\">\n<p class=\"\" data-start=\"1577\" data-end=\"1601\"><strong data-start=\"1577\" data-end=\"1590\">Plastiki:<\/strong> Aged white<\/p>\n<\/li>\n<\/ul>\n<hr class=\"\" data-start=\"1603\" data-end=\"1606\" \/>\n<h3 class=\"\" data-start=\"1608\" data-end=\"1627\"><strong data-start=\"1612\" data-end=\"1627\">W zestawie:<\/strong><\/h3>\n<ul data-start=\"1629\" data-end=\"1728\">\n<li class=\"\" data-start=\"1629\" data-end=\"1690\">\n<p class=\"\" data-start=\"1631\" data-end=\"1690\"><strong data-start=\"1631\" data-end=\"1688\">Oryginalny twardy futera\u0142 Fender Custom Shop (czarny)<\/strong><\/p>\n<\/li>\n<li class=\"\" data-start=\"1691\" data-end=\"1728\">\n<p class=\"\" data-start=\"1693\" data-end=\"1728\"><strong data-start=\"1693\" data-end=\"1728\">Certyfikat autentyczno\u015bci (COA)<\/strong><\/p>\n<\/li>\n<\/ul>\n<hr class=\"\" data-start=\"1730\" data-end=\"1733\" \/>\n<p class=\"\" data-start=\"1735\" data-end=\"1901\">Rzadki i wyj\u0105tkowy egzemplarz Stratocastera Custom Shop o specyfikacji vintage, z brazylijskim palisandrem i pi\u0119knym brzmieniem \u2013 idealny do grania i kolekcjonowania.<\/p>\n","protected":false},"excerpt":{"rendered":"<h3 class=\"\" data-start=\"165\" data-end=\"252\"><strong data-start=\"169\" data-end=\"252\">Fender Custom Shop &#8217;60 Stratocaster\u00ae NOS \u2013 FSR dla Yamano Japan \u2013 Olympic White<\/strong><\/h3>\n<p class=\"\" data-start=\"254\" data-end=\"650\">Ta <strong data-start=\"257\" data-end=\"300\">Fender Custom Shop &#8217;60 Stratocaster NOS<\/strong> to specjalna edycja typu <strong data-start=\"326\" data-end=\"355\">Factory Special Run (FSR)<\/strong>, przygotowana wy\u0142\u0105cznie dla presti\u017cowego japo\u0144skiego dystrybutora <strong data-start=\"422\" data-end=\"438\">Yamano Japan<\/strong>. Instrument wiernie odtwarza specyfikacj\u0119 Stratocastera z 1960 roku, a jego wykonanie \u2013 zgodnie z najwy\u017cszymi standardami <strong data-start=\"561\" data-end=\"577\">Custom Shopu<\/strong> \u2013 gwarantuje brzmienie, wygod\u0119 gry i styl vintage na \u015bwiatowym poziomie.<\/p>\n<p class=\"\" data-start=\"652\" data-end=\"897\">Gitara zosta\u0142a wyko\u0144czona w klasycznym kolorze <strong data-start=\"699\" data-end=\"716\">Olympic White<\/strong> i posiada unikaln\u0105 <strong data-start=\"736\" data-end=\"805\">podstrunnic\u0119 typu slab board wykonan\u0105 z brazylijskiego palisandru<\/strong>, co czyni j\u0105 instrumentem nie tylko muzycznie wyj\u0105tkowym, ale i kolekcjonersko atrakcyjnym.<\/p>\n","protected":false},"featured_media":13554,"template":"","meta":{"_monsterinsights_skip_tracking":false,"_monsterinsights_sitenote_active":false,"_monsterinsights_sitenote_note":"","_monsterinsights_sitenote_category":0,"_uf_show_specific_survey":0,"_uf_disable_surveys":false,"_kadence_starter_templates_imported_post":false,"_kad_post_transparent":"default","_kad_post_title":"","_kad_post_layout":"default","_kad_post_sidebar_id":"","_kad_post_content_style":"default","_kad_post_vertical_padding":"default","_kad_post_feature":"","_kad_post_feature_position":"","_kad_post_header":false,"_kad_post_footer":false,"_kad_post_classname":""},"product_brand":[],"product_cat":[3265,3261],"product_tag":[],"class_list":{"0":"post-13553","1":"product","2":"type-product","3":"status-publish","4":"has-post-thumbnail","6":"product_cat-elektryczne-pl","7":"product_cat-gitary","9":"first","10":"outofstock","11":"shipping-taxable","12":"purchasable","13":"product-type-simple","14":"entry","15":"content-bg","16":"loop-entry"},"jetpack_sharing_enabled":true,"_links":{"self":[{"href":"https:\/\/guitar2amp.de\/index.php\/wp-json\/wp\/v2\/product\/13553","targetHints":{"allow":["GET"]}}],"collection":[{"href":"https:\/\/guitar2amp.de\/index.php\/wp-json\/wp\/v2\/product"}],"about":[{"href":"https:\/\/guitar2amp.de\/index.php\/wp-json\/wp\/v2\/types\/product"}],"wp:featuredmedia":[{"embeddable":true,"href":"https:\/\/guitar2amp.de\/index.php\/wp-json\/wp\/v2\/media\/13554"}],"wp:attachment":[{"href":"https:\/\/guitar2amp.de\/index.php\/wp-json\/wp\/v2\/media?parent=13553"}],"wp:term":[{"taxonomy":"product_brand","embeddable":true,"href":"https:\/\/guitar2amp.de\/index.php\/wp-json\/wp\/v2\/product_brand?post=13553"},{"taxonomy":"product_cat","embeddable":true,"href":"https:\/\/guitar2amp.de\/index.php\/wp-json\/wp\/v2\/product_cat?post=13553"},{"taxonomy":"product_tag","embeddable":true,"href":"https:\/\/guitar2amp.de\/index.php\/wp-json\/wp\/v2\/product_tag?post=13553"}],"curies":[{"name":"wp","href":"https:\/\/api.w.org\/{rel}","templated":true}]}}