{"id":13739,"date":"2025-05-28T14:04:10","date_gmt":"2025-05-28T12:04:10","guid":{"rendered":"https:\/\/guitar2amp.de\/?post_type=product&#038;p=13739"},"modified":"2025-06-30T16:22:52","modified_gmt":"2025-06-30T14:22:52","slug":"13739","status":"publish","type":"product","link":"https:\/\/guitar2amp.de\/index.php\/pl\/product\/13739\/","title":{"rendered":"2004 Gibson Custom Shop Les Paul G0 1960 Reissue"},"content":{"rendered":"<h3 data-start=\"64\" data-end=\"145\"><strong data-start=\"68\" data-end=\"143\">Gibson Custom Shop Les Paul G0 1960 Reissue \u2013 Authentic Takburst (2004)<\/strong><\/h3>\n<p data-start=\"146\" data-end=\"192\"><strong data-start=\"146\" data-end=\"192\">Wersja ekskluzywna dla Guitar Center (USA)<\/strong><\/p>\n<p data-start=\"194\" data-end=\"578\">Na sprzeda\u017c wyj\u0105tkowy i bardzo poszukiwany egzemplarz: <strong data-start=\"249\" data-end=\"296\">Gibson Custom Shop Les Paul G0 1960 Reissue<\/strong>, wyprodukowany wy\u0142\u0105cznie dla sieci Guitar Center w USA. Gitara oparta jest na platformie Historic R0 i oferuje identyczn\u0105 jako\u015b\u0107 wykonania, dob\u00f3r drewna oraz specyfikacj\u0119 co standardowe modele Custom Shop, ale oznaczona jest symbolem <strong data-start=\"531\" data-end=\"537\">G0<\/strong>, charakterystycznym tylko dla tej serii.<\/p>\n<p data-start=\"580\" data-end=\"808\">Wyko\u0144czona w pi\u0119knym, lekko wyblak\u0142ym kolorze <strong data-start=\"626\" data-end=\"653\">Authentic Aged Takburst<\/strong>, gitara doskonale oddaje wygl\u0105d i charakter \u015bwietnie zachowanego, 45-letniego Les Paula \u2013 z subteln\u0105 patyn\u0105 oraz cienk\u0105 warstw\u0105 lakieru nitrocelulozowego.<\/p>\n<hr data-start=\"810\" data-end=\"813\" \/>\n<h3 data-start=\"815\" data-end=\"842\"><strong data-start=\"819\" data-end=\"842\">Czym jest Takburst?<\/strong><\/h3>\n<p data-start=\"844\" data-end=\"1280\">Kolor <strong data-start=\"850\" data-end=\"862\">Takburst<\/strong> zosta\u0142 opracowany specjalnie dla pierwszych modeli G0 we wsp\u00f3\u0142pracy z japo\u0144skim gitarzyst\u0105 <strong data-start=\"954\" data-end=\"971\">Tak Matsumoto<\/strong>. Wizualnie plasuje si\u0119 pomi\u0119dzy <strong data-start=\"1004\" data-end=\"1033\">Honey Burst a Lemon Burst<\/strong>, oferuj\u0105c \u017cywy bursztynowo-z\u0142oty burst z delikatnym przej\u015bciem tonalnym \u2013 unikalny dla tej limitowanej serii. Z biegiem lat wyko\u0144czenie to zyska\u0142o status charakterystycznego elementu modeli G0 i dzi\u015b cieszy si\u0119 du\u017cym uznaniem w\u015br\u00f3d kolekcjoner\u00f3w.<\/p>\n<hr data-start=\"1282\" data-end=\"1285\" \/>\n<h3 data-start=\"1287\" data-end=\"1308\"><strong data-start=\"1291\" data-end=\"1308\">Specyfikacja:<\/strong><\/h3>\n<ul data-start=\"1310\" data-end=\"2136\">\n<li data-start=\"1310\" data-end=\"1369\">\n<p data-start=\"1312\" data-end=\"1369\"><strong data-start=\"1312\" data-end=\"1323\">Korpus:<\/strong> lekki maho\u0144 z topem z klonu (plain top)<\/p>\n<\/li>\n<li data-start=\"1370\" data-end=\"1421\">\n<p data-start=\"1372\" data-end=\"1421\"><strong data-start=\"1372\" data-end=\"1381\">Gryf:<\/strong> jednocz\u0119\u015bciowy maho\u0144, long neck tenon<\/p>\n<\/li>\n<li data-start=\"1422\" data-end=\"1459\">\n<p data-start=\"1424\" data-end=\"1459\"><strong data-start=\"1424\" data-end=\"1441\">Profil gryfu:<\/strong> 1960 Slim Taper<\/p>\n<\/li>\n<li data-start=\"1460\" data-end=\"1542\">\n<p data-start=\"1462\" data-end=\"1542\"><strong data-start=\"1462\" data-end=\"1479\">Podstrunnica:<\/strong> palisander indyjski, 22 progi, trapezowe inkrustacje vintage<\/p>\n<\/li>\n<li data-start=\"1543\" data-end=\"1587\">\n<p data-start=\"1545\" data-end=\"1587\"><strong data-start=\"1545\" data-end=\"1562\">Front g\u0142\u00f3wki:<\/strong> naturalne drewno holly<\/p>\n<\/li>\n<li data-start=\"1588\" data-end=\"1649\">\n<p data-start=\"1590\" data-end=\"1649\"><strong data-start=\"1590\" data-end=\"1599\">Logo:<\/strong> sitodruk \u201eLes Paul\u201d jak w orygina\u0142ach z lat 50.<\/p>\n<\/li>\n<li data-start=\"1650\" data-end=\"1714\">\n<p data-start=\"1652\" data-end=\"1714\"><strong data-start=\"1652\" data-end=\"1663\">Klucze:<\/strong> w stylu vintage Kluson, montowane w jednej linii<\/p>\n<\/li>\n<li data-start=\"1715\" data-end=\"1767\">\n<p data-start=\"1717\" data-end=\"1767\"><strong data-start=\"1717\" data-end=\"1728\">Mostek:<\/strong> ABR-1, mocowany bezpo\u015brednio do topu<\/p>\n<\/li>\n<li data-start=\"1768\" data-end=\"1805\">\n<p data-start=\"1770\" data-end=\"1805\"><strong data-start=\"1770\" data-end=\"1785\">Strunoci\u0105g:<\/strong> aluminiowy, lekki<\/p>\n<\/li>\n<li data-start=\"1806\" data-end=\"1888\">\n<p data-start=\"1808\" data-end=\"1888\"><strong data-start=\"1808\" data-end=\"1825\">Przetworniki:<\/strong> Burstbucker 1 (neck) &amp; Burstbucker 2 (bridge), oba woskowane<\/p>\n<\/li>\n<li data-start=\"1889\" data-end=\"1969\">\n<p data-start=\"1891\" data-end=\"1969\"><strong data-start=\"1891\" data-end=\"1907\">Elektronika:<\/strong> r\u0119cznie lutowana, potencjometry CTS, kondensatory Bumblebee<\/p>\n<\/li>\n<li data-start=\"1970\" data-end=\"2010\">\n<p data-start=\"1972\" data-end=\"2010\"><strong data-start=\"1972\" data-end=\"1984\">Binding:<\/strong> cienki, w stylu vintage<\/p>\n<\/li>\n<li data-start=\"2011\" data-end=\"2061\">\n<p data-start=\"2013\" data-end=\"2061\"><strong data-start=\"2013\" data-end=\"2029\">Wyko\u0144czenie:<\/strong> cienki lakier nitrocelulozowy<\/p>\n<\/li>\n<li data-start=\"2062\" data-end=\"2112\">\n<p data-start=\"2064\" data-end=\"2112\"><strong data-start=\"2064\" data-end=\"2074\">Kolor:<\/strong> <strong data-start=\"2075\" data-end=\"2087\">Takburst<\/strong> (edycja Guitar Center)<\/p>\n<\/li>\n<li data-start=\"2113\" data-end=\"2136\">\n<p data-start=\"2115\" data-end=\"2136\"><strong data-start=\"2115\" data-end=\"2124\">Waga:<\/strong> <strong data-start=\"2125\" data-end=\"2136\">4,07 kg<\/strong><\/p>\n<\/li>\n<\/ul>\n<hr data-start=\"2138\" data-end=\"2141\" \/>\n<h3 data-start=\"2143\" data-end=\"2168\"><strong data-start=\"2147\" data-end=\"2168\">Stan i zawarto\u015b\u0107:<\/strong><\/h3>\n<p data-start=\"2170\" data-end=\"2388\">Gitara w znakomitym stanie jak na sw\u00f3j wiek, z fabrycznym wyko\u0144czeniem <strong data-start=\"2241\" data-end=\"2249\">Aged<\/strong>, bez jakichkolwiek modyfikacji.<br data-start=\"2281\" data-end=\"2284\" \/><strong data-start=\"2284\" data-end=\"2299\">W zestawie:<\/strong><br data-start=\"2299\" data-end=\"2302\" \/>\u2013 oryginalny twardy futera\u0142 Gibson Custom Shop<br data-start=\"2348\" data-end=\"2351\" \/>\u2013 <strong data-start=\"2353\" data-end=\"2388\">certyfikat autentyczno\u015bci (COA)<\/strong><\/p>\n<hr data-start=\"2390\" data-end=\"2393\" \/>\n<p data-start=\"2395\" data-end=\"2502\">\ud83d\udce6 Mo\u017cliwa wysy\u0142ka krajowa i mi\u0119dzynarodowa<br data-start=\"2438\" data-end=\"2441\" \/>\ud83d\udccd Odbi\u00f3r osobisty w <strong data-start=\"2462\" data-end=\"2480\">Meerbusch (DE)<\/strong> lub <strong data-start=\"2485\" data-end=\"2502\">Poznaniu (PL)<\/strong><\/p>\n","protected":false},"excerpt":{"rendered":"<h3 data-start=\"64\" data-end=\"145\"><strong data-start=\"68\" data-end=\"143\">Gibson Custom Shop Les Paul G0 1960 Reissue \u2013 Authentic Takburst (2004)<\/strong><\/h3>\n<p data-start=\"146\" data-end=\"192\"><strong data-start=\"146\" data-end=\"192\">Wersja ekskluzywna dla Guitar Center (USA)<\/strong><\/p>\n<p data-start=\"194\" data-end=\"578\">Na sprzeda\u017c wyj\u0105tkowy i bardzo poszukiwany egzemplarz: <strong data-start=\"249\" data-end=\"296\">Gibson Custom Shop Les Paul G0 1960 Reissue<\/strong>, wyprodukowany wy\u0142\u0105cznie dla sieci Guitar Center w USA. Gitara oparta jest na platformie Historic R0 i oferuje identyczn\u0105 jako\u015b\u0107 wykonania, dob\u00f3r drewna oraz specyfikacj\u0119 co standardowe modele Custom Shop, ale oznaczona jest symbolem <strong data-start=\"531\" data-end=\"537\">G0<\/strong>, charakterystycznym tylko dla tej serii.<\/p>\n<p data-start=\"580\" data-end=\"808\">Wyko\u0144czona w pi\u0119knym, lekko wyblak\u0142ym kolorze <strong data-start=\"626\" data-end=\"653\">Authentic Aged Takburst<\/strong>, gitara doskonale oddaje wygl\u0105d i charakter \u015bwietnie zachowanego, 45-letniego Les Paula \u2013 z subteln\u0105 patyn\u0105 oraz cienk\u0105 warstw\u0105 lakieru nitrocelulozowego.<\/p>\n","protected":false},"featured_media":13740,"template":"","meta":{"_monsterinsights_skip_tracking":false,"_monsterinsights_sitenote_active":false,"_monsterinsights_sitenote_note":"","_monsterinsights_sitenote_category":0,"_uf_show_specific_survey":0,"_uf_disable_surveys":false,"_kadence_starter_templates_imported_post":false,"_kad_post_transparent":"default","_kad_post_title":"","_kad_post_layout":"default","_kad_post_sidebar_id":"","_kad_post_content_style":"default","_kad_post_vertical_padding":"default","_kad_post_feature":"","_kad_post_feature_position":"","_kad_post_header":false,"_kad_post_footer":false,"_kad_post_classname":""},"product_brand":[],"product_cat":[3265,3261],"product_tag":[],"class_list":{"0":"post-13739","1":"product","2":"type-product","3":"status-publish","4":"has-post-thumbnail","6":"product_cat-elektryczne-pl","7":"product_cat-gitary","9":"first","10":"outofstock","11":"shipping-taxable","12":"purchasable","13":"product-type-simple","14":"entry","15":"content-bg","16":"loop-entry"},"jetpack_sharing_enabled":true,"_links":{"self":[{"href":"https:\/\/guitar2amp.de\/index.php\/wp-json\/wp\/v2\/product\/13739","targetHints":{"allow":["GET"]}}],"collection":[{"href":"https:\/\/guitar2amp.de\/index.php\/wp-json\/wp\/v2\/product"}],"about":[{"href":"https:\/\/guitar2amp.de\/index.php\/wp-json\/wp\/v2\/types\/product"}],"wp:featuredmedia":[{"embeddable":true,"href":"https:\/\/guitar2amp.de\/index.php\/wp-json\/wp\/v2\/media\/13740"}],"wp:attachment":[{"href":"https:\/\/guitar2amp.de\/index.php\/wp-json\/wp\/v2\/media?parent=13739"}],"wp:term":[{"taxonomy":"product_brand","embeddable":true,"href":"https:\/\/guitar2amp.de\/index.php\/wp-json\/wp\/v2\/product_brand?post=13739"},{"taxonomy":"product_cat","embeddable":true,"href":"https:\/\/guitar2amp.de\/index.php\/wp-json\/wp\/v2\/product_cat?post=13739"},{"taxonomy":"product_tag","embeddable":true,"href":"https:\/\/guitar2amp.de\/index.php\/wp-json\/wp\/v2\/product_tag?post=13739"}],"curies":[{"name":"wp","href":"https:\/\/api.w.org\/{rel}","templated":true}]}}