{"id":13782,"date":"2025-05-28T15:00:43","date_gmt":"2025-05-28T13:00:43","guid":{"rendered":"https:\/\/guitar2amp.de\/?post_type=product&#038;p=13782"},"modified":"2025-05-31T16:59:37","modified_gmt":"2025-05-31T14:59:37","slug":"2010-gibson-custom-shop-les-paul-r0-1960-reissue-2","status":"publish","type":"product","link":"https:\/\/guitar2amp.de\/index.php\/de\/product\/2010-gibson-custom-shop-les-paul-r0-1960-reissue-2\/","title":{"rendered":"2010 Gibson Custom Shop Les Paul R0 1960 Reissue"},"content":{"rendered":"<h3 data-start=\"161\" data-end=\"221\"><strong data-start=\"165\" data-end=\"219\">Gibson Custom Shop Les Paul 1960 Reissue R0 \u2013 2010<\/strong><\/h3>\n<p data-start=\"222\" data-end=\"259\"><strong data-start=\"222\" data-end=\"259\">Historic Collection \u2013 Made in USA<\/strong><\/p>\n<p data-start=\"261\" data-end=\"592\">Zum Verkauf steht ein wundersch\u00f6nes Exemplar einer <strong data-start=\"312\" data-end=\"361\">Gibson Custom Shop Les Paul 1960 Reissue (R0)<\/strong> aus dem Jahr 2010 \u2013 Teil der renommierten <strong data-start=\"404\" data-end=\"427\">Historic Collection<\/strong>. Diese Gitarre wurde mit gr\u00f6\u00dfter Sorgfalt gefertigt und orientiert sich in Spezifikation, Spielgef\u00fchl und Klangcharakter detailgetreu am Original aus dem Jahr 1960.<\/p>\n<p data-start=\"594\" data-end=\"831\">Die Decke besteht aus attraktiv gemasertem <strong data-start=\"637\" data-end=\"653\">Flamed Maple<\/strong>, kombiniert mit einem klassischen Burst-Finish (vermutlich <strong data-start=\"713\" data-end=\"725\">Iced Tea<\/strong> oder <strong data-start=\"731\" data-end=\"744\">Tea Burst<\/strong>), das die Maserung elegant hervorhebt und einen authentischen Vintage-Look vermittelt.<\/p>\n<hr data-start=\"833\" data-end=\"836\" \/>\n<h3 data-start=\"838\" data-end=\"862\"><strong data-start=\"842\" data-end=\"862\">Spezifikationen:<\/strong><\/h3>\n<ul data-start=\"864\" data-end=\"1580\">\n<li data-start=\"864\" data-end=\"933\">\n<p data-start=\"866\" data-end=\"933\"><strong data-start=\"866\" data-end=\"877\">Korpus:<\/strong> Massives Mahagoni mit geschnitzter Flamed Maple-Decke<\/p>\n<\/li>\n<li data-start=\"934\" data-end=\"985\">\n<p data-start=\"936\" data-end=\"985\"><strong data-start=\"936\" data-end=\"945\">Hals:<\/strong> Einteiliges Mahagoni, Long Neck Tenon<\/p>\n<\/li>\n<li data-start=\"986\" data-end=\"1047\">\n<p data-start=\"988\" data-end=\"1047\"><strong data-start=\"988\" data-end=\"1003\">Halsprofil:<\/strong> 1960 Slim Taper \u2013 schlank und komfortabel<\/p>\n<\/li>\n<li data-start=\"1048\" data-end=\"1113\">\n<p data-start=\"1050\" data-end=\"1113\"><strong data-start=\"1050\" data-end=\"1065\">Griffbrett:<\/strong> Indisches Palisander, 22 B\u00fcnde, Trapez-Inlays<\/p>\n<\/li>\n<li data-start=\"1114\" data-end=\"1178\">\n<p data-start=\"1116\" data-end=\"1178\"><strong data-start=\"1116\" data-end=\"1127\">Finish:<\/strong> Nitrocellulose-Lack, VOS (Vintage Original Spec)<\/p>\n<\/li>\n<li data-start=\"1179\" data-end=\"1248\">\n<p data-start=\"1181\" data-end=\"1248\"><strong data-start=\"1181\" data-end=\"1191\">Farbe:<\/strong> Klassischer Burst (vermutlich Iced Tea oder Tea Burst)<\/p>\n<\/li>\n<li data-start=\"1249\" data-end=\"1309\">\n<p data-start=\"1251\" data-end=\"1309\"><strong data-start=\"1251\" data-end=\"1263\">Pickups:<\/strong> Original Gibson Burstbucker (Neck &amp; Bridge)<\/p>\n<\/li>\n<li data-start=\"1310\" data-end=\"1386\">\n<p data-start=\"1312\" data-end=\"1386\"><strong data-start=\"1312\" data-end=\"1327\">Elektronik:<\/strong> Handverdrahtet mit CTS-Potis und Bumblebee-Kondensatoren<\/p>\n<\/li>\n<li data-start=\"1387\" data-end=\"1453\">\n<p data-start=\"1389\" data-end=\"1453\"><strong data-start=\"1389\" data-end=\"1400\">Br\u00fccke:<\/strong> ABR-1 Tune-o-Matic mit leichtem Aluminium-Stoptail<\/p>\n<\/li>\n<li data-start=\"1454\" data-end=\"1495\">\n<p data-start=\"1456\" data-end=\"1495\"><strong data-start=\"1456\" data-end=\"1471\">Mechaniken:<\/strong> Vintage Kluson Deluxe<\/p>\n<\/li>\n<li data-start=\"1496\" data-end=\"1553\">\n<p data-start=\"1498\" data-end=\"1553\"><strong data-start=\"1498\" data-end=\"1515\">Seriennummer:<\/strong> \u201e0 XXXX\u201c (Custom Shop Serienformat)<\/p>\n<\/li>\n<li data-start=\"1554\" data-end=\"1580\">\n<p data-start=\"1556\" data-end=\"1580\"><strong data-start=\"1556\" data-end=\"1568\">Gewicht:<\/strong> <strong data-start=\"1569\" data-end=\"1580\">3,72 kg<\/strong><\/p>\n<\/li>\n<\/ul>\n<hr data-start=\"1582\" data-end=\"1585\" \/>\n<h3 data-start=\"1587\" data-end=\"1618\"><strong data-start=\"1591\" data-end=\"1618\">Zustand &amp; Lieferumfang:<\/strong><\/h3>\n<p data-start=\"1620\" data-end=\"1862\">Sehr guter Zustand \u2013 keine Br\u00fcche, Risse oder Reparaturen. Der Lack zeigt eine leichte, nat\u00fcrliche Patina passend zum Alter.<br data-start=\"1744\" data-end=\"1747\" \/><strong data-start=\"1747\" data-end=\"1764\">Lieferumfang:<\/strong><br data-start=\"1764\" data-end=\"1767\" \/>\u2013 Originaler Gibson Custom Shop Hardcase<br data-start=\"1807\" data-end=\"1810\" \/>\u2013 <strong data-start=\"1812\" data-end=\"1862\">Zertifikat (Certificate of Authenticity \u2013 COA)<\/strong><\/p>\n<hr data-start=\"1864\" data-end=\"1867\" \/>\n<p data-start=\"1869\" data-end=\"1955\">\ud83d\udce6 Weltweiter Versand m\u00f6glich<br data-start=\"1898\" data-end=\"1901\" \/>\ud83d\udccd Abholung in <strong data-start=\"1916\" data-end=\"1931\">Pozna\u0144 (PL)<\/strong> oder <strong data-start=\"1937\" data-end=\"1955\">Meerbusch (DE)<\/strong><\/p>\n","protected":false},"excerpt":{"rendered":"<h3 data-start=\"161\" data-end=\"221\"><strong data-start=\"165\" data-end=\"219\">Gibson Custom Shop Les Paul 1960 Reissue R0 \u2013 2010<\/strong><\/h3>\n<p data-start=\"222\" data-end=\"259\"><strong data-start=\"222\" data-end=\"259\">Historic Collection \u2013 Made in USA<\/strong><\/p>\n<p data-start=\"261\" data-end=\"592\">Zum Verkauf steht ein wundersch\u00f6nes Exemplar einer <strong data-start=\"312\" data-end=\"361\">Gibson Custom Shop Les Paul 1960 Reissue (R0)<\/strong> aus dem Jahr 2010 \u2013 Teil der renommierten <strong data-start=\"404\" data-end=\"427\">Historic Collection<\/strong>. Diese Gitarre wurde mit gr\u00f6\u00dfter Sorgfalt gefertigt und orientiert sich in Spezifikation, Spielgef\u00fchl und Klangcharakter detailgetreu am Original aus dem Jahr 1960.<\/p>\n<p data-start=\"594\" data-end=\"831\">Die Decke besteht aus attraktiv gemasertem <strong data-start=\"637\" data-end=\"653\">Flamed Maple<\/strong>, kombiniert mit einem klassischen Burst-Finish (vermutlich <strong data-start=\"713\" data-end=\"725\">Iced Tea<\/strong> oder <strong data-start=\"731\" data-end=\"744\">Tea Burst<\/strong>), das die Maserung elegant hervorhebt und einen authentischen Vintage-Look vermittelt.<\/p>\n","protected":false},"featured_media":13783,"template":"","meta":{"_monsterinsights_skip_tracking":false,"_monsterinsights_sitenote_active":false,"_monsterinsights_sitenote_note":"","_monsterinsights_sitenote_category":0,"_uf_show_specific_survey":0,"_uf_disable_surveys":false,"_kadence_starter_templates_imported_post":false,"_kad_post_transparent":"default","_kad_post_title":"","_kad_post_layout":"default","_kad_post_sidebar_id":"","_kad_post_content_style":"default","_kad_post_vertical_padding":"default","_kad_post_feature":"","_kad_post_feature_position":"","_kad_post_header":false,"_kad_post_footer":false,"_kad_post_classname":""},"product_brand":[],"product_cat":[207,203],"product_tag":[],"class_list":{"0":"post-13782","1":"product","2":"type-product","3":"status-publish","4":"has-post-thumbnail","6":"product_cat-e-gitarren","7":"product_cat-gitarren","9":"first","10":"outofstock","11":"shipping-taxable","12":"product-type-simple","13":"entry","14":"content-bg","15":"loop-entry"},"jetpack_sharing_enabled":true,"_links":{"self":[{"href":"https:\/\/guitar2amp.de\/index.php\/wp-json\/wp\/v2\/product\/13782","targetHints":{"allow":["GET"]}}],"collection":[{"href":"https:\/\/guitar2amp.de\/index.php\/wp-json\/wp\/v2\/product"}],"about":[{"href":"https:\/\/guitar2amp.de\/index.php\/wp-json\/wp\/v2\/types\/product"}],"wp:featuredmedia":[{"embeddable":true,"href":"https:\/\/guitar2amp.de\/index.php\/wp-json\/wp\/v2\/media\/13783"}],"wp:attachment":[{"href":"https:\/\/guitar2amp.de\/index.php\/wp-json\/wp\/v2\/media?parent=13782"}],"wp:term":[{"taxonomy":"product_brand","embeddable":true,"href":"https:\/\/guitar2amp.de\/index.php\/wp-json\/wp\/v2\/product_brand?post=13782"},{"taxonomy":"product_cat","embeddable":true,"href":"https:\/\/guitar2amp.de\/index.php\/wp-json\/wp\/v2\/product_cat?post=13782"},{"taxonomy":"product_tag","embeddable":true,"href":"https:\/\/guitar2amp.de\/index.php\/wp-json\/wp\/v2\/product_tag?post=13782"}],"curies":[{"name":"wp","href":"https:\/\/api.w.org\/{rel}","templated":true}]}}