{"id":13803,"date":"2025-05-28T15:03:31","date_gmt":"2025-05-28T13:03:31","guid":{"rendered":"https:\/\/guitar2amp.de\/?post_type=product&#038;p=13803"},"modified":"2025-05-31T16:59:37","modified_gmt":"2025-05-31T14:59:37","slug":"2010-gibson-custom-shop-les-paul-r0-1960-reissue-3","status":"publish","type":"product","link":"https:\/\/guitar2amp.de\/index.php\/pl\/product\/2010-gibson-custom-shop-les-paul-r0-1960-reissue-3\/","title":{"rendered":"2010 Gibson Custom Shop Les Paul R0 1960 Reissue"},"content":{"rendered":"<h3 data-start=\"158\" data-end=\"218\"><strong data-start=\"162\" data-end=\"216\">Gibson Custom Shop Les Paul 1960 Reissue R0 \u2013 2010<\/strong><\/h3>\n<p data-start=\"219\" data-end=\"256\"><strong data-start=\"219\" data-end=\"256\">Historic Collection \u2013 Made in USA<\/strong><\/p>\n<p data-start=\"258\" data-end=\"583\">Na sprzeda\u017c znakomity egzemplarz <strong data-start=\"291\" data-end=\"340\">Gibson Custom Shop Les Paul 1960 Reissue (R0)<\/strong> z 2010 roku, pochodz\u0105cy z presti\u017cowej serii <strong data-start=\"385\" data-end=\"408\">Historic Collection<\/strong>. Instrument zosta\u0142 wykonany z dba\u0142o\u015bci\u0105 o najmniejsze detale, zgodnie ze specyfikacj\u0105 oryginalnego Les Paula z 1960 roku \u2013 oferuj\u0105c wyj\u0105tkowy wygl\u0105d, brzmienie i komfort gry.<\/p>\n<p data-start=\"585\" data-end=\"774\">Top z pi\u0119knie us\u0142ojonego <strong data-start=\"610\" data-end=\"626\">flamed maple<\/strong> pokryto klasycznym burstem \u2013 prawdopodobnie <strong data-start=\"671\" data-end=\"683\">Iced Tea<\/strong> lub <strong data-start=\"688\" data-end=\"701\">Tea Burst<\/strong> \u2013 z wyra\u017anym przej\u015bciem tonalnym i naturalnym, vintage\u2019owym charakterem.<\/p>\n<hr data-start=\"776\" data-end=\"779\" \/>\n<h3 data-start=\"781\" data-end=\"802\"><strong data-start=\"785\" data-end=\"802\">Specyfikacja:<\/strong><\/h3>\n<ul data-start=\"804\" data-end=\"1530\">\n<li data-start=\"804\" data-end=\"872\">\n<p data-start=\"806\" data-end=\"872\"><strong data-start=\"806\" data-end=\"817\">Korpus:<\/strong> lity maho\u0144 z rze\u017abionym topem z klonu (flamed maple)<\/p>\n<\/li>\n<li data-start=\"873\" data-end=\"924\">\n<p data-start=\"875\" data-end=\"924\"><strong data-start=\"875\" data-end=\"884\">Gryf:<\/strong> jednocz\u0119\u015bciowy maho\u0144, long neck tenon<\/p>\n<\/li>\n<li data-start=\"925\" data-end=\"981\">\n<p data-start=\"927\" data-end=\"981\"><strong data-start=\"927\" data-end=\"944\">Profil gryfu:<\/strong> 1960 Slim Taper \u2013 szybki i wygodny<\/p>\n<\/li>\n<li data-start=\"982\" data-end=\"1056\">\n<p data-start=\"984\" data-end=\"1056\"><strong data-start=\"984\" data-end=\"1001\">Podstrunnica:<\/strong> palisander indyjski, 22 progi, trapezowe inkrustacje<\/p>\n<\/li>\n<li data-start=\"1057\" data-end=\"1129\">\n<p data-start=\"1059\" data-end=\"1129\"><strong data-start=\"1059\" data-end=\"1075\">Wyko\u0144czenie:<\/strong> lakier nitrocelulozowy, VOS (Vintage Original Spec)<\/p>\n<\/li>\n<li data-start=\"1130\" data-end=\"1200\">\n<p data-start=\"1132\" data-end=\"1200\"><strong data-start=\"1132\" data-end=\"1142\">Kolor:<\/strong> klasyczny burst (prawdopodobnie Iced Tea lub Tea Burst)<\/p>\n<\/li>\n<li data-start=\"1201\" data-end=\"1268\">\n<p data-start=\"1203\" data-end=\"1268\"><strong data-start=\"1203\" data-end=\"1220\">Przetworniki:<\/strong> oryginalne Gibson Burstbucker (neck &amp; bridge)<\/p>\n<\/li>\n<li data-start=\"1269\" data-end=\"1349\">\n<p data-start=\"1271\" data-end=\"1349\"><strong data-start=\"1271\" data-end=\"1287\">Elektronika:<\/strong> r\u0119cznie lutowana, potencjometry CTS, kondensatory Bumblebee<\/p>\n<\/li>\n<li data-start=\"1350\" data-end=\"1405\">\n<p data-start=\"1352\" data-end=\"1405\"><strong data-start=\"1352\" data-end=\"1363\">Mostek:<\/strong> ABR-1 Tune-o-Matic + aluminiowy stopbar<\/p>\n<\/li>\n<li data-start=\"1406\" data-end=\"1451\">\n<p data-start=\"1408\" data-end=\"1451\"><strong data-start=\"1408\" data-end=\"1419\">Klucze:<\/strong> Kluson Deluxe w stylu vintage<\/p>\n<\/li>\n<li data-start=\"1452\" data-end=\"1506\">\n<p data-start=\"1454\" data-end=\"1506\"><strong data-start=\"1454\" data-end=\"1472\">Numer seryjny:<\/strong> \u201e0 XXXX\u201d \u2013 Custom Shop Historic<\/p>\n<\/li>\n<li data-start=\"1507\" data-end=\"1530\">\n<p data-start=\"1509\" data-end=\"1530\"><strong data-start=\"1509\" data-end=\"1518\">Waga:<\/strong> <strong data-start=\"1519\" data-end=\"1530\">3,72 kg<\/strong><\/p>\n<\/li>\n<\/ul>\n<hr data-start=\"1532\" data-end=\"1535\" \/>\n<h3 data-start=\"1537\" data-end=\"1562\"><strong data-start=\"1541\" data-end=\"1562\">Stan i zawarto\u015b\u0107:<\/strong><\/h3>\n<p data-start=\"1564\" data-end=\"1804\">Gitara w bardzo dobrym stanie \u2013 bez uszkodze\u0144, p\u0119kni\u0119\u0107 czy napraw. Lakier z lekk\u0105, naturaln\u0105 patyn\u0105 odpowiedni\u0105 do wieku instrumentu.<br data-start=\"1697\" data-end=\"1700\" \/><strong data-start=\"1700\" data-end=\"1715\">W zestawie:<\/strong><br data-start=\"1715\" data-end=\"1718\" \/>\u2013 oryginalny twardy futera\u0142 Gibson Custom Shop<br data-start=\"1764\" data-end=\"1767\" \/>\u2013 <strong data-start=\"1769\" data-end=\"1804\">certyfikat autentyczno\u015bci (COA)<\/strong><\/p>\n<hr data-start=\"1806\" data-end=\"1809\" \/>\n<p data-start=\"1811\" data-end=\"1915\">\ud83d\udce6 Mo\u017cliwa wysy\u0142ka krajowa i mi\u0119dzynarodowa<br data-start=\"1854\" data-end=\"1857\" \/>\ud83d\udccd Odbi\u00f3r osobisty: <strong data-start=\"1877\" data-end=\"1892\">Pozna\u0144 (PL)<\/strong> lub <strong data-start=\"1897\" data-end=\"1915\">Meerbusch (DE)<\/strong><\/p>\n","protected":false},"excerpt":{"rendered":"<h3 data-start=\"158\" data-end=\"218\"><strong data-start=\"162\" data-end=\"216\">Gibson Custom Shop Les Paul 1960 Reissue R0 \u2013 2010<\/strong><\/h3>\n<p data-start=\"219\" data-end=\"256\"><strong data-start=\"219\" data-end=\"256\">Historic Collection \u2013 Made in USA<\/strong><\/p>\n<p data-start=\"258\" data-end=\"583\">Na sprzeda\u017c znakomity egzemplarz <strong data-start=\"291\" data-end=\"340\">Gibson Custom Shop Les Paul 1960 Reissue (R0)<\/strong> z 2010 roku, pochodz\u0105cy z presti\u017cowej serii <strong data-start=\"385\" data-end=\"408\">Historic Collection<\/strong>. Instrument zosta\u0142 wykonany z dba\u0142o\u015bci\u0105 o najmniejsze detale, zgodnie ze specyfikacj\u0105 oryginalnego Les Paula z 1960 roku \u2013 oferuj\u0105c wyj\u0105tkowy wygl\u0105d, brzmienie i komfort gry.<\/p>\n<p data-start=\"585\" data-end=\"774\">Top z pi\u0119knie us\u0142ojonego <strong data-start=\"610\" data-end=\"626\">flamed maple<\/strong> pokryto klasycznym burstem \u2013 prawdopodobnie <strong data-start=\"671\" data-end=\"683\">Iced Tea<\/strong> lub <strong data-start=\"688\" data-end=\"701\">Tea Burst<\/strong> \u2013 z wyra\u017anym przej\u015bciem tonalnym i naturalnym, vintage\u2019owym charakterem.<\/p>\n","protected":false},"featured_media":13804,"template":"","meta":{"_monsterinsights_skip_tracking":false,"_monsterinsights_sitenote_active":false,"_monsterinsights_sitenote_note":"","_monsterinsights_sitenote_category":0,"_uf_show_specific_survey":0,"_uf_disable_surveys":false,"_kadence_starter_templates_imported_post":false,"_kad_post_transparent":"default","_kad_post_title":"","_kad_post_layout":"default","_kad_post_sidebar_id":"","_kad_post_content_style":"default","_kad_post_vertical_padding":"default","_kad_post_feature":"","_kad_post_feature_position":"","_kad_post_header":false,"_kad_post_footer":false,"_kad_post_classname":""},"product_brand":[],"product_cat":[3265,3261],"product_tag":[],"class_list":{"0":"post-13803","1":"product","2":"type-product","3":"status-publish","4":"has-post-thumbnail","6":"product_cat-elektryczne-pl","7":"product_cat-gitary","9":"first","10":"outofstock","11":"shipping-taxable","12":"product-type-simple","13":"entry","14":"content-bg","15":"loop-entry"},"jetpack_sharing_enabled":true,"_links":{"self":[{"href":"https:\/\/guitar2amp.de\/index.php\/wp-json\/wp\/v2\/product\/13803","targetHints":{"allow":["GET"]}}],"collection":[{"href":"https:\/\/guitar2amp.de\/index.php\/wp-json\/wp\/v2\/product"}],"about":[{"href":"https:\/\/guitar2amp.de\/index.php\/wp-json\/wp\/v2\/types\/product"}],"wp:featuredmedia":[{"embeddable":true,"href":"https:\/\/guitar2amp.de\/index.php\/wp-json\/wp\/v2\/media\/13804"}],"wp:attachment":[{"href":"https:\/\/guitar2amp.de\/index.php\/wp-json\/wp\/v2\/media?parent=13803"}],"wp:term":[{"taxonomy":"product_brand","embeddable":true,"href":"https:\/\/guitar2amp.de\/index.php\/wp-json\/wp\/v2\/product_brand?post=13803"},{"taxonomy":"product_cat","embeddable":true,"href":"https:\/\/guitar2amp.de\/index.php\/wp-json\/wp\/v2\/product_cat?post=13803"},{"taxonomy":"product_tag","embeddable":true,"href":"https:\/\/guitar2amp.de\/index.php\/wp-json\/wp\/v2\/product_tag?post=13803"}],"curies":[{"name":"wp","href":"https:\/\/api.w.org\/{rel}","templated":true}]}}