{"id":13849,"date":"2025-06-05T17:57:04","date_gmt":"2025-06-05T15:57:04","guid":{"rendered":"https:\/\/guitar2amp.de\/?post_type=product&#038;p=13849"},"modified":"2026-02-28T08:02:56","modified_gmt":"2026-02-28T07:02:56","slug":"2014-fender-custom-shop-60s-tele-custom-closet-classic-faded-sonic-blue","status":"publish","type":"product","link":"https:\/\/guitar2amp.de\/index.php\/de\/product\/2014-fender-custom-shop-60s-tele-custom-closet-classic-faded-sonic-blue\/","title":{"rendered":"2014 Fender Custom Shop 60s Telecaster Custom Closet Classic \u2013 Faded Sonic Blue"},"content":{"rendered":"<p data-start=\"96\" data-end=\"254\"><strong data-start=\"96\" data-end=\"175\">Fender Custom Shop 60s Tele Custom Closet Classic \u2013 Faded Sonic Blue (2014)<\/strong><br data-start=\"175\" data-end=\"178\" \/><strong data-start=\"178\" data-end=\"254\">P90 am Hals | Seymour Duncan BG1400 an der Br\u00fccke | Leichter Erle-Korpus<\/strong><\/p>\n<p data-start=\"256\" data-end=\"517\">Diese Fender Custom Shop Telecaster ist eine stilvolle Hommage an die 60er-Jahre \u2013 im dezent gealterten <strong data-start=\"360\" data-end=\"380\">Faded Sonic Blue<\/strong> Nitro-Lack (Closet Classic). Die Gitarre wirkt wie ein gut erhaltenes Vintage-Instrument, das nur zu besonderen Anl\u00e4ssen gespielt wurde.<\/p>\n<h3 data-start=\"519\" data-end=\"537\">Hauptmerkmale:<\/h3>\n<ul data-start=\"538\" data-end=\"1148\">\n<li data-start=\"538\" data-end=\"582\">\n<p data-start=\"540\" data-end=\"582\"><strong data-start=\"540\" data-end=\"551\">Korpus:<\/strong> 2-teiliges leichtes Erleholz<\/p>\n<\/li>\n<li data-start=\"583\" data-end=\"641\">\n<p data-start=\"585\" data-end=\"641\"><strong data-start=\"585\" data-end=\"596\">Finish:<\/strong> Nitrocellulose-Lack \u2013 Closet Classic Aging<\/p>\n<\/li>\n<li data-start=\"642\" data-end=\"694\">\n<p data-start=\"644\" data-end=\"694\"><strong data-start=\"644\" data-end=\"653\">Hals:<\/strong> Quartersawn Maple, 60s Oval &#8220;C&#8221;-Profil<\/p>\n<\/li>\n<li data-start=\"695\" data-end=\"755\">\n<p data-start=\"697\" data-end=\"755\"><strong data-start=\"697\" data-end=\"712\">Griffbrett:<\/strong> AAA Dark Rosewood, 9.5&#8243; Radius, 21 B\u00fcnde<\/p>\n<\/li>\n<li data-start=\"756\" data-end=\"792\">\n<p data-start=\"758\" data-end=\"792\"><strong data-start=\"758\" data-end=\"775\">Sattelbreite:<\/strong> 1.650&#8243; \/ 42 mm<\/p>\n<\/li>\n<li data-start=\"793\" data-end=\"896\">\n<p data-start=\"795\" data-end=\"809\"><strong data-start=\"795\" data-end=\"807\">Pickups:<\/strong><\/p>\n<ul data-start=\"812\" data-end=\"896\">\n<li data-start=\"812\" data-end=\"856\">\n<p data-start=\"814\" data-end=\"856\">Hals: <strong data-start=\"869\" data-end=\"894\">Seymour Duncan P90 3B<\/strong>\u00a0(mit Sonderfr\u00e4sung)<\/p>\n<\/li>\n<li data-start=\"859\" data-end=\"896\">\n<p data-start=\"861\" data-end=\"896\">Br\u00fccke: <strong data-start=\"869\" data-end=\"894\">Seymour Duncan BG1400<\/strong><\/p>\n<\/li>\n<\/ul>\n<\/li>\n<li data-start=\"897\" data-end=\"982\">\n<p data-start=\"899\" data-end=\"982\"><strong data-start=\"899\" data-end=\"914\">Elektronik:<\/strong> Klassische Telecaster-Schaltung (Volume \/ Tone \/ 3-Wege-Schalter)<\/p>\n<\/li>\n<li data-start=\"983\" data-end=\"1038\">\n<p data-start=\"985\" data-end=\"1038\"><strong data-start=\"985\" data-end=\"996\">Bridge:<\/strong> \u201963 Tele Custom Shop mit Gatton-S\u00e4tteln<\/p>\n<\/li>\n<li data-start=\"1039\" data-end=\"1081\">\n<p data-start=\"1041\" data-end=\"1081\"><strong data-start=\"1041\" data-end=\"1056\">Mechaniken:<\/strong> Vintage Locking Tuners<\/p>\n<\/li>\n<li data-start=\"1082\" data-end=\"1121\">\n<p data-start=\"1084\" data-end=\"1121\"><strong data-start=\"1084\" data-end=\"1098\">Pickguard:<\/strong> Tortoise Shell Style<\/p>\n<\/li>\n<li data-start=\"1122\" data-end=\"1148\">\n<p data-start=\"1124\" data-end=\"1148\"><strong data-start=\"1124\" data-end=\"1136\">Gewicht:<\/strong> <strong data-start=\"1137\" data-end=\"1148\">3,56 kg<\/strong><\/p>\n<\/li>\n<\/ul>\n<p data-start=\"1150\" data-end=\"1373\">Die Kombination aus dem warmen, offenen P90 am Hals und dem kr\u00e4ftigen Duncan BG1400 an der Br\u00fccke bietet enorme klangliche Flexibilit\u00e4t \u2013 ideal f\u00fcr Spieler, die Vintage-Feeling mit moderner Vielseitigkeit verbinden m\u00f6chten.<\/p>\n<p data-start=\"1375\" data-end=\"1470\">Kommt im originalen <strong data-start=\"1395\" data-end=\"1424\">Fender Custom Shop Koffer<\/strong>, inklusive <strong data-start=\"1436\" data-end=\"1450\">Case Candy<\/strong> und <strong data-start=\"1455\" data-end=\"1469\">Zertifikat<\/strong>.<\/p>\n","protected":false},"excerpt":{"rendered":"<p data-start=\"96\" data-end=\"254\"><strong data-start=\"96\" data-end=\"175\">Fender Custom Shop 60s Tele Custom Closet Classic \u2013 Faded Sonic Blue (2014)<\/strong><br data-start=\"175\" data-end=\"178\" \/><strong data-start=\"178\" data-end=\"254\">P90 am Hals | Seymour Duncan BG1400 an der Br\u00fccke | Leichter Erle-Korpus<\/strong><\/p>\n<p data-start=\"256\" data-end=\"517\">Diese Fender Custom Shop Telecaster ist eine stilvolle Hommage an die 60er-Jahre \u2013 im dezent gealterten <strong data-start=\"360\" data-end=\"380\">Faded Sonic Blue<\/strong> Nitro-Lack (Closet Classic). Die Gitarre wirkt wie ein gut erhaltenes Vintage-Instrument, das nur zu besonderen Anl\u00e4ssen gespielt wurde.<\/p>\n","protected":false},"featured_media":13850,"template":"","meta":{"_monsterinsights_skip_tracking":false,"_monsterinsights_sitenote_active":false,"_monsterinsights_sitenote_note":"","_monsterinsights_sitenote_category":0,"_uf_show_specific_survey":0,"_uf_disable_surveys":false,"_kadence_starter_templates_imported_post":false,"_kad_post_transparent":"default","_kad_post_title":"","_kad_post_layout":"default","_kad_post_sidebar_id":"","_kad_post_content_style":"default","_kad_post_vertical_padding":"default","_kad_post_feature":"","_kad_post_feature_position":"","_kad_post_header":false,"_kad_post_footer":false,"_kad_post_classname":""},"product_brand":[],"product_cat":[207,203],"product_tag":[],"class_list":{"0":"post-13849","1":"product","2":"type-product","3":"status-publish","4":"has-post-thumbnail","6":"product_cat-e-gitarren","7":"product_cat-gitarren","9":"first","10":"outofstock","11":"shipping-taxable","12":"purchasable","13":"product-type-simple","14":"entry","15":"content-bg","16":"loop-entry"},"jetpack_sharing_enabled":true,"_links":{"self":[{"href":"https:\/\/guitar2amp.de\/index.php\/wp-json\/wp\/v2\/product\/13849","targetHints":{"allow":["GET"]}}],"collection":[{"href":"https:\/\/guitar2amp.de\/index.php\/wp-json\/wp\/v2\/product"}],"about":[{"href":"https:\/\/guitar2amp.de\/index.php\/wp-json\/wp\/v2\/types\/product"}],"wp:featuredmedia":[{"embeddable":true,"href":"https:\/\/guitar2amp.de\/index.php\/wp-json\/wp\/v2\/media\/13850"}],"wp:attachment":[{"href":"https:\/\/guitar2amp.de\/index.php\/wp-json\/wp\/v2\/media?parent=13849"}],"wp:term":[{"taxonomy":"product_brand","embeddable":true,"href":"https:\/\/guitar2amp.de\/index.php\/wp-json\/wp\/v2\/product_brand?post=13849"},{"taxonomy":"product_cat","embeddable":true,"href":"https:\/\/guitar2amp.de\/index.php\/wp-json\/wp\/v2\/product_cat?post=13849"},{"taxonomy":"product_tag","embeddable":true,"href":"https:\/\/guitar2amp.de\/index.php\/wp-json\/wp\/v2\/product_tag?post=13849"}],"curies":[{"name":"wp","href":"https:\/\/api.w.org\/{rel}","templated":true}]}}