{"id":13870,"date":"2025-06-05T18:00:12","date_gmt":"2025-06-05T16:00:12","guid":{"rendered":"https:\/\/guitar2amp.de\/?post_type=product&#038;p=13870"},"modified":"2026-02-28T08:02:56","modified_gmt":"2026-02-28T07:02:56","slug":"2014-fender-custom-shop-60s-telecaster-custom-closet-classic-faded-sonic-blue","status":"publish","type":"product","link":"https:\/\/guitar2amp.de\/index.php\/pl\/product\/2014-fender-custom-shop-60s-telecaster-custom-closet-classic-faded-sonic-blue\/","title":{"rendered":"2014 Fender Custom Shop 60s Telecaster Custom Closet Classic \u2013 Faded Sonic Blue"},"content":{"rendered":"<p data-start=\"81\" data-end=\"241\"><strong data-start=\"81\" data-end=\"160\">Fender Custom Shop 60s Tele Custom Closet Classic \u2013 Faded Sonic Blue (2014)<\/strong><br data-start=\"160\" data-end=\"163\" \/><strong data-start=\"163\" data-end=\"241\">P90 przy gryfie | Seymour Duncan BG1400 przy mostku | Lekki korpus z olchy<\/strong><\/p>\n<p data-start=\"243\" data-end=\"509\">Ta Telecastera z Fender Custom Shop to stylowy uk\u0142on w stron\u0119 lat 60. \u2013 wyko\u0144czona w subtelnie postarzonej nitrocelulozie w kolorze <strong data-start=\"375\" data-end=\"395\">Faded Sonic Blue<\/strong> (seria Closet Classic). Gitara wygl\u0105da jak zadbany vintage&#8217;owy egzemplarz, u\u017cywany tylko okazjonalnie przez lata.<\/p>\n<h3 data-start=\"511\" data-end=\"528\">G\u0142\u00f3wne cechy:<\/h3>\n<ul data-start=\"529\" data-end=\"1158\">\n<li data-start=\"529\" data-end=\"569\">\n<p data-start=\"531\" data-end=\"569\"><strong data-start=\"531\" data-end=\"542\">Korpus:<\/strong> dwucz\u0119\u015bciowa lekka olcha<\/p>\n<\/li>\n<li data-start=\"570\" data-end=\"626\">\n<p data-start=\"572\" data-end=\"626\"><strong data-start=\"572\" data-end=\"588\">Wyko\u0144czenie:<\/strong> lakier nitro \u2013 Closet Classic Aging<\/p>\n<\/li>\n<li data-start=\"627\" data-end=\"679\">\n<p data-start=\"629\" data-end=\"679\"><strong data-start=\"629\" data-end=\"638\">Gryf:<\/strong> klon quartersawn, profil &#8217;60s Oval \u201cC\u201d<\/p>\n<\/li>\n<li data-start=\"680\" data-end=\"740\">\n<p data-start=\"682\" data-end=\"740\"><strong data-start=\"682\" data-end=\"699\">Podstrunnica:<\/strong> palisander AAA, radius 9.5&#8243;, 21 prog\u00f3w<\/p>\n<\/li>\n<li data-start=\"741\" data-end=\"783\">\n<p data-start=\"743\" data-end=\"783\"><strong data-start=\"743\" data-end=\"766\">Szeroko\u015b\u0107 siode\u0142ka:<\/strong> 42 mm (1.650&#8243;)<\/p>\n<\/li>\n<li data-start=\"784\" data-end=\"887\">\n<p data-start=\"786\" data-end=\"805\"><strong data-start=\"786\" data-end=\"803\">Przetworniki:<\/strong><\/p>\n<ul data-start=\"808\" data-end=\"887\">\n<li data-start=\"808\" data-end=\"847\">\n<p data-start=\"810\" data-end=\"847\">Gryf: <strong data-start=\"869\" data-end=\"894\">Seymour Duncan P90 3B<\/strong>\u00a0(custom route)<\/p>\n<\/li>\n<li data-start=\"850\" data-end=\"887\">\n<p data-start=\"852\" data-end=\"887\">Mostek: <strong data-start=\"860\" data-end=\"885\">Seymour Duncan BG1400<\/strong><\/p>\n<\/li>\n<\/ul>\n<\/li>\n<li data-start=\"888\" data-end=\"978\">\n<p data-start=\"890\" data-end=\"978\"><strong data-start=\"890\" data-end=\"906\">Elektronika:<\/strong> klasyczny uk\u0142ad Telecastera (Volume \/ Tone \/ 3-pozycyjny prze\u0142\u0105cznik)<\/p>\n<\/li>\n<li data-start=\"979\" data-end=\"1036\">\n<p data-start=\"981\" data-end=\"1036\"><strong data-start=\"981\" data-end=\"992\">Mostek:<\/strong> \u201963 Tele Custom Shop z siode\u0142kami Gattona<\/p>\n<\/li>\n<li data-start=\"1037\" data-end=\"1075\">\n<p data-start=\"1039\" data-end=\"1075\"><strong data-start=\"1039\" data-end=\"1050\">Klucze:<\/strong> Vintage locking tuners<\/p>\n<\/li>\n<li data-start=\"1076\" data-end=\"1134\">\n<p data-start=\"1078\" data-end=\"1134\"><strong data-start=\"1078\" data-end=\"1092\">Pickguard:<\/strong> stylizowany na \u017c\u00f3\u0142wika (tortoise shell)<\/p>\n<\/li>\n<li data-start=\"1135\" data-end=\"1158\">\n<p data-start=\"1137\" data-end=\"1158\"><strong data-start=\"1137\" data-end=\"1146\">Waga:<\/strong> <strong data-start=\"1147\" data-end=\"1158\">3,56 kg<\/strong><\/p>\n<\/li>\n<\/ul>\n<p data-start=\"1160\" data-end=\"1381\">Po\u0142\u0105czenie ciep\u0142ego, otwartego brzmienia P90 przy gryfie z mocnym i wyrazistym Duncanem przy mostku daje szeroki wachlarz brzmie\u0144 \u2013 idealna gitara dla tych, kt\u00f3rzy szukaj\u0105 klasycznego feelu z nowoczesn\u0105 wszechstronno\u015bci\u0105.<\/p>\n<p data-start=\"1383\" data-end=\"1500\">Gitara sprzedawana z oryginalnym <strong data-start=\"1416\" data-end=\"1446\">kejsiem Fender Custom Shop<\/strong>, <strong data-start=\"1448\" data-end=\"1462\">case candy<\/strong> oraz <strong data-start=\"1468\" data-end=\"1499\">certyfikatem autentyczno\u015bci<\/strong>.<\/p>\n","protected":false},"excerpt":{"rendered":"<p data-start=\"81\" data-end=\"241\"><strong data-start=\"81\" data-end=\"160\">Fender Custom Shop 60s Tele Custom Closet Classic \u2013 Faded Sonic Blue (2014)<\/strong><br data-start=\"160\" data-end=\"163\" \/><strong data-start=\"163\" data-end=\"241\">P90 przy gryfie | Seymour Duncan BG1400 przy mostku | Lekki korpus z olchy<\/strong><\/p>\n<p data-start=\"243\" data-end=\"509\">Ta Telecastera z Fender Custom Shop to stylowy uk\u0142on w stron\u0119 lat 60. \u2013 wyko\u0144czona w subtelnie postarzonej nitrocelulozie w kolorze <strong data-start=\"375\" data-end=\"395\">Faded Sonic Blue<\/strong> (seria Closet Classic). Gitara wygl\u0105da jak zadbany vintage&#8217;owy egzemplarz, u\u017cywany tylko okazjonalnie przez lata.<\/p>\n","protected":false},"featured_media":13871,"template":"","meta":{"_monsterinsights_skip_tracking":false,"_monsterinsights_sitenote_active":false,"_monsterinsights_sitenote_note":"","_monsterinsights_sitenote_category":0,"_uf_show_specific_survey":0,"_uf_disable_surveys":false,"_kadence_starter_templates_imported_post":false,"_kad_post_transparent":"default","_kad_post_title":"","_kad_post_layout":"default","_kad_post_sidebar_id":"","_kad_post_content_style":"default","_kad_post_vertical_padding":"default","_kad_post_feature":"","_kad_post_feature_position":"","_kad_post_header":false,"_kad_post_footer":false,"_kad_post_classname":""},"product_brand":[],"product_cat":[3265,3261],"product_tag":[],"class_list":{"0":"post-13870","1":"product","2":"type-product","3":"status-publish","4":"has-post-thumbnail","6":"product_cat-elektryczne-pl","7":"product_cat-gitary","9":"first","10":"outofstock","11":"shipping-taxable","12":"purchasable","13":"product-type-simple","14":"entry","15":"content-bg","16":"loop-entry"},"jetpack_sharing_enabled":true,"_links":{"self":[{"href":"https:\/\/guitar2amp.de\/index.php\/wp-json\/wp\/v2\/product\/13870","targetHints":{"allow":["GET"]}}],"collection":[{"href":"https:\/\/guitar2amp.de\/index.php\/wp-json\/wp\/v2\/product"}],"about":[{"href":"https:\/\/guitar2amp.de\/index.php\/wp-json\/wp\/v2\/types\/product"}],"wp:featuredmedia":[{"embeddable":true,"href":"https:\/\/guitar2amp.de\/index.php\/wp-json\/wp\/v2\/media\/13871"}],"wp:attachment":[{"href":"https:\/\/guitar2amp.de\/index.php\/wp-json\/wp\/v2\/media?parent=13870"}],"wp:term":[{"taxonomy":"product_brand","embeddable":true,"href":"https:\/\/guitar2amp.de\/index.php\/wp-json\/wp\/v2\/product_brand?post=13870"},{"taxonomy":"product_cat","embeddable":true,"href":"https:\/\/guitar2amp.de\/index.php\/wp-json\/wp\/v2\/product_cat?post=13870"},{"taxonomy":"product_tag","embeddable":true,"href":"https:\/\/guitar2amp.de\/index.php\/wp-json\/wp\/v2\/product_tag?post=13870"}],"curies":[{"name":"wp","href":"https:\/\/api.w.org\/{rel}","templated":true}]}}