{"id":13976,"date":"2025-06-09T19:55:32","date_gmt":"2025-06-09T17:55:32","guid":{"rendered":"https:\/\/guitar2amp.de\/?post_type=product&#038;p=13976"},"modified":"2025-06-30T23:24:11","modified_gmt":"2025-06-30T21:24:11","slug":"2020-gibson-custom-shop-les-paul-1958-reissue-r8-murphy-lab-light-aged-2","status":"publish","type":"product","link":"https:\/\/guitar2amp.de\/index.php\/de\/product\/2020-gibson-custom-shop-les-paul-1958-reissue-r8-murphy-lab-light-aged-2\/","title":{"rendered":"2020 Gibson Custom Shop Les Paul 1958 Reissue R8 Murphy Lab Light Aged"},"content":{"rendered":"<p data-start=\"149\" data-end=\"300\"><strong data-start=\"149\" data-end=\"233\">Gibson Custom Shop 1958 Les Paul Standard Reissue \u2013 Murphy Lab Light Aged (2020)<\/strong><br data-start=\"233\" data-end=\"236\" \/><strong data-start=\"236\" data-end=\"300\">Klassischer Ton, authentisches Spielgef\u00fchl, dezente Alterung<\/strong><\/p>\n<p data-start=\"302\" data-end=\"586\">Diese <strong data-start=\"308\" data-end=\"357\">Gibson Custom Shop 1958 Les Paul Reissue (R8)<\/strong> stammt aus dem renommierten <strong data-start=\"386\" data-end=\"400\">Murphy Lab<\/strong> und wurde 2020 gefertigt. Das <strong data-start=\"431\" data-end=\"467\">Light Aged Nitrocellulose-Finish<\/strong> verleiht der Gitarre eine dezente, nat\u00fcrlich wirkende Patina \u2013 wie bei einem sorgf\u00e4ltig erhaltenen Vintage-Instrument.<\/p>\n<p data-start=\"588\" data-end=\"847\">Die Gitarre wurde mit gro\u00dfer historischer Detailtreue gebaut und liefert genau das, was man von einer sp\u00e4ten 50s Les Paul erwartet: satten Ton, langes Sustain und hervorragende Dynamik \u2013 kombiniert mit modernem Spielkomfort und h\u00f6chster Verarbeitungsqualit\u00e4t.<\/p>\n<h3 data-start=\"849\" data-end=\"872\">Technische Details:<\/h3>\n<ul data-start=\"873\" data-end=\"1643\">\n<li data-start=\"873\" data-end=\"924\">\n<p data-start=\"875\" data-end=\"924\"><strong data-start=\"875\" data-end=\"886\">Modell:<\/strong> 1958 Les Paul Standard Reissue (R8)<\/p>\n<\/li>\n<li data-start=\"925\" data-end=\"946\">\n<p data-start=\"927\" data-end=\"946\"><strong data-start=\"927\" data-end=\"939\">Baujahr:<\/strong> 2020<\/p>\n<\/li>\n<li data-start=\"947\" data-end=\"995\">\n<p data-start=\"949\" data-end=\"995\"><strong data-start=\"949\" data-end=\"960\">Finish:<\/strong> Murphy Lab Light Aged Nitro-Lack<\/p>\n<\/li>\n<li data-start=\"996\" data-end=\"1030\">\n<p data-start=\"998\" data-end=\"1030\"><strong data-start=\"998\" data-end=\"1008\">Decke:<\/strong> Plain Top aus Ahorn<\/p>\n<\/li>\n<li data-start=\"1031\" data-end=\"1095\">\n<p data-start=\"1033\" data-end=\"1095\"><strong data-start=\"1033\" data-end=\"1044\">Korpus:<\/strong> Massiver Mahagoni-Korpus (nicht weight-relieved)<\/p>\n<\/li>\n<li data-start=\"1096\" data-end=\"1147\">\n<p data-start=\"1098\" data-end=\"1147\"><strong data-start=\"1098\" data-end=\"1107\">Hals:<\/strong> Mahagoni, \u201958 Rounded Medium C-Profil<\/p>\n<\/li>\n<li data-start=\"1148\" data-end=\"1200\">\n<p data-start=\"1150\" data-end=\"1200\"><strong data-start=\"1150\" data-end=\"1165\">Griffbrett:<\/strong> Indischer Palisander, 12&#8243; Radius<\/p>\n<\/li>\n<li data-start=\"1201\" data-end=\"1228\">\n<p data-start=\"1203\" data-end=\"1228\"><strong data-start=\"1203\" data-end=\"1213\">B\u00fcnde:<\/strong> Medium Jumbo<\/p>\n<\/li>\n<li data-start=\"1229\" data-end=\"1279\">\n<p data-start=\"1231\" data-end=\"1279\"><strong data-start=\"1231\" data-end=\"1244\">Einlagen:<\/strong> Gealterte Celluloid-Trapezinlays<\/p>\n<\/li>\n<li data-start=\"1280\" data-end=\"1342\">\n<p data-start=\"1282\" data-end=\"1342\"><strong data-start=\"1282\" data-end=\"1294\">Pickups:<\/strong> Gibson Custombuckers (Alnico III, ungewachst)<\/p>\n<\/li>\n<li data-start=\"1343\" data-end=\"1419\">\n<p data-start=\"1345\" data-end=\"1419\"><strong data-start=\"1345\" data-end=\"1360\">Elektronik:<\/strong> Handverdrahtet mit CTS-Potis und Bumblebee-Kondensatoren<\/p>\n<\/li>\n<li data-start=\"1420\" data-end=\"1463\">\n<p data-start=\"1422\" data-end=\"1463\"><strong data-start=\"1422\" data-end=\"1435\">Hardware:<\/strong> <strong data-start=\"1436\" data-end=\"1446\">Nickel<\/strong>,<\/p>\n<\/li>\n<li data-start=\"1464\" data-end=\"1497\">\n<p data-start=\"1466\" data-end=\"1497\"><strong data-start=\"1466\" data-end=\"1481\">Mechaniken:<\/strong> Kluson Deluxe<\/p>\n<\/li>\n<li data-start=\"1498\" data-end=\"1526\">\n<p data-start=\"1500\" data-end=\"1526\"><strong data-start=\"1500\" data-end=\"1512\">Gewicht:<\/strong> <strong data-start=\"1513\" data-end=\"1524\">4,01 kg<\/strong><\/p>\n<\/li>\n<li data-start=\"1527\" data-end=\"1579\">\n<p data-start=\"1529\" data-end=\"1579\"><strong data-start=\"1529\" data-end=\"1540\">Koffer:<\/strong> Originaler brauner Lifton-Style Case<\/p>\n<\/li>\n<li data-start=\"1580\" data-end=\"1643\">\n<p data-start=\"1582\" data-end=\"1643\"><strong data-start=\"1582\" data-end=\"1594\">Zubeh\u00f6r:<\/strong> Zertifikat (COA), Murphy Lab Booklet, Case Candy<\/p>\n<\/li>\n<\/ul>\n<p data-start=\"1645\" data-end=\"1788\">Ein au\u00dfergew\u00f6hnliches Instrument f\u00fcr anspruchsvolle Gitarristen und Sammler \u2013 mit klassischem Look, authentischem Sound und dem gewissen Etwas.<\/p>\n","protected":false},"excerpt":{"rendered":"<p data-start=\"149\" data-end=\"300\"><strong data-start=\"149\" data-end=\"233\">Gibson Custom Shop 1958 Les Paul Standard Reissue \u2013 Murphy Lab Light Aged (2020)<\/strong><br data-start=\"233\" data-end=\"236\" \/><strong data-start=\"236\" data-end=\"300\">Klassischer Ton, authentisches Spielgef\u00fchl, dezente Alterung<\/strong><\/p>\n<p data-start=\"302\" data-end=\"586\">Diese <strong data-start=\"308\" data-end=\"357\">Gibson Custom Shop 1958 Les Paul Reissue (R8)<\/strong> stammt aus dem renommierten <strong data-start=\"386\" data-end=\"400\">Murphy Lab<\/strong> und wurde 2020 gefertigt. Das <strong data-start=\"431\" data-end=\"467\">Light Aged Nitrocellulose-Finish<\/strong> verleiht der Gitarre eine dezente, nat\u00fcrlich wirkende Patina \u2013 wie bei einem sorgf\u00e4ltig erhaltenen Vintage-Instrument.<\/p>\n<p data-start=\"588\" data-end=\"847\">Die Gitarre wurde mit gro\u00dfer historischer Detailtreue gebaut und liefert genau das, was man von einer sp\u00e4ten 50s Les Paul erwartet: satten Ton, langes Sustain und hervorragende Dynamik \u2013 kombiniert mit modernem Spielkomfort und h\u00f6chster Verarbeitungsqualit\u00e4t.<\/p>\n","protected":false},"featured_media":13977,"template":"","meta":{"_monsterinsights_skip_tracking":false,"_monsterinsights_sitenote_active":false,"_monsterinsights_sitenote_note":"","_monsterinsights_sitenote_category":0,"_uf_show_specific_survey":0,"_uf_disable_surveys":false,"_kadence_starter_templates_imported_post":false,"_kad_post_transparent":"default","_kad_post_title":"","_kad_post_layout":"default","_kad_post_sidebar_id":"","_kad_post_content_style":"default","_kad_post_vertical_padding":"default","_kad_post_feature":"","_kad_post_feature_position":"","_kad_post_header":false,"_kad_post_footer":false,"_kad_post_classname":""},"product_brand":[],"product_cat":[207,203],"product_tag":[],"class_list":{"0":"post-13976","1":"product","2":"type-product","3":"status-publish","4":"has-post-thumbnail","6":"product_cat-e-gitarren","7":"product_cat-gitarren","9":"first","10":"instock","11":"shipping-taxable","12":"purchasable","13":"product-type-simple","14":"entry","15":"content-bg","16":"loop-entry"},"jetpack_sharing_enabled":true,"_links":{"self":[{"href":"https:\/\/guitar2amp.de\/index.php\/wp-json\/wp\/v2\/product\/13976","targetHints":{"allow":["GET"]}}],"collection":[{"href":"https:\/\/guitar2amp.de\/index.php\/wp-json\/wp\/v2\/product"}],"about":[{"href":"https:\/\/guitar2amp.de\/index.php\/wp-json\/wp\/v2\/types\/product"}],"wp:featuredmedia":[{"embeddable":true,"href":"https:\/\/guitar2amp.de\/index.php\/wp-json\/wp\/v2\/media\/13977"}],"wp:attachment":[{"href":"https:\/\/guitar2amp.de\/index.php\/wp-json\/wp\/v2\/media?parent=13976"}],"wp:term":[{"taxonomy":"product_brand","embeddable":true,"href":"https:\/\/guitar2amp.de\/index.php\/wp-json\/wp\/v2\/product_brand?post=13976"},{"taxonomy":"product_cat","embeddable":true,"href":"https:\/\/guitar2amp.de\/index.php\/wp-json\/wp\/v2\/product_cat?post=13976"},{"taxonomy":"product_tag","embeddable":true,"href":"https:\/\/guitar2amp.de\/index.php\/wp-json\/wp\/v2\/product_tag?post=13976"}],"curies":[{"name":"wp","href":"https:\/\/api.w.org\/{rel}","templated":true}]}}