{"id":13997,"date":"2025-06-09T19:58:42","date_gmt":"2025-06-09T17:58:42","guid":{"rendered":"https:\/\/guitar2amp.de\/?post_type=product&#038;p=13997"},"modified":"2025-06-30T23:24:11","modified_gmt":"2025-06-30T21:24:11","slug":"13997","status":"publish","type":"product","link":"https:\/\/guitar2amp.de\/index.php\/pl\/product\/13997\/","title":{"rendered":"2020 Gibson Custom Shop Les Paul 1958 Reissue R8 Murphy Lab Light Aged"},"content":{"rendered":"<p data-start=\"82\" data-end=\"232\"><strong data-start=\"82\" data-end=\"166\">Gibson Custom Shop 1958 Les Paul Standard Reissue \u2013 Murphy Lab Light Aged (2020)<\/strong><br data-start=\"166\" data-end=\"169\" \/><strong data-start=\"169\" data-end=\"232\">Klasyczne brzmienie, autentyczny vibe, subtelne postarzenie<\/strong><\/p>\n<p data-start=\"234\" data-end=\"543\">Gitara <strong data-start=\"241\" data-end=\"290\">Gibson Custom Shop Les Paul 1958 Reissue (R8)<\/strong> z roku <strong data-start=\"298\" data-end=\"306\">2020<\/strong>, pochodz\u0105ca z presti\u017cowej serii <strong data-start=\"339\" data-end=\"353\">Murphy Lab<\/strong>, wyko\u0144czona w wyj\u0105tkowym stylu <strong data-start=\"385\" data-end=\"399\">Light Aged<\/strong>. Cienki lakier nitrocelulozowy z delikatnym reliciem nadaje instrumentowi charakter subtelnie postarzonej, doskonale zachowanej gitary vintage.<\/p>\n<p data-start=\"545\" data-end=\"788\">Instrument zosta\u0142 wykonany z ogromn\u0105 dba\u0142o\u015bci\u0105 o detale historyczne, oferuj\u0105c klasyczne brzmienie ko\u0144ca lat 50.: g\u0142\u0119bokie, ciep\u0142e, z d\u0142ugim sustainem i \u015bwietn\u0105 dynamik\u0105. Jednocze\u015bnie zapewnia nowoczesn\u0105 wygod\u0119 gry i najwy\u017csz\u0105 jako\u015b\u0107 wykonania.<\/p>\n<h3 data-start=\"790\" data-end=\"818\">Specyfikacja techniczna:<\/h3>\n<ul data-start=\"819\" data-end=\"1585\">\n<li data-start=\"819\" data-end=\"869\">\n<p data-start=\"821\" data-end=\"869\"><strong data-start=\"821\" data-end=\"831\">Model:<\/strong> 1958 Les Paul Standard Reissue (R8)<\/p>\n<\/li>\n<li data-start=\"870\" data-end=\"887\">\n<p data-start=\"872\" data-end=\"887\"><strong data-start=\"872\" data-end=\"880\">Rok:<\/strong> 2020<\/p>\n<\/li>\n<li data-start=\"888\" data-end=\"944\">\n<p data-start=\"890\" data-end=\"944\"><strong data-start=\"890\" data-end=\"906\">Wyko\u0144czenie:<\/strong> Murphy Lab Light Aged, lakier nitro<\/p>\n<\/li>\n<li data-start=\"945\" data-end=\"974\">\n<p data-start=\"947\" data-end=\"974\"><strong data-start=\"947\" data-end=\"955\">Top:<\/strong> Klon (plain top)<\/p>\n<\/li>\n<li data-start=\"975\" data-end=\"1020\">\n<p data-start=\"977\" data-end=\"1020\"><strong data-start=\"977\" data-end=\"988\">Korpus:<\/strong> Maho\u0144 (pe\u0142ny, bez odci\u0105\u017cenia)<\/p>\n<\/li>\n<li data-start=\"1021\" data-end=\"1071\">\n<p data-start=\"1023\" data-end=\"1071\"><strong data-start=\"1023\" data-end=\"1032\">Gryf:<\/strong> Maho\u0144, profil Rounded Medium C (\u201958)<\/p>\n<\/li>\n<li data-start=\"1072\" data-end=\"1125\">\n<p data-start=\"1074\" data-end=\"1125\"><strong data-start=\"1074\" data-end=\"1091\">Podstrunnica:<\/strong> Palisander indyjski, radius 12&#8243;<\/p>\n<\/li>\n<li data-start=\"1126\" data-end=\"1153\">\n<p data-start=\"1128\" data-end=\"1153\"><strong data-start=\"1128\" data-end=\"1138\">Progi:<\/strong> Medium jumbo<\/p>\n<\/li>\n<li data-start=\"1154\" data-end=\"1201\">\n<p data-start=\"1156\" data-end=\"1201\"><strong data-start=\"1156\" data-end=\"1168\">Markery:<\/strong> postarzone trapezy z celuloidu<\/p>\n<\/li>\n<li data-start=\"1202\" data-end=\"1278\">\n<p data-start=\"1204\" data-end=\"1278\"><strong data-start=\"1204\" data-end=\"1221\">Przetworniki:<\/strong> Gibson Custombuckers (Alnico III, niezalewane woskiem)<\/p>\n<\/li>\n<li data-start=\"1279\" data-end=\"1360\">\n<p data-start=\"1281\" data-end=\"1360\"><strong data-start=\"1281\" data-end=\"1297\">Elektronika:<\/strong> r\u0119cznie lutowana, potencjometry CTS i kondensatory Bumblebee<\/p>\n<\/li>\n<li data-start=\"1361\" data-end=\"1415\">\n<p data-start=\"1363\" data-end=\"1415\"><strong data-start=\"1363\" data-end=\"1375\">Osprz\u0119t:<\/strong> <strong data-start=\"1376\" data-end=\"1389\">Niklowany<\/strong>, postarzenie Murphy Lab<\/p>\n<\/li>\n<li data-start=\"1416\" data-end=\"1445\">\n<p data-start=\"1418\" data-end=\"1445\"><strong data-start=\"1418\" data-end=\"1429\">Klucze:<\/strong> Kluson Deluxe<\/p>\n<\/li>\n<li data-start=\"1446\" data-end=\"1471\">\n<p data-start=\"1448\" data-end=\"1471\"><strong data-start=\"1448\" data-end=\"1457\">Waga:<\/strong> <strong data-start=\"1458\" data-end=\"1469\">4,10 kg<\/strong><\/p>\n<\/li>\n<li data-start=\"1472\" data-end=\"1522\">\n<p data-start=\"1474\" data-end=\"1522\"><strong data-start=\"1474\" data-end=\"1486\">Futera\u0142:<\/strong> oryginalny Lifton-style (br\u0105zowy)<\/p>\n<\/li>\n<li data-start=\"1523\" data-end=\"1585\">\n<p data-start=\"1525\" data-end=\"1585\"><strong data-start=\"1525\" data-end=\"1537\">Dodatki:<\/strong> certyfikat COA, broszura Murphy Lab, case candy<\/p>\n<\/li>\n<\/ul>\n<p data-start=\"1587\" data-end=\"1738\">Gitara wyj\u0105tkowa zar\u00f3wno dla kolekcjonera, jak i wymagaj\u0105cego muzyka \u2013 klasyczny wygl\u0105d, autentyczne brzmienie i najwy\u017cszy poziom Custom Shopu Gibsona.<\/p>\n","protected":false},"excerpt":{"rendered":"<p data-start=\"82\" data-end=\"232\"><strong data-start=\"82\" data-end=\"166\">Gibson Custom Shop 1958 Les Paul Standard Reissue \u2013 Murphy Lab Light Aged (2020)<\/strong><br data-start=\"166\" data-end=\"169\" \/><strong data-start=\"169\" data-end=\"232\">Klasyczne brzmienie, autentyczny vibe, subtelne postarzenie<\/strong><\/p>\n<p data-start=\"234\" data-end=\"543\">Gitara <strong data-start=\"241\" data-end=\"290\">Gibson Custom Shop Les Paul 1958 Reissue (R8)<\/strong> z roku <strong data-start=\"298\" data-end=\"306\">2020<\/strong>, pochodz\u0105ca z presti\u017cowej serii <strong data-start=\"339\" data-end=\"353\">Murphy Lab<\/strong>, wyko\u0144czona w wyj\u0105tkowym stylu <strong data-start=\"385\" data-end=\"399\">Light Aged<\/strong>. Cienki lakier nitrocelulozowy z delikatnym reliciem nadaje instrumentowi charakter subtelnie postarzonej, doskonale zachowanej gitary vintage.<\/p>\n<p data-start=\"545\" data-end=\"788\">Instrument zosta\u0142 wykonany z ogromn\u0105 dba\u0142o\u015bci\u0105 o detale historyczne, oferuj\u0105c klasyczne brzmienie ko\u0144ca lat 50.: g\u0142\u0119bokie, ciep\u0142e, z d\u0142ugim sustainem i \u015bwietn\u0105 dynamik\u0105. Jednocze\u015bnie zapewnia nowoczesn\u0105 wygod\u0119 gry i najwy\u017csz\u0105 jako\u015b\u0107 wykonania.<\/p>\n","protected":false},"featured_media":13998,"template":"","meta":{"_monsterinsights_skip_tracking":false,"_monsterinsights_sitenote_active":false,"_monsterinsights_sitenote_note":"","_monsterinsights_sitenote_category":0,"_uf_show_specific_survey":0,"_uf_disable_surveys":false,"_kadence_starter_templates_imported_post":false,"_kad_post_transparent":"default","_kad_post_title":"","_kad_post_layout":"default","_kad_post_sidebar_id":"","_kad_post_content_style":"default","_kad_post_vertical_padding":"default","_kad_post_feature":"","_kad_post_feature_position":"","_kad_post_header":false,"_kad_post_footer":false,"_kad_post_classname":""},"product_brand":[],"product_cat":[3265,3261],"product_tag":[],"class_list":{"0":"post-13997","1":"product","2":"type-product","3":"status-publish","4":"has-post-thumbnail","6":"product_cat-elektryczne-pl","7":"product_cat-gitary","9":"first","10":"instock","11":"shipping-taxable","12":"purchasable","13":"product-type-simple","14":"entry","15":"content-bg","16":"loop-entry"},"jetpack_sharing_enabled":true,"_links":{"self":[{"href":"https:\/\/guitar2amp.de\/index.php\/wp-json\/wp\/v2\/product\/13997","targetHints":{"allow":["GET"]}}],"collection":[{"href":"https:\/\/guitar2amp.de\/index.php\/wp-json\/wp\/v2\/product"}],"about":[{"href":"https:\/\/guitar2amp.de\/index.php\/wp-json\/wp\/v2\/types\/product"}],"wp:featuredmedia":[{"embeddable":true,"href":"https:\/\/guitar2amp.de\/index.php\/wp-json\/wp\/v2\/media\/13998"}],"wp:attachment":[{"href":"https:\/\/guitar2amp.de\/index.php\/wp-json\/wp\/v2\/media?parent=13997"}],"wp:term":[{"taxonomy":"product_brand","embeddable":true,"href":"https:\/\/guitar2amp.de\/index.php\/wp-json\/wp\/v2\/product_brand?post=13997"},{"taxonomy":"product_cat","embeddable":true,"href":"https:\/\/guitar2amp.de\/index.php\/wp-json\/wp\/v2\/product_cat?post=13997"},{"taxonomy":"product_tag","embeddable":true,"href":"https:\/\/guitar2amp.de\/index.php\/wp-json\/wp\/v2\/product_tag?post=13997"}],"curies":[{"name":"wp","href":"https:\/\/api.w.org\/{rel}","templated":true}]}}