{"id":14105,"date":"2025-06-11T15:37:52","date_gmt":"2025-06-11T13:37:52","guid":{"rendered":"https:\/\/guitar2amp.de\/?post_type=product&#038;p=14105"},"modified":"2025-10-14T13:47:40","modified_gmt":"2025-10-14T11:47:40","slug":"14105","status":"publish","type":"product","link":"https:\/\/guitar2amp.de\/index.php\/de\/product\/14105\/","title":{"rendered":"2016 Fender Custom Shop &#8217;59 Special Stratocaster Limited Edition"},"content":{"rendered":"<p data-start=\"56\" data-end=\"238\"><strong data-start=\"56\" data-end=\"154\">Fender Custom Shop 2016 LTD &#8217;59 Special Stratocaster \u2013 Aged Olympic White (Custom Heavy Relic)<\/strong><br data-start=\"154\" data-end=\"157\" \/><strong data-start=\"157\" data-end=\"238\">Limited Edition | Handwound Poblano Pickups | Blender Wiring | AAA Flame Neck<\/strong><\/p>\n<p data-start=\"240\" data-end=\"607\">Diese Gitarre stammt aus der limitierten <strong data-start=\"281\" data-end=\"318\">Fender Custom Shop Serie von 2016<\/strong>. Urspr\u00fcnglich wurde sie im Finish <strong data-start=\"353\" data-end=\"373\">Journeyman Relic<\/strong> ausgeliefert, sp\u00e4ter jedoch aufwendig und professionell auf <strong data-start=\"434\" data-end=\"449\">Heavy Relic<\/strong> umgearbeitet \u2013 mit viel Gef\u00fchl f\u00fcr Details und Vintage-\u00c4sthetik.<br data-start=\"514\" data-end=\"517\" \/>Das Ergebnis: ein besonders authentischer Look und ein echtes \u201eeingespieltes\u201c Spielgef\u00fchl.<\/p>\n<p data-start=\"609\" data-end=\"851\">Das Instrument ist mit einem <strong data-start=\"638\" data-end=\"674\">Nitro-Lack in Aged Olympic White<\/strong> versehen und besitzt einen kr\u00e4ftig geflammten Ahornhals (<strong data-start=\"732\" data-end=\"751\">AAA Flame Maple<\/strong>) mit starker Alterung. Klanglich und spieltechnisch erf\u00fcllt die Gitarre h\u00f6chste Boutique-Anspr\u00fcche.<\/p>\n<h3 data-start=\"853\" data-end=\"874\">Technische Daten:<\/h3>\n<ul data-start=\"876\" data-end=\"1716\">\n<li data-start=\"876\" data-end=\"925\">\n<p data-start=\"878\" data-end=\"925\"><strong data-start=\"878\" data-end=\"889\">Modell:<\/strong> 2016 LTD &#8217;59 Special Stratocaster<\/p>\n<\/li>\n<li data-start=\"926\" data-end=\"966\">\n<p data-start=\"928\" data-end=\"966\"><strong data-start=\"928\" data-end=\"938\">Farbe:<\/strong> Aged Olympic White (AOWT)<\/p>\n<\/li>\n<li data-start=\"967\" data-end=\"1055\">\n<p data-start=\"969\" data-end=\"1055\"><strong data-start=\"969\" data-end=\"980\">Finish:<\/strong> Nitro \u2013 urspr\u00fcnglich Journeyman Relic, sp\u00e4ter modifiziert zu Heavy Relic<\/p>\n<\/li>\n<li data-start=\"1056\" data-end=\"1113\">\n<p data-start=\"1058\" data-end=\"1113\"><strong data-start=\"1058\" data-end=\"1069\">Korpus:<\/strong> Ausgew\u00e4hlte Erle (2-teilig, Select Alder)<\/p>\n<\/li>\n<li data-start=\"1114\" data-end=\"1167\">\n<p data-start=\"1116\" data-end=\"1167\"><strong data-start=\"1116\" data-end=\"1125\">Hals:<\/strong> AAA Flame Maple, Profil &#8217;59 Esquire \u201cC\u201d<\/p>\n<\/li>\n<li data-start=\"1168\" data-end=\"1200\">\n<p data-start=\"1170\" data-end=\"1200\"><strong data-start=\"1170\" data-end=\"1185\">Griffbrett:<\/strong> AAA Rosewood<\/p>\n<\/li>\n<li data-start=\"1201\" data-end=\"1221\">\n<p data-start=\"1203\" data-end=\"1221\"><strong data-start=\"1203\" data-end=\"1214\">Radius:<\/strong> 9.5&#8243;<\/p>\n<\/li>\n<li data-start=\"1222\" data-end=\"1256\">\n<p data-start=\"1224\" data-end=\"1256\"><strong data-start=\"1224\" data-end=\"1234\">B\u00fcnde:<\/strong> Jescar Jumbo (6100)<\/p>\n<\/li>\n<li data-start=\"1257\" data-end=\"1278\">\n<p data-start=\"1259\" data-end=\"1278\"><strong data-start=\"1259\" data-end=\"1270\">Mensur:<\/strong> 25.5\u201d<\/p>\n<\/li>\n<li data-start=\"1279\" data-end=\"1317\">\n<p data-start=\"1281\" data-end=\"1317\"><strong data-start=\"1281\" data-end=\"1292\">Sattel:<\/strong> Knochen (Bone), 1.650\u201d<\/p>\n<\/li>\n<li data-start=\"1318\" data-end=\"1373\">\n<p data-start=\"1320\" data-end=\"1373\"><strong data-start=\"1320\" data-end=\"1332\">Tremolo:<\/strong> American Vintage Strat Tremolo (Relic)<\/p>\n<\/li>\n<li data-start=\"1374\" data-end=\"1415\">\n<p data-start=\"1376\" data-end=\"1415\"><strong data-start=\"1376\" data-end=\"1391\">Mechaniken:<\/strong> Vintage Style (Relic)<\/p>\n<\/li>\n<li data-start=\"1416\" data-end=\"1453\">\n<p data-start=\"1418\" data-end=\"1453\"><strong data-start=\"1418\" data-end=\"1432\">Pickguard:<\/strong> 3-lagig Mint Green<\/p>\n<\/li>\n<li data-start=\"1454\" data-end=\"1527\">\n<p data-start=\"1456\" data-end=\"1470\"><strong data-start=\"1456\" data-end=\"1468\">Pickups: <\/strong>Handwound Poblano Strat (Hals \/ Mitte RWRP \/ Steg)<\/p>\n<\/li>\n<li data-start=\"1528\" data-end=\"1596\">\n<p data-start=\"1530\" data-end=\"1547\"><strong data-start=\"1530\" data-end=\"1545\">Elektronik: <\/strong>5-Wege-Schalter, Volume \/ Tone \/ Tone<\/p>\n<\/li>\n<li data-start=\"1597\" data-end=\"1629\">\n<p data-start=\"1599\" data-end=\"1629\"><strong data-start=\"1599\" data-end=\"1616\">Plastikteile:<\/strong> Aged White<\/p>\n<\/li>\n<li data-start=\"1630\" data-end=\"1716\">\n<p data-start=\"1632\" data-end=\"1716\"><strong data-start=\"1632\" data-end=\"1649\">Besonderheit:<\/strong> Hals mit werkseitiger Relic-Abnutzung zwischen dem 1. und 12. Bund<\/p>\n<\/li>\n<\/ul>\n<p data-start=\"1718\" data-end=\"1849\">Die handgewickelten <strong data-start=\"1738\" data-end=\"1757\">Poblano Pickups<\/strong> liefern einen offenen, durchsetzungsf\u00e4higen und dynamischen Sound mit echter Vintage-Tiefe.<\/p>\n<p data-start=\"1851\" data-end=\"1968\">Ein echtes Werkzeug f\u00fcr anspruchsvolle Gitarristen, die einen klassischen Strat mit Charakter, W\u00e4rme und Biss suchen.<\/p>\n","protected":false},"excerpt":{"rendered":"<p data-start=\"56\" data-end=\"238\"><strong data-start=\"56\" data-end=\"154\">Fender Custom Shop 2016 LTD &#8217;59 Special Stratocaster \u2013 Aged Olympic White (Custom Heavy Relic)<\/strong><br data-start=\"154\" data-end=\"157\" \/><strong data-start=\"157\" data-end=\"238\">Limited Edition | Handwound Poblano Pickups | Blender Wiring | AAA Flame Neck<\/strong><\/p>\n<p data-start=\"240\" data-end=\"607\">Diese Gitarre stammt aus der limitierten <strong data-start=\"281\" data-end=\"318\">Fender Custom Shop Serie von 2016<\/strong>. Urspr\u00fcnglich wurde sie im Finish <strong data-start=\"353\" data-end=\"373\">Journeyman Relic<\/strong> ausgeliefert, sp\u00e4ter jedoch aufwendig und professionell auf <strong data-start=\"434\" data-end=\"449\">Heavy Relic<\/strong> umgearbeitet \u2013 mit viel Gef\u00fchl f\u00fcr Details und Vintage-\u00c4sthetik.<br data-start=\"514\" data-end=\"517\" \/>Das Ergebnis: ein besonders authentischer Look und ein echtes \u201eeingespieltes\u201c Spielgef\u00fchl.<\/p>\n<p data-start=\"609\" data-end=\"851\">Das Instrument ist mit einem <strong data-start=\"638\" data-end=\"674\">Nitro-Lack in Aged Olympic White<\/strong> versehen und besitzt einen kr\u00e4ftig geflammten Ahornhals (<strong data-start=\"732\" data-end=\"751\">AAA Flame Maple<\/strong>) mit starker Alterung. Klanglich und spieltechnisch erf\u00fcllt die Gitarre h\u00f6chste Boutique-Anspr\u00fcche.<\/p>\n","protected":false},"featured_media":14106,"template":"","meta":{"_monsterinsights_skip_tracking":false,"_monsterinsights_sitenote_active":false,"_monsterinsights_sitenote_note":"","_monsterinsights_sitenote_category":0,"_uf_show_specific_survey":0,"_uf_disable_surveys":false,"_kadence_starter_templates_imported_post":false,"_kad_post_transparent":"default","_kad_post_title":"","_kad_post_layout":"default","_kad_post_sidebar_id":"","_kad_post_content_style":"default","_kad_post_vertical_padding":"default","_kad_post_feature":"","_kad_post_feature_position":"","_kad_post_header":false,"_kad_post_footer":false,"_kad_post_classname":""},"product_brand":[],"product_cat":[207,203],"product_tag":[],"class_list":{"0":"post-14105","1":"product","2":"type-product","3":"status-publish","4":"has-post-thumbnail","6":"product_cat-e-gitarren","7":"product_cat-gitarren","9":"first","10":"outofstock","11":"shipping-taxable","12":"purchasable","13":"product-type-simple","14":"entry","15":"content-bg","16":"loop-entry"},"jetpack_sharing_enabled":true,"_links":{"self":[{"href":"https:\/\/guitar2amp.de\/index.php\/wp-json\/wp\/v2\/product\/14105","targetHints":{"allow":["GET"]}}],"collection":[{"href":"https:\/\/guitar2amp.de\/index.php\/wp-json\/wp\/v2\/product"}],"about":[{"href":"https:\/\/guitar2amp.de\/index.php\/wp-json\/wp\/v2\/types\/product"}],"wp:featuredmedia":[{"embeddable":true,"href":"https:\/\/guitar2amp.de\/index.php\/wp-json\/wp\/v2\/media\/14106"}],"wp:attachment":[{"href":"https:\/\/guitar2amp.de\/index.php\/wp-json\/wp\/v2\/media?parent=14105"}],"wp:term":[{"taxonomy":"product_brand","embeddable":true,"href":"https:\/\/guitar2amp.de\/index.php\/wp-json\/wp\/v2\/product_brand?post=14105"},{"taxonomy":"product_cat","embeddable":true,"href":"https:\/\/guitar2amp.de\/index.php\/wp-json\/wp\/v2\/product_cat?post=14105"},{"taxonomy":"product_tag","embeddable":true,"href":"https:\/\/guitar2amp.de\/index.php\/wp-json\/wp\/v2\/product_tag?post=14105"}],"curies":[{"name":"wp","href":"https:\/\/api.w.org\/{rel}","templated":true}]}}