{"id":14126,"date":"2025-06-11T15:40:28","date_gmt":"2025-06-11T13:40:28","guid":{"rendered":"https:\/\/guitar2amp.de\/?post_type=product&#038;p=14126"},"modified":"2025-10-14T13:47:39","modified_gmt":"2025-10-14T11:47:39","slug":"2016-fender-custom-shop-59-special-stratocaster-limited-edition-2","status":"publish","type":"product","link":"https:\/\/guitar2amp.de\/index.php\/pl\/product\/2016-fender-custom-shop-59-special-stratocaster-limited-edition-2\/","title":{"rendered":"2016 Fender Custom Shop &#8217;59 Special Stratocaster Limited Edition"},"content":{"rendered":"<p data-start=\"117\" data-end=\"299\"><strong data-start=\"117\" data-end=\"215\">Fender Custom Shop 2016 LTD &#8217;59 Special Stratocaster \u2013 Aged Olympic White (Custom Heavy Relic)<\/strong><br data-start=\"215\" data-end=\"218\" \/><strong data-start=\"218\" data-end=\"299\">Limited Edition | Handwound Poblano Pickups | Blender Wiring | AAA Flame Neck<\/strong><\/p>\n<p data-start=\"301\" data-end=\"609\">Gitara z limitowanej serii <strong data-start=\"328\" data-end=\"355\">Fender Custom Shop 2016<\/strong>, kt\u00f3ra opu\u015bci\u0142a fabryk\u0119 jako <strong data-start=\"385\" data-end=\"405\">Journeyman Relic<\/strong>, jednak zosta\u0142a <strong data-start=\"422\" data-end=\"483\">profesjonalnie zrelicowana p\u00f3\u017aniej do poziomu Heavy Relic<\/strong> \u2013 z ogromnym wyczuciem i dba\u0142o\u015bci\u0105 o detale. Efekt to wyj\u0105tkowo autentyczny wygl\u0105d vintage oraz naturalne, \u201eograne\u201d wra\u017cenie.<\/p>\n<p data-start=\"611\" data-end=\"849\">Wyko\u0144czona w klasycznym kolorze <strong data-start=\"643\" data-end=\"665\">Aged Olympic White<\/strong> nitrocelulozowym lakierem, z mocno postarzan\u0105 klonow\u0105 szyjk\u0105 o pi\u0119knym us\u0142ojeniu (AAA flame maple). Instrument oferuje najwy\u017csz\u0105 jako\u015b\u0107 zar\u00f3wno pod wzgl\u0119dem brzmienia, jak i feelingu.<\/p>\n<h3 data-start=\"851\" data-end=\"880\">Kluczowe dane techniczne:<\/h3>\n<ul data-start=\"882\" data-end=\"1852\">\n<li data-start=\"882\" data-end=\"930\">\n<p data-start=\"884\" data-end=\"930\"><strong data-start=\"884\" data-end=\"894\">Model:<\/strong> 2016 LTD &#8217;59 Special Stratocaster<\/p>\n<\/li>\n<li data-start=\"931\" data-end=\"971\">\n<p data-start=\"933\" data-end=\"971\"><strong data-start=\"933\" data-end=\"943\">Kolor:<\/strong> Aged Olympic White (AOWT)<\/p>\n<\/li>\n<li data-start=\"972\" data-end=\"1066\">\n<p data-start=\"974\" data-end=\"1066\"><strong data-start=\"974\" data-end=\"990\">Wyko\u0144czenie:<\/strong> Nitro \u2013 fabrycznie Journeyman Relic, p\u00f3\u017aniej przekszta\u0142cony w Heavy Relic<\/p>\n<\/li>\n<li data-start=\"1067\" data-end=\"1116\">\n<p data-start=\"1069\" data-end=\"1116\"><strong data-start=\"1069\" data-end=\"1080\">Korpus:<\/strong> Select Alder (olcha, 2-cz\u0119\u015bciowa)<\/p>\n<\/li>\n<li data-start=\"1117\" data-end=\"1164\">\n<p data-start=\"1119\" data-end=\"1164\"><strong data-start=\"1119\" data-end=\"1128\">Gryf:<\/strong> Flame Maple, profil &#8217;60s Oval \u201cC\u201d<\/p>\n<\/li>\n<li data-start=\"1165\" data-end=\"1204\">\n<p data-start=\"1167\" data-end=\"1204\"><strong data-start=\"1167\" data-end=\"1184\">Podstrunnica:<\/strong> AAA Dark Rosewood<\/p>\n<\/li>\n<li data-start=\"1205\" data-end=\"1225\">\n<p data-start=\"1207\" data-end=\"1225\"><strong data-start=\"1207\" data-end=\"1218\">Radius:<\/strong> 9.5&#8243;<\/p>\n<\/li>\n<li data-start=\"1226\" data-end=\"1259\">\n<p data-start=\"1228\" data-end=\"1259\"><strong data-start=\"1228\" data-end=\"1238\">Progi:<\/strong> Narrow Tall (6105)<\/p>\n<\/li>\n<li data-start=\"1260\" data-end=\"1282\">\n<p data-start=\"1262\" data-end=\"1282\"><strong data-start=\"1262\" data-end=\"1274\">Menzura:<\/strong> 25.5\u201d<\/p>\n<\/li>\n<li data-start=\"1283\" data-end=\"1313\">\n<p data-start=\"1285\" data-end=\"1313\"><strong data-start=\"1285\" data-end=\"1298\">Siode\u0142ko:<\/strong> Bone, 1.650\u201d<\/p>\n<\/li>\n<li data-start=\"1314\" data-end=\"1368\">\n<p data-start=\"1316\" data-end=\"1368\"><strong data-start=\"1316\" data-end=\"1327\">Mostek:<\/strong> American Vintage Strat Tremolo (Relic)<\/p>\n<\/li>\n<li data-start=\"1369\" data-end=\"1406\">\n<p data-start=\"1371\" data-end=\"1406\"><strong data-start=\"1371\" data-end=\"1382\">Klucze:<\/strong> Vintage Style (Relic)<\/p>\n<\/li>\n<li data-start=\"1407\" data-end=\"1448\">\n<p data-start=\"1409\" data-end=\"1448\"><strong data-start=\"1409\" data-end=\"1423\">Pickguard:<\/strong> 3-warstwowy Mint Green<\/p>\n<\/li>\n<li data-start=\"1449\" data-end=\"1530\">\n<p data-start=\"1451\" data-end=\"1470\"><strong data-start=\"1451\" data-end=\"1468\">Przetworniki: <\/strong>Handwound Poblano Strat (Neck \/ Middle RWRP \/ Bridge)<\/p>\n<\/li>\n<li data-start=\"1531\" data-end=\"1662\">\n<p data-start=\"1533\" data-end=\"1551\"><strong data-start=\"1533\" data-end=\"1549\">Elektronika: <\/strong>5-pozycyjny prze\u0142\u0105cznik, Volume \/ Tone \/ Tone<\/p>\n<\/li>\n<li data-start=\"1663\" data-end=\"1699\">\n<p data-start=\"1665\" data-end=\"1699\"><strong data-start=\"1665\" data-end=\"1677\">Osprz\u0119t:<\/strong> Aged White Plastic<\/p>\n<\/li>\n<\/ul>\n<hr data-start=\"1854\" data-end=\"1857\" \/>\n<p data-start=\"1859\" data-end=\"2093\">Gitara zapewnia pe\u0142ne, wyraziste brzmienie dzi\u0119ki <strong data-start=\"1909\" data-end=\"1934\">przetwornikom Poblano<\/strong>, uznawanym za jedne z najlepszych r\u0119cznie nawijanych pickup\u00f3w Fendera.<br data-start=\"2005\" data-end=\"2008\" \/>To instrument dla graczy szukaj\u0105cych klasycznego Strata z g\u0142\u0119bi\u0105, moc\u0105 i charakterem.<\/p>\n","protected":false},"excerpt":{"rendered":"<p data-start=\"117\" data-end=\"299\"><strong data-start=\"117\" data-end=\"215\">Fender Custom Shop 2016 LTD &#8217;59 Special Stratocaster \u2013 Aged Olympic White (Custom Heavy Relic)<\/strong><br data-start=\"215\" data-end=\"218\" \/><strong data-start=\"218\" data-end=\"299\">Limited Edition | Handwound Poblano Pickups | Blender Wiring | AAA Flame Neck<\/strong><\/p>\n<p data-start=\"301\" data-end=\"609\">Gitara z limitowanej serii <strong data-start=\"328\" data-end=\"355\">Fender Custom Shop 2016<\/strong>, kt\u00f3ra opu\u015bci\u0142a fabryk\u0119 jako <strong data-start=\"385\" data-end=\"405\">Journeyman Relic<\/strong>, jednak zosta\u0142a <strong data-start=\"422\" data-end=\"483\">profesjonalnie zrelicowana p\u00f3\u017aniej do poziomu Heavy Relic<\/strong> \u2013 z ogromnym wyczuciem i dba\u0142o\u015bci\u0105 o detale. Efekt to wyj\u0105tkowo autentyczny wygl\u0105d vintage oraz naturalne, \u201eograne\u201d wra\u017cenie.<\/p>\n<p data-start=\"611\" data-end=\"849\">Wyko\u0144czona w klasycznym kolorze <strong data-start=\"643\" data-end=\"665\">Aged Olympic White<\/strong> nitrocelulozowym lakierem, z mocno postarzan\u0105 klonow\u0105 szyjk\u0105 o pi\u0119knym us\u0142ojeniu (AAA flame maple). Instrument oferuje najwy\u017csz\u0105 jako\u015b\u0107 zar\u00f3wno pod wzgl\u0119dem brzmienia, jak i feelingu.<\/p>\n","protected":false},"featured_media":14127,"template":"","meta":{"_monsterinsights_skip_tracking":false,"_monsterinsights_sitenote_active":false,"_monsterinsights_sitenote_note":"","_monsterinsights_sitenote_category":0,"_uf_show_specific_survey":0,"_uf_disable_surveys":false,"_kadence_starter_templates_imported_post":false,"_kad_post_transparent":"default","_kad_post_title":"","_kad_post_layout":"default","_kad_post_sidebar_id":"","_kad_post_content_style":"default","_kad_post_vertical_padding":"default","_kad_post_feature":"","_kad_post_feature_position":"","_kad_post_header":false,"_kad_post_footer":false,"_kad_post_classname":""},"product_brand":[],"product_cat":[3265,3261],"product_tag":[],"class_list":{"0":"post-14126","1":"product","2":"type-product","3":"status-publish","4":"has-post-thumbnail","6":"product_cat-elektryczne-pl","7":"product_cat-gitary","9":"first","10":"outofstock","11":"shipping-taxable","12":"purchasable","13":"product-type-simple","14":"entry","15":"content-bg","16":"loop-entry"},"jetpack_sharing_enabled":true,"_links":{"self":[{"href":"https:\/\/guitar2amp.de\/index.php\/wp-json\/wp\/v2\/product\/14126","targetHints":{"allow":["GET"]}}],"collection":[{"href":"https:\/\/guitar2amp.de\/index.php\/wp-json\/wp\/v2\/product"}],"about":[{"href":"https:\/\/guitar2amp.de\/index.php\/wp-json\/wp\/v2\/types\/product"}],"wp:featuredmedia":[{"embeddable":true,"href":"https:\/\/guitar2amp.de\/index.php\/wp-json\/wp\/v2\/media\/14127"}],"wp:attachment":[{"href":"https:\/\/guitar2amp.de\/index.php\/wp-json\/wp\/v2\/media?parent=14126"}],"wp:term":[{"taxonomy":"product_brand","embeddable":true,"href":"https:\/\/guitar2amp.de\/index.php\/wp-json\/wp\/v2\/product_brand?post=14126"},{"taxonomy":"product_cat","embeddable":true,"href":"https:\/\/guitar2amp.de\/index.php\/wp-json\/wp\/v2\/product_cat?post=14126"},{"taxonomy":"product_tag","embeddable":true,"href":"https:\/\/guitar2amp.de\/index.php\/wp-json\/wp\/v2\/product_tag?post=14126"}],"curies":[{"name":"wp","href":"https:\/\/api.w.org\/{rel}","templated":true}]}}