{"id":14203,"date":"2025-06-12T13:00:39","date_gmt":"2025-06-12T11:00:39","guid":{"rendered":"https:\/\/guitar2amp.de\/?post_type=product&#038;p=14203"},"modified":"2025-06-12T13:00:40","modified_gmt":"2025-06-12T11:00:40","slug":"1990-fender-stratocaster-plus-ultra-sunburst-3","status":"publish","type":"product","link":"https:\/\/guitar2amp.de\/index.php\/pl\/product\/1990-fender-stratocaster-plus-ultra-sunburst-3\/","title":{"rendered":"1990 Fender Stratocaster Plus Ultra Sunburst"},"content":{"rendered":"<h3 data-start=\"127\" data-end=\"172\"><strong data-start=\"131\" data-end=\"172\">Fender Stratocaster Ultra \u2013 USA, 1990<\/strong><\/h3>\n<p data-start=\"174\" data-end=\"583\"><strong data-start=\"174\" data-end=\"203\">Fender Stratocaster Ultra<\/strong>, wprowadzony na rynek w 1990 roku, to najbardziej zaawansowany model Stratocastera z regularnej oferty Fendera tamtego okresu \u2013 plasowany tu\u017c poni\u017cej instrument\u00f3w Custom Shop. Zosta\u0142 zaprojektowany z my\u015bl\u0105 o profesjonalnych muzykach, kt\u00f3rzy oczekiwali nowoczesnej wygody gry, szerokiej palety brzmie\u0144 i najwy\u017cszej jako\u015bci wykonania, przy zachowaniu klasycznego charakteru Strata.<\/p>\n<p data-start=\"585\" data-end=\"941\">Model Ultra nale\u017ca\u0142 do presti\u017cowej serii <strong data-start=\"626\" data-end=\"640\">Strat Plus<\/strong>, kt\u00f3ra powsta\u0142a pod koniec lat 80. jako odpowied\u017a na spadek jako\u015bci z czas\u00f3w CBS. Cho\u0107 ju\u017c standardowy Strat Plus by\u0142 znacznie ulepszony wzgl\u0119dem wcze\u015bniejszych modeli, wersja <strong data-start=\"817\" data-end=\"826\">Ultra<\/strong> posz\u0142a jeszcze dalej \u2013 oferuj\u0105c bardziej zaawansowan\u0105 elektronik\u0119, lepsze materia\u0142y i unikalne detale wyko\u0144czenia.<\/p>\n<hr data-start=\"943\" data-end=\"946\" \/>\n<h3 data-start=\"948\" data-end=\"969\"><strong data-start=\"952\" data-end=\"969\">Specyfikacja:<\/strong><\/h3>\n<ul data-start=\"971\" data-end=\"1718\">\n<li data-start=\"971\" data-end=\"998\">\n<p data-start=\"973\" data-end=\"998\"><strong data-start=\"973\" data-end=\"990\">Rok produkcji<\/strong>: 1990<\/p>\n<\/li>\n<li data-start=\"999\" data-end=\"1049\">\n<p data-start=\"1001\" data-end=\"1049\"><strong data-start=\"1001\" data-end=\"1021\">Kraj pochodzenia<\/strong>: USA (Corona, Kalifornia)<\/p>\n<\/li>\n<li data-start=\"1050\" data-end=\"1079\">\n<p data-start=\"1052\" data-end=\"1079\"><strong data-start=\"1052\" data-end=\"1062\">Korpus<\/strong>: Olcha (Alder)<\/p>\n<\/li>\n<li data-start=\"1080\" data-end=\"1121\">\n<p data-start=\"1082\" data-end=\"1121\"><strong data-start=\"1082\" data-end=\"1090\">Gryf<\/strong>: Klon, przykr\u0119cany (bolt-on)<\/p>\n<\/li>\n<li data-start=\"1122\" data-end=\"1172\">\n<p data-start=\"1124\" data-end=\"1172\"><strong data-start=\"1124\" data-end=\"1140\">Podstrunnica<\/strong>: Heban, 22 progi, radius 9.5\u201d<\/p>\n<\/li>\n<li data-start=\"1173\" data-end=\"1458\">\n<p data-start=\"1175\" data-end=\"1194\"><strong data-start=\"1175\" data-end=\"1191\">Przetworniki<\/strong>:<\/p>\n<ul data-start=\"1197\" data-end=\"1458\">\n<li data-start=\"1197\" data-end=\"1259\">\n<p data-start=\"1199\" data-end=\"1259\"><strong data-start=\"1199\" data-end=\"1207\">Neck<\/strong>: Lace Sensor Blue \u2013 ciep\u0142e, zaokr\u0105glone brzmienie<\/p>\n<\/li>\n<li data-start=\"1262\" data-end=\"1332\">\n<p data-start=\"1264\" data-end=\"1332\"><strong data-start=\"1264\" data-end=\"1274\">Middle<\/strong>: Lace Sensor Gold \u2013 klasyczny, szklisty stratowy \u015brodek<\/p>\n<\/li>\n<li data-start=\"1335\" data-end=\"1458\">\n<p data-start=\"1337\" data-end=\"1458\"><strong data-start=\"1337\" data-end=\"1347\">Bridge<\/strong>: Lace Sensor Red Dually (humbucker, roz\u0142\u0105czany na single) \u2013 pot\u0119\u017cny, g\u0119sty d\u017awi\u0119k z opcj\u0105 rozdzielenia cewek<\/p>\n<\/li>\n<\/ul>\n<\/li>\n<li data-start=\"1459\" data-end=\"1567\">\n<p data-start=\"1461\" data-end=\"1479\"><strong data-start=\"1461\" data-end=\"1476\">Elektronika<\/strong>:<\/p>\n<ul data-start=\"1482\" data-end=\"1567\">\n<li data-start=\"1482\" data-end=\"1509\">\n<p data-start=\"1484\" data-end=\"1509\">5-pozycyjny prze\u0142\u0105cznik<\/p>\n<\/li>\n<li data-start=\"1512\" data-end=\"1567\">\n<p data-start=\"1514\" data-end=\"1567\">Mini prze\u0142\u0105cznik do roz\u0142\u0105czania cewek w humbuckerze<\/p>\n<\/li>\n<\/ul>\n<\/li>\n<li data-start=\"1568\" data-end=\"1616\">\n<p data-start=\"1570\" data-end=\"1616\"><strong data-start=\"1570\" data-end=\"1580\">Mostek<\/strong>: 2-punktowy tremolo Fender Deluxe<\/p>\n<\/li>\n<li data-start=\"1617\" data-end=\"1644\">\n<p data-start=\"1619\" data-end=\"1644\"><strong data-start=\"1619\" data-end=\"1630\">Osprz\u0119t<\/strong>: Chromowany<\/p>\n<\/li>\n<li data-start=\"1645\" data-end=\"1718\">\n<p data-start=\"1647\" data-end=\"1718\"><strong data-start=\"1647\" data-end=\"1662\">Wyko\u0144czenie<\/strong>: Transparentny Sunburst z widocznym us\u0142ojeniem drewna<\/p>\n<\/li>\n<\/ul>\n<hr data-start=\"1720\" data-end=\"1723\" \/>\n<h3 data-start=\"1725\" data-end=\"1748\"><strong data-start=\"1729\" data-end=\"1748\">Dlaczego warto:<\/strong><\/h3>\n<ul data-start=\"1750\" data-end=\"2304\">\n<li data-start=\"1750\" data-end=\"1836\">\n<p data-start=\"1752\" data-end=\"1836\"><strong data-start=\"1752\" data-end=\"1796\">Flagowy model Fendera z pocz\u0105tku lat 90.<\/strong> \u2013 nowoczesny Strat z najwy\u017cszej p\u00f3\u0142ki<\/p>\n<\/li>\n<li data-start=\"1837\" data-end=\"1960\">\n<p data-start=\"1839\" data-end=\"1960\"><strong data-start=\"1839\" data-end=\"1862\">Lace Sensor pickups<\/strong> \u2013 redukcja szum\u00f3w i szeroka gama brzmie\u0144: od krystalicznej czysto\u015bci po nasycone przesterowania<\/p>\n<\/li>\n<li data-start=\"1961\" data-end=\"2080\">\n<p data-start=\"1963\" data-end=\"2080\"><strong data-start=\"1963\" data-end=\"1991\">Uk\u0142ad HSS z coil-splitem<\/strong> \u2013 idealny do grania wszystkiego: od bluesa, przez funk i rock, po nowoczesne brzmienia<\/p>\n<\/li>\n<li data-start=\"2081\" data-end=\"2187\">\n<p data-start=\"2083\" data-end=\"2187\"><strong data-start=\"2083\" data-end=\"2108\">Hebanowa podstrunnica<\/strong> \u2013 rzadko\u015b\u0107 w gitarach Fender, oferuje szybki atak, wyrazisto\u015b\u0107 i komfort gry<\/p>\n<\/li>\n<li data-start=\"2188\" data-end=\"2304\">\n<p data-start=\"2190\" data-end=\"2304\"><strong data-start=\"2190\" data-end=\"2247\">Wyj\u0105tkowy instrument z okresu tzw. \u201epost-CBS revival\u201d<\/strong> \u2013 ceniony zar\u00f3wno przez gitarzyst\u00f3w, jak i kolekcjoner\u00f3w<\/p>\n<\/li>\n<\/ul>\n<hr data-start=\"2306\" data-end=\"2309\" \/>\n<h3 data-start=\"2311\" data-end=\"2347\"><strong data-start=\"2315\" data-end=\"2347\">Stan i informacje dodatkowe:<\/strong><\/h3>\n<p data-start=\"2349\" data-end=\"2556\">Gitara w bardzo dobrym stanie technicznym i wizualnym, w pe\u0142ni oryginalna i po przegl\u0105dzie. Wszystko dzia\u0142a perfekcyjnie \u2013 elektronika, progi, osprz\u0119t. Idealna zar\u00f3wno do grania na scenie, jak i do kolekcji.<\/p>\n","protected":false},"excerpt":{"rendered":"<p>Fender Stratocaster Ultra \u2013 USA, 1990 Fender Stratocaster Ultra, wprowadzony na rynek w 1990 roku, to najbardziej zaawansowany model Stratocastera z regularnej oferty Fendera tamtego okresu \u2013 plasowany tu\u017c poni\u017cej instrument\u00f3w Custom Shop. Zosta\u0142 zaprojektowany z my\u015bl\u0105 o profesjonalnych muzykach, kt\u00f3rzy oczekiwali nowoczesnej wygody gry, szerokiej palety brzmie\u0144 i najwy\u017cszej jako\u015bci wykonania, przy zachowaniu klasycznego&#8230;<\/p>\n","protected":false},"featured_media":14204,"template":"","meta":{"_monsterinsights_skip_tracking":false,"_monsterinsights_sitenote_active":false,"_monsterinsights_sitenote_note":"","_monsterinsights_sitenote_category":0,"_uf_show_specific_survey":0,"_uf_disable_surveys":false,"_kadence_starter_templates_imported_post":false,"_kad_post_transparent":"default","_kad_post_title":"","_kad_post_layout":"default","_kad_post_sidebar_id":"","_kad_post_content_style":"default","_kad_post_vertical_padding":"default","_kad_post_feature":"","_kad_post_feature_position":"","_kad_post_header":false,"_kad_post_footer":false,"_kad_post_classname":""},"product_brand":[],"product_cat":[3265,3261],"product_tag":[],"class_list":{"0":"post-14203","1":"product","2":"type-product","3":"status-publish","4":"has-post-thumbnail","6":"product_cat-elektryczne-pl","7":"product_cat-gitary","9":"first","10":"outofstock","11":"shipping-taxable","12":"product-type-simple","13":"entry","14":"content-bg","15":"loop-entry"},"jetpack_sharing_enabled":true,"_links":{"self":[{"href":"https:\/\/guitar2amp.de\/index.php\/wp-json\/wp\/v2\/product\/14203","targetHints":{"allow":["GET"]}}],"collection":[{"href":"https:\/\/guitar2amp.de\/index.php\/wp-json\/wp\/v2\/product"}],"about":[{"href":"https:\/\/guitar2amp.de\/index.php\/wp-json\/wp\/v2\/types\/product"}],"wp:featuredmedia":[{"embeddable":true,"href":"https:\/\/guitar2amp.de\/index.php\/wp-json\/wp\/v2\/media\/14204"}],"wp:attachment":[{"href":"https:\/\/guitar2amp.de\/index.php\/wp-json\/wp\/v2\/media?parent=14203"}],"wp:term":[{"taxonomy":"product_brand","embeddable":true,"href":"https:\/\/guitar2amp.de\/index.php\/wp-json\/wp\/v2\/product_brand?post=14203"},{"taxonomy":"product_cat","embeddable":true,"href":"https:\/\/guitar2amp.de\/index.php\/wp-json\/wp\/v2\/product_cat?post=14203"},{"taxonomy":"product_tag","embeddable":true,"href":"https:\/\/guitar2amp.de\/index.php\/wp-json\/wp\/v2\/product_tag?post=14203"}],"curies":[{"name":"wp","href":"https:\/\/api.w.org\/{rel}","templated":true}]}}