{"id":14270,"date":"2025-06-17T10:01:07","date_gmt":"2025-06-17T08:01:07","guid":{"rendered":"https:\/\/guitar2amp.de\/?post_type=product&#038;p=14270"},"modified":"2025-08-01T16:09:52","modified_gmt":"2025-08-01T14:09:52","slug":"nik-huber-piet-trem-onyx-black-nowy","status":"publish","type":"product","link":"https:\/\/guitar2amp.de\/index.php\/pl\/product\/nik-huber-piet-trem-onyx-black-nowy\/","title":{"rendered":"Nik Huber Piet Trem Onyx Black &#8211; Nowy"},"content":{"rendered":"<h3 data-start=\"195\" data-end=\"256\"><strong data-start=\"199\" data-end=\"254\">Nik Huber Piet Trem \u2013 Onyx Black (Open Pore Finish)<\/strong><\/h3>\n<p data-start=\"257\" data-end=\"457\"><strong data-start=\"257\" data-end=\"274\">Numer seryjny<\/strong>: #44716<br data-start=\"282\" data-end=\"285\" \/><strong data-start=\"285\" data-end=\"293\">Stan<\/strong>: <strong data-start=\"295\" data-end=\"315\">Nowa, nieu\u017cywana<\/strong><br data-start=\"315\" data-end=\"318\" \/><strong data-start=\"318\" data-end=\"332\">W zestawie<\/strong>: Oryginalny futera\u0142 Nik Huber, certyfikat autentyczno\u015bci, faktura VAT oraz gwarancja<br data-start=\"417\" data-end=\"420\" \/><strong data-start=\"420\" data-end=\"445\">Oficjalny dystrybutor<\/strong>: Guitar2Amp<\/p>\n<hr data-start=\"459\" data-end=\"462\" \/>\n<h3 data-start=\"464\" data-end=\"490\"><strong data-start=\"468\" data-end=\"490\">O modelu Piet Trem<\/strong><\/h3>\n<p data-start=\"492\" data-end=\"923\"><strong data-start=\"492\" data-end=\"505\">Piet Trem<\/strong> to nowoczesna, minimalistyczna interpretacja klasycznej gitary typu bolt-on w wykonaniu Nik Hubera. Lekka, ergonomiczna, o niezwykle dopracowanej konstrukcji \u2013 idealna dla gitarzyst\u00f3w, kt\u00f3rzy ceni\u0105 ekspresj\u0119, jako\u015b\u0107 i niebanalny design. Kompaktowy, offsetowy korpus, wysokiej klasy osprz\u0119t oraz r\u0119czne wykonanie sprawiaj\u0105, \u017ce jest to instrument z najwy\u017cszej p\u00f3\u0142ki \u2013 zar\u00f3wno pod wzgl\u0119dem brzmienia, jak i komfortu gry.<\/p>\n<p data-start=\"925\" data-end=\"1222\">Ten egzemplarz wyko\u0144czony jest w eleganckim, satynowym kolorze <strong data-start=\"988\" data-end=\"1002\">Onyx Black<\/strong> z otwartymi porami drewna. Korpus z <strong data-start=\"1039\" data-end=\"1060\">olchy (Red Alder)<\/strong>, gryf z <strong data-start=\"1069\" data-end=\"1078\">klonu<\/strong>, a podstrunnica z <strong data-start=\"1097\" data-end=\"1123\">palisandru indyjskiego<\/strong> zapewniaj\u0105 zr\u00f3wnowa\u017cone, dynamiczne brzmienie z szybkim atakiem, ciep\u0142ym \u015brodkiem i klarown\u0105 g\u00f3r\u0105.<\/p>\n<hr data-start=\"1224\" data-end=\"1227\" \/>\n<h3 data-start=\"1229\" data-end=\"1261\"><strong data-start=\"1233\" data-end=\"1261\">Specyfikacja techniczna:<\/strong><\/h3>\n<ul data-start=\"1263\" data-end=\"1563\">\n<li data-start=\"1263\" data-end=\"1296\">\n<p data-start=\"1265\" data-end=\"1296\"><strong data-start=\"1265\" data-end=\"1275\">Korpus<\/strong>: Red Alder (olcha)<\/p>\n<\/li>\n<li data-start=\"1297\" data-end=\"1315\">\n<p data-start=\"1299\" data-end=\"1315\"><strong data-start=\"1299\" data-end=\"1307\">Gryf<\/strong>: Klon<\/p>\n<\/li>\n<li data-start=\"1316\" data-end=\"1351\">\n<p data-start=\"1318\" data-end=\"1351\"><strong data-start=\"1318\" data-end=\"1334\">Profil gryfu<\/strong>: Standard Piet<\/p>\n<\/li>\n<li data-start=\"1352\" data-end=\"1416\">\n<p data-start=\"1354\" data-end=\"1416\"><strong data-start=\"1354\" data-end=\"1370\">Podstrunnica<\/strong>: East Indian Rosewood (palisander indyjski)<\/p>\n<\/li>\n<li data-start=\"1417\" data-end=\"1447\">\n<p data-start=\"1419\" data-end=\"1447\"><strong data-start=\"1419\" data-end=\"1431\">Markerki<\/strong>: Dots z ko\u015bci<\/p>\n<\/li>\n<li data-start=\"1448\" data-end=\"1480\">\n<p data-start=\"1450\" data-end=\"1480\"><strong data-start=\"1450\" data-end=\"1468\">Logo na g\u0142\u00f3wce<\/strong>: Tortoise<\/p>\n<\/li>\n<li data-start=\"1481\" data-end=\"1508\">\n<p data-start=\"1483\" data-end=\"1508\"><strong data-start=\"1483\" data-end=\"1496\">Pickguard<\/strong>: Tortoise<\/p>\n<\/li>\n<li data-start=\"1509\" data-end=\"1563\">\n<p data-start=\"1511\" data-end=\"1563\"><strong data-start=\"1511\" data-end=\"1526\">Wyko\u0144czenie<\/strong>: Onyx Black \u2013 satynowe, otwarte pory<\/p>\n<\/li>\n<\/ul>\n<hr data-start=\"1565\" data-end=\"1568\" \/>\n<h3 data-start=\"1570\" data-end=\"1600\"><strong data-start=\"1574\" data-end=\"1600\">Osprz\u0119t i elektronika:<\/strong><\/h3>\n<ul data-start=\"1602\" data-end=\"1985\">\n<li data-start=\"1602\" data-end=\"1688\">\n<p data-start=\"1604\" data-end=\"1617\"><strong data-start=\"1604\" data-end=\"1614\">Pickup<\/strong>: P90 \u201eFoil Style-B \/ Broad-N\u201d \u2013 specjalnie dobrany do tego modelu<\/p>\n<\/li>\n<li data-start=\"1689\" data-end=\"1737\">\n<p data-start=\"1691\" data-end=\"1737\"><strong data-start=\"1691\" data-end=\"1701\">Mostek<\/strong>: Descendant Trem \/ KMS Jam Bridge<\/p>\n<\/li>\n<li data-start=\"1738\" data-end=\"1777\">\n<p data-start=\"1740\" data-end=\"1777\"><strong data-start=\"1740\" data-end=\"1750\">Klucze<\/strong>: Nik Huber 510 Open Gear<\/p>\n<\/li>\n<li data-start=\"1778\" data-end=\"1817\">\n<p data-start=\"1780\" data-end=\"1817\"><strong data-start=\"1780\" data-end=\"1797\">G\u0142\u00f3wki kluczy<\/strong>: Tulip \/ Keystone<\/p>\n<\/li>\n<li data-start=\"1818\" data-end=\"1871\">\n<p data-start=\"1820\" data-end=\"1871\"><strong data-start=\"1820\" data-end=\"1829\">Ga\u0142ki<\/strong>: Top Hat \u2013 czarne\/srebrne, szczotkowane<\/p>\n<\/li>\n<li data-start=\"1872\" data-end=\"1917\">\n<p data-start=\"1874\" data-end=\"1917\"><strong data-start=\"1874\" data-end=\"1899\">Ko\u0144c\u00f3wka prze\u0142\u0105cznika<\/strong>: Black, Brushed<\/p>\n<\/li>\n<li data-start=\"1918\" data-end=\"1948\">\n<p data-start=\"1920\" data-end=\"1948\"><strong data-start=\"1920\" data-end=\"1936\">Tylna p\u0142ytka<\/strong>: Tortoise<\/p>\n<\/li>\n<li data-start=\"1949\" data-end=\"1985\">\n<p data-start=\"1951\" data-end=\"1985\"><strong data-start=\"1951\" data-end=\"1961\">Struny<\/strong>: Elixir Nanoweb 010\u2013046<\/p>\n<\/li>\n<\/ul>\n<hr data-start=\"1987\" data-end=\"1990\" \/>\n<h3 data-start=\"1992\" data-end=\"2015\"><strong data-start=\"1996\" data-end=\"2015\">Dlaczego warto:<\/strong><\/h3>\n<ul data-start=\"2017\" data-end=\"2515\">\n<li data-start=\"2017\" data-end=\"2117\">\n<p data-start=\"2019\" data-end=\"2117\"><strong data-start=\"2019\" data-end=\"2049\">Egzemplarz fabrycznie nowy<\/strong>, prosto z warsztatu Nik Huber \u2013 nie by\u0142 grany, nie by\u0142 wystawiany<\/p>\n<\/li>\n<li data-start=\"2118\" data-end=\"2193\">\n<p data-start=\"2120\" data-end=\"2193\"><strong data-start=\"2120\" data-end=\"2150\">Wyj\u0105tkowy projekt boutique<\/strong> \u2013 nowoczesna forma, klasyczne inspiracje<\/p>\n<\/li>\n<li data-start=\"2194\" data-end=\"2268\">\n<p data-start=\"2196\" data-end=\"2268\"><strong data-start=\"2196\" data-end=\"2223\">Znakomite brzmienie P90<\/strong> \u2013 klarowne, ciep\u0142e, z wyra\u017anym charakterem<\/p>\n<\/li>\n<li data-start=\"2269\" data-end=\"2341\">\n<p data-start=\"2271\" data-end=\"2341\"><strong data-start=\"2271\" data-end=\"2293\">Tremolo Descendant<\/strong> \u2013 p\u0142ynne dzia\u0142anie, \u015bwietna stabilno\u015b\u0107 stroju<\/p>\n<\/li>\n<li data-start=\"2342\" data-end=\"2424\">\n<p data-start=\"2344\" data-end=\"2424\"><strong data-start=\"2344\" data-end=\"2381\">Lekka, bardzo wygodna konstrukcja<\/strong> \u2013 idealna do grania na scenie i w studio<\/p>\n<\/li>\n<li data-start=\"2425\" data-end=\"2515\">\n<p data-start=\"2427\" data-end=\"2515\"><strong data-start=\"2427\" data-end=\"2478\">Kompletny zestaw od autoryzowanego dystrybutora<\/strong> \u2013 certyfikat, gwarancja, faktura VAT<\/p>\n<\/li>\n<\/ul>\n<hr data-start=\"2517\" data-end=\"2520\" \/>\n<h3 data-start=\"2522\" data-end=\"2548\"><strong data-start=\"2526\" data-end=\"2548\">O nas \u2013 Guitar2Amp<\/strong><\/h3>\n<p data-start=\"2550\" data-end=\"2831\">Jeste\u015bmy <strong data-start=\"2559\" data-end=\"2600\">oficjalnym dealerem Nik Huber Guitars<\/strong> \u2013 oferujemy zar\u00f3wno gotowe egzemplarze, jak i pe\u0142ne wsparcie w zam\u00f3wieniach custom shop. Gitara dost\u0119pna jest <strong data-start=\"2711\" data-end=\"2722\">od r\u0119ki<\/strong> w naszym showroomie. Je\u015bli marzysz o w\u0142asnym, spersonalizowanym modelu \u2013 pomo\u017cemy Ci stworzy\u0107 go od podstaw.<\/p>\n<hr data-start=\"2833\" data-end=\"2836\" \/>\n<p data-start=\"2838\" data-end=\"2948\">\ud83d\uded2 <strong data-start=\"2841\" data-end=\"2877\">Szukasz wyj\u0105tkowego instrumentu?<\/strong><br data-start=\"2877\" data-end=\"2880\" \/>\ud83d\udc49 <strong data-start=\"2883\" data-end=\"2948\">Zam\u00f3w now\u0105 Nik Huber Piet Trem ju\u017c dzi\u015b \u2013 tylko w Guitar2Amp.<\/strong><\/p>\n","protected":false},"excerpt":{"rendered":"<p><strong data-start=\"492\" data-end=\"505\">Piet Trem<\/strong> to nowoczesna, minimalistyczna interpretacja klasycznej gitary typu bolt-on w wykonaniu Nik Hubera. Lekka, ergonomiczna, o niezwykle dopracowanej konstrukcji \u2013 idealna dla gitarzyst\u00f3w, kt\u00f3rzy ceni\u0105 ekspresj\u0119, jako\u015b\u0107 i niebanalny design. Kompaktowy, offsetowy korpus, wysokiej klasy osprz\u0119t oraz r\u0119czne wykonanie sprawiaj\u0105, \u017ce jest to instrument z najwy\u017cszej p\u00f3\u0142ki \u2013 zar\u00f3wno pod wzgl\u0119dem brzmienia, jak i komfortu gry<\/p>\n","protected":false},"featured_media":14271,"template":"","meta":{"_monsterinsights_skip_tracking":false,"_monsterinsights_sitenote_active":false,"_monsterinsights_sitenote_note":"","_monsterinsights_sitenote_category":0,"_uf_show_specific_survey":0,"_uf_disable_surveys":false,"_kadence_starter_templates_imported_post":false,"_kad_post_transparent":"default","_kad_post_title":"","_kad_post_layout":"default","_kad_post_sidebar_id":"","_kad_post_content_style":"default","_kad_post_vertical_padding":"default","_kad_post_feature":"","_kad_post_feature_position":"","_kad_post_header":false,"_kad_post_footer":false,"_kad_post_classname":""},"product_brand":[],"product_cat":[3265,3261,4898],"product_tag":[],"class_list":{"0":"post-14270","1":"product","2":"type-product","3":"status-publish","4":"has-post-thumbnail","6":"product_cat-elektryczne-pl","7":"product_cat-gitary","8":"product_cat-nik_huber_pl","10":"first","11":"instock","12":"shipping-taxable","13":"purchasable","14":"product-type-simple","15":"entry","16":"content-bg","17":"loop-entry"},"jetpack_sharing_enabled":true,"_links":{"self":[{"href":"https:\/\/guitar2amp.de\/index.php\/wp-json\/wp\/v2\/product\/14270","targetHints":{"allow":["GET"]}}],"collection":[{"href":"https:\/\/guitar2amp.de\/index.php\/wp-json\/wp\/v2\/product"}],"about":[{"href":"https:\/\/guitar2amp.de\/index.php\/wp-json\/wp\/v2\/types\/product"}],"wp:featuredmedia":[{"embeddable":true,"href":"https:\/\/guitar2amp.de\/index.php\/wp-json\/wp\/v2\/media\/14271"}],"wp:attachment":[{"href":"https:\/\/guitar2amp.de\/index.php\/wp-json\/wp\/v2\/media?parent=14270"}],"wp:term":[{"taxonomy":"product_brand","embeddable":true,"href":"https:\/\/guitar2amp.de\/index.php\/wp-json\/wp\/v2\/product_brand?post=14270"},{"taxonomy":"product_cat","embeddable":true,"href":"https:\/\/guitar2amp.de\/index.php\/wp-json\/wp\/v2\/product_cat?post=14270"},{"taxonomy":"product_tag","embeddable":true,"href":"https:\/\/guitar2amp.de\/index.php\/wp-json\/wp\/v2\/product_tag?post=14270"}],"curies":[{"name":"wp","href":"https:\/\/api.w.org\/{rel}","templated":true}]}}