{"id":14331,"date":"2025-06-17T10:48:59","date_gmt":"2025-06-17T08:48:59","guid":{"rendered":"https:\/\/guitar2amp.de\/?post_type=product&#038;p=14331"},"modified":"2026-01-23T09:05:14","modified_gmt":"2026-01-23T08:05:14","slug":"nik-huber-orca-59-faded-sunburst-korina-b-stock-3","status":"publish","type":"product","link":"https:\/\/guitar2amp.de\/index.php\/pl\/product\/nik-huber-orca-59-faded-sunburst-korina-b-stock-3\/","title":{"rendered":"Nik Huber Orca &#8217;59 Faded Sunburst Korina &#8211; B Stock"},"content":{"rendered":"<h3 data-start=\"149\" data-end=\"212\"><strong data-start=\"153\" data-end=\"212\">Nik Huber Orca &#8217;59 \u2013 Boutique\u2019owe Pi\u0119kno z White Koriny<\/strong><\/h3>\n<p data-start=\"214\" data-end=\"698\">Szukasz naprawd\u0119 wyj\u0105tkowego instrumentu? Oto on \u2013 <strong data-start=\"265\" data-end=\"287\">Nik Huber Orca &#8217;59<\/strong>, kt\u00f3ry zachwyca nie tylko brzmieniem i komfortem gry, ale tak\u017ce swoj\u0105 histori\u0105. Ten r\u0119cznie wykonany egzemplarz powsta\u0142 w Niemczech jako projekt custom i zosta\u0142 u\u017cyty w znanym programie telewizyjnym. Gitara by\u0142a bardzo delikatnie grana, jest w pe\u0142ni sprawna technicznie, profesjonalnie sprawdzona i posiada ten \u201emojo\u201d, kt\u00f3ry sprawia, \u017ce \u015bwietny instrument naprawd\u0119 \u017cyje. A co najlepsze \u2013 jest dost\u0119pna od r\u0119ki.<\/p>\n<hr data-start=\"700\" data-end=\"703\" \/>\n<h3 data-start=\"705\" data-end=\"737\"><strong data-start=\"709\" data-end=\"737\">Specyfikacja techniczna:<\/strong><\/h3>\n<ul data-start=\"739\" data-end=\"1669\">\n<li data-start=\"739\" data-end=\"824\">\n<p data-start=\"741\" data-end=\"824\"><strong data-start=\"741\" data-end=\"767\">Top (p\u0142yta wierzchnia)<\/strong>: Klon falisty (Curly \/ Flame Maple \u2013 Eastern\/Michigan)<\/p>\n<\/li>\n<li data-start=\"825\" data-end=\"905\">\n<p data-start=\"827\" data-end=\"905\"><strong data-start=\"827\" data-end=\"837\">Korpus<\/strong>: Dwucz\u0119\u015bciowa White Korina \u2013 lekka, rezonuj\u0105ca i pe\u0142na charakteru<\/p>\n<\/li>\n<li data-start=\"906\" data-end=\"995\">\n<p data-start=\"908\" data-end=\"995\"><strong data-start=\"908\" data-end=\"916\">Gryf<\/strong>: White Korina \u2013 komfortowy profil <strong data-start=\"951\" data-end=\"963\">Fat Back<\/strong> inspirowany gryfami z lat 50.<\/p>\n<\/li>\n<li data-start=\"996\" data-end=\"1110\">\n<p data-start=\"998\" data-end=\"1110\"><strong data-start=\"998\" data-end=\"1014\">Podstrunnica<\/strong>: Palisander indyjski (East Indian Rosewood) z inkrustacjami Crown Trapezoid (Mother of Pearl)<\/p>\n<\/li>\n<li data-start=\"1111\" data-end=\"1160\">\n<p data-start=\"1113\" data-end=\"1160\"><strong data-start=\"1113\" data-end=\"1124\">Binding<\/strong>: Flame Maple \u2013 dopasowany do topu<\/p>\n<\/li>\n<li data-start=\"1161\" data-end=\"1219\">\n<p data-start=\"1163\" data-end=\"1219\"><strong data-start=\"1163\" data-end=\"1173\">G\u0142\u00f3wka<\/strong>: Hebanowy fornir z logo Nik Huber (per\u0142owe)<\/p>\n<\/li>\n<li data-start=\"1220\" data-end=\"1240\">\n<p data-start=\"1222\" data-end=\"1240\"><strong data-start=\"1222\" data-end=\"1233\">Menzura<\/strong>: 25\u201d<\/p>\n<\/li>\n<li data-start=\"1241\" data-end=\"1358\">\n<p data-start=\"1243\" data-end=\"1358\"><strong data-start=\"1243\" data-end=\"1259\">Przetworniki<\/strong>: R\u0119cznie nawijane <strong data-start=\"1278\" data-end=\"1310\">Harry H\u00e4ussel &#8217;59 Humbuckers<\/strong> \u2013 vintage\u2019owe brzmienie z klarowno\u015bci\u0105 i moc\u0105<\/p>\n<\/li>\n<li data-start=\"1359\" data-end=\"1488\">\n<p data-start=\"1361\" data-end=\"1379\"><strong data-start=\"1361\" data-end=\"1376\">Elektronika<\/strong>:<\/p>\n<ul data-start=\"1382\" data-end=\"1488\">\n<li data-start=\"1382\" data-end=\"1395\">\n<p data-start=\"1384\" data-end=\"1395\">2x Volume<\/p>\n<\/li>\n<li data-start=\"1398\" data-end=\"1458\">\n<p data-start=\"1400\" data-end=\"1458\">2x Tone (push\/pull coil tap w potencjometrze tonu gryfu)<\/p>\n<\/li>\n<li data-start=\"1461\" data-end=\"1488\">\n<p data-start=\"1463\" data-end=\"1488\">3-pozycyjny prze\u0142\u0105cznik<\/p>\n<\/li>\n<\/ul>\n<\/li>\n<li data-start=\"1489\" data-end=\"1545\">\n<p data-start=\"1491\" data-end=\"1545\"><strong data-start=\"1491\" data-end=\"1501\">Mostek<\/strong>: Tune-o-Matic z aluminiowym strunoci\u0105giem<\/p>\n<\/li>\n<li data-start=\"1546\" data-end=\"1604\">\n<p data-start=\"1548\" data-end=\"1604\"><strong data-start=\"1548\" data-end=\"1563\">Wyko\u0144czenie<\/strong>: Faded Sunburst \u2013 p\u00f3\u0142mat, otwarte pory<\/p>\n<\/li>\n<li data-start=\"1605\" data-end=\"1641\">\n<p data-start=\"1607\" data-end=\"1641\"><strong data-start=\"1607\" data-end=\"1617\">Struny<\/strong>: Elixir Nanoweb 10\u201346<\/p>\n<\/li>\n<li data-start=\"1642\" data-end=\"1669\">\n<p data-start=\"1644\" data-end=\"1669\"><strong data-start=\"1644\" data-end=\"1661\">Numer seryjny<\/strong>: #24151<\/p>\n<\/li>\n<\/ul>\n<hr data-start=\"1671\" data-end=\"1674\" \/>\n<h3 data-start=\"1676\" data-end=\"1699\"><strong data-start=\"1680\" data-end=\"1699\">Stan i dodatki:<\/strong><\/h3>\n<p data-start=\"1701\" data-end=\"1967\">Gitara w doskona\u0142ym stanie, z <strong data-start=\"1731\" data-end=\"1766\">minimalnymi \u015bladami u\u017cytkowania<\/strong> \u2013 wy\u0142\u0105cznie kosmetycznymi. W pe\u0142ni sprawdzona, ustawiona i gotowa do gry. W zestawie: <strong data-start=\"1853\" data-end=\"1967\">oryginalny futera\u0142 Nik Huber, certyfikat autentyczno\u015bci, faktura VAT oraz gwarancja od oficjalnego sprzedawcy.<\/strong><\/p>\n<hr data-start=\"1969\" data-end=\"1972\" \/>\n<h3 data-start=\"1974\" data-end=\"2007\"><strong data-start=\"1978\" data-end=\"2007\">Kim jeste\u015bmy \u2013 Guitar2Amp<\/strong><\/h3>\n<p data-start=\"2009\" data-end=\"2342\">Jeste\u015bmy <strong data-start=\"2018\" data-end=\"2059\">oficjalnym dealerem Nik Huber Guitars<\/strong>, specjalizujemy si\u0119 w butikowych gitarach i wzmacniaczach. Wsp\u00f3\u0142pracujemy bezpo\u015brednio z Nikem i jego zespo\u0142em \u2013 pomagamy tak\u017ce w realizacji zam\u00f3wie\u0144 custom shop. Szukasz gotowego arcydzie\u0142a? A mo\u017ce chcesz zbudowa\u0107 w\u0142asn\u0105 gitar\u0119 marze\u0144 od podstaw? Z przyjemno\u015bci\u0105 Ci w tym pomo\u017cemy.<\/p>\n<hr data-start=\"2344\" data-end=\"2347\" \/>\n<p data-start=\"2349\" data-end=\"2474\">\ud83d\uded2 <strong data-start=\"2352\" data-end=\"2391\">Gotowy na co\u015b naprawd\u0119 wyj\u0105tkowego?<\/strong><br data-start=\"2391\" data-end=\"2394\" \/>Bez czekania, bez kompromis\u00f3w \u2013 tylko mistrzowskie wykonanie i topowe brzmienie.<\/p>\n<p data-start=\"2476\" data-end=\"2578\">\ud83d\udc49 <strong data-start=\"2479\" data-end=\"2578\">Zam\u00f3w swoj\u0105 wymarzon\u0105 gitar\u0119 ju\u017c dzi\u015b \u2013 w Guitar2Amp, Twoim specjali\u015bcie od sprz\u0119tu butikowego.<\/strong><\/p>\n","protected":false},"excerpt":{"rendered":"<h3 data-start=\"149\" data-end=\"212\"><strong data-start=\"153\" data-end=\"212\">Nik Huber Orca &#8217;59 \u2013 Boutique\u2019owe Pi\u0119kno z White Koriny<\/strong><\/h3>\n<p data-start=\"214\" data-end=\"698\">Szukasz naprawd\u0119 wyj\u0105tkowego instrumentu? Oto on \u2013 <strong data-start=\"265\" data-end=\"287\">Nik Huber Orca &#8217;59<\/strong>, kt\u00f3ry zachwyca nie tylko brzmieniem i komfortem gry, ale tak\u017ce swoj\u0105 histori\u0105. Ten r\u0119cznie wykonany egzemplarz powsta\u0142 w Niemczech jako projekt custom i zosta\u0142 u\u017cyty w znanym programie telewizyjnym. Gitara by\u0142a bardzo delikatnie grana, jest w pe\u0142ni sprawna technicznie, profesjonalnie sprawdzona i posiada ten \u201emojo\u201d, kt\u00f3ry sprawia, \u017ce \u015bwietny instrument naprawd\u0119 \u017cyje. A co najlepsze \u2013 jest dost\u0119pna od r\u0119ki.<\/p>\n","protected":false},"featured_media":14332,"template":"","meta":{"_monsterinsights_skip_tracking":false,"_monsterinsights_sitenote_active":false,"_monsterinsights_sitenote_note":"","_monsterinsights_sitenote_category":0,"_uf_show_specific_survey":0,"_uf_disable_surveys":false,"_kadence_starter_templates_imported_post":false,"_kad_post_transparent":"default","_kad_post_title":"","_kad_post_layout":"default","_kad_post_sidebar_id":"","_kad_post_content_style":"default","_kad_post_vertical_padding":"default","_kad_post_feature":"","_kad_post_feature_position":"","_kad_post_header":false,"_kad_post_footer":false,"_kad_post_classname":""},"product_brand":[],"product_cat":[4898],"product_tag":[],"class_list":{"0":"post-14331","1":"product","2":"type-product","3":"status-publish","4":"has-post-thumbnail","6":"product_cat-nik_huber_pl","8":"first","9":"onbackorder","10":"shipping-taxable","11":"purchasable","12":"product-type-simple","13":"entry","14":"content-bg","15":"loop-entry"},"jetpack_sharing_enabled":true,"_links":{"self":[{"href":"https:\/\/guitar2amp.de\/index.php\/wp-json\/wp\/v2\/product\/14331","targetHints":{"allow":["GET"]}}],"collection":[{"href":"https:\/\/guitar2amp.de\/index.php\/wp-json\/wp\/v2\/product"}],"about":[{"href":"https:\/\/guitar2amp.de\/index.php\/wp-json\/wp\/v2\/types\/product"}],"wp:featuredmedia":[{"embeddable":true,"href":"https:\/\/guitar2amp.de\/index.php\/wp-json\/wp\/v2\/media\/14332"}],"wp:attachment":[{"href":"https:\/\/guitar2amp.de\/index.php\/wp-json\/wp\/v2\/media?parent=14331"}],"wp:term":[{"taxonomy":"product_brand","embeddable":true,"href":"https:\/\/guitar2amp.de\/index.php\/wp-json\/wp\/v2\/product_brand?post=14331"},{"taxonomy":"product_cat","embeddable":true,"href":"https:\/\/guitar2amp.de\/index.php\/wp-json\/wp\/v2\/product_cat?post=14331"},{"taxonomy":"product_tag","embeddable":true,"href":"https:\/\/guitar2amp.de\/index.php\/wp-json\/wp\/v2\/product_tag?post=14331"}],"curies":[{"name":"wp","href":"https:\/\/api.w.org\/{rel}","templated":true}]}}