{"id":14381,"date":"2025-06-18T13:30:50","date_gmt":"2025-06-18T11:30:50","guid":{"rendered":"https:\/\/guitar2amp.de\/?post_type=product&#038;p=14381"},"modified":"2025-10-31T09:24:26","modified_gmt":"2025-10-31T08:24:26","slug":"nik-huber-krauster-ii-worn-ice-blue-2","status":"publish","type":"product","link":"https:\/\/guitar2amp.de\/index.php\/pl\/product\/nik-huber-krauster-ii-worn-ice-blue-2\/","title":{"rendered":"Nik Huber Krautster II Worn Ice Blue"},"content":{"rendered":"<h3 data-start=\"465\" data-end=\"508\"><strong data-start=\"469\" data-end=\"508\">Minimalizm z maksymalnym brzmieniem<\/strong><\/h3>\n<p data-start=\"510\" data-end=\"836\"><strong data-start=\"510\" data-end=\"526\">Krautster II<\/strong> to odpowied\u017a Nik Huber Guitars na potrzeby gitarzyst\u00f3w ceni\u0105cych prostot\u0119, moc i ekspresj\u0119. Bez zb\u0119dnych prze\u0142\u0105cznik\u00f3w, bez komplikacji \u2013 tylko to, co najwa\u017cniejsze: <strong data-start=\"693\" data-end=\"746\">doskona\u0142e brzmienie, wygoda i wyj\u0105tkowe wykonanie<\/strong>. R\u0119cznie zbudowana w Niemczech, gitara ta \u0142\u0105czy butikow\u0105 precyzj\u0119 z rockowym charakterem.<\/p>\n<p data-start=\"838\" data-end=\"1144\">Prezentowany egzemplarz \u2013 <strong data-start=\"864\" data-end=\"874\">#44805<\/strong> \u2013 wyr\u00f3\u017cnia si\u0119 wyj\u0105tkowym wyko\u0144czeniem <strong data-start=\"914\" data-end=\"931\">Worn Ice Blue<\/strong> z matowym, otwartoporowym ty\u0142em i eleganckim kremowym bindingiem na topie. Korpus z lekkiego <strong data-start=\"1025\" data-end=\"1042\">Spanish Cedar<\/strong>, klonowy gryf i palisandrowa podstrunnica tworz\u0105 idealnie zbalansowany, bardzo rezonuj\u0105cy instrument.<\/p>\n<hr data-start=\"1146\" data-end=\"1149\" \/>\n<h3 data-start=\"1151\" data-end=\"1182\"><strong data-start=\"1155\" data-end=\"1182\">Specyfikacja techniczna<\/strong><\/h3>\n<ul data-start=\"1184\" data-end=\"1883\">\n<li data-start=\"1184\" data-end=\"1213\">\n<p data-start=\"1186\" data-end=\"1213\"><strong data-start=\"1186\" data-end=\"1197\">Korpus:<\/strong> Spanish Cedar<\/p>\n<\/li>\n<li data-start=\"1214\" data-end=\"1242\">\n<p data-start=\"1216\" data-end=\"1242\"><strong data-start=\"1216\" data-end=\"1234\">Binding (top):<\/strong> Creme<\/p>\n<\/li>\n<li data-start=\"1243\" data-end=\"1268\">\n<p data-start=\"1245\" data-end=\"1268\"><strong data-start=\"1245\" data-end=\"1254\">Gryf:<\/strong> Flame Maple<\/p>\n<\/li>\n<li data-start=\"1269\" data-end=\"1309\">\n<p data-start=\"1271\" data-end=\"1309\"><strong data-start=\"1271\" data-end=\"1288\">Profil gryfu:<\/strong> Standard Krautster<\/p>\n<\/li>\n<li data-start=\"1310\" data-end=\"1352\">\n<p data-start=\"1312\" data-end=\"1352\"><strong data-start=\"1312\" data-end=\"1329\">Podstrunnica:<\/strong> East Indian Rosewood<\/p>\n<\/li>\n<li data-start=\"1353\" data-end=\"1389\">\n<p data-start=\"1355\" data-end=\"1389\"><strong data-start=\"1355\" data-end=\"1368\">Markerki:<\/strong> Dot Inlays z ko\u015bci<\/p>\n<\/li>\n<li data-start=\"1390\" data-end=\"1419\">\n<p data-start=\"1392\" data-end=\"1419\"><strong data-start=\"1392\" data-end=\"1403\">G\u0142\u00f3wka:<\/strong> Heban (Ebony)<\/p>\n<\/li>\n<li data-start=\"1420\" data-end=\"1471\">\n<p data-start=\"1422\" data-end=\"1471\"><strong data-start=\"1422\" data-end=\"1438\">Wyko\u0144czenie:<\/strong> Worn Ice Blue \u2013 Open Pore Back<\/p>\n<\/li>\n<li data-start=\"1472\" data-end=\"1537\">\n<p data-start=\"1474\" data-end=\"1537\"><strong data-start=\"1474\" data-end=\"1494\">Pickup (bridge):<\/strong> Nik Huber Krautster-B (custom humbucker)<\/p>\n<\/li>\n<li data-start=\"1538\" data-end=\"1571\">\n<p data-start=\"1540\" data-end=\"1571\"><strong data-start=\"1540\" data-end=\"1558\">Pickup (neck):<\/strong> P90 \u201e1956\u201d<\/p>\n<\/li>\n<li data-start=\"1572\" data-end=\"1619\">\n<p data-start=\"1574\" data-end=\"1619\"><strong data-start=\"1574\" data-end=\"1585\">Mostek:<\/strong> Nik Huber Stop Tail (aluminium)<\/p>\n<\/li>\n<li data-start=\"1620\" data-end=\"1661\">\n<p data-start=\"1622\" data-end=\"1661\"><strong data-start=\"1622\" data-end=\"1633\">Klucze:<\/strong> Nik Huber 510 \u201eOpen Gear\u201d<\/p>\n<\/li>\n<li data-start=\"1662\" data-end=\"1690\">\n<p data-start=\"1664\" data-end=\"1690\"><strong data-start=\"1664\" data-end=\"1682\">G\u0142\u00f3wki kluczy:<\/strong> Tulip<\/p>\n<\/li>\n<li data-start=\"1691\" data-end=\"1738\">\n<p data-start=\"1693\" data-end=\"1738\"><strong data-start=\"1693\" data-end=\"1703\">Ga\u0142ki:<\/strong> Bell-style, czarne, szczotkowane<\/p>\n<\/li>\n<li data-start=\"1739\" data-end=\"1780\">\n<p data-start=\"1741\" data-end=\"1780\"><strong data-start=\"1741\" data-end=\"1757\">Prze\u0142\u0105cznik:<\/strong> Czarny, szczotkowany<\/p>\n<\/li>\n<li data-start=\"1781\" data-end=\"1819\">\n<p data-start=\"1783\" data-end=\"1819\"><strong data-start=\"1783\" data-end=\"1794\">Struny:<\/strong> Elixir Nanoweb 010\u2013046<\/p>\n<\/li>\n<li data-start=\"1820\" data-end=\"1883\">\n<p data-start=\"1822\" data-end=\"1883\"><strong data-start=\"1822\" data-end=\"1839\">Custom Order:<\/strong> Specjalna konfiguracja drewna i wyko\u0144czenia<\/p>\n<\/li>\n<\/ul>\n<hr data-start=\"1885\" data-end=\"1888\" \/>\n<h3 data-start=\"1890\" data-end=\"1920\"><strong data-start=\"1894\" data-end=\"1920\">Brzmienie i mo\u017cliwo\u015bci<\/strong><\/h3>\n<p data-start=\"1922\" data-end=\"1966\">Krautster II oferuje szerok\u0105 palet\u0119 brzmie\u0144:<\/p>\n<ul data-start=\"1968\" data-end=\"2220\">\n<li data-start=\"1968\" data-end=\"2077\">\n<p data-start=\"1970\" data-end=\"2077\"><strong data-start=\"1970\" data-end=\"1997\">Przetwornik Krautster-B<\/strong> w mostku daje t\u0142usty, dynamiczny, rockowy przester o du\u017cej g\u0142\u0119bi i sustainie.<\/p>\n<\/li>\n<li data-start=\"2078\" data-end=\"2220\">\n<p data-start=\"2080\" data-end=\"2220\"><strong data-start=\"2080\" data-end=\"2094\">P90 \u201e1956\u201d<\/strong> w pozycji gryfu zapewnia ciep\u0142o, klarowno\u015b\u0107 i ekspresj\u0119 \u2013 idealny do bluesa, funkowych czystych ton\u00f3w i nasyconych crunchy.<\/p>\n<\/li>\n<\/ul>\n<p data-start=\"2222\" data-end=\"2347\">Gitara \u015bwietnie reaguje na artykulacj\u0119 i dynamik\u0119, a dzi\u0119ki prostemu uk\u0142adowi elektroniki pozwala w pe\u0142ni skupi\u0107 si\u0119 na grze.<\/p>\n<hr data-start=\"2349\" data-end=\"2352\" \/>\n<h3 data-start=\"2354\" data-end=\"2379\"><strong data-start=\"2358\" data-end=\"2379\">O marce Nik Huber<\/strong><\/h3>\n<p data-start=\"2381\" data-end=\"2742\"><strong data-start=\"2381\" data-end=\"2402\">Nik Huber Guitars<\/strong> to jedna z najbardziej cenionych butikowych pracowni lutniczych w Europie. Ka\u017cdy instrument jest sk\u0142adany r\u0119cznie z selekcjonowanych materia\u0142\u00f3w, a zesp\u00f3\u0142 Huber\u2019a znany jest z perfekcji wykonania i wyj\u0105tkowej dba\u0142o\u015bci o szczeg\u00f3\u0142y. Gitary Nik Huber to wyb\u00f3r wielu profesjonalnych muzyk\u00f3w na ca\u0142ym \u015bwiecie \u2013 zar\u00f3wno na scenie, jak i w studio.<\/p>\n<hr data-start=\"2744\" data-end=\"2747\" \/>\n<h3 data-start=\"2749\" data-end=\"2809\"><strong data-start=\"2753\" data-end=\"2809\">Guitar2Amp \u2013 Oficjalny Dystrybutor Nik Huber Guitars<\/strong><\/h3>\n<p data-start=\"2811\" data-end=\"3078\">Jako <strong data-start=\"2816\" data-end=\"2854\">autoryzowany dystrybutor Nik Huber<\/strong>, oferujemy dost\u0119p do pe\u0142nej oferty Custom Shop, limitowanych wyda\u0144 oraz egzemplarzy gotowych do wysy\u0142ki \u2013 takich jak ten. Ka\u017cda gitara obj\u0119ta jest <strong data-start=\"3002\" data-end=\"3026\">gwarancj\u0105 producenta<\/strong> oraz dokumentacj\u0105 potwierdzaj\u0105c\u0105 jej autentyczno\u015b\u0107.<\/p>\n<p data-start=\"3080\" data-end=\"3178\">Je\u015bli marzysz o w\u0142asnym customowym Nik Huberze \u2013 ch\u0119tnie pomo\u017cemy w zaprojektowaniu go od podstaw.<\/p>\n<hr data-start=\"3180\" data-end=\"3183\" \/>\n<h3 data-start=\"3185\" data-end=\"3205\"><strong data-start=\"3189\" data-end=\"3205\">Podsumowanie<\/strong><\/h3>\n<p data-start=\"3207\" data-end=\"3458\"><strong data-start=\"3207\" data-end=\"3240\">Nik Huber Krautster II #44805<\/strong> to instrument, kt\u00f3ry \u0142\u0105czy prostot\u0119 z doskona\u0142o\u015bci\u0105. Wyj\u0105tkowy wygl\u0105d, topowe komponenty i ogromne mo\u017cliwo\u015bci brzmieniowe sprawiaj\u0105, \u017ce to idealna gitara dla muzyk\u00f3w, kt\u00f3rzy chc\u0105 instrumentu na lata \u2013 bez kompromis\u00f3w.<\/p>\n<hr data-start=\"3460\" data-end=\"3463\" \/>\n<p data-start=\"3465\" data-end=\"3592\">\ud83d\uded2 <strong data-start=\"3468\" data-end=\"3510\">Dost\u0119pna od r\u0119ki \u2013 tylko w Guitar2Amp.<\/strong><br data-start=\"3510\" data-end=\"3513\" \/>\ud83d\udc49 Skontaktuj si\u0119 z nami, aby um\u00f3wi\u0107 si\u0119 na test lub zarezerwowa\u0107 instrument.<\/p>\n","protected":false},"excerpt":{"rendered":"<p><strong data-start=\"510\" data-end=\"526\">Krautster II<\/strong> to odpowied\u017a Nik Huber Guitars na potrzeby gitarzyst\u00f3w ceni\u0105cych prostot\u0119, moc i ekspresj\u0119. Bez zb\u0119dnych prze\u0142\u0105cznik\u00f3w, bez komplikacji \u2013 tylko to, co najwa\u017cniejsze: <strong data-start=\"693\" data-end=\"746\">doskona\u0142e brzmienie, wygoda i wyj\u0105tkowe wykonanie<\/strong>. R\u0119cznie zbudowana w Niemczech, gitara ta \u0142\u0105czy butikow\u0105 precyzj\u0119 z rockowym charakterem.<\/p>\n","protected":false},"featured_media":14382,"template":"","meta":{"_monsterinsights_skip_tracking":false,"_monsterinsights_sitenote_active":false,"_monsterinsights_sitenote_note":"","_monsterinsights_sitenote_category":0,"_uf_show_specific_survey":0,"_uf_disable_surveys":false,"_kadence_starter_templates_imported_post":false,"_kad_post_transparent":"default","_kad_post_title":"","_kad_post_layout":"default","_kad_post_sidebar_id":"","_kad_post_content_style":"default","_kad_post_vertical_padding":"default","_kad_post_feature":"","_kad_post_feature_position":"","_kad_post_header":false,"_kad_post_footer":false,"_kad_post_classname":""},"product_brand":[],"product_cat":[4898],"product_tag":[],"class_list":{"0":"post-14381","1":"product","2":"type-product","3":"status-publish","4":"has-post-thumbnail","6":"product_cat-nik_huber_pl","8":"first","9":"onbackorder","10":"shipping-taxable","11":"purchasable","12":"product-type-simple","13":"entry","14":"content-bg","15":"loop-entry"},"jetpack_sharing_enabled":true,"_links":{"self":[{"href":"https:\/\/guitar2amp.de\/index.php\/wp-json\/wp\/v2\/product\/14381","targetHints":{"allow":["GET"]}}],"collection":[{"href":"https:\/\/guitar2amp.de\/index.php\/wp-json\/wp\/v2\/product"}],"about":[{"href":"https:\/\/guitar2amp.de\/index.php\/wp-json\/wp\/v2\/types\/product"}],"wp:featuredmedia":[{"embeddable":true,"href":"https:\/\/guitar2amp.de\/index.php\/wp-json\/wp\/v2\/media\/14382"}],"wp:attachment":[{"href":"https:\/\/guitar2amp.de\/index.php\/wp-json\/wp\/v2\/media?parent=14381"}],"wp:term":[{"taxonomy":"product_brand","embeddable":true,"href":"https:\/\/guitar2amp.de\/index.php\/wp-json\/wp\/v2\/product_brand?post=14381"},{"taxonomy":"product_cat","embeddable":true,"href":"https:\/\/guitar2amp.de\/index.php\/wp-json\/wp\/v2\/product_cat?post=14381"},{"taxonomy":"product_tag","embeddable":true,"href":"https:\/\/guitar2amp.de\/index.php\/wp-json\/wp\/v2\/product_tag?post=14381"}],"curies":[{"name":"wp","href":"https:\/\/api.w.org\/{rel}","templated":true}]}}