{"id":14401,"date":"2025-06-18T13:32:32","date_gmt":"2025-06-18T11:32:32","guid":{"rendered":"https:\/\/guitar2amp.de\/?post_type=product&#038;p=14401"},"modified":"2025-11-18T20:47:42","modified_gmt":"2025-11-18T19:47:42","slug":"nik-huber-krauster-ii-worn-ice-blue-3","status":"publish","type":"product","link":"https:\/\/guitar2amp.de\/index.php\/de\/product\/nik-huber-krauster-ii-worn-ice-blue-3\/","title":{"rendered":"Nik Huber Krautster II Worn Ice Blue"},"content":{"rendered":"<h3 data-start=\"463\" data-end=\"506\"><strong data-start=\"467\" data-end=\"506\">Minimalismus trifft Boutique-Klasse<\/strong><\/h3>\n<p data-start=\"508\" data-end=\"993\">Die <strong data-start=\"512\" data-end=\"528\">Krautster II<\/strong> steht wie kaum ein anderes Modell f\u00fcr kompromisslosen Rock\u2019n\u2019Roll \u2013 reduziert aufs Wesentliche, gebaut mit maximaler Hingabe. Keine \u00fcberfl\u00fcssigen Features, sondern reiner Ton, ein exzellentes Spielgef\u00fchl und ein Look, der Charakter zeigt.<br data-start=\"767\" data-end=\"770\" \/>Dieses Modell \u2013 <strong data-start=\"786\" data-end=\"809\">Seriennummer #44805<\/strong> \u2013 wurde von Nik Huber Guitars in Deutschland vollst\u00e4ndig von Hand gefertigt. Es \u00fcberzeugt durch seine Kombination aus traditioneller Bauweise, moderner Pr\u00e4zision und Boutique-Finesse.<\/p>\n<p data-start=\"995\" data-end=\"1280\">Mit dem au\u00dfergew\u00f6hnlichen <strong data-start=\"1021\" data-end=\"1045\">Worn Ice Blue Finish<\/strong>, cremefarbenem Binding auf der Decke und offenporiger R\u00fcckseite ist diese Gitarre auch optisch ein Statement. Leichter <strong data-start=\"1165\" data-end=\"1182\">Spanish Cedar<\/strong>-Korpus, geflammter Ahornhals und ein Palisandergriffbrett machen sie zu einem echten Klangk\u00f6rper.<\/p>\n<hr data-start=\"1282\" data-end=\"1285\" \/>\n<h3 data-start=\"1287\" data-end=\"1311\"><strong data-start=\"1291\" data-end=\"1311\">Technische Daten<\/strong><\/h3>\n<ul data-start=\"1313\" data-end=\"2002\">\n<li data-start=\"1313\" data-end=\"1342\">\n<p data-start=\"1315\" data-end=\"1342\"><strong data-start=\"1315\" data-end=\"1326\">Korpus:<\/strong> Spanish Cedar<\/p>\n<\/li>\n<li data-start=\"1343\" data-end=\"1371\">\n<p data-start=\"1345\" data-end=\"1371\"><strong data-start=\"1345\" data-end=\"1363\">Binding (Top):<\/strong> Creme<\/p>\n<\/li>\n<li data-start=\"1372\" data-end=\"1397\">\n<p data-start=\"1374\" data-end=\"1397\"><strong data-start=\"1374\" data-end=\"1383\">Hals:<\/strong> Flame Maple<\/p>\n<\/li>\n<li data-start=\"1398\" data-end=\"1436\">\n<p data-start=\"1400\" data-end=\"1436\"><strong data-start=\"1400\" data-end=\"1415\">Halsprofil:<\/strong> Standard Krautster<\/p>\n<\/li>\n<li data-start=\"1437\" data-end=\"1480\">\n<p data-start=\"1439\" data-end=\"1480\"><strong data-start=\"1439\" data-end=\"1454\">Griffbrett:<\/strong> Ostindischer Palisander<\/p>\n<\/li>\n<li data-start=\"1481\" data-end=\"1519\">\n<p data-start=\"1483\" data-end=\"1519\"><strong data-start=\"1483\" data-end=\"1494\">Inlays:<\/strong> Dot Inlays aus Knochen<\/p>\n<\/li>\n<li data-start=\"1520\" data-end=\"1548\">\n<p data-start=\"1522\" data-end=\"1548\"><strong data-start=\"1522\" data-end=\"1537\">Kopfplatte:<\/strong> Ebenholz<\/p>\n<\/li>\n<li data-start=\"1549\" data-end=\"1595\">\n<p data-start=\"1551\" data-end=\"1595\"><strong data-start=\"1551\" data-end=\"1562\">Finish:<\/strong> Worn Ice Blue (Open Pore Back)<\/p>\n<\/li>\n<li data-start=\"1596\" data-end=\"1659\">\n<p data-start=\"1598\" data-end=\"1659\"><strong data-start=\"1598\" data-end=\"1616\">Bridge Pickup:<\/strong> Nik Huber Krautster-B (Custom Humbucker)<\/p>\n<\/li>\n<li data-start=\"1660\" data-end=\"1691\">\n<p data-start=\"1662\" data-end=\"1691\"><strong data-start=\"1662\" data-end=\"1678\">Neck Pickup:<\/strong> P90 \u201e1956\u201c<\/p>\n<\/li>\n<li data-start=\"1692\" data-end=\"1744\">\n<p data-start=\"1694\" data-end=\"1744\"><strong data-start=\"1694\" data-end=\"1705\">Br\u00fccke:<\/strong> Nik Huber Stop Tailpiece (Aluminium)<\/p>\n<\/li>\n<li data-start=\"1745\" data-end=\"1790\">\n<p data-start=\"1747\" data-end=\"1790\"><strong data-start=\"1747\" data-end=\"1762\">Mechaniken:<\/strong> Nik Huber 510 \u201eOpen Gear\u201c<\/p>\n<\/li>\n<li data-start=\"1791\" data-end=\"1821\">\n<p data-start=\"1793\" data-end=\"1821\"><strong data-start=\"1793\" data-end=\"1813\">Mechanik-Kn\u00f6pfe:<\/strong> Tulip<\/p>\n<\/li>\n<li data-start=\"1822\" data-end=\"1873\">\n<p data-start=\"1824\" data-end=\"1873\"><strong data-start=\"1824\" data-end=\"1839\">Potikn\u00f6pfe:<\/strong> Bell-Style \u2013 Schwarz, geb\u00fcrstet<\/p>\n<\/li>\n<li data-start=\"1874\" data-end=\"1912\">\n<p data-start=\"1876\" data-end=\"1912\"><strong data-start=\"1876\" data-end=\"1891\">Switch Tip:<\/strong> Schwarz, geb\u00fcrstet<\/p>\n<\/li>\n<li data-start=\"1913\" data-end=\"1951\">\n<p data-start=\"1915\" data-end=\"1951\"><strong data-start=\"1915\" data-end=\"1926\">Saiten:<\/strong> Elixir Nanoweb 010\u2013046<\/p>\n<\/li>\n<li data-start=\"1952\" data-end=\"2002\">\n<p data-start=\"1954\" data-end=\"2002\"><strong data-start=\"1954\" data-end=\"1971\">Custom Order:<\/strong> Spezielle Holzauswahl &amp; Finish<\/p>\n<\/li>\n<\/ul>\n<hr data-start=\"2004\" data-end=\"2007\" \/>\n<h3 data-start=\"2009\" data-end=\"2039\"><strong data-start=\"2013\" data-end=\"2039\">Klang &amp; Einsatzbereich<\/strong><\/h3>\n<p data-start=\"2041\" data-end=\"2147\">Die Kombination aus <strong data-start=\"2061\" data-end=\"2068\">P90<\/strong> und <strong data-start=\"2073\" data-end=\"2086\">Humbucker<\/strong> verleiht der Krautster II eine enorme klangliche Bandbreite:<\/p>\n<ul data-start=\"2149\" data-end=\"2378\">\n<li data-start=\"2149\" data-end=\"2263\">\n<p data-start=\"2151\" data-end=\"2263\">Der <strong data-start=\"2155\" data-end=\"2170\">Krautster-B<\/strong> liefert druckvolle Leads und satte Rhythmussounds mit klarer Ansprache und feinem Sustain.<\/p>\n<\/li>\n<li data-start=\"2264\" data-end=\"2378\">\n<p data-start=\"2266\" data-end=\"2378\">Der <strong data-start=\"2270\" data-end=\"2284\">P90 \u201e1956\u201c<\/strong> bietet organische Transparenz und warme Mitten \u2013 ideal f\u00fcr Blues, Fusion oder Vintage Cleans.<\/p>\n<\/li>\n<\/ul>\n<p data-start=\"2380\" data-end=\"2530\">Dank der minimalistischen Elektronik und der herausragenden Holzwahl spricht die Gitarre extrem dynamisch an \u2013 ein echtes Spielerinstrument mit Seele.<\/p>\n<hr data-start=\"2532\" data-end=\"2535\" \/>\n<h3 data-start=\"2537\" data-end=\"2567\"><strong data-start=\"2541\" data-end=\"2567\">\u00dcber Nik Huber Guitars<\/strong><\/h3>\n<p data-start=\"2569\" data-end=\"2890\"><strong data-start=\"2569\" data-end=\"2590\">Nik Huber Guitars<\/strong> ist eine der renommiertesten Boutique-Werkst\u00e4tten Europas. Jedes Instrument entsteht in Handarbeit in Rodgau (Deutschland) \u2013 mit maximaler Sorgfalt, edlen Materialien und einer Liebe zum Detail, die weltweit ihresgleichen sucht. Profis auf B\u00fchnen und in Studios weltweit schw\u00f6ren auf diese Gitarren.<\/p>\n<hr data-start=\"2892\" data-end=\"2895\" \/>\n<h3 data-start=\"2897\" data-end=\"2947\"><strong data-start=\"2901\" data-end=\"2947\">Guitar2Amp \u2013 Offizieller Nik Huber H\u00e4ndler<\/strong><\/h3>\n<p data-start=\"2949\" data-end=\"3243\"><strong data-start=\"2949\" data-end=\"2963\">Guitar2Amp<\/strong> ist offizieller Vertriebspartner von <strong data-start=\"3001\" data-end=\"3022\">Nik Huber Guitars<\/strong>. Wir bieten exklusive Lagerst\u00fccke, limitiere Serien und pers\u00f6nliche Unterst\u00fctzung bei Custom-Bestellungen direkt \u00fcber die Huber-Werkstatt.<br data-start=\"3161\" data-end=\"3164\" \/>Alle Gitarren kommen inklusive <strong data-start=\"3195\" data-end=\"3242\">Zertifikat, Garantie und originalem Zubeh\u00f6r<\/strong>.<\/p>\n<p data-start=\"3245\" data-end=\"3350\">Du m\u00f6chtest Dein eigenes Custom-Modell bauen lassen? Wir begleiten Dich gerne durch den gesamten Prozess.<\/p>\n<hr data-start=\"3352\" data-end=\"3355\" \/>\n<h3 data-start=\"3357\" data-end=\"3370\"><strong data-start=\"3361\" data-end=\"3370\">Fazit<\/strong><\/h3>\n<p data-start=\"3372\" data-end=\"3584\">Die <strong data-start=\"3376\" data-end=\"3409\">Nik Huber Krautster II #44805<\/strong> ist der perfekte Mix aus Vintage-Vibe, Boutique-Charakter und moderner Spielbarkeit. Ein echtes Highlight f\u00fcr Spieler, Sammler und alle, die kompromisslose Qualit\u00e4t sch\u00e4tzen.<\/p>\n<hr data-start=\"3586\" data-end=\"3589\" \/>\n<p data-start=\"3591\" data-end=\"3703\">\ud83d\uded2 <strong data-start=\"3594\" data-end=\"3640\">Jetzt verf\u00fcgbar \u2013 exklusiv bei Guitar2Amp.<\/strong><br data-start=\"3640\" data-end=\"3643\" \/>\ud83d\udc49 Kontaktier uns f\u00fcr Beratung, Fotos oder einen Testtermin.<\/p>\n","protected":false},"excerpt":{"rendered":"<p>Die <strong data-start=\"512\" data-end=\"528\">Krautster II<\/strong> steht wie kaum ein anderes Modell f\u00fcr kompromisslosen Rock\u2019n\u2019Roll \u2013 reduziert aufs Wesentliche, gebaut mit maximaler Hingabe. Keine \u00fcberfl\u00fcssigen Features, sondern reiner Ton, ein exzellentes Spielgef\u00fchl und ein Look, der Charakter zeigt.<\/p>\n","protected":false},"featured_media":14402,"template":"","meta":{"_monsterinsights_skip_tracking":false,"_monsterinsights_sitenote_active":false,"_monsterinsights_sitenote_note":"","_monsterinsights_sitenote_category":0,"_uf_show_specific_survey":0,"_uf_disable_surveys":false,"_kadence_starter_templates_imported_post":false,"_kad_post_transparent":"default","_kad_post_title":"","_kad_post_layout":"default","_kad_post_sidebar_id":"","_kad_post_content_style":"default","_kad_post_vertical_padding":"default","_kad_post_feature":"","_kad_post_feature_position":"","_kad_post_header":false,"_kad_post_footer":false,"_kad_post_classname":""},"product_brand":[],"product_cat":[4896],"product_tag":[],"class_list":{"0":"post-14401","1":"product","2":"type-product","3":"status-publish","4":"has-post-thumbnail","6":"product_cat-nik_huber_de","8":"first","9":"onbackorder","10":"shipping-taxable","11":"purchasable","12":"product-type-simple","13":"entry","14":"content-bg","15":"loop-entry"},"jetpack_sharing_enabled":true,"_links":{"self":[{"href":"https:\/\/guitar2amp.de\/index.php\/wp-json\/wp\/v2\/product\/14401","targetHints":{"allow":["GET"]}}],"collection":[{"href":"https:\/\/guitar2amp.de\/index.php\/wp-json\/wp\/v2\/product"}],"about":[{"href":"https:\/\/guitar2amp.de\/index.php\/wp-json\/wp\/v2\/types\/product"}],"wp:featuredmedia":[{"embeddable":true,"href":"https:\/\/guitar2amp.de\/index.php\/wp-json\/wp\/v2\/media\/14402"}],"wp:attachment":[{"href":"https:\/\/guitar2amp.de\/index.php\/wp-json\/wp\/v2\/media?parent=14401"}],"wp:term":[{"taxonomy":"product_brand","embeddable":true,"href":"https:\/\/guitar2amp.de\/index.php\/wp-json\/wp\/v2\/product_brand?post=14401"},{"taxonomy":"product_cat","embeddable":true,"href":"https:\/\/guitar2amp.de\/index.php\/wp-json\/wp\/v2\/product_cat?post=14401"},{"taxonomy":"product_tag","embeddable":true,"href":"https:\/\/guitar2amp.de\/index.php\/wp-json\/wp\/v2\/product_tag?post=14401"}],"curies":[{"name":"wp","href":"https:\/\/api.w.org\/{rel}","templated":true}]}}