{"id":14966,"date":"2025-07-08T22:05:01","date_gmt":"2025-07-08T20:05:01","guid":{"rendered":"https:\/\/guitar2amp.de\/?post_type=product&#038;p=14966"},"modified":"2025-12-28T17:34:35","modified_gmt":"2025-12-28T16:34:35","slug":"franchin-mercury-black-heavy-relic-2025-2","status":"publish","type":"product","link":"https:\/\/guitar2amp.de\/index.php\/pl\/product\/franchin-mercury-black-heavy-relic-2025-2\/","title":{"rendered":"Franchin Mercury \u2013 Black Heavy Relic (2025)"},"content":{"rendered":"<p data-start=\"83\" data-end=\"123\"><strong data-start=\"83\" data-end=\"123\">Franchin Mercury \u2013 Black Heavy Relic<\/strong><\/p>\n<p data-start=\"125\" data-end=\"344\">Jako oficjalny dystrybutor marki <strong data-start=\"158\" data-end=\"178\">Franchin Guitars<\/strong>, z dum\u0105 prezentujemy gitar\u0119 <strong data-start=\"207\" data-end=\"227\">Franchin Mercury<\/strong> \u2013 wyj\u0105tkowy instrument r\u0119cznie budowany we W\u0142oszech, kt\u00f3ry \u0142\u0105czy klasyczne brzmienie i styl z nowoczesn\u0105 wygod\u0105 gry.<\/p>\n<p data-start=\"346\" data-end=\"711\">Model Mercury to interpretacja klasycznego stratocastera, zbudowana z wyselekcjonowanych komponent\u00f3w i wyko\u0144czona w stylu <strong data-start=\"468\" data-end=\"483\">Heavy Relic<\/strong>. W tej wersji gitara oferuje lekk\u0105, dwucz\u0119\u015bciow\u0105 olchow\u0105 konstrukcj\u0119, nitrocelulozowy lakier w kolorze czarnym oraz trzy r\u0119cznie nawijane przetworniki single coil Alnico 5, kt\u00f3re zapewniaj\u0105 bogaty i dynamiczny zakres brzmienia.<\/p>\n<p data-start=\"713\" data-end=\"872\">Gryf wykonany zosta\u0142 z jednego kawa\u0142ka klonu z podstrunnic\u0105 o radiusie 9,5&#8243; i 21 progami w rozmiarze medium jumbo. Profil szyjki to wygodny, klasyczny C-shape.<\/p>\n<p data-start=\"713\" data-end=\"872\"><a href=\"https:\/\/guitar2amp.de\/index.php\/pl\/15057-2\/\">Wi\u0119cj o gitarach Franchin Guitars<strong>\u2192<\/strong><\/a><\/p>\n<hr data-start=\"874\" data-end=\"877\" \/>\n<p data-start=\"879\" data-end=\"907\"><strong data-start=\"879\" data-end=\"907\">Specyfikacja techniczna:<\/strong><\/p>\n<ul data-start=\"909\" data-end=\"1383\">\n<li data-start=\"909\" data-end=\"931\">\n<p data-start=\"911\" data-end=\"931\"><strong data-start=\"911\" data-end=\"921\">Model:<\/strong> Mercury<\/p>\n<\/li>\n<li data-start=\"932\" data-end=\"965\">\n<p data-start=\"934\" data-end=\"965\"><strong data-start=\"934\" data-end=\"945\">Korpus:<\/strong> 2-cz\u0119\u015bciowa olcha<\/p>\n<\/li>\n<li data-start=\"966\" data-end=\"1006\">\n<p data-start=\"968\" data-end=\"1006\"><strong data-start=\"968\" data-end=\"978\">Kolor:<\/strong> Black Heavy Relic (nitro)<\/p>\n<\/li>\n<li data-start=\"1007\" data-end=\"1042\">\n<p data-start=\"1009\" data-end=\"1042\"><strong data-start=\"1009\" data-end=\"1020\">Mostek:<\/strong> Gotoh vintage-style<\/p>\n<\/li>\n<li data-start=\"1043\" data-end=\"1070\">\n<p data-start=\"1045\" data-end=\"1070\"><strong data-start=\"1045\" data-end=\"1057\">Osprz\u0119t:<\/strong> chromowany<\/p>\n<\/li>\n<li data-start=\"1071\" data-end=\"1133\">\n<p data-start=\"1073\" data-end=\"1133\"><strong data-start=\"1073\" data-end=\"1089\">Elektronika:<\/strong> klasyczne okablowanie (Volume + 2 x Tone)<\/p>\n<\/li>\n<li data-start=\"1134\" data-end=\"1213\">\n<p data-start=\"1136\" data-end=\"1213\"><strong data-start=\"1136\" data-end=\"1153\">Przetworniki:<\/strong> 3 x single coil Alnico 5, r\u0119cznie nawijane przez Franchin<\/p>\n<\/li>\n<li data-start=\"1214\" data-end=\"1249\">\n<p data-start=\"1216\" data-end=\"1249\"><strong data-start=\"1216\" data-end=\"1225\">Gryf:<\/strong> klon (jednocz\u0119\u015bciowy)<\/p>\n<\/li>\n<li data-start=\"1250\" data-end=\"1276\">\n<p data-start=\"1252\" data-end=\"1276\"><strong data-start=\"1252\" data-end=\"1269\">Podstrunnica:<\/strong> klon<\/p>\n<\/li>\n<li data-start=\"1277\" data-end=\"1297\">\n<p data-start=\"1279\" data-end=\"1297\"><strong data-start=\"1279\" data-end=\"1290\">Radius:<\/strong> 9,5\u201d<\/p>\n<\/li>\n<li data-start=\"1298\" data-end=\"1329\">\n<p data-start=\"1300\" data-end=\"1329\"><strong data-start=\"1300\" data-end=\"1310\">Progi:<\/strong> 21, medium jumbo<\/p>\n<\/li>\n<li data-start=\"1330\" data-end=\"1359\">\n<p data-start=\"1332\" data-end=\"1359\"><strong data-start=\"1332\" data-end=\"1349\">Profil gryfu:<\/strong> C shape<\/p>\n<\/li>\n<li data-start=\"1360\" data-end=\"1383\">\n<p data-start=\"1362\" data-end=\"1383\"><strong data-start=\"1362\" data-end=\"1375\">Siode\u0142ko:<\/strong> z ko\u015bci<\/p>\n<\/li>\n<\/ul>\n<hr data-start=\"1385\" data-end=\"1388\" \/>\n<p data-start=\"1390\" data-end=\"1546\">W komplecie znajduje si\u0119 solidny futera\u0142, pasek i klasyczne case candy.<br data-start=\"1461\" data-end=\"1464\" \/>Gitara obj\u0119ta jest <strong data-start=\"1483\" data-end=\"1513\">pe\u0142n\u0105 gwarancj\u0105 producenta<\/strong> i sprzedawana z <strong data-start=\"1530\" data-end=\"1545\">faktur\u0105 VAT<\/strong>.<\/p>\n<p data-start=\"1548\" data-end=\"1637\" data-is-last-node=\"\" data-is-only-node=\"\">Mo\u017cliwy odbi\u00f3r osobisty w naszym showroomie w Poznaniu lub wysy\u0142ka do Polski i kraj\u00f3w UE.<\/p>\n","protected":false},"excerpt":{"rendered":"<p data-start=\"83\" data-end=\"123\"><strong data-start=\"83\" data-end=\"123\">Franchin Mercury \u2013 Black Heavy Relic<\/strong><\/p>\n<p data-start=\"125\" data-end=\"344\">Jako oficjalny dystrybutor marki <strong data-start=\"158\" data-end=\"178\">Franchin Guitars<\/strong>, z dum\u0105 prezentujemy gitar\u0119 <strong data-start=\"207\" data-end=\"227\">Franchin Mercury<\/strong> \u2013 wyj\u0105tkowy instrument r\u0119cznie budowany we W\u0142oszech, kt\u00f3ry \u0142\u0105czy klasyczne brzmienie i styl z nowoczesn\u0105 wygod\u0105 gry.<\/p>\n<p data-start=\"346\" data-end=\"711\">Model Mercury to interpretacja klasycznego stratocastera, zbudowana z wyselekcjonowanych komponent\u00f3w i wyko\u0144czona w stylu <strong data-start=\"468\" data-end=\"483\">Heavy Relic<\/strong>. W tej wersji gitara oferuje lekk\u0105, dwucz\u0119\u015bciow\u0105 olchow\u0105 konstrukcj\u0119, nitrocelulozowy lakier w kolorze czarnym oraz trzy r\u0119cznie nawijane przetworniki single coil Alnico 5, kt\u00f3re zapewniaj\u0105 bogaty i dynamiczny zakres brzmienia.<\/p>\n<p data-start=\"713\" data-end=\"872\">Gryf wykonany zosta\u0142 z jednego kawa\u0142ka klonu z podstrunnic\u0105 o radiusie 9,5&#8243; i 21 progami w rozmiarze medium jumbo. Profil szyjki to wygodny, klasyczny C-shape.<\/p>\n<p data-start=\"713\" data-end=\"872\"><a href=\"https:\/\/guitar2amp.de\/index.php\/pl\/15057-2\/\">Wi\u0119cj o gitarach Franchin Guitars<strong>\u2192<\/strong><\/a><\/p>\n","protected":false},"featured_media":14967,"template":"","meta":{"_monsterinsights_skip_tracking":false,"_monsterinsights_sitenote_active":false,"_monsterinsights_sitenote_note":"","_monsterinsights_sitenote_category":0,"_uf_show_specific_survey":0,"_uf_disable_surveys":false,"_kadence_starter_templates_imported_post":false,"_kad_post_transparent":"default","_kad_post_title":"","_kad_post_layout":"default","_kad_post_sidebar_id":"","_kad_post_content_style":"default","_kad_post_vertical_padding":"default","_kad_post_feature":"","_kad_post_feature_position":"","_kad_post_header":false,"_kad_post_footer":false,"_kad_post_classname":""},"product_brand":[],"product_cat":[3265,5030,3261],"product_tag":[],"class_list":{"0":"post-14966","1":"product","2":"type-product","3":"status-publish","4":"has-post-thumbnail","6":"product_cat-elektryczne-pl","7":"product_cat-franchin-guitars-pl","8":"product_cat-gitary","10":"first","11":"instock","12":"shipping-taxable","13":"purchasable","14":"product-type-simple","15":"entry","16":"content-bg","17":"loop-entry"},"jetpack_sharing_enabled":true,"_links":{"self":[{"href":"https:\/\/guitar2amp.de\/index.php\/wp-json\/wp\/v2\/product\/14966","targetHints":{"allow":["GET"]}}],"collection":[{"href":"https:\/\/guitar2amp.de\/index.php\/wp-json\/wp\/v2\/product"}],"about":[{"href":"https:\/\/guitar2amp.de\/index.php\/wp-json\/wp\/v2\/types\/product"}],"wp:featuredmedia":[{"embeddable":true,"href":"https:\/\/guitar2amp.de\/index.php\/wp-json\/wp\/v2\/media\/14967"}],"wp:attachment":[{"href":"https:\/\/guitar2amp.de\/index.php\/wp-json\/wp\/v2\/media?parent=14966"}],"wp:term":[{"taxonomy":"product_brand","embeddable":true,"href":"https:\/\/guitar2amp.de\/index.php\/wp-json\/wp\/v2\/product_brand?post=14966"},{"taxonomy":"product_cat","embeddable":true,"href":"https:\/\/guitar2amp.de\/index.php\/wp-json\/wp\/v2\/product_cat?post=14966"},{"taxonomy":"product_tag","embeddable":true,"href":"https:\/\/guitar2amp.de\/index.php\/wp-json\/wp\/v2\/product_tag?post=14966"}],"curies":[{"name":"wp","href":"https:\/\/api.w.org\/{rel}","templated":true}]}}